{"id":465,"date":"2018-11-04T00:00:00","date_gmt":"2018-11-04T04:00:00","guid":{"rendered":"http:\/\/egyptianwisdomcenter.org\/the-way-of-horus-christ\/"},"modified":"2023-01-03T00:49:09","modified_gmt":"2023-01-03T05:49:09","slug":"the-way-of-horus-christ-2","status":"publish","type":"page","link":"https:\/\/egyptianwisdomcenter.org\/de\/der-weg-des-horus-christus-2\/","title":{"rendered":"Der Weg des Horus\/Christus"},"content":{"rendered":"<h2 style=\"text-align: center;\"><span style=\"color: #ff0000;\">Der Weg des Horus\/Christus<\/span><\/h2>\n<p>&nbsp;<\/p>\n<p>Horus erkl\u00e4rt, in <em>Der \u00c4gypter<\/em> <em>Buch des Hervortretens durch Licht<\/em> (f\u00e4lschlicherweise bekannt als <em>Der \u00c4gypter<\/em> <em>Buch der Toten<\/em>) [C. 78]:\u00a0<em>\u201e<strong>Ich bin Horus in Herrlichkeit<\/strong>\u201d; <span style=\"text-decoration: underline;\">\u201e<strong>Ich bin der Herr des Lichts<\/strong><\/span>\u201d; \u201e<strong>Ich bin der Sieger. . . Ich bin der Erbe endloser Zeit<\/strong>\u201d; \u201e<strong>Ich bin der, der die Pfade des Himmels kennt<\/strong>.\u201c<\/em><\/p>\n<p>Die oben genannten alt\u00e4gyptischen Verse fanden sp\u00e4ter in den Worten Jesu ihr Echo: \u201e<strong><em><span style=\"text-decoration: underline;\">Ich bin das Licht von<\/span> die Welt<\/em><\/strong>&quot; und wieder, &quot;<span style=\"text-decoration: underline;\"><strong><em>Ich bin der Weg, die Wahrheit und das Leben<\/em><\/strong>.<\/span>\u201d<\/p>\n<p>Horus bedeutet in der alt\u00e4gyptischen Sprache <em>Der oben ist<\/em>. Als solcher repr\u00e4sentiert Horus das verwirklichte g\u00f6ttliche Prinzip. Horus ist die Personifizierung des Ziels aller initiierten Lehren und wird immer als Begleiter der verwirklichten Seele zur Quelle dargestellt.<\/p>\n<p>In der alt\u00e4gyptischen Allegorie erweckte Horus Osiris zum Leben. Am J\u00fcngsten Tag zeigt Horus Osiris den Weg. Er fungiert als Mittler zwischen dem Verstorbenen und Osiris, dem Vater. Alle \u00c4gypter wollten\/wollen, dass Horus sie (wenn sie tot sind) zum Leben erweckt.<\/p>\n<p><a href=\"http:\/\/egyptianwisdomcenter.org\/wp-content\/uploads\/2019\/02\/dua.png\"><img decoding=\"async\" class=\"size-full wp-image-583 aligncenter\" src=\"http:\/\/egyptianwisdomcenter.org\/wp-content\/uploads\/2019\/02\/dua.png\" alt=\"\" width=\"248\" height=\"201\" \/><\/a><\/p>\n<p>Auch im Christentum basierte\/beruht das christliche Motiv auf der Notwendigkeit eines Mittlers und eines Sohnes Gottes als allm\u00e4chtiger Hirte und gezeugter Retter, der unter dem einfachen Mann lebt.<\/p>\n<p>Als Modell der irdischen Existenz wird Horus in verschiedenen Formen und Aspekten dargestellt, die den Stadien des Spiritualisierungsprozesses entsprechen.<\/p>\n<p>&nbsp;<\/p>\n<p><strong><span style=\"color: #ff0000;\">[Ein Auszug aus <\/span>Alt\u00e4gyptische Wurzeln des Christentums, 2. Auflage<span style=\"color: #ff0000;\"> von Moustafa Gadalla]<br \/>\n<a href=\"https:\/\/egyptianwisdomcenter.org\/de\/produkt\/die-altagyptischen-wurzeln-des-christentums-2-auflage\/\"><span style=\"color: #0000ff;\">https:\/\/egyptianwisdomcenter.org\/product\/ancienne-egypte-les-racines-du-christianisme\/<\/span><\/a><br \/>\n<\/span><\/strong><\/p>\n<p><img decoding=\"async\" class=\"aligncenter\" src=\"https:\/\/books2read-prod.s3.amazonaws.com\/CACHE\/images\/ubl_book_images\/book_display_image_GI3laab\/1bea4f8dcafc2f941541bcd630001b12\" \/><\/p>\n<p style=\"text-align: center;\"><a href=\"https:\/\/egyptianwisdomcenter.org\/de\/produkt\/die-altagyptischen-wurzeln-des-christentums-2-auflage\/\"><strong><span style=\"color: #ff0000;\"><span style=\"color: #0000ff;\">https:\/\/egyptianwisdomcenter.org\/product\/ancienne-egypte-les-racines-du-christianisme\/<\/span><\/span><\/strong><\/a><\/p>\n<div dir=\"auto\"><\/div>","protected":false},"excerpt":{"rendered":"<p>The Way Of Horus\/Christ &nbsp; Horus declares, in The Egyptian Book of Coming Forth by Light (incorrectly known as The Egyptian Book [&hellip;]<\/p>","protected":false},"author":3,"featured_media":0,"parent":0,"menu_order":0,"comment_status":"closed","ping_status":"closed","template":"","meta":{"footnotes":""},"class_list":["post-465","page","type-page","status-publish","hentry"],"aioseo_notices":[],"_links":{"self":[{"href":"https:\/\/egyptianwisdomcenter.org\/de\/wp-json\/wp\/v2\/pages\/465","targetHints":{"allow":["GET"]}}],"collection":[{"href":"https:\/\/egyptianwisdomcenter.org\/de\/wp-json\/wp\/v2\/pages"}],"about":[{"href":"https:\/\/egyptianwisdomcenter.org\/de\/wp-json\/wp\/v2\/types\/page"}],"author":[{"embeddable":true,"href":"https:\/\/egyptianwisdomcenter.org\/de\/wp-json\/wp\/v2\/users\/3"}],"replies":[{"embeddable":true,"href":"https:\/\/egyptianwisdomcenter.org\/de\/wp-json\/wp\/v2\/comments?post=465"}],"version-history":[{"count":0,"href":"https:\/\/egyptianwisdomcenter.org\/de\/wp-json\/wp\/v2\/pages\/465\/revisions"}],"wp:attachment":[{"href":"https:\/\/egyptianwisdomcenter.org\/de\/wp-json\/wp\/v2\/media?parent=465"}],"curies":[{"name":"wp","href":"https:\/\/api.w.org\/{rel}","templated":true}]}}