{"id":469,"date":"2018-11-04T00:00:00","date_gmt":"2018-11-04T04:00:00","guid":{"rendered":"http:\/\/egyptianwisdomcenter.org\/isis-rises-lady-of-assumption\/"},"modified":"2023-01-03T00:52:13","modified_gmt":"2023-01-03T05:52:13","slug":"isis-rises-lady-of-assumption-2","status":"publish","type":"page","link":"https:\/\/egyptianwisdomcenter.org\/de\/isis-erhebt-sich-dame-der-vermutung-2\/","title":{"rendered":"Isis Rises \u2013 Dame der Himmelfahrt"},"content":{"rendered":"<h2 style=\"text-align: center;\"><span style=\"color: #ff0000;\">Isis Rises \u2013 Dame der Himmelfahrt<\/span><\/h2>\n<p>&nbsp;<\/p>\n<p>In typischer \u00e4gyptischer Erz\u00e4hlungsform endete das Weinen von Isis um ihren Seelenverwandten Osiris etwa Mitte August, was bedeutet, dass Isis alle Tr\u00e4nen weinte, die sie hatte. Zu diesem Zeitpunkt feiern die \u00c4gypter (sowohl die alten als auch die modernen) ein Fest zur Erinnerung an die letzte Tr\u00e4ne der Isis, die den H\u00f6hepunkt der Flut ausl\u00f6sen wird. W\u00e4hrend dieser Feier werfen die \u00c4gypter ein Bildnis der Isis ins Wasser, um zu symbolisieren, dass Isis in ihren eigenen Tr\u00e4nen ertrunken ist. Unglaublicherweise hat die Kirche genau dasselbe Datum angenommen, um die Himmelfahrt der \u201eJungfrau Maria\u201c als Himmelfahrtstag darzustellen, der wie folgt definiert ist:<\/p>\n<p style=\"padding-left: 30px;\"><strong><em>Das Dogma der Aufnahme des K\u00f6rpers und der Seele der Jungfrau Maria (Auset ist ebenfalls eine Jungfrau) in den Himmel nach ihrem Tod.<\/em><\/strong><\/p>\n<p>Die orthodoxe Kirche feiert den Mari\u00e4-Himmelfahrt-Tag am 15. August. Das ist genau der Tag, an dem die heutigen \u00c4gypter das Ende der Regenzeit in \u00c4thiopien feiern.<\/p>\n<p>Zus\u00e4tzlich zu den offiziellen Regierungsfeierlichkeiten veranstalten die Baladi-\u00c4gypter ein sogenanntes Mouled <em>Sitena Meriam <\/em>(Bedeutung <em>Unsere Liebe Frau Meriam<\/em>). Dies ist kein \u201echristliches Fest\u201c. Das Fest dauert die typische \u00e4gyptische Oktavwoche (8 Tage). Der letzte Tag der Feier ist der 16. Mesoree (22. August).<\/p>\n<p>Ein weiterer Titel f\u00fcr dieses Festival ist <strong><em>Braut des Nils<\/em><\/strong>, die Isis mit Osiris vereint. Isis ist \u2013 als Symbol der Erde \u2013 in den K\u00f6rper ihres Mannes getaucht \u2013 ein Symbol des Wassers. Diese Vereinigung ist eine weitere perfekte Anwendung des Konzepts der inneren Ehe, das die Traditionen des alten \u00c4gypten (und sp\u00e4ter der Sufi) durchdringt.<\/p>\n<p><strong>=&gt; <span style=\"text-decoration: underline;\">Es ist zu beachten, dass vom 3. Juli (dem Beginn des Anstiegs des Nilwassers) bis zum 22. August 50 Tage vergehen \u2013 ein weiteres Pfingsten.<\/span><\/strong><\/p>\n<p>&nbsp;<\/p>\n<p><span style=\"color: #ff0000;\"><strong>[Ein Auszug aus <\/strong><\/span><strong>Alt\u00e4gyptische Wurzeln des Christentums, 2. Auflage von Moustafa Gadalla<\/strong><span style=\"color: #ff0000;\"><strong>]<br \/>\n<a href=\"https:\/\/egyptianwisdomcenter.org\/de\/produkt\/die-altagyptischen-wurzeln-des-christentums-2-auflage\/\"><span style=\"color: #0000ff;\">https:\/\/egyptianwisdomcenter.org\/product\/ancienne-egypte-les-racines-du-christianisme\/<\/span><\/a><br \/>\n<\/strong><\/span><\/p>\n<p><img decoding=\"async\" class=\"aligncenter\" src=\"https:\/\/books2read-prod.s3.amazonaws.com\/CACHE\/images\/ubl_book_images\/book_display_image_GI3laab\/1bea4f8dcafc2f941541bcd630001b12\" \/><\/p>\n<p style=\"text-align: center;\"><a href=\"https:\/\/egyptianwisdomcenter.org\/de\/produkt\/die-altagyptischen-wurzeln-des-christentums-2-auflage\/\"><span style=\"color: #ff0000;\"><strong><span style=\"color: #0000ff;\">https:\/\/egyptianwisdomcenter.org\/product\/ancienne-egypte-les-racines-du-christianisme\/<\/span><\/strong><\/span><\/a><\/p>\n<div dir=\"auto\"><\/div>","protected":false},"excerpt":{"rendered":"<p>Isis Rises &#8212; Lady Of Assumption &nbsp; In typical Egyptian story form, Isis finished her crying over her soul mate Osiris\u00a0 in [&hellip;]<\/p>","protected":false},"author":3,"featured_media":0,"parent":0,"menu_order":0,"comment_status":"closed","ping_status":"closed","template":"","meta":{"footnotes":""},"class_list":["post-469","page","type-page","status-publish","hentry"],"aioseo_notices":[],"_links":{"self":[{"href":"https:\/\/egyptianwisdomcenter.org\/de\/wp-json\/wp\/v2\/pages\/469","targetHints":{"allow":["GET"]}}],"collection":[{"href":"https:\/\/egyptianwisdomcenter.org\/de\/wp-json\/wp\/v2\/pages"}],"about":[{"href":"https:\/\/egyptianwisdomcenter.org\/de\/wp-json\/wp\/v2\/types\/page"}],"author":[{"embeddable":true,"href":"https:\/\/egyptianwisdomcenter.org\/de\/wp-json\/wp\/v2\/users\/3"}],"replies":[{"embeddable":true,"href":"https:\/\/egyptianwisdomcenter.org\/de\/wp-json\/wp\/v2\/comments?post=469"}],"version-history":[{"count":0,"href":"https:\/\/egyptianwisdomcenter.org\/de\/wp-json\/wp\/v2\/pages\/469\/revisions"}],"wp:attachment":[{"href":"https:\/\/egyptianwisdomcenter.org\/de\/wp-json\/wp\/v2\/media?parent=469"}],"curies":[{"name":"wp","href":"https:\/\/api.w.org\/{rel}","templated":true}]}}