{"id":470,"date":"2018-11-04T00:00:00","date_gmt":"2018-11-04T04:00:00","guid":{"rendered":"http:\/\/egyptianwisdomcenter.org\/transfiguration-of-horus-a-new-alpha\/"},"modified":"2023-01-03T00:53:08","modified_gmt":"2023-01-03T05:53:08","slug":"transfiguration-of-horus-a-new-alpha-2","status":"publish","type":"page","link":"https:\/\/egyptianwisdomcenter.org\/de\/verklarung-des-horus-ein-neues-alpha-2\/","title":{"rendered":"Verkl\u00e4rung des Horus \u2013 ein neues Alpha"},"content":{"rendered":"<h2 style=\"text-align: center;\"><span style=\"color: #ff0000;\">Verkl\u00e4rung des Horus \u2013 ein neues Alpha<\/span><\/h2>\n<p>&nbsp;<\/p>\n<p>F\u00fcnfzig Tage nach Isis\u2018 erster Tr\u00e4ne (am 17. Juni), am 6. August, feierten die alten \u00c4gypter das Wiedererscheinen von Osiris in Form des auferstandenen Horus. Dies wurde von Plutarch in seinem best\u00e4tigt <em>Moralia, Bd. V <\/em>(372,52B):<\/p>\n<p style=\"padding-left: 30px;\"><strong><em>\u201eIn den heiligen Hymnen von Osiris rufen sie denjenigen an, der in den Armen der Sonne verborgen ist; und am drei\u00dfigsten des Monats Epiphi <\/em><\/strong>[6. August]<strong><em> Sie feiern den Geburtstag der Augen des Horus, zu dem Zeitpunkt, an dem Mond und Sonne eine vollkommen gerade Linie bilden, da sie nicht nur den Mond, sondern auch die Sonne als Auge und Licht des Horus betrachten.\u201c<\/em><\/strong><\/p>\n<p>Dies ist identisch mit dem Anspruch der sp\u00e4teren Christen auf die Verkl\u00e4rung Jesu, die von der orthodoxen Kirche am 6. August gefeiert wurde. Dieser Feiertag erinnert an die \u201eOffenbarung der G\u00f6ttlichkeit Jesu an Petrus, Jakobus und Johannes\u201c.<\/p>\n<p>Diese alt\u00e4gyptische Tradition wird, getarnt im Mouled von El-Desouki, in der Stadt Desouk am Ostufer des westlichen Nilarms fortgesetzt. El Desouki wird liebevoll Abu-el-e-nane (der zwei Augen) genannt <em>Horus, der \u00c4lteste der zwei Augen<\/em>.<\/p>\n<p><a href=\"http:\/\/egyptianwisdomcenter.org\/wp-content\/uploads\/2019\/02\/em-ch9-3-72c.jpg\"><img decoding=\"async\" class=\"size-full wp-image-698 aligncenter\" src=\"http:\/\/egyptianwisdomcenter.org\/wp-content\/uploads\/2019\/02\/em-ch9-3-72c.jpg\" alt=\"\" width=\"76\" height=\"177\" \/><\/a><\/p>\n<p>Die beiden von Plutarch erw\u00e4hnten Augen des Horus sind die Sonne und der Mond, Symbole seiner Eltern Isis und Osiris. Wie bereits erw\u00e4hnt, repr\u00e4sentiert Isis das Sonnenprinzip im Universum und Osiris repr\u00e4sentiert das Mondprinzip im Universum.<\/p>\n<p>Diese Form gilt als die beste magische (Wahrsagungs-)Aktion in \u00c4gypten, die der sp\u00e4teren christlichen Feier entspricht, deren Hauptthema die \u201eOffenbarung der G\u00f6ttlichkeit (Jesus)\u201c ist.<\/p>\n<p>&nbsp;<\/p>\n<div dir=\"auto\">\n<p><strong><span style=\"color: #ff0000;\">[Ein Auszug aus <\/span>Alt\u00e4gyptische Wurzeln des Christentums, 2. Auflage<span style=\"color: #ff0000;\"> von Moustafa Gadalla]<br \/>\n<a href=\"https:\/\/egyptianwisdomcenter.org\/de\/produkt\/die-altagyptischen-wurzeln-des-christentums-2-auflage\/\"><span style=\"color: #0000ff;\">https:\/\/egyptianwisdomcenter.org\/product\/ancienne-egypte-les-racines-du-christianisme\/<\/span><\/a><br \/>\n<\/span><\/strong><\/p>\n<p><img decoding=\"async\" class=\"aligncenter\" src=\"https:\/\/books2read-prod.s3.amazonaws.com\/CACHE\/images\/ubl_book_images\/book_display_image_GI3laab\/1bea4f8dcafc2f941541bcd630001b12\" \/><\/p>\n<p style=\"text-align: center;\"><a href=\"https:\/\/egyptianwisdomcenter.org\/de\/produkt\/die-altagyptischen-wurzeln-des-christentums-2-auflage\/\"><strong><span style=\"color: #ff0000;\"><span style=\"color: #0000ff;\">https:\/\/egyptianwisdomcenter.org\/product\/ancienne-egypte-les-racines-du-christianisme\/<\/span><\/span><\/strong><\/a><\/p>\n<div dir=\"auto\"><\/div>\n<\/div>","protected":false},"excerpt":{"rendered":"<p>Transfiguration Of Horus &#8212; A New Alpha &nbsp; Fifty days after Isis\u2019 first teardrop (on 17 June), on 6 August, the Ancient [&hellip;]<\/p>","protected":false},"author":3,"featured_media":0,"parent":0,"menu_order":0,"comment_status":"closed","ping_status":"closed","template":"","meta":{"footnotes":""},"class_list":["post-470","page","type-page","status-publish","hentry"],"aioseo_notices":[],"_links":{"self":[{"href":"https:\/\/egyptianwisdomcenter.org\/de\/wp-json\/wp\/v2\/pages\/470","targetHints":{"allow":["GET"]}}],"collection":[{"href":"https:\/\/egyptianwisdomcenter.org\/de\/wp-json\/wp\/v2\/pages"}],"about":[{"href":"https:\/\/egyptianwisdomcenter.org\/de\/wp-json\/wp\/v2\/types\/page"}],"author":[{"embeddable":true,"href":"https:\/\/egyptianwisdomcenter.org\/de\/wp-json\/wp\/v2\/users\/3"}],"replies":[{"embeddable":true,"href":"https:\/\/egyptianwisdomcenter.org\/de\/wp-json\/wp\/v2\/comments?post=470"}],"version-history":[{"count":0,"href":"https:\/\/egyptianwisdomcenter.org\/de\/wp-json\/wp\/v2\/pages\/470\/revisions"}],"wp:attachment":[{"href":"https:\/\/egyptianwisdomcenter.org\/de\/wp-json\/wp\/v2\/media?parent=470"}],"curies":[{"name":"wp","href":"https:\/\/api.w.org\/{rel}","templated":true}]}}