{"id":48019,"date":"2019-04-14T14:50:22","date_gmt":"2019-04-14T18:50:22","guid":{"rendered":"http:\/\/egyptianwisdomcenter.org\/sacred-geometry\/"},"modified":"2023-11-05T11:26:07","modified_gmt":"2023-11-05T16:26:07","slug":"sacred-geometry","status":"publish","type":"page","link":"https:\/\/egyptianwisdomcenter.org\/de\/heilige-geometrie-2\/","title":{"rendered":"Pavitr Jyaamiti \u2013 Heilige Geometrie"},"content":{"rendered":"<h2><\/h2>\n<h2 style=\"text-align: center;\"><span style=\"color: #ff0000;\">Heilige Geometrie<\/span><\/h2>\n<p>&nbsp;<\/p>\n<h3><span style=\"color: #0000ff;\"><strong>1. Heilige Geometrie der g\u00f6ttlichen Architektur <\/strong><\/span><\/h3>\n<p>F\u00fcr die alten \u00c4gypter war Geometrie viel mehr als das Studium von Punkten, Linien, Fl\u00e4chen und K\u00f6rpern sowie deren Eigenschaften und Ma\u00dfen. Die der Geometrie innewohnende Harmonie wurde im alten \u00c4gypten als \u00fcberzeugendster Ausdruck eines g\u00f6ttlichen Plans erkannt, der der Welt zugrunde liegt \u2013 eines metaphysischen Plans, der das Physische bestimmt.<\/p>\n<p>F\u00fcr die alten \u00c4gypter war die Geometrie das Mittel, mit dem die Menschheit die Geheimnisse der g\u00f6ttlichen Ordnung verstehen konnte. Geometrie existiert \u00fcberall in der Natur: Ihre Ordnung liegt der Struktur aller Dinge zugrunde, von Molek\u00fclen bis hin zu Galaxien. Die Natur der geometrischen Form erm\u00f6glicht ihre Funktion. Ein Entwurf, der die Prinzipien der Heiligen Geometrie nutzt, muss dasselbe Ziel erreichen: die Form zu nutzen, um einer Funktion zu dienen\/darzustellen.<\/p>\n<p>Herodot, der Vater der Geschichte und geb\u00fcrtiger Grieche, erkl\u00e4rte 500 v. Chr.:<\/p>\n<p style=\"padding-left: 30px;\"><strong><em>Lassen Sie mich nun mehr \u00fcber \u00c4gypten sprechen, denn es hat viele bewundernswerte Dinge zu bieten und was man dort sieht, ist jedem anderen Land \u00fcberlegen.<\/em><\/strong><\/p>\n<p>Die Werke des alten \u00c4gypters, ob gro\u00df oder klein, werden von allen bewundert, weil sie proportional harmonisch sind und als solche sowohl unsere inneren als auch unsere \u00e4u\u00dferen Gef\u00fchle ansprechen. Dieses harmonische Designkonzept ist im Volksmund als heilige Geometrie bekannt, bei der alle Figuren mit einer geraden Linie (nicht unbedingt einem Lineal) und einem Zirkel gezeichnet oder erstellt werden k\u00f6nnen \u2013 also ohne Ma\u00df (nur abh\u00e4ngig von den Proportionen).<\/p>\n<p>&nbsp;<\/p>\n<h3><span style=\"color: #0000ff;\"><strong>2. Die \u00e4gyptische heilige Kordel [Werkzeug]<\/strong><\/span><\/h3>\n<p>Da die heilige Geometrie auf harmonischen Proportionen basiert, kann der Einheitsabstand (L\u00e4nge) theoretisch jede beliebige Einheit sein. Das einzige ben\u00f6tigte Werkzeug ist eine Schnur, die aus 12 gleichm\u00e4\u00dfig verteilten Abst\u00e4nden besteht. Der Einheitsabstand kann klein oder gro\u00df sein, um dem gew\u00fcnschten Design von Kunstwerken auf einer Leinwand, Statuen oder dem Grundriss von Geb\u00e4uden gerecht zu werden.<\/p>\n<p><a href=\"https:\/\/pressbooks.com\/app\/uploads\/sites\/42617\/2015\/12\/tool.png\"><img decoding=\"async\" class=\"size-full wp-image-272 aligncenter\" src=\"https:\/\/pressbooks.com\/app\/uploads\/sites\/42617\/2015\/12\/tool.png\" alt=\"\" width=\"275\" height=\"33\" \/><\/a><\/p>\n<p>Tempel und andere Geb\u00e4ude im alten \u00c4gypten wurden in einer religi\u00f6sen Zeremonie angelegt. Dieses Auflegen wurde von sehr sachkundigen Leuten durchgef\u00fchrt, die bei den Griechen als bekannt sind <em>Harpedonaptae.<\/em><\/p>\n<p>Die Harpedonaptae sind Menschen, die sich strikt an die Prinzipien der heiligen Geometrie hielten (nur eine gerade Linie und einen Zirkel verwendeten). Ihre Schnur war (und ist in Teilen des heutigen \u00c4gypten immer noch) eine ganz besondere Schnur, die aus einem 13-Knoten-Seil mit 12 gleichm\u00e4\u00dfig verteilten Abst\u00e4nden von einer \u00e4gyptischen Elle (1,72\u2018 oder 0,5236 m) besteht.<\/p>\n<p>Jede 13-Knoten-Schnur mit gleichm\u00e4\u00dfigen Abst\u00e4nden ist das grundlegende Werkzeug zum Erstellen verschiedener geometrischer Formen.<\/p>\n<p>&nbsp;<\/p>\n<h3><span style=\"color: #0000ff;\"><strong>3. Allgemeine Anordnung geometrischer Formen<\/strong><\/span><\/h3>\n<p>Dreiecke sind die Bausteine jedes Designs.<\/p>\n<p>Die einfachste Formation ist das gleichseitige Dreieck, das aus dem \u00e4gyptischen Seil besteht, das in zw\u00f6lf gleichen Abst\u00e4nden geknotet und um drei Pfl\u00f6cke gewickelt wird, sodass drei Seiten entstehen, von denen jede vier Einheiten misst.<\/p>\n<p><a href=\"https:\/\/pressbooks.com\/app\/uploads\/sites\/42617\/2015\/12\/triangle-4.png\"><img decoding=\"async\" class=\"size-full wp-image-273 aligncenter\" src=\"https:\/\/pressbooks.com\/app\/uploads\/sites\/42617\/2015\/12\/triangle-4.png\" alt=\"\" width=\"117\" height=\"101\" \/><\/a><\/p>\n<p>Die Linie, die eine beliebige Ecke mit der Mitte der gegen\u00fcberliegenden Seite verbindet, ist deren Senkrechte.<\/p>\n<p>Der Ursprung des historischen Geb\u00e4udegrundrisses war jedoch die Aufstellung des Dreiecks im Verh\u00e4ltnis 3:4:5 mit dem \u00e4gyptischen Seil, das um drei Pfl\u00f6cke gewickelt war, sodass drei Seiten mit den Ma\u00dfen drei, vier und f\u00fcnf Einheiten entstanden, was einen 90\u00b0-Winkel ergibt Winkel zwischen seinen 3 und 4 Seiten.<\/p>\n<p><a href=\"https:\/\/pressbooks.com\/app\/uploads\/sites\/42617\/2015\/12\/triangle-345.png\"><img decoding=\"async\" class=\"size-full wp-image-274 aligncenter\" src=\"https:\/\/pressbooks.com\/app\/uploads\/sites\/42617\/2015\/12\/triangle-345.png\" alt=\"\" width=\"141\" height=\"120\" \/><\/a><\/p>\n<p>Nach der Erstellung des rechtwinkligen Dreiecks im Verh\u00e4ltnis 3:4:5 war es eine relativ einfache Aufgabe, Rechtecke und andere komplexere geometrische Figuren zu entwerfen.<\/p>\n<p>Ein quadratischer EBCF kann beispielsweise wie hier gezeigt erstellt werden:<\/p>\n<p><a href=\"https:\/\/pressbooks.com\/app\/uploads\/sites\/42617\/2015\/12\/square-ebcf.png\"><img loading=\"lazy\" decoding=\"async\" class=\"size-full wp-image-275 aligncenter\" src=\"https:\/\/pressbooks.com\/app\/uploads\/sites\/42617\/2015\/12\/square-ebcf.png\" alt=\"\" width=\"262\" height=\"138\" \/><\/a><\/p>\n<p style=\"padding-left: 30px;\">(A) Konstruieren Sie zwei 3:4:5-Dreiecke mit einer gemeinsamen Diagonale AC.<\/p>\n<p style=\"padding-left: 30px;\">(B) Verbinden Sie FE mit FC = EB = 3 Einheiten.<\/p>\n<p>Die \u00e4gyptische Schnur kann als Zirkel zum Zeichnen kreisf\u00f6rmiger Kurven verwendet werden, wie in der Abbildung unten gezeigt.<\/p>\n<p><a href=\"https:\/\/pressbooks.com\/app\/uploads\/sites\/42617\/2015\/12\/circular-curves.png\"><img loading=\"lazy\" decoding=\"async\" class=\"size-full wp-image-276 aligncenter\" src=\"https:\/\/pressbooks.com\/app\/uploads\/sites\/42617\/2015\/12\/circular-curves.png\" alt=\"\" width=\"375\" height=\"105\" \/><\/a><\/p>\n<p>Andere Formen, wie das 8:5 Neb (Goldene) Dreieck oder Rechteck, wie unten gezeigt, k\u00f6nnen ebenfalls mit der \u00e4gyptischen Schnur hergestellt werden.<\/p>\n<p><a href=\"https:\/\/pressbooks.com\/app\/uploads\/sites\/42617\/2015\/12\/neb-triangle.png\"><img loading=\"lazy\" decoding=\"async\" class=\"size-full wp-image-277 aligncenter\" src=\"https:\/\/pressbooks.com\/app\/uploads\/sites\/42617\/2015\/12\/neb-triangle.png\" alt=\"\" width=\"314\" height=\"119\" \/><\/a><\/p>\n<p>[Um die Entstehung einer Vielzahl geometrischer Formen zu sehen, lesen Sie <em>Heilige Geometrie und Numerologie <\/em>von demselben Autor.]<\/p>\n<p>Das hieroglyphische Symbol f\u00fcr den Neter (Gott) Re, die kosmische sch\u00f6pferische Kraft, ist der Kreis. Wenn die Schnur als vollst\u00e4ndiger Kreis geschlungen ist, der Archetyp der Sch\u00f6pfung, ergibt sich, dass der Radius dieses heiligen Kreises 1,91 Ellen betr\u00e4gt. Wenn wir dieses Ma\u00df von 1,91 Ellen Radius in das metrische System umrechnen, erhalten wir genau 1 Meter (1,91 x 0,5236). 1 Meter = 1\/100.000 \u2013 Teil des Viertels des Erdmeridians. Mit anderen Worten: Dieses besondere \u00e4gyptische Seil mit 13 Knoten und die \u00e4gyptische Ma\u00dfeinheit Elle basieren auf der Messung des Erdumfangs.<\/p>\n<p><a href=\"https:\/\/pressbooks.com\/app\/uploads\/sites\/42617\/2015\/12\/circle-191-cubits.png\"><img loading=\"lazy\" decoding=\"async\" class=\"size-full wp-image-278 aligncenter\" src=\"https:\/\/pressbooks.com\/app\/uploads\/sites\/42617\/2015\/12\/circle-191-cubits.png\" alt=\"\" width=\"190\" height=\"185\" \/><\/a><\/p>\n<p>In diesem Buch werden Sie feststellen, dass diese Schnur das einzige Werkzeug ist, das zum Erstellen aller heiligen geometrischen Formen ben\u00f6tigt wird, von einer geraden Linie \u00fcber eine Kurve bis hin zu anderen Formen.<\/p>\n<p>&nbsp;<\/p>\n<p><span style=\"color: #ff0000;\"><strong>[Ein Auszug aus \u201eThe Ancient Egyptian Metaphysical Architecture\u201c von Moustafa Gadalla]<\/strong><\/span><\/p>\n<p><img decoding=\"async\" class=\"aligncenter\" src=\"https:\/\/hi-ro.egyptianwisdomcenter.org\/wp-content\/uploads\/\/2019\/02\/cover-ema-225x338-225x338.jpg\" alt=\"Die alt\u00e4gyptische metaphysische Architektur\" \/><\/p>\n<p>&nbsp;<\/p>","protected":false},"excerpt":{"rendered":"<p>Sacred Geometry &nbsp; 1. Sacred Geometry Of Divine Architecture Geometry to the Ancient Egyptians was much more than a study of points, [&hellip;]<\/p>","protected":false},"author":3,"featured_media":0,"parent":0,"menu_order":0,"comment_status":"closed","ping_status":"closed","template":"","meta":{"footnotes":""},"class_list":["post-48019","page","type-page","status-publish","hentry"],"aioseo_notices":[],"_links":{"self":[{"href":"https:\/\/egyptianwisdomcenter.org\/de\/wp-json\/wp\/v2\/pages\/48019","targetHints":{"allow":["GET"]}}],"collection":[{"href":"https:\/\/egyptianwisdomcenter.org\/de\/wp-json\/wp\/v2\/pages"}],"about":[{"href":"https:\/\/egyptianwisdomcenter.org\/de\/wp-json\/wp\/v2\/types\/page"}],"author":[{"embeddable":true,"href":"https:\/\/egyptianwisdomcenter.org\/de\/wp-json\/wp\/v2\/users\/3"}],"replies":[{"embeddable":true,"href":"https:\/\/egyptianwisdomcenter.org\/de\/wp-json\/wp\/v2\/comments?post=48019"}],"version-history":[{"count":2,"href":"https:\/\/egyptianwisdomcenter.org\/de\/wp-json\/wp\/v2\/pages\/48019\/revisions"}],"predecessor-version":[{"id":68517,"href":"https:\/\/egyptianwisdomcenter.org\/de\/wp-json\/wp\/v2\/pages\/48019\/revisions\/68517"}],"wp:attachment":[{"href":"https:\/\/egyptianwisdomcenter.org\/de\/wp-json\/wp\/v2\/media?parent=48019"}],"curies":[{"name":"wp","href":"https:\/\/api.w.org\/{rel}","templated":true}]}}