{"id":52753,"date":"2019-09-12T16:48:40","date_gmt":"2019-09-12T20:48:40","guid":{"rendered":"http:\/\/egyptianwisdomcenter.org\/?page_id=52753"},"modified":"2023-10-17T04:53:12","modified_gmt":"2023-10-17T08:53:12","slug":"podcasts-en","status":"publish","type":"page","link":"https:\/\/egyptianwisdomcenter.org\/de\/podcasts-en\/","title":{"rendered":"English Podcasts"},"content":{"rendered":"<h4>Listen to free Podcast Samples of Chapters from Books By Moustafa Gadalla<\/h4>\n<p><a href=\"https:\/\/egyptianwisdomcenter.org\/podcasts-es\/\">Spanische Podcasts<\/a> | <a href=\"https:\/\/egyptianwisdomcenter.org\/podcasts-ru\/\">Russische Podcasts<\/a> | <a href=\"https:\/\/egyptianwisdomcenter.org\/podcasts-de\/\">Deutsche Podcasts<\/a> | <a href=\"https:\/\/egyptianwisdomcenter.org\/podcasts-fr\/\">Franz\u00f6sische Podcasts<\/a><\/p>\n<!-- Widget Shortcode --><div id=\"rpwe_widget-2\" class=\"widget rpwe_widget recent-posts-extended widget-shortcode area-arbitrary\"><h2 class=\"widgettitle\">Englischer Podcast<\/h2><div  class=\"rpwe-block\"><ul class=\"rpwe-ul\"><li class=\"rpwe-li rpwe-clearfix\"><a class=\"rpwe-img\" href=\"https:\/\/egyptianwisdomcenter.org\/de\/facts-and-fictions-about-the-egyptian-pharaoh\/\" target=\"_self\"><img loading=\"lazy\" class=\"rpwe-alignleft rpwe-thumb\" src=\"https:\/\/egyptianwisdomcenter.org\/wp-content\/uploads\/2019\/09\/cover-53-45x60.jpg\" alt=\"Fakten und Fiktionen \u00fcber den \u00e4gyptischen Pharao\" height=\"60\" width=\"45\" decoding=\"async\"><\/a><h3 class=\"rpwe-title\"><a href=\"https:\/\/egyptianwisdomcenter.org\/de\/facts-and-fictions-about-the-egyptian-pharaoh\/\" target=\"_self\">Fakten und Fiktionen \u00fcber den \u00e4gyptischen Pharao<\/a><\/h3><time class=\"rpwe-time published\" datetime=\"2019-09-09T10:31:07-04:00\">9. September 2019<\/time><div class=\"rpwe-summary\">Dieser Podcast behandelt das Thema der Rolle des Pharaos im alten \u00c4gypten \u2013 ein Kapitel aus Moustafa Gadallas Buch [\u2026]<a href=\"https:\/\/egyptianwisdomcenter.org\/de\/facts-and-fictions-about-the-egyptian-pharaoh\/\" class=\"more-link\">Read More \u00bb<\/a><\/div><\/li><li class=\"rpwe-li rpwe-clearfix\"><a class=\"rpwe-img\" href=\"https:\/\/egyptianwisdomcenter.org\/de\/isis-mary-mother-of-god\/\" target=\"_self\"><img loading=\"lazy\" class=\"rpwe-alignleft rpwe-thumb\" src=\"https:\/\/egyptianwisdomcenter.org\/wp-content\/uploads\/2019\/09\/cover_isis-225x338-225x338-200x300-45x60.jpg\" alt=\"Isis\/Maria: Mutter Gottes\" height=\"60\" width=\"45\" decoding=\"async\"><\/a><h3 class=\"rpwe-title\"><a href=\"https:\/\/egyptianwisdomcenter.org\/de\/isis-mary-mother-of-god\/\" target=\"_self\">Isis\/Maria: Mutter Gottes<\/a><\/h3><time class=\"rpwe-time published\" datetime=\"2019-09-05T16:07:19-04:00\">5. September 2019<\/time><div class=\"rpwe-summary\">Dieser Podcast befasst sich mit den unglaublichen \u00c4hnlichkeiten zwischen dem allegorischen \u00e4gyptischen Bericht \u00fcber Isis und dem \u00fcber die Jungfrau [\u2026]<a href=\"https:\/\/egyptianwisdomcenter.org\/de\/isis-mary-mother-of-god\/\" class=\"more-link\">Read More \u00bb<\/a><\/div><\/li><li class=\"rpwe-li rpwe-clearfix\"><a class=\"rpwe-img\" href=\"https:\/\/egyptianwisdomcenter.org\/de\/monotheism-and-polytheism-in-ancient-egypt-2\/\" target=\"_self\"><img loading=\"lazy\" class=\"rpwe-alignleft rpwe-thumb\" src=\"https:\/\/egyptianwisdomcenter.org\/wp-content\/uploads\/2019\/09\/divinities-45x60.jpg\" alt=\"Monotheismus und Polytheismus im alten \u00c4gypten\" height=\"60\" width=\"45\" decoding=\"async\"><\/a><h3 class=\"rpwe-title\"><a href=\"https:\/\/egyptianwisdomcenter.org\/de\/monotheism-and-polytheism-in-ancient-egypt-2\/\" target=\"_self\">Monotheismus und Polytheismus im alten \u00c4gypten<\/a><\/h3><time class=\"rpwe-time published\" datetime=\"2019-09-09T14:39:13-04:00\">9. September 2019<\/time><div class=\"rpwe-summary\">Dieser Podcast behandelt das Thema Monotheismus und Polytheismus im alten \u00c4gypten \u2013 zwei Kapitel aus Moustafa Gadallas Buch Egyptian Divinities: The [\u2026]<a href=\"https:\/\/egyptianwisdomcenter.org\/de\/monotheism-and-polytheism-in-ancient-egypt-2\/\" class=\"more-link\">Read More \u00bb<\/a><\/div><\/li><li class=\"rpwe-li rpwe-clearfix\"><a class=\"rpwe-img\" href=\"https:\/\/egyptianwisdomcenter.org\/de\/moses-and-akhenaton-pod\/\" target=\"_self\"><img loading=\"lazy\" class=\"rpwe-alignleft rpwe-thumb\" src=\"https:\/\/egyptianwisdomcenter.org\/wp-content\/uploads\/2019\/09\/cover-65-45x60.jpg\" alt=\"Moses und Echnaton\" height=\"60\" width=\"45\" decoding=\"async\"><\/a><h3 class=\"rpwe-title\"><a href=\"https:\/\/egyptianwisdomcenter.org\/de\/moses-and-akhenaton-pod\/\" target=\"_self\">Moses und Echnaton<\/a><\/h3><time class=\"rpwe-time published\" datetime=\"2019-09-09T15:07:11-04:00\">9. September 2019<\/time><div class=\"rpwe-summary\">In diesem Podcast geht es um die unglaublichen \u00c4hnlichkeiten zwischen den biblischen Berichten von Moses und den historischen Berichten von Echnaton [\u2026]<a href=\"https:\/\/egyptianwisdomcenter.org\/de\/moses-and-akhenaton-pod\/\" class=\"more-link\">Read More \u00bb<\/a><\/div><\/li><li class=\"rpwe-li rpwe-clearfix\"><a class=\"rpwe-img\" href=\"https:\/\/egyptianwisdomcenter.org\/de\/pictorial-symbolism-in-ancient-egypt\/\" target=\"_self\"><img loading=\"lazy\" class=\"rpwe-alignleft rpwe-thumb\" src=\"https:\/\/egyptianwisdomcenter.org\/wp-content\/uploads\/2019\/09\/divinities-45x60.jpg\" alt=\"Bildsymbolik im alten \u00c4gypten\" height=\"60\" width=\"45\" decoding=\"async\"><\/a><h3 class=\"rpwe-title\"><a href=\"https:\/\/egyptianwisdomcenter.org\/de\/pictorial-symbolism-in-ancient-egypt\/\" target=\"_self\">Bildsymbolik im alten \u00c4gypten<\/a><\/h3><time class=\"rpwe-time published\" datetime=\"2019-09-05T17:11:11-04:00\">5. September 2019<\/time><div class=\"rpwe-summary\">Dieser Podcast behandelt das Thema der Bildsymbolik im alten \u00c4gypten \u2013 ein Kapitel aus Moustafa Gadallas Buch Egyptian Divinities: The [\u2026]<a href=\"https:\/\/egyptianwisdomcenter.org\/de\/pictorial-symbolism-in-ancient-egypt\/\" class=\"more-link\">Read More \u00bb<\/a><\/div><\/li><li class=\"rpwe-li rpwe-clearfix\"><a class=\"rpwe-img\" href=\"https:\/\/egyptianwisdomcenter.org\/de\/die-agyptischen-alphabetischen-und-bildlichen-schreibmodi\/\" target=\"_self\"><img loading=\"lazy\" class=\"rpwe-alignleft rpwe-thumb\" src=\"https:\/\/egyptianwisdomcenter.org\/wp-content\/uploads\/2019\/02\/cover-eu-225x338-225x338-45x60.jpg\" alt=\"Die \u00e4gyptischen alphabetischen und bildlichen Schreibmodi\" height=\"60\" width=\"45\" decoding=\"async\"><\/a><h3 class=\"rpwe-title\"><a href=\"https:\/\/egyptianwisdomcenter.org\/de\/die-agyptischen-alphabetischen-und-bildlichen-schreibmodi\/\" target=\"_self\">Die \u00e4gyptischen alphabetischen und bildlichen Schreibmodi<\/a><\/h3><time class=\"rpwe-time published\" datetime=\"2019-08-28T15:40:26-04:00\">28. August 2019<\/time><div class=\"rpwe-summary\">Dieser Podcast bietet einen kurzen \u00dcberblick \u00fcber die Schreibweisen im alten \u00c4gypten \u2013 die alphabetische Schreibform und die bildliche Darstellung [\u2026]<a href=\"https:\/\/egyptianwisdomcenter.org\/de\/die-agyptischen-alphabetischen-und-bildlichen-schreibmodi\/\" class=\"more-link\">Read More \u00bb<\/a><\/div><\/li><li class=\"rpwe-li rpwe-clearfix\"><a class=\"rpwe-img\" href=\"https:\/\/egyptianwisdomcenter.org\/de\/the-egyptian-creation-process-accounts\/\" target=\"_self\"><img loading=\"lazy\" class=\"rpwe-alignleft rpwe-thumb\" src=\"https:\/\/egyptianwisdomcenter.org\/wp-content\/uploads\/2019\/09\/cover-53-45x60.jpg\" alt=\"Die \u00e4gyptischen Sch\u00f6pfungsberichte\" height=\"60\" width=\"45\" decoding=\"async\"><\/a><h3 class=\"rpwe-title\"><a href=\"https:\/\/egyptianwisdomcenter.org\/de\/the-egyptian-creation-process-accounts\/\" target=\"_self\">Die \u00e4gyptischen Sch\u00f6pfungsberichte<\/a><\/h3><time class=\"rpwe-time published\" datetime=\"2019-09-24T14:34:28-04:00\">24. September 2019<\/time><div class=\"rpwe-summary\">Dieser Podcast behandelt das Thema \u201eThe Egyptian Creation Process Accounts\u201c \u2013 ein Auszug aus Moustafa Gadallas Buch \u201eEgyptian Cosmology The [\u2026]<a href=\"https:\/\/egyptianwisdomcenter.org\/de\/the-egyptian-creation-process-accounts\/\" class=\"more-link\">Read More \u00bb<\/a><\/div><\/li><li class=\"rpwe-li rpwe-clearfix\"><a class=\"rpwe-img\" href=\"https:\/\/egyptianwisdomcenter.org\/de\/the-incredible-remote-age-of-ancient-egypt-the-incredible-remote-age-of-ancient-egypt\/\" target=\"_self\"><img loading=\"lazy\" class=\"rpwe-alignleft rpwe-thumb\" src=\"https:\/\/egyptianwisdomcenter.org\/wp-content\/uploads\/2019\/09\/AECR-45x60.jpg\" alt=\"Das unglaublich ferne Zeitalter des alten \u00c4gypten\" height=\"60\" width=\"45\" decoding=\"async\"><\/a><h3 class=\"rpwe-title\"><a href=\"https:\/\/egyptianwisdomcenter.org\/de\/the-incredible-remote-age-of-ancient-egypt-the-incredible-remote-age-of-ancient-egypt\/\" target=\"_self\">Das unglaublich ferne Zeitalter des alten \u00c4gypten<\/a><\/h3><time class=\"rpwe-time published\" datetime=\"2019-09-05T16:49:00-04:00\">5. September 2019<\/time><div class=\"rpwe-summary\">Dieser Podcast behandelt das Thema des sehr fernen Zeitalters des alten \u00c4gypten \u2013 ein Kapitel aus Moustafa Gadallas Buch Ancient [\u2026]<a href=\"https:\/\/egyptianwisdomcenter.org\/de\/the-incredible-remote-age-of-ancient-egypt-the-incredible-remote-age-of-ancient-egypt\/\" class=\"more-link\">Read More \u00bb<\/a><\/div><\/li><li class=\"rpwe-li rpwe-clearfix\"><a class=\"rpwe-img\" href=\"https:\/\/egyptianwisdomcenter.org\/de\/the-masonic-powers-of-egyptian-architecture\/\" target=\"_self\"><img loading=\"lazy\" class=\"rpwe-alignleft rpwe-thumb\" src=\"https:\/\/egyptianwisdomcenter.org\/wp-content\/uploads\/2019\/09\/cover-47-45x60.jpg\" alt=\"Die freimaurerischen Kr\u00e4fte der \u00e4gyptischen Architektur\" height=\"60\" width=\"45\" decoding=\"async\"><\/a><h3 class=\"rpwe-title\"><a href=\"https:\/\/egyptianwisdomcenter.org\/de\/the-masonic-powers-of-egyptian-architecture\/\" target=\"_self\">Die freimaurerischen Kr\u00e4fte der \u00e4gyptischen Architektur<\/a><\/h3><time class=\"rpwe-time published\" datetime=\"2019-09-09T15:18:28-04:00\">9. September 2019<\/time><div class=\"rpwe-summary\">Dieser Podcast behandelt das Thema der freimaurerischen Kr\u00e4fte der alt\u00e4gyptischen Architektur. Schauen Sie sich Moustafa Gadallas Buch an: The Ancient Egyptian [\u2026]<a href=\"https:\/\/egyptianwisdomcenter.org\/de\/the-masonic-powers-of-egyptian-architecture\/\" class=\"more-link\">Read More \u00bb<\/a><\/div><\/li><li class=\"rpwe-li rpwe-clearfix\"><a class=\"rpwe-img\" href=\"https:\/\/egyptianwisdomcenter.org\/de\/the-writings-on-the-egyptian-walls\/\" target=\"_self\"><img loading=\"lazy\" class=\"rpwe-alignleft rpwe-thumb\" src=\"https:\/\/egyptianwisdomcenter.org\/wp-content\/uploads\/2019\/02\/cover-metlang-225x338-225x338-45x60.jpg\" alt=\"Die Schriften auf den \u00e4gyptischen Mauern\" height=\"60\" width=\"45\" decoding=\"async\"><\/a><h3 class=\"rpwe-title\"><a href=\"https:\/\/egyptianwisdomcenter.org\/de\/the-writings-on-the-egyptian-walls\/\" target=\"_self\">Die Schriften auf den \u00e4gyptischen Mauern<\/a><\/h3><time class=\"rpwe-time published\" datetime=\"2019-08-29T22:34:29-04:00\">29. August 2019<\/time><div class=\"rpwe-summary\">Dieser Podcast behandelt das Thema der Schriften und Darstellungen auf den \u00e4gyptischen Mauern in Tempeln, Gr\u00e4bern usw. F\u00fcr detaillierte Informationen [\u2026]<a href=\"https:\/\/egyptianwisdomcenter.org\/de\/the-writings-on-the-egyptian-walls\/\" class=\"more-link\">Read More \u00bb<\/a><\/div><\/li><\/ul><\/div><!-- Generated by http:\/\/wordpress.org\/plugins\/recent-posts-widget-extended\/ --><\/div><!-- \/Widget Shortcode -->","protected":false},"excerpt":{"rendered":"<p>Listen to free Podcast Samples of Chapters from Books By Moustafa Gadalla Spanish Podcasts | Russian Podcasts | German Podcasts | French [&hellip;]<\/p>","protected":false},"author":3,"featured_media":0,"parent":0,"menu_order":0,"comment_status":"closed","ping_status":"closed","template":"","meta":{"footnotes":""},"class_list":["post-52753","page","type-page","status-publish","hentry"],"aioseo_notices":[],"_links":{"self":[{"href":"https:\/\/egyptianwisdomcenter.org\/de\/wp-json\/wp\/v2\/pages\/52753","targetHints":{"allow":["GET"]}}],"collection":[{"href":"https:\/\/egyptianwisdomcenter.org\/de\/wp-json\/wp\/v2\/pages"}],"about":[{"href":"https:\/\/egyptianwisdomcenter.org\/de\/wp-json\/wp\/v2\/types\/page"}],"author":[{"embeddable":true,"href":"https:\/\/egyptianwisdomcenter.org\/de\/wp-json\/wp\/v2\/users\/3"}],"replies":[{"embeddable":true,"href":"https:\/\/egyptianwisdomcenter.org\/de\/wp-json\/wp\/v2\/comments?post=52753"}],"version-history":[{"count":6,"href":"https:\/\/egyptianwisdomcenter.org\/de\/wp-json\/wp\/v2\/pages\/52753\/revisions"}],"predecessor-version":[{"id":68299,"href":"https:\/\/egyptianwisdomcenter.org\/de\/wp-json\/wp\/v2\/pages\/52753\/revisions\/68299"}],"wp:attachment":[{"href":"https:\/\/egyptianwisdomcenter.org\/de\/wp-json\/wp\/v2\/media?parent=52753"}],"curies":[{"name":"wp","href":"https:\/\/api.w.org\/{rel}","templated":true}]}}