{"id":58,"date":"2020-04-17T20:49:15","date_gmt":"2020-04-17T20:49:15","guid":{"rendered":"http:\/\/isisrisesoperetta.com\/?page_id=58"},"modified":"2025-03-19T16:25:52","modified_gmt":"2025-03-19T20:25:52","slug":"operetta","status":"publish","type":"page","link":"https:\/\/egyptianwisdomcenter.org\/de\/operette\/","title":{"rendered":"Operette"},"content":{"rendered":"<p style=\"margin-top: 25px; margin-left: 10px; font-size: 16px; font-weight: bold;\"><a href=\"https:\/\/egyptianwisdomcenter.org\/de\/operette\/\">Um<\/a> | <a href=\"\/de\/production-team\/\">Produktionsteam<\/a> | <a href=\"\/de\/trailer\/\">Anh\u00e4nger<\/a> | <a href=\"https:\/\/egyptianwisdomcenter.org\/de\/rechtelizenzierung\/\">Rights &amp; Licensing<\/a> | <a href=\"https:\/\/egyptianwisdomcenter.org\/de\/the-scenes\/szene-1\/\">Akt 1<\/a> | <a href=\"https:\/\/egyptianwisdomcenter.org\/de\/the-scenes\/szene-2\/\">Akt 2<\/a> | <a href=\"https:\/\/egyptianwisdomcenter.org\/de\/the-scenes\/szene-3\/\">Akt 3<\/a> | <a href=\"https:\/\/egyptianwisdomcenter.org\/de\/the-scenes\/szene-4\/\">Akt 4<\/a> | <a href=\"https:\/\/egyptianwisdomcenter.org\/de\/the-scenes\/szene-5\/\">Akt 5<\/a> | <a href=\"https:\/\/egyptianwisdomcenter.org\/de\/the-scenes\/szene-6\/\">Akt 6<\/a> | <a href=\"https:\/\/egyptianwisdomcenter.org\/de\/isis-rises-operetta-free-book\/\">Free Book<\/a><\/p>\n<h1>Overview (Isis Rises Operetta)<\/h1>\n<p><img fetchpriority=\"high\" decoding=\"async\" class=\"size-medium wp-image-51 aligncenter\" src=\"https:\/\/egyptianwisdomcenter.org\/wp-content\/uploads\/2020\/04\/IsisBlue-cropped-259x300.jpg\" alt=\"Goldstatue von Iside\" width=\"259\" height=\"300\" \/><\/p>\n<p>Isis Rises Operetta is a mesmerizing, wordless musical operetta to cross all boundaries in the world. It relates the allegorical story of the trials, tribulations, tragedy and triumph of Isis as the archetypal Goddess of all women\u2014through acting, interpretive dancing, lyrical dancing, projection and special lighting effects, all portrayed in an Ancient Egyptian setting.<\/p>\n<p>Alle Musikst\u00fccke werden mit alt\u00e4gyptischen Musikinstrumenten mit alter Musikkomposition aufgef\u00fchrt. Alle Arten von T\u00e4nzen in der Operette sind auch repr\u00e4sentativ f\u00fcr die im alten \u00c4gypten. Die Operette Isis enth\u00e4lt mehrere T\u00e4nze unterschiedlicher Art. Sie variieren von einem Balletttanz \u00fcber freiberufliche bis hin zu rhythmischen Bewegungen.<\/p>\n<p>Die Zuschauer werden das gesamte Spektrum kraftvoller Emotionen erleben, die durch eine spektakul\u00e4re Parade aus Musik, Farbe, Licht und Unterhaltung hervorgerufen werden. Es wird die Herzen und Gedanken aller V\u00f6lker und Zeitalter mit absoluter Freude und Liebe erf\u00fcllen.<\/p>\n<p>Die Operette wird den Zuschauern helfen, die vielf\u00e4ltigen Qualit\u00e4ten der G\u00f6ttin in sich zu entdecken und zu st\u00e4rken.<\/p>\n<p>Die \u00e4gyptische Netert (G\u00f6ttin) Isis ist die Schutzpatronin, deren F\u00fcrsorge sich \u00fcber das gesamte Spektrum menschlicher Bed\u00fcrfnisse erstreckte. Sie wurde zur gro\u00dfen und wohlt\u00e4tigen Netert (G\u00f6ttin) und Mutter, deren Einfluss und Liebe den ganzen Himmel, die Erde und die andere Welt durchdrang; und sie wurde zur Verk\u00f6rperung der gro\u00dfen weiblichen und sch\u00f6pferischen Kraft, die jedes Gesch\u00f6pf und Lebewesen gezeugt und geboren hat, von Gottheiten im Himmel bis zu Menschen auf der Erde und Insekten auf der Erde.<\/p>\n<p>Die Operette besteht aus sechs Szenen, die die Beziehung von Isis zu dieser Zahl widerspiegeln und Mutter Erde darstellen, wie sie durch den W\u00fcrfel\/die Kiste symbolisiert wird. Am Ende des sechsten Akts zeigt die Auff\u00fchrung die Symbolik des \u00dcbertretens.<\/p>\n<p>&nbsp;<\/p>\n<style>body,.content-inner{background:#FCD701 !important;<\/style>","protected":false},"excerpt":{"rendered":"<p>About | Production Team | Trailer | Rights &amp; Licensing | Act 1 | Act 2 | Act 3 | Act 4 [&hellip;]<\/p>","protected":false},"author":3,"featured_media":0,"parent":0,"menu_order":0,"comment_status":"closed","ping_status":"closed","template":"page-templates\/page_fullwidth.php","meta":{"footnotes":""},"class_list":["post-58","page","type-page","status-publish","hentry"],"aioseo_notices":[],"_links":{"self":[{"href":"https:\/\/egyptianwisdomcenter.org\/de\/wp-json\/wp\/v2\/pages\/58","targetHints":{"allow":["GET"]}}],"collection":[{"href":"https:\/\/egyptianwisdomcenter.org\/de\/wp-json\/wp\/v2\/pages"}],"about":[{"href":"https:\/\/egyptianwisdomcenter.org\/de\/wp-json\/wp\/v2\/types\/page"}],"author":[{"embeddable":true,"href":"https:\/\/egyptianwisdomcenter.org\/de\/wp-json\/wp\/v2\/users\/3"}],"replies":[{"embeddable":true,"href":"https:\/\/egyptianwisdomcenter.org\/de\/wp-json\/wp\/v2\/comments?post=58"}],"version-history":[{"count":11,"href":"https:\/\/egyptianwisdomcenter.org\/de\/wp-json\/wp\/v2\/pages\/58\/revisions"}],"predecessor-version":[{"id":69573,"href":"https:\/\/egyptianwisdomcenter.org\/de\/wp-json\/wp\/v2\/pages\/58\/revisions\/69573"}],"wp:attachment":[{"href":"https:\/\/egyptianwisdomcenter.org\/de\/wp-json\/wp\/v2\/media?parent=58"}],"curies":[{"name":"wp","href":"https:\/\/api.w.org\/{rel}","templated":true}]}}