{"id":68536,"date":"2020-04-29T23:59:24","date_gmt":"2020-04-29T23:59:24","guid":{"rendered":"http:\/\/isisrisesoperetta.com\/?page_id=86"},"modified":"2024-03-19T12:52:07","modified_gmt":"2024-03-19T16:52:07","slug":"scene-1","status":"publish","type":"page","link":"https:\/\/egyptianwisdomcenter.org\/de\/the-scenes\/szene-1\/","title":{"rendered":"Akt 1"},"content":{"rendered":"<p style=\"margin-top: 25px; margin-left: 10px; font-size: 16px; font-weight: bold;\"><a href=\"https:\/\/egyptianwisdomcenter.org\/de\/operette\/\">Um<\/a> | <a href=\"\/de\/production-team\/\">Produktionsteam<\/a> | <a href=\"\/de\/trailer\/\">Anh\u00e4nger<\/a> | <a href=\"\/de\/product\/isis-rises-operetta\/\">Videokauf<\/a> | <a href=\"https:\/\/egyptianwisdomcenter.org\/de\/rechtelizenzierung\/\">Rights &amp; Licensing<\/a> | <a href=\"https:\/\/egyptianwisdomcenter.org\/de\/the-scenes\/szene-1\/\">Akt 1<\/a> | <a href=\"https:\/\/egyptianwisdomcenter.org\/de\/the-scenes\/szene-2\/\">Akt 2<\/a> | <a href=\"https:\/\/egyptianwisdomcenter.org\/de\/the-scenes\/szene-3\/\">Akt 3<\/a> | <a href=\"https:\/\/egyptianwisdomcenter.org\/de\/the-scenes\/szene-4\/\">Akt 4<\/a> | <a href=\"https:\/\/egyptianwisdomcenter.org\/de\/the-scenes\/szene-5\/\">Akt 5<\/a> | <a href=\"https:\/\/egyptianwisdomcenter.org\/de\/the-scenes\/szene-6\/\">Akt 6<\/a> | <a href=\"https:\/\/egyptianwisdomcenter.org\/de\/isis-rises-operetta-free-book\/\">Free Book<\/a><\/p>\n<h1>Isis Rises Operetta &#8211; Act 1<\/h1>\n<div>\n<h3><span style=\"color: #ff0000;\">Zusammenfassung von Akt 1 \u2013 R\u00fcckkehr und anschlie\u00dfender Untergang von Osiris<\/span><\/h3>\n<\/div>\n<p><span style=\"font-weight: 400;\">a- We begin with a screen showing the cosmos \u2014 then Earth \u2014 then Egypt and the Nile [from above]\u00a0 \u2014 Our story begins at the tip of the Delta.<\/span><\/p>\n<p><span style=\"font-weight: 400;\">b- T\u00e4nzer mit Palmenzweigen unterhalten sich und warten auf die Ankunft von etwas Besonderem!<\/span><\/p>\n<p><span style=\"font-weight: 400;\">c- Als Osiris in der Ferne erscheint, bricht die Menge in Freude aus und das typisch \u00e4gyptische feierliche Zaghareed (Klingeln der Zungen im Mund). Zwei T\u00e4nzerinnen \u00fcberreichen Osiris jeweils eine Schale mit Fr\u00fcchten<\/span><\/p>\n<p><span style=\"font-weight: 400;\">Die fr\u00f6hliche Musik ert\u00f6nt und die sieben T\u00e4nzerinnen verzichten in einem einladenden Heimtanz f\u00fcr Osiris auf ihre Palmenzweige.<\/span><\/p>\n<p><span style=\"font-weight: 400;\">d- Zu Ehren der sicheren R\u00fcckkehr von Osiris f\u00fchren die sieben T\u00e4nzer[Musen] den Lotustanz auf. F\u00fcr diese besondere Tanzauff\u00fchrung tragen die T\u00e4nzer das typisch \u00e4gyptische Frauenstirnband mit einer daran befestigten Lotusblume. Au\u00dferdem halten sie als Requisite bei ihrer Tanzvorf\u00fchrung ein Emblem in Form einer Lotusblume in der Hand.<\/span><\/p>\n<p><span style=\"font-weight: 400;\">e \u2013 T\u00e4nzer gehen \u2013 es treten schattenhafte [m\u00e4nnliche] Charaktere ein, die einen einfachen Sarg tragen. Sie \u00f6ffnen den Deckel und laden Osiris ein, den Sarg zu testen. Osiris legt sich hinein. Sie schlossen schnell den Deckel und versiegelten ihn. Sie trugen den Sarg zum Nil und warfen ihn in das flie\u00dfende Wasser des Nils.<\/span><\/p>\n<p><span style=\"font-weight: 400;\">f- Der B\u00fchnenbildschirm zeigt, wie der Sarg mit dem K\u00f6rper von Osiris durch den \u00f6stlichen Zweig des Nildeltas Northwood in Richtung Mittelmeer reist; und von dort zu einem entfernten Ufer mit einem \u00fcppigen Gr\u00fcn, an dem ein pr\u00e4chtiger Baum steht!<\/span><\/p>\n<p><span style=\"font-weight: 400;\">g- Zur\u00fcck am urspr\u00fcnglichen Ort, an dem alles begann, erscheinen die sieben T\u00e4nzerinnen auf der B\u00fchne und weinen verzweifelt \u2013 Taubengeschrei \u2013 Isis scheint voller Trauer. Isis [in ihrem goldenen Kleid] beteiligt sich am \u201eKlagetanz\u201c.<\/span><\/p>\n<p><span style=\"font-weight: 400;\">h- Die jammernden Frauen\/T\u00e4nzer gehen und Isis ist ganz allein auf der B\u00fchne. Sie f\u00e4hrt mit dem Klagetanz fort. Dann setzte sie sich ganz alleine hin und weinte!<\/span><\/p>\n<p>&nbsp;<\/p>\n<p>&nbsp;<\/p>\n<p>&nbsp;<\/p>\n<p><span style=\"font-weight: 400;\">Tanzen mit Palmenzweigen.<\/span><\/p>\n<p><img decoding=\"async\" class=\"alignnone size-full wp-image-310\" src=\"http:\/\/isisrisesoperetta.com\/wp-content\/uploads\/2022\/02\/welcoming-with-palm-tree-branches.png\" alt=\"\" width=\"202\" height=\"123\" \/><\/p>\n<p>&nbsp;<\/p>\n<p>&nbsp;<\/p>\n<p class=\"p1\">Szene 1 der Operette, die dritte Tanzauff\u00fchrung, handelt von den \u201eklagenden Frauen\u201c. Unten finden Sie eine alt\u00e4gyptische Darstellung einer \u00e4hnlichen Situation.<\/p>\n<p><img fetchpriority=\"high\" decoding=\"async\" class=\"size-full wp-image-408\" src=\"https:\/\/egyptianwisdomcenter.org\/wp-content\/uploads\/2022\/06\/download1.jpg\" alt=\"\" width=\"671\" height=\"651\" \/><\/p>\n<p><img decoding=\"async\" class=\"alignnone size-large wp-image-825\" src=\"https:\/\/egyptianwisdomcenter.org\/wp-content\/uploads\/2023\/08\/STB_1020_web-1024x683.jpg\" alt=\"\" width=\"1024\" height=\"683\" \/><\/p>\n<p><img loading=\"lazy\" decoding=\"async\" class=\"alignnone size-large wp-image-824\" src=\"https:\/\/egyptianwisdomcenter.org\/wp-content\/uploads\/2023\/08\/STB_1011_web-1024x683.jpg\" alt=\"\" width=\"1024\" height=\"683\" \/><\/p>\n<p><img loading=\"lazy\" decoding=\"async\" class=\"alignnone size-large wp-image-822\" src=\"https:\/\/egyptianwisdomcenter.org\/wp-content\/uploads\/2023\/08\/STB_0936_web-1024x683.jpg\" alt=\"\" width=\"1024\" height=\"683\" \/><\/p>\n<p><img loading=\"lazy\" decoding=\"async\" class=\"alignnone size-large wp-image-821\" src=\"https:\/\/egyptianwisdomcenter.org\/wp-content\/uploads\/2023\/08\/STB_1199_web-1024x683.jpg\" alt=\"\" width=\"1024\" height=\"683\" \/><\/p>\n<p><img loading=\"lazy\" decoding=\"async\" class=\"alignnone size-large wp-image-820\" src=\"https:\/\/egyptianwisdomcenter.org\/wp-content\/uploads\/2023\/08\/STB_1165_web-1024x683.jpg\" alt=\"\" width=\"1024\" height=\"683\" \/><\/p>\n<p><img loading=\"lazy\" decoding=\"async\" class=\"alignnone size-large wp-image-819\" src=\"https:\/\/egyptianwisdomcenter.org\/wp-content\/uploads\/2023\/08\/STB_1155_web-1024x683.jpg\" alt=\"\" width=\"1024\" height=\"683\" \/><\/p>\n<p><img loading=\"lazy\" decoding=\"async\" class=\"size-large wp-image-818 alignleft\" src=\"https:\/\/egyptianwisdomcenter.org\/wp-content\/uploads\/2023\/08\/STB_1144_web-1024x683.jpg\" alt=\"\" width=\"1024\" height=\"683\" \/><\/p>\n<p><img loading=\"lazy\" decoding=\"async\" class=\"alignnone size-large wp-image-817\" src=\"https:\/\/egyptianwisdomcenter.org\/wp-content\/uploads\/2023\/08\/STB_1135_web-1024x683.jpg\" alt=\"\" width=\"1024\" height=\"683\" \/><\/p>\n<p><img loading=\"lazy\" decoding=\"async\" class=\"alignnone size-large wp-image-816\" src=\"https:\/\/egyptianwisdomcenter.org\/wp-content\/uploads\/2023\/08\/STB_1121_web-1024x683.jpg\" alt=\"\" width=\"1024\" height=\"683\" \/><\/p>\n<p><img loading=\"lazy\" decoding=\"async\" class=\"alignnone size-large wp-image-815\" src=\"https:\/\/egyptianwisdomcenter.org\/wp-content\/uploads\/2023\/08\/STB_1118_web-1024x683.jpg\" alt=\"\" width=\"1024\" height=\"683\" \/><\/p>\n<p><img loading=\"lazy\" decoding=\"async\" class=\"alignnone size-large wp-image-814\" src=\"https:\/\/egyptianwisdomcenter.org\/wp-content\/uploads\/2023\/08\/STB_1087_web-1024x683.jpg\" alt=\"\" width=\"1024\" height=\"683\" \/><\/p>\n<p><img loading=\"lazy\" decoding=\"async\" class=\"size-large wp-image-813 alignnone\" src=\"https:\/\/egyptianwisdomcenter.org\/wp-content\/uploads\/2023\/08\/STB_1040_web-1024x683.jpg\" alt=\"\" width=\"1024\" height=\"683\" \/><\/p>\n<p><img loading=\"lazy\" decoding=\"async\" class=\"size-large wp-image-829\" src=\"https:\/\/egyptianwisdomcenter.org\/wp-content\/uploads\/2023\/08\/STB_1771_web-1024x683.jpg\" alt=\"\" width=\"1024\" height=\"683\" \/><\/p>\n<p><img loading=\"lazy\" decoding=\"async\" class=\"size-large wp-image-830\" src=\"https:\/\/egyptianwisdomcenter.org\/wp-content\/uploads\/2023\/08\/STB_1845_web-1024x683.jpg\" alt=\"\" width=\"1024\" height=\"683\" \/><\/p>\n<p><img loading=\"lazy\" decoding=\"async\" class=\"size-large wp-image-831\" src=\"https:\/\/egyptianwisdomcenter.org\/wp-content\/uploads\/2023\/08\/STB_1914_web-1024x683.jpg\" alt=\"\" width=\"1024\" height=\"683\" \/><\/p>\n<p><img loading=\"lazy\" decoding=\"async\" class=\"size-large wp-image-832\" src=\"https:\/\/egyptianwisdomcenter.org\/wp-content\/uploads\/2023\/08\/STB_1919_web-1024x683.jpg\" alt=\"\" width=\"1024\" height=\"683\" \/><\/p>\n<p><img loading=\"lazy\" decoding=\"async\" class=\"size-large wp-image-833\" src=\"https:\/\/egyptianwisdomcenter.org\/wp-content\/uploads\/2023\/08\/STB_2074_web-1024x683.jpg\" alt=\"\" width=\"1024\" height=\"683\" \/><\/p>\n<p><img loading=\"lazy\" decoding=\"async\" class=\"size-large wp-image-834\" src=\"https:\/\/egyptianwisdomcenter.org\/wp-content\/uploads\/2023\/08\/STB_2203_web-1024x683.jpg\" alt=\"\" width=\"1024\" height=\"683\" \/><\/p>\n<p><img loading=\"lazy\" decoding=\"async\" class=\"size-large wp-image-835\" src=\"https:\/\/egyptianwisdomcenter.org\/wp-content\/uploads\/2023\/08\/STB_2321_web-1024x683.jpg\" alt=\"\" width=\"1024\" height=\"683\" \/><\/p>\n<p><img loading=\"lazy\" decoding=\"async\" class=\"size-large wp-image-836\" src=\"https:\/\/egyptianwisdomcenter.org\/wp-content\/uploads\/2023\/08\/STB_2384_web-1024x683.jpg\" alt=\"\" width=\"1024\" height=\"683\" \/><\/p>\n<p><img loading=\"lazy\" decoding=\"async\" class=\"size-large wp-image-837\" src=\"https:\/\/egyptianwisdomcenter.org\/wp-content\/uploads\/2023\/08\/STB_2433_web-1024x683.jpg\" alt=\"\" width=\"1024\" height=\"683\" \/><\/p>\n<p><img loading=\"lazy\" decoding=\"async\" class=\"size-large wp-image-838\" src=\"https:\/\/egyptianwisdomcenter.org\/wp-content\/uploads\/2023\/08\/STB_2434_web-1024x683.jpg\" alt=\"\" width=\"1024\" height=\"683\" \/><\/p>\n<p><img loading=\"lazy\" decoding=\"async\" class=\"size-large wp-image-839\" src=\"https:\/\/egyptianwisdomcenter.org\/wp-content\/uploads\/2023\/08\/STB_2510_web-1024x683.jpg\" alt=\"\" width=\"1024\" height=\"683\" \/><\/p>\n<p><img loading=\"lazy\" decoding=\"async\" class=\"size-large wp-image-840\" src=\"https:\/\/egyptianwisdomcenter.org\/wp-content\/uploads\/2023\/08\/STB_2522_web-1024x683.jpg\" alt=\"\" width=\"1024\" height=\"683\" \/><\/p>\n<p><img loading=\"lazy\" decoding=\"async\" class=\"size-large wp-image-841\" src=\"https:\/\/egyptianwisdomcenter.org\/wp-content\/uploads\/2023\/08\/STB_2527_web-1024x683.jpg\" alt=\"\" width=\"1024\" height=\"683\" \/><\/p>\n<p><img loading=\"lazy\" decoding=\"async\" class=\"size-large wp-image-842\" src=\"https:\/\/egyptianwisdomcenter.org\/wp-content\/uploads\/2023\/08\/STB_2636_web-1024x683.jpg\" alt=\"\" width=\"1024\" height=\"683\" \/><\/p>\n<p><img loading=\"lazy\" decoding=\"async\" class=\"size-large wp-image-843\" src=\"https:\/\/egyptianwisdomcenter.org\/wp-content\/uploads\/2023\/08\/STB_1212_web-1024x683.jpg\" alt=\"\" width=\"1024\" height=\"683\" \/><\/p>\n<p><img loading=\"lazy\" decoding=\"async\" class=\"size-large wp-image-844\" src=\"https:\/\/egyptianwisdomcenter.org\/wp-content\/uploads\/2023\/08\/STB_1273_web-1024x683.jpg\" alt=\"\" width=\"1024\" height=\"683\" \/><\/p>\n<p><img loading=\"lazy\" decoding=\"async\" class=\"size-large wp-image-845\" src=\"https:\/\/egyptianwisdomcenter.org\/wp-content\/uploads\/2023\/08\/STB_1310_web-1024x683.jpg\" alt=\"\" width=\"1024\" height=\"683\" \/><\/p>\n<p><img loading=\"lazy\" decoding=\"async\" class=\"size-large wp-image-846\" src=\"https:\/\/egyptianwisdomcenter.org\/wp-content\/uploads\/2023\/08\/STB_1391_web-1024x683.jpg\" alt=\"\" width=\"1024\" height=\"683\" \/><\/p>\n<p><img loading=\"lazy\" decoding=\"async\" class=\"size-large wp-image-848\" src=\"https:\/\/egyptianwisdomcenter.org\/wp-content\/uploads\/2023\/08\/STB_1598_web-1024x683.jpg\" alt=\"\" width=\"1024\" height=\"683\" \/><\/p>\n<p><img loading=\"lazy\" decoding=\"async\" class=\"size-large wp-image-849\" src=\"https:\/\/egyptianwisdomcenter.org\/wp-content\/uploads\/2023\/08\/STB_1754_web-1024x683.jpg\" alt=\"\" width=\"1024\" height=\"683\" \/><\/p>\n<p style=\"text-align: center;\">\n<style>body,.content-inner{background:#FCD701 !important;<\/style><\/p>","protected":false},"excerpt":{"rendered":"<p>About | Production Team | Trailer | Video Purchase | Rights &amp; Licensing | Act 1 | Act 2 | Act 3 [&hellip;]<\/p>","protected":false},"author":3,"featured_media":0,"parent":68534,"menu_order":0,"comment_status":"closed","ping_status":"closed","template":"","meta":{"footnotes":""},"class_list":["post-68536","page","type-page","status-publish","hentry"],"aioseo_notices":[],"_links":{"self":[{"href":"https:\/\/egyptianwisdomcenter.org\/de\/wp-json\/wp\/v2\/pages\/68536","targetHints":{"allow":["GET"]}}],"collection":[{"href":"https:\/\/egyptianwisdomcenter.org\/de\/wp-json\/wp\/v2\/pages"}],"about":[{"href":"https:\/\/egyptianwisdomcenter.org\/de\/wp-json\/wp\/v2\/types\/page"}],"author":[{"embeddable":true,"href":"https:\/\/egyptianwisdomcenter.org\/de\/wp-json\/wp\/v2\/users\/3"}],"replies":[{"embeddable":true,"href":"https:\/\/egyptianwisdomcenter.org\/de\/wp-json\/wp\/v2\/comments?post=68536"}],"version-history":[{"count":15,"href":"https:\/\/egyptianwisdomcenter.org\/de\/wp-json\/wp\/v2\/pages\/68536\/revisions"}],"predecessor-version":[{"id":69066,"href":"https:\/\/egyptianwisdomcenter.org\/de\/wp-json\/wp\/v2\/pages\/68536\/revisions\/69066"}],"up":[{"embeddable":true,"href":"https:\/\/egyptianwisdomcenter.org\/de\/wp-json\/wp\/v2\/pages\/68534"}],"wp:attachment":[{"href":"https:\/\/egyptianwisdomcenter.org\/de\/wp-json\/wp\/v2\/media?parent=68536"}],"curies":[{"name":"wp","href":"https:\/\/api.w.org\/{rel}","templated":true}]}}