{"id":68537,"date":"2020-04-30T00:22:11","date_gmt":"2020-04-30T00:22:11","guid":{"rendered":"http:\/\/isisrisesoperetta.com\/?page_id=89"},"modified":"2024-03-19T12:52:09","modified_gmt":"2024-03-19T16:52:09","slug":"scene-2","status":"publish","type":"page","link":"https:\/\/egyptianwisdomcenter.org\/de\/the-scenes\/szene-2\/","title":{"rendered":"Akt 2"},"content":{"rendered":"<p style=\"margin-top: 25px; margin-left: 10px; font-size: 16px; font-weight: bold;\"><a href=\"https:\/\/egyptianwisdomcenter.org\/de\/operette\/\">Um<\/a> | <a href=\"\/de\/production-team\/\">Produktionsteam<\/a> | <a href=\"\/de\/trailer\/\">Anh\u00e4nger<\/a> | <a href=\"\/de\/product\/isis-rises-operetta\/\">Videokauf<\/a> | <a href=\"https:\/\/egyptianwisdomcenter.org\/de\/rechtelizenzierung\/\">Rights &amp; Licensing<\/a> | <a href=\"https:\/\/egyptianwisdomcenter.org\/de\/the-scenes\/szene-1\/\">Akt 1<\/a> | <a href=\"https:\/\/egyptianwisdomcenter.org\/de\/the-scenes\/szene-2\/\">Akt 2<\/a> | <a href=\"https:\/\/egyptianwisdomcenter.org\/de\/the-scenes\/szene-3\/\">Akt 3<\/a> | <a href=\"https:\/\/egyptianwisdomcenter.org\/de\/the-scenes\/szene-4\/\">Akt 4<\/a> | <a href=\"https:\/\/egyptianwisdomcenter.org\/de\/the-scenes\/szene-5\/\">Akt 5<\/a> | <a href=\"https:\/\/egyptianwisdomcenter.org\/de\/the-scenes\/szene-6\/\">Akt 6<\/a> | <a href=\"https:\/\/egyptianwisdomcenter.org\/de\/isis-rises-operetta-free-book\/\">Free Book<\/a><\/p>\n<h1>Isis Rises Operetta &#8211; Act 2<\/h1>\n<div class=\"gmail_default\">\n<div class=\"gmail_default\">\n<h3><span style=\"color: #ff0000;\">Zusammenfassung von Akt 2 \u2013 Out of the Mouths of Babes!<\/span><\/h3>\n<p><span style=\"font-weight: 400;\">a- Isis sitzt m\u00fcde und verzweifelt in der hinteren Ecke der B\u00fchne, w\u00e4hrend f\u00fcnf kleine Kinder zum Ton von \u201eYamama Byda\u201c [einem \u00e4gyptischen Kindervolkslied \u00fcber die Wei\u00dfe Taube] spielen\/tanzen.\u00a0\u00a0<\/span><\/p>\n<p><span style=\"font-weight: 400;\">b- Die Kinder bemerkten den traurigen Zustand von Isis. Sie h\u00f6rten auf zu spielen und hatten Mitleid mit der trauernden Isis. Sie kamen auf sie zu und fragten, was los sei?!<\/span><\/p>\n<p><span style=\"font-weight: 400;\">c- Isis erz\u00e4hlte ihnen, dass sie verzweifelt nach dem verlorenen Osiris sucht. Sie fragte sie, ob sie etwas \u00fcber den Aufenthaltsort von Osiris w\u00fcssten.<\/span><\/p>\n<p><span style=\"font-weight: 400;\">d- Sie sagten ihr, sie solle ihn in einem Baum finden und zeigten ihr die Richtung. Auf der B\u00fchnenleinwand ist ein prachtvoller Baum zu sehen!<\/span><\/p>\n<p><span style=\"font-weight: 400;\">e-Isis dankte den Kindern und winkte, bevor sie ging, um ihrer vorgegebenen Richtung zu folgen.<\/span><\/p>\n<p><span style=\"font-weight: 400;\">f- Die Kinder begannen wieder zu spielen.<\/span><\/p>\n<\/div>\n<p>&nbsp;<\/p>\n<p>&nbsp;<\/p>\n<p><span style=\"font-weight: 400;\">Osiris eingebettet in einen immergr\u00fcnen Baum<\/span><\/p>\n<p><img fetchpriority=\"high\" decoding=\"async\" class=\"alignnone size-full wp-image-315\" src=\"http:\/\/isisrisesoperetta.com\/wp-content\/uploads\/2022\/02\/embedded-into-evergreen-tree.png\" alt=\"\" width=\"289\" height=\"179\" \/><\/p>\n<\/div>\n<style>body,.content-inner{background:#FCD701 !important;<\/style>","protected":false},"excerpt":{"rendered":"<p>About | Production Team | Trailer | Video Purchase | Rights &amp; Licensing | Act 1 | Act 2 | Act 3 [&hellip;]<\/p>","protected":false},"author":3,"featured_media":0,"parent":68534,"menu_order":0,"comment_status":"closed","ping_status":"closed","template":"","meta":{"footnotes":""},"class_list":["post-68537","page","type-page","status-publish","hentry"],"aioseo_notices":[],"_links":{"self":[{"href":"https:\/\/egyptianwisdomcenter.org\/de\/wp-json\/wp\/v2\/pages\/68537","targetHints":{"allow":["GET"]}}],"collection":[{"href":"https:\/\/egyptianwisdomcenter.org\/de\/wp-json\/wp\/v2\/pages"}],"about":[{"href":"https:\/\/egyptianwisdomcenter.org\/de\/wp-json\/wp\/v2\/types\/page"}],"author":[{"embeddable":true,"href":"https:\/\/egyptianwisdomcenter.org\/de\/wp-json\/wp\/v2\/users\/3"}],"replies":[{"embeddable":true,"href":"https:\/\/egyptianwisdomcenter.org\/de\/wp-json\/wp\/v2\/comments?post=68537"}],"version-history":[{"count":10,"href":"https:\/\/egyptianwisdomcenter.org\/de\/wp-json\/wp\/v2\/pages\/68537\/revisions"}],"predecessor-version":[{"id":69067,"href":"https:\/\/egyptianwisdomcenter.org\/de\/wp-json\/wp\/v2\/pages\/68537\/revisions\/69067"}],"up":[{"embeddable":true,"href":"https:\/\/egyptianwisdomcenter.org\/de\/wp-json\/wp\/v2\/pages\/68534"}],"wp:attachment":[{"href":"https:\/\/egyptianwisdomcenter.org\/de\/wp-json\/wp\/v2\/media?parent=68537"}],"curies":[{"name":"wp","href":"https:\/\/api.w.org\/{rel}","templated":true}]}}