{"id":68538,"date":"2020-04-30T00:22:57","date_gmt":"2020-04-30T00:22:57","guid":{"rendered":"http:\/\/isisrisesoperetta.com\/?page_id=91"},"modified":"2024-03-19T12:52:13","modified_gmt":"2024-03-19T16:52:13","slug":"scene-3","status":"publish","type":"page","link":"https:\/\/egyptianwisdomcenter.org\/de\/the-scenes\/szene-3\/","title":{"rendered":"Akt 3"},"content":{"rendered":"<p style=\"margin-top: 25px; margin-left: 10px; font-size: 16px; font-weight: bold;\"><a href=\"https:\/\/egyptianwisdomcenter.org\/de\/operette\/\">Um<\/a> | <a href=\"\/de\/production-team\/\">Produktionsteam<\/a> | <a href=\"\/de\/trailer\/\">Anh\u00e4nger<\/a> | <a href=\"\/de\/product\/isis-rises-operetta\/\">Videokauf<\/a> | <a href=\"https:\/\/egyptianwisdomcenter.org\/de\/rechtelizenzierung\/\">Rights &amp; Licensing<\/a> | <a href=\"https:\/\/egyptianwisdomcenter.org\/de\/the-scenes\/szene-1\/\">Akt 1<\/a> | <a href=\"https:\/\/egyptianwisdomcenter.org\/de\/the-scenes\/szene-2\/\">Akt 2<\/a> | <a href=\"https:\/\/egyptianwisdomcenter.org\/de\/the-scenes\/szene-3\/\">Akt 3<\/a> | <a href=\"https:\/\/egyptianwisdomcenter.org\/de\/the-scenes\/szene-4\/\">Akt 4<\/a> | <a href=\"https:\/\/egyptianwisdomcenter.org\/de\/the-scenes\/szene-5\/\">Akt 5<\/a> | <a href=\"https:\/\/egyptianwisdomcenter.org\/de\/the-scenes\/szene-6\/\">Akt 6<\/a> | <a href=\"https:\/\/egyptianwisdomcenter.org\/de\/isis-rises-operetta-free-book\/\">Free Book<\/a><\/p>\n<h1>Isis Rises Operetta &#8211; Act 3<\/h1>\n<div>\n<h3><span style=\"color: #ff0000;\">Zusammenfassung von Akt 3 \u2013 Der heilige Baum des Lebens<\/span><\/h3>\n<\/div>\n<div class=\"gmail_default\">\n<div class=\"gmail_default\">\n<div class=\"gmail_default\">\n<p><span style=\"font-weight: 400;\">a- Auf der B\u00fchnenleinwand ist die Szenerie zu sehen, in der sich Isis dem Baum n\u00e4hert, von dem ihr die Kinder erz\u00e4hlt haben.<\/span><\/p>\n<p><span style=\"font-weight: 400;\">b- Isis bewegt sich auf den Baum zu und trifft auf eine Gruppe von T\u00e4nzern, die Dienstm\u00e4dchen darstellen, die rituell mit \u00c4sten den Boden um den Baum fegen.<\/span><\/p>\n<p><span style=\"font-weight: 400;\">c- Nach 1-2 Minuten schlie\u00dft sich Isis den M\u00e4dchen bei ihrem rituellen Reinigungstanz an.<\/span><\/p>\n<p><span style=\"font-weight: 400;\">d- Ein paar Minuten sp\u00e4ter konnte Isis nicht l\u00e4nger warten, l\u00f6ste sich von den tanzenden M\u00e4dchen und ging auf den Baum zu.<\/span><\/p>\n<p><span style=\"font-weight: 400;\">e- Ganz vorsichtig ber\u00fchrte sie den Baum mit ihrem Zeigefinger \u2013 ein Blitz zuckt und die B\u00fchne wird f\u00fcr eine Sekunde dunkel. Ja, der Baum enth\u00e4lt den K\u00f6rper von Osiris. Isis ist begeistert und umarmt den Baum \u2013 im Grunde umarmt sie Osiris<\/span><\/p>\n<p><span style=\"font-weight: 400;\">f- Zum Ton[kein Liedtext] von Lama Bada Yatathana tanzt Isis wie ein lebender Baum im Wind.<\/span><\/p>\n<p><span style=\"font-weight: 400;\">g- Nach der Wiedervereinigung mit Isis erscheint der Vollmond am Himmel, was Osiris symbolisiert <\/span><i><span style=\"font-weight: 400;\">Der Mond<\/span><\/i><span style=\"font-weight: 400;\"> \u2013 dessen Licht die Reflexion des Sonnenlichts ist \u2013 symbolisiert durch Isis!<\/span><\/p>\n<p><span style=\"font-weight: 400;\">Aber dieser Vollmond ist etwas Besonderes, denn es ist ein Blauer Mond \u2013 ein seltenes Ereignis!<\/span><\/p>\n<p><span style=\"font-weight: 400;\">h- Die sieben Jungfrauen tanzen im Mondlicht [Symbol von Osiris] \u2013 der Fruchtbarkeitstanz.<\/span><\/p>\n<p><span style=\"font-weight: 400;\">i- Die Lichter werden gedimmt und der Bildschirm zeigt einen \u00dcberblick \u00fcber die Reiseroute von Isis und dem K\u00f6rper von Osiris [nach dem Entfernen des umgebenden Baums] \u2013 von der Baumstelle bis zur K\u00fcste, \u00fcber die offenen Gew\u00e4sser des Mittelmeers und zur\u00fcck nach \u00c4gypten \u2014 in den S\u00fcmpfen zwischen der Stadt Damietta und dem Manzala-See.<\/span><\/p>\n<p>&nbsp;<\/p>\n<p><span style=\"font-weight: 400;\">Osiris eingebettet in einen immergr\u00fcnen Baum<br \/>\n<\/span><\/p>\n<p><img fetchpriority=\"high\" decoding=\"async\" class=\"alignnone size-full wp-image-315\" src=\"http:\/\/isisrisesoperetta.com\/wp-content\/uploads\/2022\/02\/embedded-into-evergreen-tree.png\" alt=\"\" width=\"289\" height=\"179\" \/><\/p>\n<p>Der Mondtanz mit mondf\u00f6rmigen Tamburinen<\/p>\n<p><img decoding=\"async\" class=\"alignnone size-full wp-image-316\" src=\"http:\/\/isisrisesoperetta.com\/wp-content\/uploads\/2022\/02\/moon-dance.png\" alt=\"\" width=\"227\" height=\"244\" \/><\/p>\n<p><img decoding=\"async\" class=\"alignnone wp-image-319\" src=\"http:\/\/isisrisesoperetta.com\/wp-content\/uploads\/2022\/02\/moon-dance-2.png\" alt=\"\" width=\"219\" height=\"322\" \/><\/p>\n<p><img loading=\"lazy\" decoding=\"async\" class=\"alignnone size-full wp-image-320\" src=\"http:\/\/isisrisesoperetta.com\/wp-content\/uploads\/2022\/02\/moon-dance-3.png\" alt=\"\" width=\"256\" height=\"232\" \/><\/p>\n<\/div>\n<p><img loading=\"lazy\" decoding=\"async\" class=\"size-large wp-image-857\" src=\"https:\/\/egyptianwisdomcenter.org\/wp-content\/uploads\/2023\/08\/STB_2986_web-1024x683.jpg\" alt=\"\" width=\"1024\" height=\"683\" \/><\/p>\n<p><img loading=\"lazy\" decoding=\"async\" class=\"size-large wp-image-858\" src=\"https:\/\/egyptianwisdomcenter.org\/wp-content\/uploads\/2023\/08\/STB_3007_web-1024x683.jpg\" alt=\"\" width=\"1024\" height=\"683\" \/><\/p>\n<p><img loading=\"lazy\" decoding=\"async\" class=\"size-large wp-image-859\" src=\"https:\/\/egyptianwisdomcenter.org\/wp-content\/uploads\/2023\/08\/STB_3011_web-1024x683.jpg\" alt=\"\" width=\"1024\" height=\"683\" \/><\/p>\n<p><img loading=\"lazy\" decoding=\"async\" class=\"size-large wp-image-860\" src=\"https:\/\/egyptianwisdomcenter.org\/wp-content\/uploads\/2023\/08\/STB_3026_web-1024x683.jpg\" alt=\"\" width=\"1024\" height=\"683\" \/><\/p>\n<p><img loading=\"lazy\" decoding=\"async\" class=\"size-large wp-image-861\" src=\"https:\/\/egyptianwisdomcenter.org\/wp-content\/uploads\/2023\/08\/STB_3096_web-1024x683.jpg\" alt=\"\" width=\"1024\" height=\"683\" \/><\/p>\n<p><img loading=\"lazy\" decoding=\"async\" class=\"size-large wp-image-862\" src=\"https:\/\/egyptianwisdomcenter.org\/wp-content\/uploads\/2023\/08\/STB_3104_web-1024x683.jpg\" alt=\"\" width=\"1024\" height=\"683\" \/><\/p>\n<p><img loading=\"lazy\" decoding=\"async\" class=\"size-large wp-image-863\" src=\"https:\/\/egyptianwisdomcenter.org\/wp-content\/uploads\/2023\/08\/STB_3177_web-1024x683.jpg\" alt=\"\" width=\"1024\" height=\"683\" \/><\/p>\n<p><img loading=\"lazy\" decoding=\"async\" class=\"size-large wp-image-864\" src=\"https:\/\/egyptianwisdomcenter.org\/wp-content\/uploads\/2023\/08\/STB_3190_web-1024x683.jpg\" alt=\"\" width=\"1024\" height=\"683\" \/><\/p>\n<p><img loading=\"lazy\" decoding=\"async\" class=\"size-large wp-image-865\" src=\"https:\/\/egyptianwisdomcenter.org\/wp-content\/uploads\/2023\/08\/STB_3325_web-1024x683.jpg\" alt=\"\" width=\"1024\" height=\"683\" \/><\/p>\n<p><img loading=\"lazy\" decoding=\"async\" class=\"size-large wp-image-866\" src=\"https:\/\/egyptianwisdomcenter.org\/wp-content\/uploads\/2023\/08\/STB_2837_web-1024x683.jpg\" alt=\"\" width=\"1024\" height=\"683\" \/><\/p>\n<p><img loading=\"lazy\" decoding=\"async\" class=\"size-large wp-image-867\" src=\"https:\/\/egyptianwisdomcenter.org\/wp-content\/uploads\/2023\/08\/STB_2975_web-1024x683.jpg\" alt=\"\" width=\"1024\" height=\"683\" \/><\/p>\n<p><img loading=\"lazy\" decoding=\"async\" class=\"size-large wp-image-869\" src=\"https:\/\/egyptianwisdomcenter.org\/wp-content\/uploads\/2023\/08\/STB_2045_web-1024x683.jpg\" alt=\"\" width=\"1024\" height=\"683\" \/><\/p>\n<p><img loading=\"lazy\" decoding=\"async\" class=\"size-large wp-image-870\" src=\"https:\/\/egyptianwisdomcenter.org\/wp-content\/uploads\/2023\/08\/STB_2093_web-1024x683.jpg\" alt=\"\" width=\"1024\" height=\"683\" \/><\/p>\n<p><img loading=\"lazy\" decoding=\"async\" class=\"size-large wp-image-872\" src=\"https:\/\/egyptianwisdomcenter.org\/wp-content\/uploads\/2023\/08\/STB_0857_web-683x1024.jpg\" alt=\"\" width=\"683\" height=\"1024\" \/><\/p>\n<p><img loading=\"lazy\" decoding=\"async\" class=\"size-large wp-image-874\" src=\"https:\/\/egyptianwisdomcenter.org\/wp-content\/uploads\/2023\/08\/STB_1199_web-1-1024x683.jpg\" alt=\"\" width=\"1024\" height=\"683\" \/><\/p>\n<p><img loading=\"lazy\" decoding=\"async\" class=\"size-large wp-image-875\" src=\"https:\/\/egyptianwisdomcenter.org\/wp-content\/uploads\/2023\/08\/STB_1554_web-1024x683.jpg\" alt=\"\" width=\"1024\" height=\"683\" \/><\/p>\n<p><img loading=\"lazy\" decoding=\"async\" class=\"size-large wp-image-876\" src=\"https:\/\/egyptianwisdomcenter.org\/wp-content\/uploads\/2023\/08\/STB_1773_web-1024x683.jpg\" alt=\"\" width=\"1024\" height=\"683\" \/><\/p>\n<\/div>\n<\/div>\n<style>body,.content-inner{background:#FCD701 !important;<\/style>","protected":false},"excerpt":{"rendered":"<p>About | Production Team | Trailer | Video Purchase | Rights &amp; Licensing | Act 1 | Act 2 | Act 3 [&hellip;]<\/p>","protected":false},"author":3,"featured_media":0,"parent":68534,"menu_order":0,"comment_status":"closed","ping_status":"closed","template":"page-templates\/page_fullwidth.php","meta":{"footnotes":""},"class_list":["post-68538","page","type-page","status-publish","hentry"],"aioseo_notices":[],"_links":{"self":[{"href":"https:\/\/egyptianwisdomcenter.org\/de\/wp-json\/wp\/v2\/pages\/68538","targetHints":{"allow":["GET"]}}],"collection":[{"href":"https:\/\/egyptianwisdomcenter.org\/de\/wp-json\/wp\/v2\/pages"}],"about":[{"href":"https:\/\/egyptianwisdomcenter.org\/de\/wp-json\/wp\/v2\/types\/page"}],"author":[{"embeddable":true,"href":"https:\/\/egyptianwisdomcenter.org\/de\/wp-json\/wp\/v2\/users\/3"}],"replies":[{"embeddable":true,"href":"https:\/\/egyptianwisdomcenter.org\/de\/wp-json\/wp\/v2\/comments?post=68538"}],"version-history":[{"count":6,"href":"https:\/\/egyptianwisdomcenter.org\/de\/wp-json\/wp\/v2\/pages\/68538\/revisions"}],"predecessor-version":[{"id":69068,"href":"https:\/\/egyptianwisdomcenter.org\/de\/wp-json\/wp\/v2\/pages\/68538\/revisions\/69068"}],"up":[{"embeddable":true,"href":"https:\/\/egyptianwisdomcenter.org\/de\/wp-json\/wp\/v2\/pages\/68534"}],"wp:attachment":[{"href":"https:\/\/egyptianwisdomcenter.org\/de\/wp-json\/wp\/v2\/media?parent=68538"}],"curies":[{"name":"wp","href":"https:\/\/api.w.org\/{rel}","templated":true}]}}