{"id":68539,"date":"2020-04-30T00:23:13","date_gmt":"2020-04-30T00:23:13","guid":{"rendered":"http:\/\/isisrisesoperetta.com\/?page_id=93"},"modified":"2024-03-19T12:52:17","modified_gmt":"2024-03-19T16:52:17","slug":"scene-4","status":"publish","type":"page","link":"https:\/\/egyptianwisdomcenter.org\/de\/the-scenes\/szene-4\/","title":{"rendered":"Akt 4"},"content":{"rendered":"<p style=\"margin-top: 25px; margin-left: 10px; font-size: 16px; font-weight: bold;\"><a href=\"https:\/\/egyptianwisdomcenter.org\/de\/operette\/\">Um<\/a> | <a href=\"\/de\/production-team\/\">Produktionsteam<\/a> | <a href=\"\/de\/trailer\/\">Anh\u00e4nger<\/a> | <a href=\"\/de\/product\/isis-rises-operetta\/\">Videokauf<\/a> | <a href=\"https:\/\/egyptianwisdomcenter.org\/de\/rechtelizenzierung\/\">Rights &amp; Licensing<\/a> | <a href=\"https:\/\/egyptianwisdomcenter.org\/de\/the-scenes\/szene-1\/\">Akt 1<\/a> | <a href=\"https:\/\/egyptianwisdomcenter.org\/de\/the-scenes\/szene-2\/\">Akt 2<\/a> | <a href=\"https:\/\/egyptianwisdomcenter.org\/de\/the-scenes\/szene-3\/\">Akt 3<\/a> | <a href=\"https:\/\/egyptianwisdomcenter.org\/de\/the-scenes\/szene-4\/\">Akt 4<\/a> | <a href=\"https:\/\/egyptianwisdomcenter.org\/de\/the-scenes\/szene-5\/\">Akt 5<\/a> | <a href=\"https:\/\/egyptianwisdomcenter.org\/de\/the-scenes\/szene-6\/\">Akt 6<\/a> | <a href=\"https:\/\/egyptianwisdomcenter.org\/de\/isis-rises-operetta-free-book\/\">Free Book<\/a><\/p>\n<h1>Isis Rises Operetta &#8211; Act 4<\/h1>\n<div>\n<h3><span style=\"color: #ff0000;\">Zusammenfassung von Akt 4 \u2013 Die Unbefleckte Empf\u00e4ngnis des Horus<\/span><\/h3>\n<\/div>\n<div class=\"gmail_default\">\n<div class=\"gmail_default\">\n<div class=\"gmail_default\">\n<div class=\"gmail_default\">\n<p><span style=\"font-weight: 400;\">a- Die Szene spielt in den S\u00fcmpfen, um sich vor den b\u00f6sen M\u00e4chten von Seth und seinen Komplizen zu verstecken. Osiris&#039; lebloser K\u00f6rper [im Koma] liegt auf einem typischen \u00e4gyptischen Pier in Form eines L\u00f6wen.<\/span><\/p>\n<p><span style=\"font-weight: 400;\">b- Isis ber\u00fchrt Osiris&#039; Brust und sp\u00fcrt einen schwachen Puls. Dann beginnt sie zu betteln, dass Osiris wieder auferstehen m\u00f6ge. Osiris versucht zu antworten, kann aber nicht das Bewusstsein erlangen!\u00a0<\/span><\/p>\n<p><span style=\"font-weight: 400;\">c- Da es Isis nicht gelang, ihn zu wecken, brach sie in Tr\u00e4nen aus \u00fcber ihm!<\/span><\/p>\n<p><span style=\"font-weight: 400;\">d- Isis entschied, dass sie, wenn sie Osiris nicht wecken kann, einen Weg finden muss, sein Kind zu bekommen. Isis verwandelte sich in einen Geier \u2013 \u00f6ffnete ihre Fl\u00fcgel und setzte sich seinen Samen [Spermien] aus.<\/span><\/p>\n<p><span style=\"font-weight: 400;\">[Es sollte beachtet werden, dass sich Geier paaren \u2013 nicht durch direkten Kontakt mit M\u00e4nnchen, sondern indem sie sich den M\u00e4nnchen aus der Ferne in einem rituellen Tanz aussetzen.]<\/span><\/p>\n<p><span style=\"font-weight: 400;\">e \u2013 Am Sternenhimmel sind drei Blitze zu sehen \u2013 ein Hinweis auf die unbefleckte Empf\u00e4ngnis von Horus \u2013 Isis ist schwanger!<\/span><\/p>\n<p><span style=\"font-weight: 400;\">Die kosmische Kraft, die f\u00fcr ihre Impr\u00e4gnierung verantwortlich war <\/span><i><span style=\"font-weight: 400;\">MeSSeH. der Krokodilstern<\/span><\/i><span style=\"font-weight: 400;\">, gem\u00e4\u00df Zauber 148 der Sargtexte:<\/span><\/p>\n<p><b><i>Der Krokodilstern (MeSSeH) schl\u00e4gt ein \u2026 Isis erwacht schwanger mit dem Samen von Osiris \u2013 n\u00e4mlich Horus.<\/i><\/b><\/p>\n<p><span style=\"font-weight: 400;\">f- Die B\u00fchne ist dunkel, als wir das Weinen des neugeborenen Horus h\u00f6ren; gefolgt vom typisch \u00e4gyptischen feierlichen Zaghareed!<\/span><\/p>\n<p><span style=\"font-weight: 400;\">g- Isis und ihr Neugeborenes sind von T\u00e4nzern umgeben, die einen jubelnden Festtanz auff\u00fchren.<\/span><\/p>\n<p><span style=\"font-weight: 400;\">h- In der Ferne erscheinen schattenhafte Gestalten \u2013 und greifen bald an und versuchen, den neugeborenen Horus zu stehlen.<\/span><\/p>\n<p><span style=\"font-weight: 400;\">i- Eine Gruppe von sieben Frauen \u2013 jede trug ein rotes Stirnband mit einem daran befestigten Skorpion \u2013 besch\u00fctzte Isis und Horus und wehrte die dunklen M\u00e4chte in einer rituellen Darbietung ab.<\/span><\/p>\n<p><span style=\"font-weight: 400;\">\u00a0Dieses besondere Stirnband weist auf einen Schutzmodus hin \u2013 auf das Neugeborene!<\/span><\/p>\n<p>&nbsp;<\/p>\n<p>&nbsp;<\/p>\n<p>&nbsp;<\/p>\n<p>&nbsp;<\/p>\n<p><span style=\"font-weight: 400;\">Osiris anflehen, aufzustehen\/zu erwachen \u2013 auf einem typisch \u00e4gyptischen Bett.<br \/>\n<\/span><\/p>\n<p><img fetchpriority=\"high\" decoding=\"async\" class=\"alignnone size-medium wp-image-324\" src=\"http:\/\/isisrisesoperetta.com\/wp-content\/uploads\/2022\/02\/begging-arise-awaken-300x184.png\" alt=\"\" width=\"300\" height=\"184\" \/><\/p>\n<p>Unbefleckte Empf\u00e4ngnis eines Geiers \u2013 mit Geierfl\u00fcgeln.<br \/>\n<img decoding=\"async\" class=\"alignnone size-full wp-image-325\" src=\"http:\/\/isisrisesoperetta.com\/wp-content\/uploads\/2022\/02\/immaculate-vulture-conception.png\" alt=\"\" width=\"298\" height=\"119\" \/><br \/>\nUnbefleckte Empf\u00e4ngnis eines Geiers \u2013 Spermien\/Samen von Osiris werden gezeigt, wie sie das Geierweibchen befruchten.<\/p>\n<p><img decoding=\"async\" class=\"alignnone size-full wp-image-326\" src=\"http:\/\/isisrisesoperetta.com\/wp-content\/uploads\/2022\/02\/vulture-conception-sperm-seeds.png\" alt=\"\" width=\"253\" height=\"117\" \/><\/p>\n<p>Weibliche G\u00f6ttin mit ausgebreiteten Geierfl\u00fcgeln.<\/p>\n<p><img loading=\"lazy\" decoding=\"async\" class=\"alignnone size-full wp-image-327\" src=\"http:\/\/isisrisesoperetta.com\/wp-content\/uploads\/2022\/02\/female-goddess-extended-vulture-wings.png\" alt=\"\" width=\"300\" height=\"105\" \/><\/p>\n<p><span style=\"font-weight: 400;\">Ein Geier mit ausgebreiteten Fl\u00fcgeln.<\/span><\/p>\n<p><img loading=\"lazy\" decoding=\"async\" class=\"alignnone size-full wp-image-328\" src=\"http:\/\/isisrisesoperetta.com\/wp-content\/uploads\/2022\/02\/vulture-with-open-extended-wings.png\" alt=\"\" width=\"259\" height=\"226\" \/><\/p>\n<p><span style=\"font-weight: 400;\">Das typische \u00e4gyptische Bett mit einem L\u00f6wenkopf auf der einen Seite und seinem Schwanz auf der anderen Seite. St\u00fctzbeine sind ebenfalls L\u00f6wenbeine.<\/span><\/p>\n<p><img loading=\"lazy\" decoding=\"async\" class=\"alignnone size-medium wp-image-329\" src=\"http:\/\/isisrisesoperetta.com\/wp-content\/uploads\/2022\/02\/egyptian-bed-with-lion-head-300x243.png\" alt=\"\" width=\"300\" height=\"243\" \/><\/p>\n<p>&nbsp;<\/p>\n<p><span style=\"font-weight: 400;\">Madonna [Isis] f\u00fcttert den neugeborenen Jungen \u2013 sitzt in der einfachen Kastenform als Sitzgelegenheit.<\/span><\/p>\n<p><img loading=\"lazy\" decoding=\"async\" class=\"alignnone size-full wp-image-330\" src=\"http:\/\/isisrisesoperetta.com\/wp-content\/uploads\/2022\/02\/Isis-feeding-baby.png\" alt=\"\" width=\"158\" height=\"268\" \/><\/p>\n<p><span style=\"font-weight: 400;\">Isis und Horus in den \u00e4gyptischen S\u00fcmpfen.<\/span><\/p>\n<p><img loading=\"lazy\" decoding=\"async\" class=\"alignnone size-medium wp-image-331\" src=\"http:\/\/isisrisesoperetta.com\/wp-content\/uploads\/2022\/02\/Isis-Horus-in-marshes-200x300.png\" alt=\"\" width=\"200\" height=\"300\" \/><\/p>\n<p><span style=\"font-weight: 400;\">Serket tr\u00e4gt einen Skorpion auf dem Kopf.<br \/>\n<\/span><\/p>\n<p><img loading=\"lazy\" decoding=\"async\" class=\"alignnone size-full wp-image-332\" src=\"http:\/\/isisrisesoperetta.com\/wp-content\/uploads\/2022\/02\/Serket-wearing-scorpion.png\" alt=\"\" width=\"113\" height=\"150\" \/><\/p>\n<p><span style=\"font-weight: 400;\"><br \/>\n<img loading=\"lazy\" decoding=\"async\" class=\"alignnone size-medium wp-image-333\" src=\"http:\/\/isisrisesoperetta.com\/wp-content\/uploads\/2022\/02\/serket-wearing-scorpion-2-300x240.png\" alt=\"\" width=\"300\" height=\"240\" \/><br \/>\n<\/span><\/p>\n<p><img loading=\"lazy\" decoding=\"async\" class=\"alignnone size-full wp-image-334\" src=\"http:\/\/isisrisesoperetta.com\/wp-content\/uploads\/2022\/02\/serket-wearing-scorpion-3.png\" alt=\"\" width=\"173\" height=\"238\" \/><\/p>\n<p><img loading=\"lazy\" decoding=\"async\" class=\"size-large wp-image-878\" src=\"https:\/\/egyptianwisdomcenter.org\/wp-content\/uploads\/2023\/08\/STB_3619_web-1024x683.jpg\" alt=\"\" width=\"1024\" height=\"683\" \/><\/p>\n<p><img loading=\"lazy\" decoding=\"async\" class=\"size-large wp-image-879\" src=\"https:\/\/egyptianwisdomcenter.org\/wp-content\/uploads\/2023\/08\/STB_3636_web-1024x683.jpg\" alt=\"\" width=\"1024\" height=\"683\" \/><\/p>\n<p><img loading=\"lazy\" decoding=\"async\" class=\"size-large wp-image-880\" src=\"https:\/\/egyptianwisdomcenter.org\/wp-content\/uploads\/2023\/08\/STB_3749_web-1024x683.jpg\" alt=\"\" width=\"1024\" height=\"683\" \/><\/p>\n<p><img loading=\"lazy\" decoding=\"async\" class=\"size-large wp-image-881\" src=\"https:\/\/egyptianwisdomcenter.org\/wp-content\/uploads\/2023\/08\/STB_3920_web-1024x683.jpg\" alt=\"\" width=\"1024\" height=\"683\" \/><\/p>\n<p><img loading=\"lazy\" decoding=\"async\" class=\"size-large wp-image-882\" src=\"https:\/\/egyptianwisdomcenter.org\/wp-content\/uploads\/2023\/08\/STB_3927_web-1024x683.jpg\" alt=\"\" width=\"1024\" height=\"683\" \/><\/p>\n<p><img loading=\"lazy\" decoding=\"async\" class=\"size-large wp-image-883\" src=\"https:\/\/egyptianwisdomcenter.org\/wp-content\/uploads\/2023\/08\/STB_3936_web-1024x683.jpg\" alt=\"\" width=\"1024\" height=\"683\" \/><\/p>\n<p><img loading=\"lazy\" decoding=\"async\" class=\"size-large wp-image-884\" src=\"https:\/\/egyptianwisdomcenter.org\/wp-content\/uploads\/2023\/08\/STB_4066_web-1024x683.jpg\" alt=\"\" width=\"1024\" height=\"683\" \/><\/p>\n<p><img loading=\"lazy\" decoding=\"async\" class=\"size-large wp-image-885\" src=\"https:\/\/egyptianwisdomcenter.org\/wp-content\/uploads\/2023\/08\/STB_4075_web-1024x683.jpg\" alt=\"\" width=\"1024\" height=\"683\" \/><\/p>\n<p><img loading=\"lazy\" decoding=\"async\" class=\"size-large wp-image-886\" src=\"https:\/\/egyptianwisdomcenter.org\/wp-content\/uploads\/2023\/08\/STB_4091_web-1024x683.jpg\" alt=\"\" width=\"1024\" height=\"683\" \/><\/p>\n<p><img loading=\"lazy\" decoding=\"async\" class=\"size-large wp-image-887\" src=\"https:\/\/egyptianwisdomcenter.org\/wp-content\/uploads\/2023\/08\/STB_4118_web-1024x683.jpg\" alt=\"\" width=\"1024\" height=\"683\" \/><\/p>\n<p><img loading=\"lazy\" decoding=\"async\" class=\"size-large wp-image-888\" src=\"https:\/\/egyptianwisdomcenter.org\/wp-content\/uploads\/2023\/08\/STB_4172_web-1024x683.jpg\" alt=\"\" width=\"1024\" height=\"683\" \/><\/p>\n<p><img loading=\"lazy\" decoding=\"async\" class=\"size-large wp-image-889\" src=\"https:\/\/egyptianwisdomcenter.org\/wp-content\/uploads\/2023\/08\/STB_4211_web-1024x683.jpg\" alt=\"\" width=\"1024\" height=\"683\" \/><\/p>\n<p><img loading=\"lazy\" decoding=\"async\" class=\"size-large wp-image-890\" src=\"https:\/\/egyptianwisdomcenter.org\/wp-content\/uploads\/2023\/08\/STB_4231_web-1024x683.jpg\" alt=\"\" width=\"1024\" height=\"683\" \/><\/p>\n<p><img loading=\"lazy\" decoding=\"async\" class=\"size-large wp-image-891\" src=\"https:\/\/egyptianwisdomcenter.org\/wp-content\/uploads\/2023\/08\/STB_4295_web-1024x683.jpg\" alt=\"\" width=\"1024\" height=\"683\" \/><\/p>\n<p><img loading=\"lazy\" decoding=\"async\" class=\"size-large wp-image-892\" src=\"https:\/\/egyptianwisdomcenter.org\/wp-content\/uploads\/2023\/08\/STB_4344_web-1024x683.jpg\" alt=\"\" width=\"1024\" height=\"683\" \/><\/p>\n<p>&nbsp;<\/p>\n<\/div>\n<\/div>\n<\/div>\n<\/div>\n<style>body,.content-inner{background:#FCD701 !important;<\/style>","protected":false},"excerpt":{"rendered":"<p>About | Production Team | Trailer | Video Purchase | Rights &amp; Licensing | Act 1 | Act 2 | Act 3 [&hellip;]<\/p>","protected":false},"author":3,"featured_media":0,"parent":68534,"menu_order":0,"comment_status":"closed","ping_status":"closed","template":"","meta":{"footnotes":""},"class_list":["post-68539","page","type-page","status-publish","hentry"],"aioseo_notices":[],"_links":{"self":[{"href":"https:\/\/egyptianwisdomcenter.org\/de\/wp-json\/wp\/v2\/pages\/68539","targetHints":{"allow":["GET"]}}],"collection":[{"href":"https:\/\/egyptianwisdomcenter.org\/de\/wp-json\/wp\/v2\/pages"}],"about":[{"href":"https:\/\/egyptianwisdomcenter.org\/de\/wp-json\/wp\/v2\/types\/page"}],"author":[{"embeddable":true,"href":"https:\/\/egyptianwisdomcenter.org\/de\/wp-json\/wp\/v2\/users\/3"}],"replies":[{"embeddable":true,"href":"https:\/\/egyptianwisdomcenter.org\/de\/wp-json\/wp\/v2\/comments?post=68539"}],"version-history":[{"count":7,"href":"https:\/\/egyptianwisdomcenter.org\/de\/wp-json\/wp\/v2\/pages\/68539\/revisions"}],"predecessor-version":[{"id":69069,"href":"https:\/\/egyptianwisdomcenter.org\/de\/wp-json\/wp\/v2\/pages\/68539\/revisions\/69069"}],"up":[{"embeddable":true,"href":"https:\/\/egyptianwisdomcenter.org\/de\/wp-json\/wp\/v2\/pages\/68534"}],"wp:attachment":[{"href":"https:\/\/egyptianwisdomcenter.org\/de\/wp-json\/wp\/v2\/media?parent=68539"}],"curies":[{"name":"wp","href":"https:\/\/api.w.org\/{rel}","templated":true}]}}