{"id":68540,"date":"2020-04-30T00:23:39","date_gmt":"2020-04-30T00:23:39","guid":{"rendered":"http:\/\/isisrisesoperetta.com\/?page_id=95"},"modified":"2024-03-19T12:52:21","modified_gmt":"2024-03-19T16:52:21","slug":"scene-5","status":"publish","type":"page","link":"https:\/\/egyptianwisdomcenter.org\/de\/the-scenes\/szene-5\/","title":{"rendered":"Akt 5"},"content":{"rendered":"<p style=\"margin-top: 25px; margin-left: 10px; font-size: 16px; font-weight: bold;\"><a href=\"https:\/\/egyptianwisdomcenter.org\/de\/operette\/\">Um<\/a> | <a href=\"\/de\/production-team\/\">Produktionsteam<\/a> | <a href=\"\/de\/trailer\/\">Anh\u00e4nger<\/a> | <a href=\"\/de\/product\/isis-rises-operetta\/\">Videokauf<\/a> | <a href=\"https:\/\/egyptianwisdomcenter.org\/de\/rechtelizenzierung\/\">Rights &amp; Licensing<\/a> | <a href=\"https:\/\/egyptianwisdomcenter.org\/de\/the-scenes\/szene-1\/\">Akt 1<\/a> | <a href=\"https:\/\/egyptianwisdomcenter.org\/de\/the-scenes\/szene-2\/\">Akt 2<\/a> | <a href=\"https:\/\/egyptianwisdomcenter.org\/de\/the-scenes\/szene-3\/\">Akt 3<\/a> | <a href=\"https:\/\/egyptianwisdomcenter.org\/de\/the-scenes\/szene-4\/\">Akt 4<\/a> | <a href=\"https:\/\/egyptianwisdomcenter.org\/de\/the-scenes\/szene-5\/\">Akt 5<\/a> | <a href=\"https:\/\/egyptianwisdomcenter.org\/de\/the-scenes\/szene-6\/\">Akt 6<\/a> | <a href=\"https:\/\/egyptianwisdomcenter.org\/de\/isis-rises-operetta-free-book\/\">Free Book<\/a><\/p>\n<h1>Isis Rises Operetta &#8211; Act 5<\/h1>\n<div>\n<h3><span style=\"color: #ff0000;\">Zusammenfassung von Akt 5 \u2013 The Broken Pieces<\/span><\/h3>\n<\/div>\n<div class=\"gmail_default\">\n<div class=\"gmail_default\">\n<div class=\"gmail_default\">\n<div class=\"gmail_default\">\n<div class=\"gmail_default\">\n<p><span style=\"font-weight: 400;\">a- Wir sind immer noch in den S\u00fcmpfen \u2013 Isis ern\u00e4hrt Horus und wird von Frauen aus Serket bewacht.<\/span><\/p>\n<p><span style=\"font-weight: 400;\">Der leblose K\u00f6rper von Osiris liegt auf einem Pier\/Bett in der N\u00e4he.<\/span><\/p>\n<p><span style=\"font-weight: 400;\">b- Es ist Nacht mit Vollmond am Himmel<\/span><\/p>\n<p><span style=\"font-weight: 400;\">c-Die schattenhaften Gestalten kamen durch die dichten S\u00fcmpfe \u2013 rannten auf Osiris zu, schnitten ihn in 14 St\u00fccke und verstreuten sie \u00fcberall. Die St\u00fccke werden als St\u00fccke eines Vollmondes pr\u00e4sentiert.<\/span><\/p>\n<p><span style=\"font-weight: 400;\">d- Die schattenhaften M\u00e4chte stehlen die Doppelkrone von Osiris und \u00fcbergeben sie Seth, um ein neuer K\u00f6nig zu werden. Die Trompeten erklingen f\u00fcr den neuen K\u00f6nig, w\u00e4hrend Seths Komplizen ihm Treue schw\u00f6ren!<\/span><\/p>\n<p><span style=\"font-weight: 400;\">e- Der Bildschirm zeigt, wie der Vollmond am Himmel in 14 Teile zerbrochen wird [f\u00fcr die 14 Tage, die es braucht, um einen Vollmond zu erreichen].<\/span><\/p>\n<p><span style=\"font-weight: 400;\">f- Isis ist allein und weint vor Trauer \u00fcber den Verlust von Osiris.<\/span><\/p>\n<p><span style=\"font-weight: 400;\">g- Isis macht sich auf die Suche nach den zerbrochenen Teilen von Osiris, gef\u00fchrt von Anubis, dem g\u00f6ttlichen Hund!<\/span><\/p>\n<\/div>\n<\/div>\n<\/div>\n<\/div>\n<\/div>\n<style>body,.content-inner{background:#FCD701 !important;<\/style>","protected":false},"excerpt":{"rendered":"<p>About | Production Team | Trailer | Video Purchase | Rights &amp; Licensing | Act 1 | Act 2 | Act 3 [&hellip;]<\/p>","protected":false},"author":3,"featured_media":0,"parent":68534,"menu_order":0,"comment_status":"closed","ping_status":"closed","template":"","meta":{"footnotes":""},"class_list":["post-68540","page","type-page","status-publish","hentry"],"aioseo_notices":[],"_links":{"self":[{"href":"https:\/\/egyptianwisdomcenter.org\/de\/wp-json\/wp\/v2\/pages\/68540","targetHints":{"allow":["GET"]}}],"collection":[{"href":"https:\/\/egyptianwisdomcenter.org\/de\/wp-json\/wp\/v2\/pages"}],"about":[{"href":"https:\/\/egyptianwisdomcenter.org\/de\/wp-json\/wp\/v2\/types\/page"}],"author":[{"embeddable":true,"href":"https:\/\/egyptianwisdomcenter.org\/de\/wp-json\/wp\/v2\/users\/3"}],"replies":[{"embeddable":true,"href":"https:\/\/egyptianwisdomcenter.org\/de\/wp-json\/wp\/v2\/comments?post=68540"}],"version-history":[{"count":6,"href":"https:\/\/egyptianwisdomcenter.org\/de\/wp-json\/wp\/v2\/pages\/68540\/revisions"}],"predecessor-version":[{"id":69070,"href":"https:\/\/egyptianwisdomcenter.org\/de\/wp-json\/wp\/v2\/pages\/68540\/revisions\/69070"}],"up":[{"embeddable":true,"href":"https:\/\/egyptianwisdomcenter.org\/de\/wp-json\/wp\/v2\/pages\/68534"}],"wp:attachment":[{"href":"https:\/\/egyptianwisdomcenter.org\/de\/wp-json\/wp\/v2\/media?parent=68540"}],"curies":[{"name":"wp","href":"https:\/\/api.w.org\/{rel}","templated":true}]}}