{"id":68541,"date":"2020-04-30T00:23:52","date_gmt":"2020-04-30T00:23:52","guid":{"rendered":"http:\/\/isisrisesoperetta.com\/?page_id=97"},"modified":"2024-03-19T12:52:29","modified_gmt":"2024-03-19T16:52:29","slug":"scene-6","status":"publish","type":"page","link":"https:\/\/egyptianwisdomcenter.org\/de\/the-scenes\/szene-6\/","title":{"rendered":"Akt 6"},"content":{"rendered":"<p style=\"margin-top: 25px; margin-left: 10px; font-size: 16px; font-weight: bold;\"><a href=\"https:\/\/egyptianwisdomcenter.org\/de\/operette\/\">Um<\/a> | <a href=\"\/de\/production-team\/\">Produktionsteam<\/a> | <a href=\"\/de\/trailer\/\">Anh\u00e4nger<\/a> | <a href=\"\/de\/product\/isis-rises-operetta\/\">Videokauf<\/a> | <a href=\"https:\/\/egyptianwisdomcenter.org\/de\/rechtelizenzierung\/\">Rights &amp; Licensing<\/a> | <a href=\"https:\/\/egyptianwisdomcenter.org\/de\/the-scenes\/szene-1\/\">Akt 1<\/a> | <a href=\"https:\/\/egyptianwisdomcenter.org\/de\/the-scenes\/szene-2\/\">Akt 2<\/a> | <a href=\"https:\/\/egyptianwisdomcenter.org\/de\/the-scenes\/szene-3\/\">Akt 3<\/a> | <a href=\"https:\/\/egyptianwisdomcenter.org\/de\/the-scenes\/szene-4\/\">Akt 4<\/a> | <a href=\"https:\/\/egyptianwisdomcenter.org\/de\/the-scenes\/szene-5\/\">Akt 5<\/a> | <a href=\"https:\/\/egyptianwisdomcenter.org\/de\/the-scenes\/szene-6\/\">Akt 6<\/a> | <a href=\"https:\/\/egyptianwisdomcenter.org\/de\/isis-rises-operetta-free-book\/\">Free Book<\/a><\/p>\n<h1>Isis Rises Operetta &#8211; Act 6<\/h1>\n<div>\n<h3><span style=\"color: #ff0000;\">Akt 6 \u2013 Isis erhebt sich<\/span><\/h3>\n<\/div>\n<div class=\"gmail_default\">\n<div class=\"gmail_default\">\n<div class=\"gmail_default\">\n<div class=\"gmail_default\">\n<div class=\"gmail_default\">\n<p><span style=\"font-weight: 400;\">a- Isis betritt die leere B\u00fchne sehr traurig und einsam. Sie [als Mutter Natur] f\u00e4ngt an zu weinen und auf der B\u00fchnenleinwand wird der fallende Regen zu sehen sein. Dann l\u00e4sst der Regen zu Tropfen nach \u2013 h\u00f6rt auf zu regnen \u2013 die Sonne geht am Himmel auf.<\/span><\/p>\n<p><span style=\"font-weight: 400;\">b- Zum Ton von \u201eTel-et Ya Mahla Nourha Shams el Shamousa]: \u201eDas herrliche Licht der Sonne [Isis] ist aufgegangen\/erschienen\u201c \u2013 Isis erhebt sich vom Boden und tanzt zur aufgehenden Sonne!.<\/span><\/p>\n<p><span style=\"font-weight: 400;\">Dann gesellt sie sich wieder zu den sieben T\u00e4nzerinnen, um den Tanz \u201eRising Sun\u201c fortzusetzen \u2013 der damit endet, dass Isis \u00fcber alles triumphiert. Der typisch \u00e4gyptische feierliche Zaghareed erf\u00fcllt die Luft, wenn die Sonne aufgeht!<\/span><\/p>\n<p><span style=\"font-weight: 400;\">c- Isis und die sieben T\u00e4nzerinnen sorgen f\u00fcr das gro\u00dfe Finale des Rising Lotus Dance! Die sieben T\u00e4nzerinnen tragen f\u00fcr diese besondere Tanzauff\u00fchrung das typische weibliche Stirnband mit einer daran befestigten Lotusblume.<\/span><\/p>\n<p><span style=\"font-weight: 400;\">Die Auff\u00fchrung endet damit, dass Isis triumphierend von den T\u00e4nzerinnen getragen wird und der typisch \u00e4gyptische feierliche Zaghareed erklingt!<\/span><\/p>\n<p><img fetchpriority=\"high\" decoding=\"async\" class=\"size-large wp-image-895\" src=\"https:\/\/egyptianwisdomcenter.org\/wp-content\/uploads\/2023\/08\/STB_4588_web-1024x683.jpg\" alt=\"\" width=\"1024\" height=\"683\" \/><\/p>\n<p><img decoding=\"async\" class=\"size-large wp-image-896\" src=\"https:\/\/egyptianwisdomcenter.org\/wp-content\/uploads\/2023\/08\/STB_4770_web-1024x683.jpg\" alt=\"\" width=\"1024\" height=\"683\" \/><\/p>\n<p><img decoding=\"async\" class=\"size-large wp-image-897\" src=\"https:\/\/egyptianwisdomcenter.org\/wp-content\/uploads\/2023\/08\/STB_4847_web-1024x683.jpg\" alt=\"\" width=\"1024\" height=\"683\" \/><\/p>\n<p><img loading=\"lazy\" decoding=\"async\" class=\"size-large wp-image-898\" src=\"https:\/\/egyptianwisdomcenter.org\/wp-content\/uploads\/2023\/08\/STB_4912_web-1024x683.jpg\" alt=\"\" width=\"1024\" height=\"683\" \/><\/p>\n<p><img loading=\"lazy\" decoding=\"async\" class=\"size-large wp-image-900\" src=\"https:\/\/egyptianwisdomcenter.org\/wp-content\/uploads\/2023\/08\/STB_5033_web-1024x683.jpg\" alt=\"\" width=\"1024\" height=\"683\" \/><\/p>\n<p><img loading=\"lazy\" decoding=\"async\" class=\"size-large wp-image-901\" src=\"https:\/\/egyptianwisdomcenter.org\/wp-content\/uploads\/2023\/08\/STB_5093_web-1024x683.jpg\" alt=\"\" width=\"1024\" height=\"683\" \/><\/p>\n<p>&nbsp;<\/p>\n<\/div>\n<\/div>\n<\/div>\n<\/div>\n<\/div>\n<style>body,.content-inner{background:#FCD701 !important;<\/style>","protected":false},"excerpt":{"rendered":"<p>About | Production Team | Trailer | Video Purchase | Rights &amp; Licensing | Act 1 | Act 2 | Act 3 [&hellip;]<\/p>","protected":false},"author":3,"featured_media":0,"parent":68534,"menu_order":0,"comment_status":"closed","ping_status":"closed","template":"","meta":{"footnotes":""},"class_list":["post-68541","page","type-page","status-publish","hentry"],"aioseo_notices":[],"_links":{"self":[{"href":"https:\/\/egyptianwisdomcenter.org\/de\/wp-json\/wp\/v2\/pages\/68541","targetHints":{"allow":["GET"]}}],"collection":[{"href":"https:\/\/egyptianwisdomcenter.org\/de\/wp-json\/wp\/v2\/pages"}],"about":[{"href":"https:\/\/egyptianwisdomcenter.org\/de\/wp-json\/wp\/v2\/types\/page"}],"author":[{"embeddable":true,"href":"https:\/\/egyptianwisdomcenter.org\/de\/wp-json\/wp\/v2\/users\/3"}],"replies":[{"embeddable":true,"href":"https:\/\/egyptianwisdomcenter.org\/de\/wp-json\/wp\/v2\/comments?post=68541"}],"version-history":[{"count":7,"href":"https:\/\/egyptianwisdomcenter.org\/de\/wp-json\/wp\/v2\/pages\/68541\/revisions"}],"predecessor-version":[{"id":69071,"href":"https:\/\/egyptianwisdomcenter.org\/de\/wp-json\/wp\/v2\/pages\/68541\/revisions\/69071"}],"up":[{"embeddable":true,"href":"https:\/\/egyptianwisdomcenter.org\/de\/wp-json\/wp\/v2\/pages\/68534"}],"wp:attachment":[{"href":"https:\/\/egyptianwisdomcenter.org\/de\/wp-json\/wp\/v2\/media?parent=68541"}],"curies":[{"name":"wp","href":"https:\/\/api.w.org\/{rel}","templated":true}]}}