{"id":7,"date":"2019-02-14T14:21:28","date_gmt":"2019-02-14T19:21:28","guid":{"rendered":"http:\/\/egyptianwisdomcenter.org\/?page_id=7"},"modified":"2026-01-18T14:04:08","modified_gmt":"2026-01-18T19:04:08","slug":"forum-2","status":"publish","type":"page","link":"https:\/\/egyptianwisdomcenter.org\/de\/","title":{"rendered":"Heim"},"content":{"rendered":"<div class=\"homepage-title\">\n<h3 style=\"font-weight: 400;\">Willkommen zu einer wichtigen Quelle der Weisheit, die von der alt\u00e4gyptischen Zivilisation abgeleitet ist. <img fetchpriority=\"high\" decoding=\"async\" class=\"homepage-image alignright wp-image-69864 size-full\" src=\"https:\/\/egyptianwisdomcenter.org\/wp-content\/uploads\/2026\/01\/header-background-transparent.webp\" alt=\"\" width=\"544\" height=\"724\" \/><\/h3>\n<\/div>\n<p class=\"homepage-intro\">Sie werden \u00fcberrascht sein, wie die moderne Zivilisation fest auf den Schultern des alten \u00c4gypten ruht.<br \/>\nDiese Website verf\u00fcgt \u00fcber zwei Hauptlehrpunkte in \u00fcber 10 Sprachen.<br \/>\nEine Sammlung von kostenlosen Artikeln von Moustafa Gadalla. Sie finden den Link zu den Artikeln im Men\u00fc.<br \/>\nLinks zu einer begleitenden Website, auf der zahlreiche B\u00fccher von Moustafa Gadalla erworben werden k\u00f6nnen. Es gibt Versionen in mehreren Sprachen. Siehe den Link \u201eUnsere B\u00fccher\u201c im Men\u00fc oben.<br \/>\nGenie\u00dfen Sie diese faszinierende Einsicht in die alt\u00e4gyptische Kultur und Weisheit!<\/p>","protected":false},"excerpt":{"rendered":"<p>Your Comprehensive Multimedia Resource for coherent and substantive educative studies of Ancient Egypt. You will be surprised to see how modern civilisation [&hellip;]<\/p>","protected":false},"author":3,"featured_media":0,"parent":0,"menu_order":0,"comment_status":"closed","ping_status":"closed","template":"","meta":{"footnotes":""},"class_list":["post-7","page","type-page","status-publish","hentry"],"aioseo_notices":[],"_links":{"self":[{"href":"https:\/\/egyptianwisdomcenter.org\/de\/wp-json\/wp\/v2\/pages\/7","targetHints":{"allow":["GET"]}}],"collection":[{"href":"https:\/\/egyptianwisdomcenter.org\/de\/wp-json\/wp\/v2\/pages"}],"about":[{"href":"https:\/\/egyptianwisdomcenter.org\/de\/wp-json\/wp\/v2\/types\/page"}],"author":[{"embeddable":true,"href":"https:\/\/egyptianwisdomcenter.org\/de\/wp-json\/wp\/v2\/users\/3"}],"replies":[{"embeddable":true,"href":"https:\/\/egyptianwisdomcenter.org\/de\/wp-json\/wp\/v2\/comments?post=7"}],"version-history":[{"count":41,"href":"https:\/\/egyptianwisdomcenter.org\/de\/wp-json\/wp\/v2\/pages\/7\/revisions"}],"predecessor-version":[{"id":69868,"href":"https:\/\/egyptianwisdomcenter.org\/de\/wp-json\/wp\/v2\/pages\/7\/revisions\/69868"}],"wp:attachment":[{"href":"https:\/\/egyptianwisdomcenter.org\/de\/wp-json\/wp\/v2\/media?parent=7"}],"curies":[{"name":"wp","href":"https:\/\/api.w.org\/{rel}","templated":true}]}}