{"id":73,"date":"2016-06-09T00:00:00","date_gmt":"2016-06-09T04:00:00","guid":{"rendered":"http:\/\/egyptianwisdomcenter.org\/egyptian-society\/"},"modified":"2023-10-22T05:48:19","modified_gmt":"2023-10-22T09:48:19","slug":"egyptian-society","status":"publish","type":"page","link":"https:\/\/egyptianwisdomcenter.org\/de\/agyptische-gesellschaft\/","title":{"rendered":"Altert\u00fcmer, Land und V\u00f6lker \u00c4gyptens."},"content":{"rendered":"<h2>Altert\u00fcmer, Land und V\u00f6lker \u00c4gyptens.<\/h2>\n<ul>\n<li><a href=\"https:\/\/egyptianwisdomcenter.org\/de\/das-tatsachliche-unglaubliche-ferne-zeitalter-des-alten-agypten-2\/\">Das tats\u00e4chliche unglaublich ferne Zeitalter des alten \u00c4gypten<\/a><\/li>\n<li><a href=\"https:\/\/egyptianwisdomcenter.org\/de\/der-perfekte-agyptische-kalender-2\/\">Der perfekte \u00e4gyptische Kalender<\/a><\/li>\n<li><a href=\"https:\/\/egyptianwisdomcenter.org\/de\/die-postpharaonische-geschichte-agyptens-sagte-hermetica-voraus\/\">Die postpharaonische \u00e4gyptische Geschichte, wie sie in Hermetica vorhergesagt wird<\/a><\/li>\n<li><a href=\"https:\/\/egyptianwisdomcenter.org\/de\/die-volker-agyptens-2\/\">Die V\u00f6lker \u00c4gyptens<\/a><\/li>\n<li><a href=\"https:\/\/egyptianwisdomcenter.org\/de\/die-beiden-lander-2\/\">Die zwei L\u00e4nder<\/a><\/li>\n<li><a href=\"https:\/\/egyptianwisdomcenter.org\/de\/altagyptische-siedlungen-auf-der-ganzen-welt-2\/\">Alt\u00e4gyptische Siedlungen auf der ganzen Welt<\/a><\/li>\n<\/ul>","protected":false},"excerpt":{"rendered":"<p>Antiquities, Land and Peoples of Egypt. The Actual Incredible Remote Age of Ancient Egypt The Perfect Egyptian Calendar The Post-Pharaonic Egyptian History [&hellip;]<\/p>","protected":false},"author":3,"featured_media":0,"parent":0,"menu_order":0,"comment_status":"closed","ping_status":"closed","template":"","meta":{"footnotes":""},"class_list":["post-73","page","type-page","status-publish","hentry"],"aioseo_notices":[],"_links":{"self":[{"href":"https:\/\/egyptianwisdomcenter.org\/de\/wp-json\/wp\/v2\/pages\/73","targetHints":{"allow":["GET"]}}],"collection":[{"href":"https:\/\/egyptianwisdomcenter.org\/de\/wp-json\/wp\/v2\/pages"}],"about":[{"href":"https:\/\/egyptianwisdomcenter.org\/de\/wp-json\/wp\/v2\/types\/page"}],"author":[{"embeddable":true,"href":"https:\/\/egyptianwisdomcenter.org\/de\/wp-json\/wp\/v2\/users\/3"}],"replies":[{"embeddable":true,"href":"https:\/\/egyptianwisdomcenter.org\/de\/wp-json\/wp\/v2\/comments?post=73"}],"version-history":[{"count":1,"href":"https:\/\/egyptianwisdomcenter.org\/de\/wp-json\/wp\/v2\/pages\/73\/revisions"}],"predecessor-version":[{"id":68472,"href":"https:\/\/egyptianwisdomcenter.org\/de\/wp-json\/wp\/v2\/pages\/73\/revisions\/68472"}],"wp:attachment":[{"href":"https:\/\/egyptianwisdomcenter.org\/de\/wp-json\/wp\/v2\/media?parent=73"}],"curies":[{"name":"wp","href":"https:\/\/api.w.org\/{rel}","templated":true}]}}