{"id":74,"date":"2016-06-09T00:00:00","date_gmt":"2016-06-09T04:00:00","guid":{"rendered":"http:\/\/egyptianwisdomcenter.org\/post-pharaonic-egyptian-history-foretold-hermetica\/"},"modified":"2023-01-02T01:10:34","modified_gmt":"2023-01-02T06:10:34","slug":"post-pharaonic-egyptian-history-foretold-hermetica","status":"publish","type":"page","link":"https:\/\/egyptianwisdomcenter.org\/de\/die-postpharaonische-geschichte-agyptens-sagte-hermetica-voraus\/","title":{"rendered":"Die postpharaonische \u00e4gyptische Geschichte, wie sie in Hermetica vorhergesagt wird"},"content":{"rendered":"<h2 style=\"text-align: center;\"><span style=\"color: #ff0000;\"><strong>Die postpharaonische \u00e4gyptische Geschichte, wie sie in Hermetica vorhergesagt wird<\/strong><\/span><\/h2>\n<p>&nbsp;<\/p>\n<p>Nach fast 2.000 Jahren wurde die alt\u00e4gyptische Schrift, bekannt als <em>Hermetica<\/em>, hat sich weiterhin als zutreffend erwiesen. Hier sind Teile der kraftvollen Prophezeiung, die in Asklepios III. 24-26 dargelegt wird:<\/p>\n<p><span style=\"color: #0000ff;\"><strong>zuerst<\/strong><\/span>Es geht um die kosmische Bedeutung \u00c4gyptens (nicht Griechenlands).<\/p>\n<blockquote><p><em>\u201eWei\u00dft du nicht, Asklepios, dass \u00c4gypten ein Abbild des Himmels ist, oder genauer gesagt, dass alles, was im Himmel regiert und bewegt wird, nach \u00c4gypten herabkam und dorthin \u00fcbertragen wurde? Wenn man die Wahrheit sagen w\u00fcrde, w\u00e4re unser Land der Tempel der ganzen Welt.\u201c <\/em><\/p><\/blockquote>\n<p><span style=\"color: #0000ff;\"><strong>Zweitens<\/strong><\/span>, es sagte den Untergang des alten \u00c4gypten voraus.<\/p>\n<blockquote><p><em>\u201eUnd doch, da es sich f\u00fcr den Weisen geb\u00fchrt, alles im Voraus zu wissen, d\u00fcrfen Sie dar\u00fcber nicht im Unwissen bleiben: Es wird eine Zeit kommen, in der es den Anschein haben wird, dass die \u00c4gypter der G\u00f6ttlichkeit mit treuem Geist und peinlicher Ehrfurcht Respekt entgegenbrachten \u2013 ohne Zweck. Ihre ganze heilige Anbetung wird entt\u00e4uscht sein und wirkungslos zugrunde gehen, denn die G\u00f6ttlichkeit wird von der Erde in den Himmel zur\u00fcckkehren und \u00c4gypten wird verlassen. Das Land, das der Sitz der Verehrung war, wird von den M\u00e4chtigen verwitwet und ihrer Pr\u00e4senz beraubt. Wenn Ausl\u00e4nder Land und Territorium besetzen, wird nicht nur die Ehrfurcht vernachl\u00e4ssigt, sondern, was noch schlimmer ist, es wird ein gesetzlich vorgeschriebenes (sogenanntes) Verbot gegen Ehrfurcht, Treue und Gottesverehrung erlassen. Dann wird dieses heiligste Land, Sitz der Schreine und Tempel, vollst\u00e4ndig mit Gr\u00e4bern und Leichen gef\u00fcllt sein.\u201c <\/em><\/p><\/blockquote>\n<ul>\n<li>Ausl\u00e4nder (Ptolem\u00e4er, R\u00f6mer und Araber) besetzten \u00c4gypten.<\/li>\n<li>Ausl\u00e4nder (R\u00f6mer und Araber) erlie\u00dfen ein \u201egesetzlich vorgeschriebenes (sogenanntes) Verbot unter Strafe\u201c gegen das alt\u00e4gyptische Glaubenssystem, und dieses gilt auch nach den gegenw\u00e4rtigen Gesetzen.<\/li>\n<\/ul>\n<p><span style=\"color: #0000ff;\"><strong>Drittens<\/strong><\/span>, es sagte voraus, wie ein betr\u00e4chtlicher Teil der \u00e4gyptischen Bev\u00f6lkerung (allgemein als die bezeichnet <em>Afrangi-\u00c4gypter<\/em>) w\u00fcrden ihre Traditionen aufgeben und wie sie ihre eigene Vergangenheit verachten w\u00fcrden (genau wie es geschah, als Folge der christlichen und islamischen Angriffe und der anhaltenden Herrschaft).<\/p>\n<blockquote><p><em>\u201eO \u00c4gypten, \u00c4gypten, von deinen ehrf\u00fcrchtigen Taten werden nur Geschichten \u00fcberleben, und sie werden f\u00fcr deine Kinder unglaublich sein! Nur in Stein gemei\u00dfelte Worte werden \u00fcberleben, um deine treuen Werke zu erz\u00e4hlen, und der Skythen oder Indianer oder ein \u00e4hnlicher benachbarter Barbar wird in \u00c4gypten wohnen. Denn die G\u00f6ttlichkeit kehrt in den Himmel zur\u00fcck, und alle Menschen werden verlassen sterben, so wie \u00c4gypten von Gott und Menschen verwitwet und verlassen wird. Ich rufe zu dir, heiligster Fluss, und ich sage dir deine Zukunft: Ein Blutstrom wird dich bis an die Ufer f\u00fcllen, und du wirst dar\u00fcber platzen; Blut wird nicht nur eure g\u00f6ttlichen Wasser verunreinigen, es wird sie auch \u00fcberall hervorbrechen lassen, und die Zahl der Bestatteten wird viel gr\u00f6\u00dfer sein als die der Lebenden. Wer \u00fcberlebt, wird nur an seiner Sprache als \u00c4gypter erkannt; in seinen Handlungen wird er wie ein Ausl\u00e4nder erscheinen.\u201c <\/em><\/p><\/blockquote>\n<p>Danach entstanden Christentum und Islam <em>Hermetica<\/em> wurde geschrieben. Es folgten Unordnung, Anarchie und Gier. <em>Hermetica<\/em> prophezeite es:<\/p>\n<blockquote><p>[25] <em>\u201eAsklepios, warum weinst du? \u00c4gypten selbst wird zu viel schlimmeren Taten als diesen \u00fcberredet werden, und es wird von weitaus schlimmeren \u00dcbeln durchdrungen sein. Ein einst heiliges Land, das die G\u00f6ttlichkeit am meisten liebte, aufgrund ihrer Ehrfurcht das einzige Land auf der Erde, in dem sich die Neteru (G\u00f6tter) niederlie\u00dfen. Sie, die Heiligkeit und Treue lehrte, wird ein Beispiel f\u00fcr v\u00f6lligen [Un]glauben sein. In ihrer M\u00fcdigkeit werden die Menschen von damals feststellen, dass die Welt nichts zu bewundern oder anzubeten hat. Das alles \u2013 eine gute Sache, die nie ihr Bestes hatte, hat noch haben wird \u2013 wird in Gefahr geraten. Die Menschen werden es bedr\u00fcckend finden und es verachten. Sie werden diese ganze Welt nicht sch\u00e4tzen, ein unvergleichliches Werk Gottes, ein herrliches Bauwerk, eine F\u00fclle aus Bildern in vielf\u00e4ltiger Vielfalt, einen Mechanismus f\u00fcr Gottes Willen, der sein Werk ohne Widerwillen unterst\u00fctzt und eine Einheit aus allem macht, was geehrt, gelobt und gelobt werden kann endlich von denen geliebt, die es sehen, eine vielgestaltige Ansammlung, die als eine einzige Sache betrachtet wird.\u201c <\/em><\/p><\/blockquote>\n<blockquote><p><em>\u201eSie werden Schatten dem Licht vorziehen und den Tod f\u00fcr n\u00fctzlicher halten als das Leben. Niemand wird zum Himmel aufschauen. Die Ehrf\u00fcrchtigen werden f\u00fcr verr\u00fcckt gehalten, die Respektlosen f\u00fcr weise; Der Verr\u00fcckte wird f\u00fcr mutig gehalten, und der Schurke wird f\u00fcr einen anst\u00e4ndigen Menschen gehalten. Die Seele und alle Lehren \u00fcber die Seele (die Seele begann als unsterblich oder erwartet Unsterblichkeit), wie ich sie euch offenbart habe, werden nicht einfach als l\u00e4cherlich, sondern sogar als illusorisch angesehen. Aber \u2013 glauben Sie mir \u2013 wer sich der Ehrfurcht vor dem Geist verschreibt, dem droht die Todesstrafe. Sie werden neue Gesetze und eine neue Gerechtigkeit erlassen. Nichts Heiliges, nichts Ehrfurchtsvolles oder des Himmels oder himmlischer Wesen W\u00fcrdiges wird im Geiste geh\u00f6rt oder geglaubt.\u201c <\/em><\/p><\/blockquote>\n<p>Die Prophezeiung hat sich als richtig erwiesen: das <em>\u201eWer sich der Ehrfurcht vor dem Geiste widmet, dem droht die Todesstrafe \u2026\u201c<\/em>, weil es eine Pflicht der Muslime ist, andere zu t\u00f6ten, im Bem\u00fchen, den Islam zu verbreiten, wie zum Beispiel in <em>Dschihads<\/em>. Wenn ein geborener Moslem es wagt, den Islam zu verlassen und\/oder Gottesl\u00e4sterung zu begehen (was auf jede von einem Moslem gew\u00fcnschte Weise interpretiert werden kann), ist ein loyaler Moslem laut Koran \u201egezwungen\u201c, diese Person zu t\u00f6ten.<br \/>\nDer Text von <em>Hermetica<\/em> geht weiter:<\/p>\n<blockquote><p><em>\u201eWie traurig, wenn sich die Neteru (G\u00f6tter) von der Menschheit zur\u00fcckziehen! Nur die unheilvollen Engel bleiben \u00fcbrig, um sich unter die Menschen zu mischen, die Ungl\u00fccklichen zu ergreifen und sie zu allen abscheulichen Verbrechen zu treiben \u2013 Krieg, Pl\u00fcnderung, Betrug und allem, was der Natur der Seele zuwiderl\u00e4uft. Dann wird die Erde weder standhalten noch das Meer befahrbar sein; Sterne werden den Himmel nicht durchqueren, noch wird der Lauf der Sterne am Himmel festhalten. Jede g\u00f6ttliche Stimme wird in der erzwungenen Stille verstummen. Die Fr\u00fcchte der Erde werden verfaulen; der Boden wird nicht mehr fruchtbar sein; und die ganze Luft wird in d\u00fcsterer Lethargie versinken.\u201c <\/em><\/p><\/blockquote>\n<p>Aber die genaueste Prophezeiung besagt, dass in dieser dunkelsten Stunde das Licht wieder auf \u00c4gypten und die ganze Welt scheinen wird. F\u00fcr wie <em>Hermetica<\/em> Zust\u00e4nde:<\/p>\n<blockquote><p>[26] <em>\u201eSo wird das Alter der Welt sein: Respektlosigkeit, Unordnung, Missachtung alles Guten.\u201c Wenn dies alles geschieht, Asklepios, dann wird Gott auf dieses Verhalten und diese vors\u00e4tzlichen Verbrechen blicken und in einem Willensakt gegen die Laster und die Perversion in allem Stellung beziehen, Unrecht wiedergutmachen und die Bosheit in einem verschwinden lassen \u00dcberschwemmungen verursachen, sie durch Feuer verzehren oder sie durch die Verbreitung von Pestkrankheiten \u00fcberall beenden. Dann wird er der Welt ihre alte Sch\u00f6nheit zur\u00fcckgeben, so dass die Welt selbst wieder Anbetung und Wunder verdient, und mit st\u00e4ndigen Segnungen und Lobpreisungen werden die Menschen von damals Gott ehren, der ein so gro\u00dfes Werk geschaffen und wiederherstellt. Und dies wird das Wesen der Welt sein: eine Reformation aller guten Dinge und eine h\u00f6chst heilige und ehrf\u00fcrchtige Wiederherstellung der Natur selbst, die im Laufe der Zeit [aber durch einen Willensakt] neu geordnet wurde und ewig ist und war und ohne Anfang. Denn Gottes Wille hat keinen Anfang; es bleibt dasselbe, ewig in seinem gegenw\u00e4rtigen Zustand. Gottes Natur ist \u00dcberlegung; Wille ist die h\u00f6chste G\u00fcte.\u201c <\/em><\/p><\/blockquote>\n<p>Es ist Zeit f\u00fcr eine Wiedergeburt. Das b\u00f6se Fische-Zeitalter ist zu Ende. Das Zeitalter des Wassermanns steht vor der T\u00fcr. Der Reinigungsprozess wird fortgesetzt (gem\u00e4\u00df Abschnitt 26 oben), bis die kosmische Harmonie wiederhergestellt ist.<\/p>\n<p>&nbsp;<\/p>\n<hr \/>\n<p><!-- - EE Exiled Egyptians - --><\/p>\n<p><span style=\"color: #ff0000;\"><strong>Weitere Informationen dar\u00fcber, was mit \u00c4gypten nach der Pharaonenzeit geschah, finden Sie in unseren B\u00fcchern:<\/strong><\/span><\/p>\n<p><strong><span style=\"color: #ff0000;\">[Ein Auszug aus\u00a0<\/span><\/strong><strong>Alt\u00e4gyptisch: Kultur enth\u00fcllt, 2. Auflage<span style=\"color: #ff0000;\"> von Moustafa Gadalla]<br \/>\n<a href=\"https:\/\/egyptianwisdomcenter.org\/de\/produkt\/die-altaegyptische-kultur-enthuellt-zweite-ausgabe-2\/\"><span style=\"color: #0000ff;\">https:\/\/egyptianwisdomcenter.org\/product\/die-altaegyptische-kultur-enthuellt-zweite-ausgabe\/<\/span><\/a><br \/>\n<\/span><\/strong><\/p>\n<p><img decoding=\"async\" class=\"aligncenter\" src=\"https:\/\/egyptianwisdomcenter.org\/wp-content\/uploads\/2023\/01\/die-altagyptische-kultur-enthullt-zweite-ausgabe.jpg\" \/><\/p>\n<div dir=\"auto\" style=\"text-align: center;\"><a href=\"https:\/\/egyptianwisdomcenter.org\/de\/produkt\/die-altaegyptische-kultur-enthuellt-zweite-ausgabe-2\/\"><span style=\"color: #0000ff;\"><strong>https:\/\/egyptianwisdomcenter.org\/product\/die-altaegyptische-kultur-enthuellt-zweite-ausgabe\/<\/strong><\/span><\/a><\/div>","protected":false},"excerpt":{"rendered":"<p>The Post-Pharaonic Egyptian History As Foretold In Hermetica &nbsp; After almost 2,000 years, the Ancient Egyptian writing, known as Hermetica, continues to [&hellip;]<\/p>","protected":false},"author":3,"featured_media":0,"parent":0,"menu_order":0,"comment_status":"closed","ping_status":"closed","template":"","meta":{"footnotes":""},"class_list":["post-74","page","type-page","status-publish","hentry"],"aioseo_notices":[],"_links":{"self":[{"href":"https:\/\/egyptianwisdomcenter.org\/de\/wp-json\/wp\/v2\/pages\/74","targetHints":{"allow":["GET"]}}],"collection":[{"href":"https:\/\/egyptianwisdomcenter.org\/de\/wp-json\/wp\/v2\/pages"}],"about":[{"href":"https:\/\/egyptianwisdomcenter.org\/de\/wp-json\/wp\/v2\/types\/page"}],"author":[{"embeddable":true,"href":"https:\/\/egyptianwisdomcenter.org\/de\/wp-json\/wp\/v2\/users\/3"}],"replies":[{"embeddable":true,"href":"https:\/\/egyptianwisdomcenter.org\/de\/wp-json\/wp\/v2\/comments?post=74"}],"version-history":[{"count":0,"href":"https:\/\/egyptianwisdomcenter.org\/de\/wp-json\/wp\/v2\/pages\/74\/revisions"}],"wp:attachment":[{"href":"https:\/\/egyptianwisdomcenter.org\/de\/wp-json\/wp\/v2\/media?parent=74"}],"curies":[{"name":"wp","href":"https:\/\/api.w.org\/{rel}","templated":true}]}}