{"id":80,"date":"2016-06-09T00:00:00","date_gmt":"2016-06-09T04:00:00","guid":{"rendered":"http:\/\/egyptianwisdomcenter.org\/egyptian-monotheism-and-polytheism\/"},"modified":"2023-01-02T01:16:26","modified_gmt":"2023-01-02T06:16:26","slug":"egyptian-monotheism-and-polytheism","status":"publish","type":"page","link":"https:\/\/egyptianwisdomcenter.org\/de\/agyptischer-monotheismus-und-polytheismus\/","title":{"rendered":"\u00c4gyptischer Monotheismus (Das EINE) und Polytheismus (Das ALLE)"},"content":{"rendered":"<h2 style=\"text-align: center;\"><span style=\"color: #0000ff;\"><strong>\u00c4gyptischer Monotheismus (Das EINE) und Polytheismus (Das ALLE)<\/strong><\/span><\/h2>\n<h3><\/h3>\n<h3><span style=\"color: #ff0000;\">Das EINE ist ALLES<\/span><\/h3>\n<p>Die alten \u00c4gypter glaubten an einen Gott, der aus sich selbst hervorging, aus sich selbst existierte, unsterblich, unsichtbar, ewig, allwissend, allm\u00e4chtig usw. Dieser eine Gott wurde nie repr\u00e4sentiert. Es sind die Funktionen und Attribute seiner Dom\u00e4ne, die dargestellt wurden. Diese Attribute wurden als die bezeichnet <em><strong>neteru<\/strong><\/em> (ausgesprochen <em>net-er-u<\/em>, Singular: <em><strong>netter<\/strong><\/em> in der m\u00e4nnlichen Form und <em><strong>netert<\/strong><\/em> in der weiblichen Form). Der Begriff, <em>G\u00f6tter<\/em>, ist eine falsche Darstellung des \u00e4gyptischen Begriffs, <em><strong>neteru<\/strong><\/em>.<\/p>\n<p>Wenn wir fragen: \u201eWer ist Gott?\u201c, fragen wir in Wirklichkeit: \u201eWas ist Gott?\u201c. Der blo\u00dfe Name oder das Substantiv sagt uns nichts. Man kann es nur definieren <em>Gott<\/em> durch die Vielzahl seiner Eigenschaften\/Qualit\u00e4ten\/Kr\u00e4fte\/Handlungen. Dies ist der einzig logische Weg, denn wenn wir beispielsweise eine Person als Herrn X bezeichnen, bedeutet uns das nichts. Sobald wir jedoch seine Eigenschaften und Qualit\u00e4ten beschreiben, beginnen wir, ihn kennenzulernen. Eine Person, die Ingenieur, Vater, Ehemann usw. ist, hat keine Polypers\u00f6nlichkeit, sondern eine Monopers\u00f6nlichkeit mit mehreren Funktionen\/Attributen. F\u00fcr die Antike und <em>Baladi<\/em> Bei den \u00c4gyptern ist die Vorstellung von Gott \u00e4hnlich.<\/p>\n<p>\u201eGott\u201c zu kennen bedeutet, die zahlreichen Eigenschaften von \u201eGott\u201c zu kennen. Je mehr wir \u00fcber diese Eigenschaften erfahren (bekannt als <strong><em>neteru<\/em><\/strong>), desto n\u00e4her kommen wir unserem g\u00f6ttlichen Ursprung. Dies ist keineswegs eine primitive, polytheistische Form, sondern der h\u00f6chste Ausdruck monotheistischer Mystik.<\/p>\n<p>&nbsp;<\/p>\n<h3><span style=\"color: #ff0000;\">Der Eine, der zusammengef\u00fcgt ist<\/span><\/h3>\n<p>In alt\u00e4gyptischen Traditionen <em><strong>Ra<\/strong><\/em> repr\u00e4sentiert die urzeitliche, kosmische, sch\u00f6pferische Kraft. Der <em>Litanei<\/em> beschreibt <em><strong>Ra<\/strong><\/em> als <em>Der Zusammengef\u00fcgte, der aus seinen eigenen Gliedern hervorgeht<\/em>. Die alt\u00e4gyptische Definition von Ra ist die perfekte Darstellung der Einheit, die das Zusammenf\u00fcgen der vielen verschiedenen Einheiten umfasst, d. h <em>Der Eine, der das Alles ist<\/em>. Der <em>Litanei von Ra<\/em> beschreibt die Aspekte des kreativen Prinzips: Anerkanntwerden als <em>neteru<\/em> (G\u00f6tter), deren Handlungen und Interaktionen wiederum das Universum erschufen. Als solche alle \u00c4gypter <em><strong>neteru<\/strong><\/em> Wer am Entstehungsprozess beteiligt war, sind Aspekte von <em><strong>Ra<\/strong><\/em>. Es gibt 75 Formen oder Aspekte von <em><strong>Ra<\/strong><\/em>.<\/p>\n<p>Die Sonnenenergie ist nur eine von zahlreichen Erscheinungsformen <em><strong>Ra<\/strong><\/em>. Das <em><strong>Ra<\/strong><\/em> ist nicht nur die Sonne (nur eine Singularform), wurde auch im folgenden Vers aus dem best\u00e4tigt <em>Geschichte von <strong>Ra<\/strong> Und <strong>Auset<\/strong><\/em> (Isis), in dem <em><strong>Ra<\/strong><\/em> Zust\u00e4nde,<\/p>\n<blockquote><p><strong><em>Ich habe eine Vielzahl von Namen und eine Vielzahl von Formen.<\/em><\/strong><\/p><\/blockquote>\n<hr \/>\n<p><!-- ED Egyptian Divinities --><strong><span style=\"color: #ff0000;\">Weitere Informationen zu den Rollen und Funktionen von <strong><em>neteru<\/em><\/strong> im Universum, Tiersymbolik und Erkl\u00e4rungen der prominenten Gottheiten im \u00e4gyptischen System, lauten:<\/span><\/strong><\/p>\n<p><strong>\u00c4gyptische Kosmologie: Das animierte Universum, dritte Auflage von Moustafa Gadalla<\/strong><br \/>\n<a href=\"https:\/\/egyptianwisdomcenter.org\/de\/produkt\/aegyptische-musikinstrumente-2-2\/\"><strong><span style=\"color: #0000ff;\">https:\/\/egyptianwisdomcenter.org\/product\/aegyptische-kosmologie-das-belebte-universum-dritte-ausgabe\/<\/span><\/strong><\/a><\/p>\n<p><img decoding=\"async\" class=\"aligncenter\" src=\"https:\/\/egyptianwisdomcenter.org\/wp-content\/uploads\/2023\/01\/agyptische-kosmologie-das-belebte-universum-dritte-ausgabe.jpg\" \/><\/p>\n<p style=\"text-align: center;\"><a href=\"https:\/\/egyptianwisdomcenter.org\/de\/produkt\/aegyptische-musikinstrumente-2-2\/\"><strong><span style=\"color: #0000ff;\">https:\/\/egyptianwisdomcenter.org\/product\/aegyptische-kosmologie-das-belebte-universum-dritte-ausgabe\/<\/span><\/strong><\/a><\/p>\n<p>&nbsp;<\/p>\n<p><strong>Egyptian Divinities: The All Who Are The ONE, 2. Auflage von Moustafa Gadalla<\/strong><br \/>\n<a href=\"https:\/\/egyptianwisdomcenter.org\/de\/produkt\/agyptische-gottheiten-alle-die-eins-sind-2-auflage\/\"><span style=\"color: #0000ff;\"><strong>https:\/\/egyptianwisdomcenter.org\/product\/egyptian-divinities-the-all-who-are-the-one-2nd-edition\/<\/strong><\/span><\/a><\/p>\n<p><img decoding=\"async\" class=\"aligncenter\" src=\"https:\/\/books2read-prod.s3.amazonaws.com\/CACHE\/images\/ubl_book_images\/book_display_image_qOuT56H\/40d95446cc17340ec7b02939eaa44c10\" \/><\/p>\n<p style=\"text-align: center;\"><a href=\"https:\/\/egyptianwisdomcenter.org\/de\/produkt\/agyptische-gottheiten-alle-die-eins-sind-2-auflage\/\"><span style=\"color: #0000ff;\"><strong>https:\/\/egyptianwisdomcenter.org\/product\/egyptian-divinities-the-all-who-are-the-one-2nd-edition\/<\/strong><\/span><\/a><\/p>\n<p>&nbsp;<\/p>","protected":false},"excerpt":{"rendered":"<p>Egyptian Monotheism (The ONE) And Polytheism (The ALL) The ONE Is ALL The Ancient Egyptians believed in One God who was self-produced, [&hellip;]<\/p>","protected":false},"author":3,"featured_media":0,"parent":0,"menu_order":0,"comment_status":"closed","ping_status":"closed","template":"","meta":{"footnotes":""},"class_list":["post-80","page","type-page","status-publish","hentry"],"aioseo_notices":[],"_links":{"self":[{"href":"https:\/\/egyptianwisdomcenter.org\/de\/wp-json\/wp\/v2\/pages\/80","targetHints":{"allow":["GET"]}}],"collection":[{"href":"https:\/\/egyptianwisdomcenter.org\/de\/wp-json\/wp\/v2\/pages"}],"about":[{"href":"https:\/\/egyptianwisdomcenter.org\/de\/wp-json\/wp\/v2\/types\/page"}],"author":[{"embeddable":true,"href":"https:\/\/egyptianwisdomcenter.org\/de\/wp-json\/wp\/v2\/users\/3"}],"replies":[{"embeddable":true,"href":"https:\/\/egyptianwisdomcenter.org\/de\/wp-json\/wp\/v2\/comments?post=80"}],"version-history":[{"count":0,"href":"https:\/\/egyptianwisdomcenter.org\/de\/wp-json\/wp\/v2\/pages\/80\/revisions"}],"wp:attachment":[{"href":"https:\/\/egyptianwisdomcenter.org\/de\/wp-json\/wp\/v2\/media?parent=80"}],"curies":[{"name":"wp","href":"https:\/\/api.w.org\/{rel}","templated":true}]}}