{"id":83,"date":"2016-06-09T00:00:00","date_gmt":"2016-06-09T04:00:00","guid":{"rendered":"http:\/\/egyptianwisdomcenter.org\/original-universal-language\/"},"modified":"2023-01-06T00:15:16","modified_gmt":"2023-01-06T05:15:16","slug":"original-universal-language","status":"publish","type":"page","link":"https:\/\/egyptianwisdomcenter.org\/de\/ursprungliche-universelle-sprache\/","title":{"rendered":"Die urspr\u00fcngliche universelle Sprache"},"content":{"rendered":"<h2 style=\"text-align: center;\"><span style=\"color: #ff0000;\"><strong>Die urspr\u00fcngliche universelle Sprache<\/strong><\/span><\/h2>\n<h3><\/h3>\n<p>In Genesis II:1 werden wir dar\u00fcber informiert:<\/p>\n<p style=\"padding-left: 30px;\"><strong><em>\u201eUnd die ganze Erde hatte eine Sprache und eine Rede.\u201c<\/em><\/strong><\/p>\n<p>Je mehr man die verschiedenen Sprachen (und Dialekte) der Welt studiert, desto klarer wird es, dass es urspr\u00fcnglich eine Sprache gab, die sich in verschiedene Sprachen aufteilte. Die Bibel und antike Autoren best\u00e4tigen eine solche urspr\u00fcngliche Sprache. Aufgrund falschen Stolzes und der Vorurteile westlicher Wissenschaftler und religi\u00f6ser Eiferer (Judentum, Christentum und Islam) wurde der Ursprung dieser universellen Muttersprache ignoriert. Es gibt Beweise daf\u00fcr, dass das alte \u00c4gypten die einzige Quelle der universellen Sprache ist.<\/p>\n<p>Zu diesem Thema r\u00e4umt Platon die Rolle \u00c4gyptens in seinem Buch ein <em>Gesammelte Dialoge<\/em> [<em>Philebus <\/em>18-b,c,d]:<\/p>\n<p style=\"padding-left: 30px;\"><strong><em>\u201eSOKRATES: Die unbegrenzte Klangvielfalt war einmal <span style=\"text-decoration: underline;\">von einem Gott erkannt<\/span>, oder vielleicht ein gott\u00e4hnlicher Mann; Sie kennen die Geschichte, dass es solche gab <span style=\"text-decoration: underline;\">Gott in \u00c4gypten namens Theuth<\/span>&#8230;<\/em><\/strong><\/p>\n<p style=\"padding-left: 30px;\"><strong><em>Weil ihm klar wurde, dass keiner von uns jemals einen Teil der Sammlung ganz allein, isoliert von allen anderen, kennenlernen k\u00f6nnte, hat er <span style=\"text-decoration: underline;\">gedacht als \u201eBrief\u201c<\/span> als eine Art Band der Einheit, das sozusagen alle diese Laute zu einem vereinte, und so gab er dem Ausdruck Ausdruck <span style=\"text-decoration: underline;\">\u201eKunst der Buchstaben\u201c, was bedeutet, dass es eine Kunst gab, die sich mit den Kl\u00e4ngen befasste.<\/span>&#8220;<\/em><\/strong><\/p>\n<p>Der Verweis auf \u201eTheuth\u201c oben [in Platons <em>Gesammelte Dialoge<\/em>] ist derselbe \u201eTheuth\u201c, der im Phaedrus erw\u00e4hnt wird, wo uns ausdr\u00fccklich gesagt wird, dass er ein alt\u00e4gyptischer Neter (Gott) war. <strong><em>\u201ederjenige, dessen heiliger Vogel Ibis genannt wird\u201c<\/em><\/strong>, um jeden Zweifel an seiner Identit\u00e4t auszuschlie\u00dfen. Es ist offensichtlich, dass sein Bericht auf einer echten \u00e4gyptischen Tradition basiert, denn der ibisk\u00f6pfige Theuth [Thoth] ist ein \u00e4gyptischer Neter (Gott).<\/p>\n<p><a href=\"http:\/\/egyptianwisdomcenter.org\/wp-content\/uploads\/2019\/02\/eu-ch1-72c-1.jpg\"><img decoding=\"async\" class=\"wp-image-1364 aligncenter\" src=\"http:\/\/egyptianwisdomcenter.org\/wp-content\/uploads\/2019\/02\/eu-ch1-72c-1.jpg\" alt=\"\" width=\"79\" height=\"166\" \/><\/a><\/p>\n<p>Theuth [Thoth] wird als ibisk\u00f6pfige Gestalt dargestellt, die auf einer Tafel schreibt.<\/p>\n<p>Es muss angemerkt werden, dass die alten \u00c4gypter NIEMALS einen sterblichen Menschen f\u00fcr irgendeine \u201eErfindung\u201c w\u00fcrdigten und immer die g\u00f6ttlichen Eigenschaften\/Qualit\u00e4ten\/Energien w\u00fcrdigten, die durch die Neteru (G\u00f6tter, G\u00f6ttinnen) als einzige Wissensquelle repr\u00e4sentiert wurden.<\/p>\n<p>Es ist sehr klar, dass Platon (in <em>Philebus <\/em>[18-b, c, d]) bezog sich nicht auf bildliche Ausdrucksformen (Hieroglyphen), sondern auf den Ausdruck durch einzelne und vielf\u00e4ltige Buchstaben mit jeweils eigenem Klangwert.<\/p>\n<p>Theuth [Thoth] stellt den g\u00f6ttlichen Gesandten dar, der die gesprochene\/geschriebene Sprache, das Wissen usw. artikuliert und niederschreibt.<\/p>\n<p>Mehrere Attribute von Theuth [Thoth] wurden von Diodorus von Sizilien best\u00e4tigt:<\/p>\n<p style=\"padding-left: 30px;\"><strong>&#8220;<em>Den alten \u00c4gyptern zufolge stammte es von Thot. <span style=\"text-decoration: underline;\">dass die gemeinsame Sprache der Menschheit zun\u00e4chst weiter artikuliert wurde<\/span>, und dass viele noch namenlose Objekte eine Bezeichnung erhielten, <span style=\"text-decoration: underline;\">dass das Alphabet definiert wurde<\/span>und diese Verordnungen bez\u00fcglich der Ehrungen und Opfergaben, die dem Neteru zustehen <\/em><\/strong>(G\u00f6tter, G\u00f6ttinnen)<strong><em> ordnungsgem\u00e4\u00df festgelegt wurden; Er war auch der Erste, der die geordnete Anordnung der Sterne und die Harmonie der musikalischen Kl\u00e4nge und ihrer Natur beobachtete.<\/em>&#8220;<\/strong> [Buch I, Abschnitt 16-1]<\/p>\n<p>Die meisten modernen westlichen Gelehrten best\u00e4tigen ausdr\u00fccklich und implizit, dass das alt\u00e4gyptische Alphabet (und die alt\u00e4gyptische Sprache) die \u00e4lteste Quelle der Welt sind. In seinem Buch <em>Die Literatur der alten \u00c4gypter<\/em> [Seite xxxiv-v], gibt der deutsche \u00c4gyptologe Adolf Erman zu,<\/p>\n<p style=\"padding-left: 30px;\"><strong><em>Nur die \u00c4gypter waren dazu bestimmt, eine bemerkenswerte Methode anzuwenden, mit der sie zur h\u00f6chsten Form der Schrift, dem Alphabet, gelangten. . .<\/em><\/strong><\/p>\n<p>Der britische \u00c4gyptologe WM Flinders Petrie schreibt in seinem Buch: <em>Die Entstehung der Alphabete<\/em> [Seite 3], kam zu dem Schluss,<\/p>\n<p style=\"padding-left: 30px;\"><strong><em>Seit Beginn der Vorgeschichte wurde in \u00c4gypten sicherlich ein aus linearen Zeichen bestehendes Kursivsystem voller Vielfalt und Unterscheidung verwendet.<\/em><\/strong><\/p>\n<p>Petrie hat alphabetische Buchstabenformen aus ganz unterschiedlichen Epochen gesammelt und tabellarisch geordnet; Die fr\u00fchesten stammen aus der fr\u00fchen pr\u00e4historischen Zeit \u00c4gyptens, wahrscheinlich vor 7000 v. Chr., und reichen bis in die griechische und r\u00f6mische Zeit. Petrie hat auch (von mehreren unabh\u00e4ngigen Wissenschaftlern) \u00e4hnlich aussehende alphabetische Buchstabenformen von 25 Orten in Kleinasien, Griechenland, Italien, Spanien und anderen Orten in ganz Europa zusammengestellt \u2013 alle sind viel j\u00fcnger als die alt\u00e4gyptischen alphabetischen Buchstabenformen.<\/p>\n<p>Petries tabellarische Auflistung dieser alphabetischen Zeichen zeigt Folgendes:<\/p>\n<p style=\"padding-left: 40px;\">1. Alle alphabetischen Buchstabenformen waren im alten \u00c4gypten seit der fr\u00fchen pr\u00e4dynastischen Zeit (vor \u00fcber 7.000 Jahren) vorhanden, also vor jedem anderen Ort der Welt.<\/p>\n<p style=\"padding-left: 40px;\">2. Alle \u00e4gyptischen alphabetischen Buchstabenformen sind in der \u00e4ltesten, vor mehr als 5.000 Jahren wiedergewonnenen sogenannten \u00e4gyptischen \u201eHieratischen Schrift\u201c klar unterscheidbar.<\/p>\n<p style=\"padding-left: 40px;\">3. Die exakt gleichen alt\u00e4gyptischen Buchstabenformen wurden sp\u00e4ter von anderen Menschen auf der ganzen Welt \u00fcbernommen und verbreitet.<\/p>\n<p>&nbsp;<\/p>\n<div dir=\"auto\">\n<p><span style=\"color: #ff0000;\"><strong>[Ausz\u00fcge aus <\/strong><\/span><strong>Alt\u00e4gyptische universelle Schreibmodi von Moustafa Gadalla<\/strong><span style=\"color: #ff0000;\"><strong>]<br \/>\n<a href=\"https:\/\/egyptianwisdomcenter.org\/de\/produkt\/altagyptische-universelle-schreibweisen\/\"><span style=\"color: #0000ff;\">https:\/\/egyptianwisdomcenter.org\/product\/ancient-egyptian-universal-writing-modes\/<\/span><\/a><\/strong><\/span><\/p>\n<p><img decoding=\"async\" class=\"aligncenter\" src=\"https:\/\/books2read-prod.s3.amazonaws.com\/CACHE\/images\/ubl_book_images\/book_display_image_47HRC95\/515452d8b8f6b949614788303f629e63\" \/><\/p>\n<p style=\"text-align: center;\"><a href=\"https:\/\/egyptianwisdomcenter.org\/de\/produkt\/altagyptische-universelle-schreibweisen\/\"><strong style=\"color: #ff0000;\"><span style=\"color: #0000ff;\">https:\/\/egyptianwisdomcenter.org\/product\/ancient-egyptian-universal-writing-modes\/<\/span><\/strong><\/a><\/p>\n<\/div>","protected":false},"excerpt":{"rendered":"<p>The Original Universal Language In Genesis II:1, we are informed: &#8220;And the whole earth was of one language and of one speech&#8221;. [&hellip;]<\/p>","protected":false},"author":3,"featured_media":0,"parent":0,"menu_order":0,"comment_status":"closed","ping_status":"closed","template":"","meta":{"footnotes":""},"class_list":["post-83","page","type-page","status-publish","hentry"],"aioseo_notices":[],"_links":{"self":[{"href":"https:\/\/egyptianwisdomcenter.org\/de\/wp-json\/wp\/v2\/pages\/83","targetHints":{"allow":["GET"]}}],"collection":[{"href":"https:\/\/egyptianwisdomcenter.org\/de\/wp-json\/wp\/v2\/pages"}],"about":[{"href":"https:\/\/egyptianwisdomcenter.org\/de\/wp-json\/wp\/v2\/types\/page"}],"author":[{"embeddable":true,"href":"https:\/\/egyptianwisdomcenter.org\/de\/wp-json\/wp\/v2\/users\/3"}],"replies":[{"embeddable":true,"href":"https:\/\/egyptianwisdomcenter.org\/de\/wp-json\/wp\/v2\/comments?post=83"}],"version-history":[{"count":0,"href":"https:\/\/egyptianwisdomcenter.org\/de\/wp-json\/wp\/v2\/pages\/83\/revisions"}],"wp:attachment":[{"href":"https:\/\/egyptianwisdomcenter.org\/de\/wp-json\/wp\/v2\/media?parent=83"}],"curies":[{"name":"wp","href":"https:\/\/api.w.org\/{rel}","templated":true}]}}