{"id":86,"date":"2016-06-14T00:00:00","date_gmt":"2016-06-14T04:00:00","guid":{"rendered":"http:\/\/egyptianwisdomcenter.org\/ancient-egyptianchristian-holy-families\/"},"modified":"2023-01-01T13:47:05","modified_gmt":"2023-01-01T18:47:05","slug":"ancient-egyptian-christian-holy-families","status":"publish","type":"page","link":"https:\/\/egyptianwisdomcenter.org\/de\/altagyptische-christliche-heilige-familien\/","title":{"rendered":"Die alten \u00e4gyptischen\/christlichen Heiligen Familien"},"content":{"rendered":"<h2 style=\"text-align: center;\"><span style=\"color: #ff0000;\"><strong>Die alten \u00e4gyptischen\/christlichen Heiligen Familien<\/strong><\/span><\/h2>\n<p>&nbsp;<\/p>\n<p><a href=\"http:\/\/egyptianwisdomcenter.org\/wp-content\/uploads\/2019\/02\/image073.jpg\"><img decoding=\"async\" class=\"size-full wp-image-99 aligncenter\" src=\"http:\/\/egyptianwisdomcenter.org\/wp-content\/uploads\/2019\/02\/image073.jpg\" alt=\"\" width=\"121\" height=\"133\" \/><\/a><\/p>\n<p>Die \u00e4gyptische Allegorie von Isis und Osiris erkl\u00e4rt praktisch alle Facetten des Lebens. In dieser Liebesgeschichte schwingen Verrat und Loyalit\u00e4t, Tod und Wiedergeburt, Vergessen und Erinnern, B\u00f6ses und Gerechtigkeit, Pflicht und Mitgef\u00fchl, die Manifestation der Kr\u00e4fte der Natur, die Bedeutung von Schwesternschaft und Br\u00fcderlichkeit sowie von Mutterschaft\/Vaterschaft\/Sohnschaft mit die Geheimnisse des K\u00f6rpers, der Seele und des Geistes.<\/p>\n<p>Das Folgende ist eine gek\u00fcrzte Version der \u00e4gyptischen Allegorie von Isis und Osiris, die bereitgestellt wird, um die \u00e4gyptische Quelle des Christentums hervorzuheben. Diese Erz\u00e4hlung wurde aus alt\u00e4gyptischen Tempeln, Gr\u00e4bern und Papyri zusammengestellt, die 3.000 Jahre vor dem Christentum datiert wurden, und lautet wie folgt:<\/p>\n<p style=\"padding-left: 30px;\">Der selbst erschaffene Atum zeugte die Zwillinge Shu und Tef-nut, die wiederum Nut (den Himmel\/Geist) und Geb (die Erde\/Materie) zur Welt brachten. [Weitere Einzelheiten zur Erschaffung des Universums und des Menschen finden Sie in einem sp\u00e4teren Kapitel.]<\/p>\n<p style=\"padding-left: 30px;\">Die Vereinigung von Nut (Geist) und Geb (Materie) brachte vier Nachkommen hervor: Osiris, Isis, Seth und Nepthys.<\/p>\n<p style=\"padding-left: 30px;\">Wie der biblische Jesus symbolisiert Osiris das G\u00f6ttliche in einer sterblichen Form, die beide Geister (<strong>Nuss<\/strong>) und Materie (<strong>Geb<\/strong>).<\/p>\n<p style=\"padding-left: 30px;\">Nach alt\u00e4gyptischen \u00dcberlieferungen kam Osiris zum Wohle der Menschheit auf die Erde und trug den Titel \u201e <em>Manifestierer des Guten und der Wahrheit \u2013<\/em>\u00a0ebenso der biblische Jesus.<\/p>\n<p>Die \u00e4gyptische Allegorie besagt, dass Osiris Isis und Seth Nephthys geheiratet haben. Osiris wurde K\u00f6nig des Landes (\u00c4gypten), nachdem er Isis geheiratet hatte.<\/p>\n<p>Osiris brachte den Menschen Zivilisation und Spiritualit\u00e4t und erm\u00f6glichte ihnen so Wohlstand. Er gab ihnen eine Reihe von Gesetzen, um ihr Verhalten zu regeln, legte ihre Streitigkeiten gerecht bei und unterrichtete sie in der Wissenschaft der spirituellen Entwicklung.<\/p>\n<p>Nachdem er \u00c4gypten zivilisiert hatte, reiste er um die Welt, um dieselben Anweisungen zu verbreiten. Wohin Osiris auch ging, er brachte den Menschen Frieden und Wissen:<\/p>\n<p style=\"padding-left: 30px;\"><strong>Zwischen den beiden Evangelisten (Osiris und Jesus) gibt es deutliche \u00c4hnlichkeiten. Der g\u00f6ttliche Sohn kommt vom Himmel herab. Gott kam auf die Erde, um die Welt zu f\u00fchren. Beide waren angereist, um die Nachricht zu verbreiten.<\/strong><\/p>\n<p>Osiris brachte die Menschen dazu, seine Lehren nicht mit Waffengewalt anzunehmen, sondern durch \u00fcberzeugende Vortr\u00e4ge, spirituelle Hymnen und Musik. Diodorus von Sizilien schrieb: <em>Buch I<\/em> [18, 4]:<\/p>\n<p style=\"padding-left: 30px;\"><strong><em>Osiris lachte gerne und liebte Musik und Tanz;\u00a0<\/em><\/strong><strong>Ebenso \u00fcberzeugte der biblische Jesus und wurde gefeiert <em>Herr des Tanzes<\/em> in einem Weihnachtslied aus dem Mittelalter.<\/strong><\/p>\n<p>Als Osiris von seiner Mission zur\u00fcckkehrte, wurde er mit einem k\u00f6niglichen Festmahl begr\u00fc\u00dft, bei dem er von Seth \u2013 dem B\u00f6sen \u2013 und seinen Komplizen dazu gebracht wurde, sich in einen provisorischen Sarg zu legen. Die b\u00f6se Gruppe schloss die Truhe schnell, versiegelte sie und warf sie in den Nil. Seth wurde der neue Pharao, als der Sarg mit dem leblosen K\u00f6rper von Osris ins Mittelmeer floss.<\/p>\n<p style=\"padding-left: 30px;\"><strong>Sowohl Jesus als auch Osiris wurden von G\u00e4sten des Abendessens verraten (Jesus von Judas und Osiris von Seth bei ihren eigenen privaten Banketten). Das biblische Alter Jesu wurde auf 23 Jahre gesch\u00e4tzt, und Osiris war 28 Jahre alt \u2013 beide waren jung.<\/strong><\/p>\n<p>W\u00e4hrenddessen war Isis in Trauer, als sie die Nachricht von Osiris\u2018 Schicksal und Verschwinden erhielt, und schwor, niemals zu ruhen, bis sie das gefunden hatte <em>Manifestierer der Wahrheit<\/em>-Osiris.<\/p>\n<p>Isis suchte \u00fcberall und redete jeden an, den sie traf, auch Kinder: Denn es hie\u00df, Kinder h\u00e4tten die Macht der Wahrsagerei.<\/p>\n<p style=\"padding-left: 30px;\"><strong>Kinder mit der Kraft der Wahrsagerei werden vom biblischen Jesus im Neuen Testament anerkannt.<\/strong><\/p>\n<p>Der Geschichte zufolge bat Isis eines Tages w\u00e4hrend ihrer Suche um Schutz im Haus einer armen Frau.<\/p>\n<p style=\"padding-left: 30px;\"><strong>Dieser Punkt stellt das wichtigste Merkmal der \u00e4gyptischen Lehren dar, in denen einem beigebracht wurde\/wird, sich selbst nicht als den anderen \u00fcberlegen zu betrachten, sondern sich selbst als den \u00c4rmsten, Niedrigsten und Dem\u00fctigsten der Menschheit einzustufen. Das gilt f\u00fcr alle \u2013 auch f\u00fcr Isis, die K\u00f6nigin.<\/strong><\/p>\n<p style=\"padding-left: 30px;\"><strong>Durch die Schaffung dem\u00fctiger Wurzeln f\u00fcr Jesus und seine Familie hat das Christentum den Punkt verfehlt, dass es die M\u00e4chtigen sind, die lernen m\u00fcssen, dem\u00fctig zu sein.<\/strong><\/p>\n<p style=\"padding-left: 30px;\"><strong>Demut wird durch die Handlung des Christusk\u00f6nigs symbolisiert, der einen Esel besteigt: Dies repr\u00e4sentiert das Ego und den falschen Stolz. Das ist wirklich alt\u00e4gyptische Symbolik.<\/strong><\/p>\n<p>Die Geschichte erz\u00e4hlt weiter, dass der Sarg des Osiris von den Wellen an die K\u00fcste eines fremden Landes geschwemmt wurde. Ein Baum sprang auf und wuchs um ihn herum, wobei er den K\u00f6rper von Osiris in seinem Stamm umschloss. Der Baum wurde gro\u00df, sch\u00f6n und duftend. [Siehe unten die Darstellung des alt\u00e4gyptischen Tempels.] Die Nachricht von diesem pr\u00e4chtigen Baum erreichte den K\u00f6nig dieses fremden Landes, der befahl, den Baum zu f\u00e4llen und seinen Stamm zu ihm zu bringen. Er nutzte den Koffer als S\u00e4ule in seinem Haus, ohne das gro\u00dfe Geheimnis zu kennen, das darin verborgen war.<\/p>\n<p style=\"padding-left: 30px;\"><strong>Dies ist ein Hinweis auf den Baum des Lebens und mit allem, was dies impliziert. Es ist auch ein Hinweis auf die Tet-S\u00e4ule (Djed) von Osiris.<\/strong><\/p>\n<p style=\"padding-left: 30px;\"><strong>Im Christentum wurde daraus der Weihnachtsbaum.<\/strong><\/p>\n<p><a href=\"http:\/\/egyptianwisdomcenter.org\/wp-content\/uploads\/2019\/02\/image084.jpg\"><img fetchpriority=\"high\" decoding=\"async\" class=\"size-full wp-image-101 aligncenter\" src=\"http:\/\/egyptianwisdomcenter.org\/wp-content\/uploads\/2019\/02\/image084.jpg\" alt=\"\" width=\"289\" height=\"179\" \/><\/a><\/p>\n<p>Isis hatte in ihren Tr\u00e4umen die Offenbarung, dass Osiris\u2018 K\u00f6rper sich in diesem fremden Land befunden hatte, und so reiste sie sofort dorthin. Als sie ankam, verkleidete sie sich als B\u00fcrgerin, freundete sich mit den Dienerinnen der K\u00f6nigin an und bekam im Palast eine Stelle als Krankenschwester des kleinen Prinzen.<\/p>\n<p style=\"padding-left: 30px;\"><strong>Isis, die K\u00f6nigin von \u00c4gypten, praktizierte die \u00e4gyptischen Lehren, die die Praxis der Demut betonen, indem sie anderen ausnahmslos dient, um die Vereinigung mit ihrer Liebe \u2013 dem G\u00f6ttlichen \u2013 zu erreichen.<\/strong><\/p>\n<p>Sp\u00e4ter gestand Isis der K\u00f6nigin ihre Identit\u00e4t und den Zweck ihrer Mission. Isis bat dann den K\u00f6nig, ihr die S\u00e4ule zu geben. Der K\u00f6nig gew\u00e4hrte ihrer Bitte, sie schnitt tief in den Stamm und holte die Truhe heraus.<\/p>\n<p>Isis kehrte mit der Truhe, die den leblosen K\u00f6rper von Osiris enthielt, nach \u00c4gypten zur\u00fcck. Sie versteckte die Leiche in den S\u00fcmpfen des Nildeltas. Isis nutzte ihre magischen Kr\u00e4fte [laut <em>Pyramidentexte<\/em> Nummer 632, 1636 und Wandgem\u00e4lde in Abydos und Philae], um sich in eine Taube zu verwandeln. Sie sch\u00f6pfte die Essenz von Osiris aus ihm und empfing ein Kind \u2013 Horus. Mit anderen Worten: Isis wurde vom heiligen Geist des Osiris geschw\u00e4ngert. [Siehe die Darstellung des alt\u00e4gyptischen Tempels unten.]<\/p>\n<blockquote><p><strong>&gt;Diese Aktion symbolisiert Reinkarnation und spirituelle Wiedergeburt \u2013 ein Schl\u00fcssel zum Verst\u00e4ndnis des \u00e4gyptischen Glaubens an ein Leben nach dem Tod.<\/strong><\/p>\n<p><a href=\"http:\/\/egyptianwisdomcenter.org\/wp-content\/uploads\/2019\/02\/image087.jpg\"><img decoding=\"async\" class=\"size-full wp-image-102 aligncenter\" src=\"http:\/\/egyptianwisdomcenter.org\/wp-content\/uploads\/2019\/02\/image087.jpg\" alt=\"\" width=\"253\" height=\"117\" \/><\/a><\/p><\/blockquote>\n<p>Oben ist eine alt\u00e4gyptische Tempeldarstellung zu sehen, die Isis auf der linken Seite zeigt, w\u00e4hrend ihre magische Essenz, verk\u00f6rpert in der fliegenden Taube, die Essenz von Osiris anzieht, um sie zu schw\u00e4ngern. Auf der linken Seite symbolisiert eine froschk\u00f6pfige Netert (G\u00f6ttin), Heqet, die Kraft der Fruchtbarkeit und steht f\u00fcr Empf\u00e4ngnis und Fortpflanzung.<\/p>\n<p><strong>&gt;Isis\u2018 Empf\u00e4ngnis von Horus durch keinen lebenden Menschen ist die \u00e4lteste dokumentierte Version der unbefleckten Empf\u00e4ngnis. Der <em>\u00fcbernat\u00fcrliche Vorstellung<\/em> und das <em>jungfr\u00e4uliche Geburt<\/em> des Horus fanden Eingang in das Christentum.<\/strong><\/p>\n<blockquote><p>Die Rolle von Isis in der \u00e4gyptischen Modellgeschichte und der Geschichte der Jungfrau Maria ist auffallend \u00e4hnlich: Denn beide konnten ohne m\u00e4nnliche Schwangerschaft schwanger werden, und als solche wurde Isis als die verehrt <em>Jungfrau Mutter<\/em>.<\/p>\n<p><a href=\"http:\/\/egyptianwisdomcenter.org\/wp-content\/uploads\/2019\/02\/image091.jpg\"><img loading=\"lazy\" decoding=\"async\" class=\"size-full wp-image-104 aligncenter\" src=\"http:\/\/egyptianwisdomcenter.org\/wp-content\/uploads\/2019\/02\/image091.jpg\" alt=\"\" width=\"80\" height=\"156\" \/><\/a><\/p><\/blockquote>\n<p style=\"padding-left: 30px;\">\u2013 Mehr \u00fcber das alt\u00e4gyptische Konzept der heiligen (jungfr\u00e4ulichen) Empf\u00e4ngnis\/Geburt finden Sie weiter oben in diesem Buch.<\/p>\n<p style=\"padding-left: 30px;\">\u2013 Mehr \u00fcber das Ideal der Jungfr\u00e4ulichkeit in der alt\u00e4gyptischen Kultur finden Sie weiter oben in diesem Buch.<\/p>\n<p>Als Seth von dem neuen Kind (Horus) h\u00f6rte, ging Seth los, um das Neugeborene zu t\u00f6ten. Als ich h\u00f6rte, dass Seth kam, <strong><span style=\"text-decoration: underline;\">Isis wurde angewiesen, ihn an einen abgelegenen Ort in den S\u00fcmpfen des Nildeltas zu bringen<\/span><\/strong> [gem\u00e4\u00df der unten gezeigten alt\u00e4gyptischen Tempeldarstellung].<\/p>\n<p><a href=\"http:\/\/egyptianwisdomcenter.org\/wp-content\/uploads\/2019\/02\/image093.jpg\"><img loading=\"lazy\" decoding=\"async\" class=\"size-full wp-image-103 aligncenter\" src=\"http:\/\/egyptianwisdomcenter.org\/wp-content\/uploads\/2019\/02\/image093.jpg\" alt=\"\" width=\"201\" height=\"184\" \/><\/a><\/p>\n<p style=\"padding-left: 30px;\"><strong>Dies ist die Quelle der Geschichte, in der Herodes, als er von der Geburt des biblischen Jesus h\u00f6rte, sich daran machte, alle neugeborenen M\u00e4nner zu vernichten. Im Neuen Testament sagt der Engel des Herrn zu Josef: \u201eSteh auf, nimm das kleine Kind und seine Mutter und fliehe nach \u00c4gypten.\u201c<\/strong><\/p>\n<p style=\"padding-left: 30px;\"><strong>Wie Isis wird die Jungfrau Maria als \u201eK\u00f6nigin der S\u00fcmpfe\u201c gefeiert.<\/strong><\/p>\n<p style=\"padding-left: 30px;\">Am 25. Dezember fand im alten \u00c4gypten ein Fest zur Feier der Geburt des Horus statt, das dem christlichen Weihnachtsfest \u00e4hnelt. Die Feier wurde ausgerufen <em>Der Tag des Kindes in seiner Wiege<\/em>und fand im Hof und in der Kapelle des Dendera-Tempels statt. [Weitere Informationen in einem sp\u00e4teren Kapitel.]<\/p>\n<p>Die Geschichte geht weiter, dass der b\u00f6se Seth und seine Komplizen eines Nachts (w\u00e4hrend Isis im Verborgenen Horus zur Welt brachte) bei Vollmond die Truhe mit dem toten K\u00f6rper von Osiris fanden und ihn in 14 St\u00fccke schnitten (die Zahl 14 symbolisiert dies). die Anzahl der Tage, die ben\u00f6tigt werden, um einen Vollmond zu formen). Osiris stellt das Mondprinzip im Universum dar und ist als Osiris bekannt\u00a0<em>der Mond<\/em>.<\/p>\n<p>Als Isis h\u00f6rte, wie Seth und seine Komplizen Osiris in verschiedene St\u00fccke schnitten und sie im ganzen Land verstreuten, bestand ihre Aufgabe darin, nah und fern zu suchen, die zerbrochenen St\u00fccke einzusammeln und wieder zusammenzusetzen.<\/p>\n<p style=\"padding-left: 30px;\"><strong>1. <em>Zum Binden oder Zusammenbinden<\/em> ist die Bedeutung des \u201elateinischen\u201c Wortes <em>Religion<\/em>, was die Wurzel des Wortes \u201eReligion\u201c ist.<\/strong><\/p>\n<p style=\"padding-left: 30px;\"><strong>2. Indem wir uns an die Geschichte von Isis und Osiris erinnern und sie in Erinnerung rufen, bewahren wir in unseren Herzen eine Geschichte, die in den Worten von Joseph Campbell Folgendes zum Ausdruck bringt:\u00a0<\/strong><strong><em>\u201edie Immanenz der G\u00f6ttlichkeit in den ph\u00e4nomenalen Formen des Universums.\u201c<\/em><\/strong><\/p>\n<p>Sobald Horus zum Mann herangewachsen war, forderte er Seth im sogenannten \u201eGro\u00dfen Streit\/Kampf in der Wildnis\u201c um das Recht auf den Thron heraus.<\/p>\n<p>Isis sammelte mit Hilfe anderer alle Teile ein \u2026 alle bis auf den Phallus (ein Hinweis auf k\u00f6rperliche Fortpflanzung), der von einem Fisch im Nil verschluckt worden war. Anschlie\u00dfend vereinte sie den zerst\u00fcckelten K\u00f6rper des Osiris wieder, wickelte ihn mit Hilfe anderer in Leinenbinden und mumifizierte ihn.<\/p>\n<p>Thoth, Isis und Horus f\u00fchrten das aus <em>Zeremonie der Mund\u00f6ffnung<\/em> auf der Mumie, und Osiris wurde als Richter und K\u00f6nig der Toten (der Vergangenheit) wieder zum Leben erweckt, w\u00e4hrend Horus seinen Platz als K\u00f6nig der Lebenden (der Gegenwart) einnehmen sollte. Seth blieb der <em>Herr der Wildnis<\/em>.<\/p>\n<p style=\"padding-left: 30px;\"><strong>Dies stellt den immerw\u00e4hrenden ewigen Kreislauf der spirituellen Kraft auf der Erde dar: <em>Der K\u00f6nig ist tot: (Osiris); Es lebe der K\u00f6nig (Horus).<\/em><\/strong><\/p>\n<p>Als perfekter Hirte wird Osiris normalerweise in einem mumifizierten, b\u00e4rtigen menschlichen K\u00f6rper dargestellt, der den Hirtenstab (als Hirte der Menschheit) und den Dreschflegel (als Symbol f\u00fcr die F\u00e4higkeit, die Spreu vom Weizen zu trennen) tr\u00e4gt.<\/p>\n<p style=\"padding-left: 30px;\">Das Hirtenmotiv findet sich im 23. Psalm; \u201e<strong><em>Dein Stab und Dein Stab, sie tr\u00f6sten mich<\/em><\/strong>\u201c.<\/p>\n<p style=\"padding-left: 30px;\">In vielerlei Hinsicht \u00e4hnelt der Bericht \u00fcber die Auferstehung Jesu dem von Osiris. Wie Osiris soll er von den Toten auferstanden sein. Die alten \u00c4gypter glaubten ebenso wie die fr\u00fchen Christen (Hebr\u00e4er, 4:14), dass \u201e<strong><em>Der Mensch kann nicht gerettet werden<\/em><\/strong>\u201evon einem fernen Allm\u00e4chtigen, aber nur von jemandem, der die Erfahrung menschlichen Leidens und Todes geteilt hat.<\/p>\n<p style=\"padding-left: 30px;\">\u2013 Sowohl Osiris als auch Jesus litten und starben.<\/p>\n<p style=\"padding-left: 30px;\">\u2013 Sowohl Osiris als auch Jesus wurden kurz nach ihrem Tod auferweckt. Sie nahmen ihre irdische Form wieder an und bekr\u00e4ftigten demonstrativ das richtige Verhalten und die damit verbundenen au\u00dferweltlichen Belohnungen. Anschlie\u00dfend kehrten sie in den Himmel zur\u00fcck, nachdem sie \u201edie Welt gerettet\u201c hatten.<\/p>\n<p style=\"padding-left: 30px;\">\u2013 Beide wurden zum Erl\u00f6ser, an den sich M\u00e4nner und Frauen wandten, um die Gewissheit der Unsterblichkeit zu erlangen.<\/p>\n<p>Die mittelalterlichen Passionsspiele \u00fcber den Tod und die Auferstehung Jesu weisen enge Parallelen zum Tod und zur Auferstehung des \u00e4gyptischen K\u00f6nigs als Osiris auf.<\/p>\n<p><strong>Zum Schluss noch die biblische Geschichte \u00fcber die Auferweckung von den Toten <em>El-<span style=\"text-decoration: underline;\">Asar<\/span><\/em> oder <em>Lazarus<\/em> hat den alt\u00e4gyptischen Namen\/Konzept von Osiris beibehalten, dessen Name in der alt\u00e4gyptischen Sprache lautete <span style=\"text-decoration: underline;\">&#8216;<em>Asar<\/em>&#8216;<\/span>. Das im Johannesevangelium beschriebene Wunder war nie ein historisches Ereignis. Stattdessen war es ein wiederkehrendes, zutiefst archetypisches und weit verbreitetes Symbol f\u00fcr Gottes Macht, die Toten wiederzubeleben.<\/strong><\/p>\n<p>&nbsp;<\/p>\n<div dir=\"auto\">\n<p><strong><span style=\"color: #ff0000;\">[Ein Auszug aus <\/span>Alt\u00e4gyptische Wurzeln des Christentums, 2. Auflage<span style=\"color: #ff0000;\"> von Moustafa Gadalla]<br \/>\n<span style=\"color: #0000ff;\">https:\/\/egyptianwisdomcenter.org\/product\/ancienne-egypte-les-racines-du-christianisme\/<\/span><br \/>\n<\/span><\/strong><\/p>\n<p><img decoding=\"async\" class=\"aligncenter\" src=\"https:\/\/books2read-prod.s3.amazonaws.com\/CACHE\/images\/ubl_book_images\/book_display_image_GI3laab\/1bea4f8dcafc2f941541bcd630001b12\" \/><\/p>\n<p style=\"text-align: center;\"><strong><span style=\"color: #ff0000;\"><span style=\"color: #0000ff;\">https:\/\/egyptianwisdomcenter.org\/product\/ancienne-egypte-les-racines-du-christianisme\/<\/span><\/span><\/strong><\/p>\n<div dir=\"auto\"><\/div>\n<\/div>","protected":false},"excerpt":{"rendered":"<p>The Ancient Egyptian\/Christian Holy Families &nbsp; The Egyptian allegory of Isis and Osiris explains practically all facets of life. This love story [&hellip;]<\/p>","protected":false},"author":3,"featured_media":0,"parent":0,"menu_order":0,"comment_status":"closed","ping_status":"closed","template":"","meta":{"footnotes":""},"class_list":["post-86","page","type-page","status-publish","hentry"],"aioseo_notices":[],"_links":{"self":[{"href":"https:\/\/egyptianwisdomcenter.org\/de\/wp-json\/wp\/v2\/pages\/86","targetHints":{"allow":["GET"]}}],"collection":[{"href":"https:\/\/egyptianwisdomcenter.org\/de\/wp-json\/wp\/v2\/pages"}],"about":[{"href":"https:\/\/egyptianwisdomcenter.org\/de\/wp-json\/wp\/v2\/types\/page"}],"author":[{"embeddable":true,"href":"https:\/\/egyptianwisdomcenter.org\/de\/wp-json\/wp\/v2\/users\/3"}],"replies":[{"embeddable":true,"href":"https:\/\/egyptianwisdomcenter.org\/de\/wp-json\/wp\/v2\/comments?post=86"}],"version-history":[{"count":0,"href":"https:\/\/egyptianwisdomcenter.org\/de\/wp-json\/wp\/v2\/pages\/86\/revisions"}],"wp:attachment":[{"href":"https:\/\/egyptianwisdomcenter.org\/de\/wp-json\/wp\/v2\/media?parent=86"}],"curies":[{"name":"wp","href":"https:\/\/api.w.org\/{rel}","templated":true}]}}