{"id":8646,"date":"2019-03-04T13:25:59","date_gmt":"2019-03-04T18:25:59","guid":{"rendered":"https:\/\/egyptianwisdomcenter.org\/astronomisches-bewusstsein\/"},"modified":"2023-01-07T14:36:06","modified_gmt":"2023-01-07T19:36:06","slug":"astronomisches-bewusstsein","status":"publish","type":"page","link":"https:\/\/egyptianwisdomcenter.org\/de\/astronomisches-bewusstsein\/","title":{"rendered":"Astronomisches Bewusstsein"},"content":{"rendered":"<h2 style=\"text-align: center;\"><span style=\"color: #0000ff;\">Astronomisches Bewusstsein<\/span><\/h2>\n<p>&nbsp;<\/p>\n<h3><span style=\"color: #ff0000;\"><strong>1. Kosmisches Bewusstsein Und Astronomie<\/strong><\/span><\/h3>\n<p>\u00c4gypten, das den Einfluss des Himmels auf der Erde erkannte, beobachtete den Himmel mit gr\u00f6\u00dfter Aufmerksamkeit. Die Daten der Astronomie wurden f\u00fcr ihre Bedeutung untersucht: Das hei\u00dft, das Studium der Korrespondenzen zwischen den Ereignissen am Himmel und den Ereignissen auf der Erde. Astronomie und Astrologie waren f\u00fcr sie zwei Seiten derselben Medaille.<\/p>\n<p>Die alt\u00e4gyptischen Aufzeichnungen aller Themen zeigen eine vollst\u00e4ndige Koordination und Korrespondenz zwischen den Aktivit\u00e4ten der \u00c4gypter auf der Erde und den verschiedenen Zyklen des Universums (wie einige Anwendungen in diesem Buch beschrieben werden).<\/p>\n<p>Die \u00c4gypter waren sich ihrer Abh\u00e4ngigkeit von den Zyklen Erde und Himmel sehr wohl bewusst. Deshalb wurde den Tempelpriestern die Aufgabe \u00fcbertragen, die Bewegungen dieser Himmelsk\u00f6rper zu beobachten. Sie waren auch daf\u00fcr verantwortlich, andere Himmelsereignisse zu notieren und zu interpretieren.<\/p>\n<p>Zahlreiche Denkm\u00e4ler finden sich in den alt\u00e4gyptischen St\u00e4tten, die ihr volles Bewusstsein und Wissen \u00fcber Kosmologie und Astronomie belegen.<\/p>\n<p>Clement Alexandrinus (200 n. Chr.) berichtete \u00fcber das fortgeschrittene Wissen der Astronomie im alten \u00c4gypten. Er bezog sich auf f\u00fcnf miteinander verbundene B\u00e4nde im alten \u00c4gypten \u00fcber Astronomie \u2014 eines enth\u00e4lt eine Liste der Fixsterne, ein anderes \u00fcber die Ph\u00e4nomene der Sonne und des Mondes, zwei andere \u00fcber den Aufstieg der Sterne, und ein anderes mit einer Kosmographie und Geographie, den Verlauf der Sonne , Mond und die f\u00fcnf Planeten. Diese Referenzen deuten auf ein vollst\u00e4ndiges Verst\u00e4ndnis der Astronomie hin, die auch in unserer heutigen Zeit ihresgleichen sucht.<\/p>\n<p>W\u00e4hrend die westliche Akademikerin den Griechen das Wissen der Astronomie zuschreibt, schreiben die Griechen ihr astronomisches Wissen den \u00e4gyptischen Priestern zu.<\/p>\n<p>Der Gro\u00dfe Strabo [64 BCE\u201325 CE] ist in c. 20 v. u. Z. (ca. 100 Jahre nach Hipparchus), dass:<\/p>\n<p style=\"padding-left: 30px;\"><strong><em>&#8220;Die \u00e4gyptischen Priester sind die Obersten in der Wissenschaft des Himmels &#8230; [die \u00c4gypter] &#8230; Einige ihrer Gebote vermitteln; Obwohl sie den gr\u00f6\u00dften Teil verbergen. [Die \u00c4gypter] enth\u00fcllten den Griechen die Geheimnisse des ganzen Jahres, die diese wie bei vielen anderen Dingen ignorierten. &#8220;<\/em><\/strong><\/p>\n<p>(Mehr \u00fcber das genaueste \u00e4gyptische Kalenderjahr sp\u00e4ter in diesem Kapitel.)<\/p>\n<p>Astronomen, die \u00c4gypten studieren, argumentieren seit langem, dass die \u00e4gyptische Astronomie sehr weit fortgeschritten sei; Dass ihnen die Pr\u00e4zession der \u00c4quinoktien bekannt war, ebenso wie das heliozentrische System und viele andere Ph\u00e4nomene, die angeblich erst vor kurzem entdeckt wurden.<\/p>\n<p>&nbsp;<\/p>\n<h3><span style=\"color: #ff0000;\">2. Kepler Und \u00c4gyptische Astronomie<\/span><\/h3>\n<p>Vor ein paar Jahrzehnten wurden diejenigen, die vorschlugen, die Astronomie sei schon lange vor der Erfindung des Teleskops in einem fortgeschrittenen Zustand angekommen, allgemein l\u00e4cherlich gemacht oder ignoriert. Die &#8220;moderne&#8221; Astronomie wird den Werken von Johannes Kepler [1571 \u2013 1630 n. Chr.] zugeschrieben, und ihm wird zugeschrieben, die drei Planetengesetze ohne den &#8220;Nutzen eines Teleskops&#8221; &#8220;entdeckt&#8221; zu haben.<\/p>\n<p style=\"padding-left: 30px;\">Gesetz 1. Die Umlaufbahn eines Planet\/Kometen \u00fcber die Sonne ist eine Ellipse mit dem Zentrum der Sonne in einem Fokus.<\/p>\n<p style=\"padding-left: 30px;\">Law 2. Eine Linie, die einen Planet\/Kometen verbindet und die Sonne in gleichen Zeitabst\u00e4nden gleiche Bereiche ausfegt.<\/p>\n<p style=\"padding-left: 30px;\">Law 3. Die Quadrate der Perioden der Planeten sind proportional zu den W\u00fcrfeln ihrer halbgro\u00dfen Achsen.<\/p>\n<p>Planetengesetze, die die Zusammenh\u00e4nge zwischen Planeten, Entfernungen, Geschwindigkeitsunterschieden, Orbit-Konfigurationen usw. aufzeigen, k\u00f6nnen ohne regelm\u00e4\u00dfige Beobachtungen, Messungen, Aufzeichnungen und Analysen niemals bestimmt werden; Doch keiner dieser westlichen Akademiker erz\u00e4hlt uns, wie Kepler (aus der Luft) an diese planetarischen Gesetze ankam. In Wahrheit prahlte Kepler selbst in gedruckter Form, am Ende des Buches V seiner Serie <em>&#8220;Harmonie der Welt&#8221;,<\/em>dass er die verlorenen Gesetze \u00c4gyptens wiederentdeckte, wie unten erw\u00e4hnt:<\/p>\n<p style=\"padding-left: 30px;\"><strong><em>&#8220;Nun, achtzehn Monate nach dem ersten Licht, drei Monate nach dem wahren Tag, aber ein paar Tage, nachdem die reine Sonne jener wunderbarsten Studie zu leuchten begann, h\u00e4lt mich nichts zur\u00fcck. Es ist mir eine Freude, dem inspirierten Wahnsinn nachzugeben, es ist mir eine Freude, sterbliche M\u00e4nner mit der freim\u00fctigen Anerkennung zu verf\u00fchren, dass <span style=\"text-decoration: underline;\">Ich stehle die goldenen Gef\u00e4\u00dfe der \u00c4gypter<\/span> , um von ihnen ein Tabernakel zu meinem Gott zu bauen, weit weg von den Grenzen \u00c4gyptens. &#8220;<\/em><\/strong><\/p>\n<p>Der jubelnde Kepler erkl\u00e4rte nicht, dass er selbst etwas entdeckt habe. Vielmehr war es alles alcient Egyptian.<\/p>\n<p>&nbsp;<\/p>\n<h3><span style=\"color: #ff0000;\"><strong>3. Astronomische Beobachtungen Und Aufzeichnungen<\/strong><\/span><\/h3>\n<p>Zahlreiche Denkm\u00e4ler finden sich in den alt\u00e4gyptischen St\u00e4tten, die ihr volles Bewusstsein und Wissen \u00fcber Kosmologie und Astronomie belegen. Eine systematische Art astronomischer Beobachtung begann im alten \u00c4gypten schon sehr fr\u00fch. Die alten \u00c4gypter haben Informationen zusammengestellt, die anhand von Beobachtungen und Aufnahmen Diagramme der Konstellationen erstellen.<\/p>\n<p>Eine systematische Art der astronomischen Beobachtung begann schon in sehr fr\u00fchen Zeiten. Die \u00e4ltesten astronomischen Texte, die derzeit bekannt sind, finden sich auf den Deckel der h\u00f6lzernen S\u00e4rge aus der 9. Dynastie (um 2150 v. u. Z.).<\/p>\n<p>Diese Texte werden als <em>diagonale <\/em>Kalender oder <em>diagonale Sternuhren<\/em>bezeichnet, die die Ziele und Inhalte dieser Texte kennzeichnen: Die Beziehung zwischen Bewegung und Zeit der Sterne zu beobachten und zu dokumentieren.<\/p>\n<p>Das Wort &#8220;diagonal&#8221; bedeutet die Messung der Winkel; Das hei\u00dft, der Lichtbogen der Bewegung w\u00e4hrend eines bestimmten Zeitraums.<\/p>\n<p>Die Winkelmessungen sind in Verbindung mit der \u00e4gyptischen Aufteilung des Himmels in 36 eckige Segmente. Jeder hat einen 10-Grad-Mittelwinkel, f\u00fcr insgesamt 360 Grad.<\/p>\n<p>Diese Texte geben die Namen der Dekane (Sterne, die in zehnt\u00e4gigen Intervallen zur gleichen Zeit wie die Sonne stiegen), von denen es 36 waren.<\/p>\n<p>Aufw\u00e4ndigere Sternenkarten wurden im Neuen Reich (1550 \u2013 1070 v. u. Z.) an der Decke des Grabes von Senenmut, dem Architekten von K\u00f6nigin Hatschepsut, und an der Decke am Tempel von Abydos gefunden. In den Gr\u00e4bern von Set I und Ramses IV, VII und IX geben Inschriften, die sich auf den ersten und den 16. Tag eines jeden Monats beziehen, die Position, die ein Stern zu jeder der 12 Stunden der Nacht in Bezug auf eine sitzende Figur (\u00fcber dem linken Ohr) besetzt hat. , \u00fcber dem rechten Ohr, etc.).<\/p>\n<p>&nbsp;<\/p>\n<h3><span style=\"color: #ff0000;\"><strong>4. \u00c4gyptische Echte Zeitnahme<\/strong><\/span><\/h3>\n<p>Das alt\u00e4gyptische Wissen \u00fcber die Zeitmessung spiegelt sich in der Teilung des Tages in 12 Stunden des Tages und 12 Stunden der Nacht wider. Die Dauer der Stunde stand nicht fest, sondern variierte mit den Jahreszeiten. Lange Tage im Sommer bedeuteten l\u00e4ngere Tageszeiten und das Gegenteil in den Wintermonaten. Der 21. M\u00e4rz und der 23. September, wenn die Sonne den \u00c4quator \u00fcberquert und Tag und Nacht \u00fcberall gleich lang sind, werden als &#8220;\u00c4quinoktien&#8221; (gleiche N\u00e4chte) bezeichnet. Die variable L\u00e4nge der Stunde bedeutet ihr Verst\u00e4ndnis des Tagundnachtums sowie ihr vollst\u00e4ndiges Verst\u00e4ndnis der genauen Zeitmessung, wie unten erl\u00e4utert.<\/p>\n<p><img loading=\"lazy\" decoding=\"async\" class=\"aligncenter\" src=\"https:\/\/pressbooks.com\/app\/uploads\/sites\/53513\/2017\/06\/aecr-ch11-ger-200c.jpg\" width=\"337\" height=\"180\" \/><\/p>\n<p>Weil sich die Erde einmal im Jahr um die Sonne in der Ebene ihrer Umlaufbahn dreht, ver\u00e4ndert sich die Referenzlinie zur Sonne st\u00e4ndig, und die L\u00e4nge eines Sonnentages ist nicht die wahre Zeit einer Rotation der Erde. Es ist daher, dass unsere &#8220;moderne&#8221; Astronomie erkennt, dass die wahre Zeit einer Rotation der Erde, die als siderischer Tag bekannt ist, auf einer Rotation in Bezug auf die Fr\u00fchlingspressekunde basiert, wenn die L\u00e4nge von Tag und Nacht genau gleich ist.<\/p>\n<p>Die alten \u00c4gypter kannten die Geheimnisse der Zeit, weil sie die scheinbare Bewegung der Sterne, des Mondes und der Sonne beobachteten und untersuchten. Da sich alle Himmelsk\u00f6rper gegen\u00fcber dem Betrachter in konstanter scheinbarer Bewegung befinden, ist es \u00e4u\u00dferst wichtig, den genauen Zeitpunkt der Beobachtung eines Himmelsk\u00f6rpers zu kennen \u2014 den die alten \u00c4gypter vor langer Zeit beherrschten.<\/p>\n<p>Die Bewegung jedes Himmelsk\u00f6rpers wurde in Winkelver\u00e4nderung als eine Kombination aus Deklination und rechter Himmelfahrt gemessen; Das sind die angegebenen Koordinaten der Sterne auf einer Himmelskarte.<\/p>\n<p>Die Beobachtungen wurden aufgezeichnet und auf einem Gitter gezeichnet, indem sie \u2014 unter der Mitte des Himmels \u00fcberlagerten \u2014 eine menschliche Figur, die aufrecht sitzt, mit der Spitze seines Kopfes unter dem Zenit platziert wurden. Das Gitter bestand in der Regel aus 8 horizontalen Segmenten und 12 vertikalen Segmenten, was die 12 Stunden der Nacht darstellt. Die Sterne, die sich dem Zenit n\u00e4herten, wurden \u00fcber einen Teil dieser Figur referenziert, und ihre Position wurde in den Listen der Sterne angegeben: \u00dcber das linke Ohr, \u00fcber das rechte Ohr, etc.<\/p>\n<p>Die alt\u00e4gyptischen astronomischen Texte geben die Position der Sterne w\u00e4hrend der 12 Stunden der Nacht in Abst\u00e4nden von 15 Tagen, und aus dieser Information kann die Ver\u00e4nderung der Lage eines bestimmten Punktes am Himmel gemessen werden. Diese h\u00e4ufigen, regelm\u00e4\u00dfigen Messungen und Aufzeichnungen f\u00fchrten dazu, dass sie die Geschwindigkeit der Himmelsk\u00f6rper korrelierten, und als solche konnten die alten \u00c4gypter gro\u00dfe und kleinere Unregelm\u00e4\u00dfigkeiten in der wahrgenommenen Bewegung dieser Himmelsk\u00f6rper aufzeichnen.<\/p>\n<p>Karten der Himmels-und Sterntische wurden in \u00c4gypten von einem sehr fr\u00fchen Datum an gemacht; Die Sterne, die gruppiert werden, um Konstellationen zu bilden, wie sie an den Decken des Grabes dargestellt werden. Astronomische Hinweise auf das wichtige Sternbild des Bullen Leg (Gro\u00dfer B\u00e4r) zu Sirius, zu Orion und zu anderen Sternengruppen finden sich in den Pyramidentexten der 5. und 6. Dynastie.<\/p>\n<p>Listen der Dekane oder Zehn-Tage-Sterne (oder Sternengruppen), die mit Stundenster-Tischen in Verbindung gebracht wurden, wurden bereits in den S\u00e4rgen der 11. und 12. Dynastien aus Assyut verwendet.<\/p>\n<p><img decoding=\"async\" class=\"aligncenter\" src=\"https:\/\/pressbooks.com\/app\/uploads\/sites\/53513\/2017\/05\/aecr-183-200.jpg\" \/><\/p>\n<p>&nbsp;<\/p>\n<p style=\"text-align: center;\"><strong>Liste der Sterne am 16. Oktober Babeh (Paophi)\u201427. Oktober \u2014 Ramses<\/strong><br \/>\n<strong>IX es Grab in Ta-Apet (Theben).<\/strong><\/p>\n<p>&nbsp;<\/p>\n<p>Im Falle des Grabes von Ramses IX. (1131-1112 v. u. Z.) zeigt die Decke die Positionen der verschiedenen Sterne \u00fcber 12 aufeinanderfolgende 15-Tage-Perioden. Aus diesen Sternkarten bestimmten die alten \u00c4gypter die Positionen und Ver\u00e4nderungen der Lage und\/die Zeit der Sterne. Als solche waren sich die alten \u00c4gypter der Tatsache bewusst, dass sich die Sterne langsam bewegten und dass dies auf dem Meridianverkehr leicht messbar war; Und so wussten und erarbeiteten die alten \u00c4gypter die Geschwindigkeit des pr\u00e4ssionalen Wandels.<\/p>\n<p>Die alten \u00c4gypter bezogen sich auf die Sterne, die den Umfang der verschiedenen Konstellationen bestimmen, wie:<\/p>\n<p style=\"padding-left: 30px;\">Bein des Riesen<br \/>\nKlaue der Gans<br \/>\nKopf der Gans<br \/>\nHinderlicher Teil der Gans<br \/>\nStern von Tausenden<br \/>\nStar S &#8216; ar<br \/>\nFingerzeig des Sternbildes S &#8216; ah. (Orion)<br \/>\nDie Stars von S &#8216; ah. (Orion)<br \/>\nStern, der Sirius folgt<br \/>\nFingerzeig der Zwillingssterne<br \/>\nSterne des Wassers<br \/>\nZeigefinger der S &#8216; ah.<br \/>\nL\u00f6wenkopf<br \/>\nSchwanz des L\u00f6wen<\/p>\n<p>&nbsp;<\/p>\n<h3><span style=\"color: #ff0000;\"><strong>5. Der Zodiac-Zyklus<\/strong><\/span><\/h3>\n<p><a href=\"https:\/\/egyptianwisdomcenter.org\/wp-content\/uploads\/2019\/02\/ec3-136.jpg\"><img loading=\"lazy\" decoding=\"async\" class=\"size-medium wp-image-873 aligncenter\" src=\"https:\/\/egyptianwisdomcenter.org\/wp-content\/uploads\/2019\/02\/ec3-136-300x129.jpg\" alt=\"\" width=\"300\" height=\"129\" \/><\/a><\/p>\n<p>Die Sternenkarte des Nordpols des Himmels, vom Grab von Seti I [1333 \u2013 1304 v. u. Z. [oben], verst\u00e4rkt<br \/>\nDie alt\u00e4gyptische Bedeutung des Wortes Tierkreiszeichen \u2014 als Tierkreis.<\/p>\n<p>Der Hauptgrund f\u00fcr unser Bewusstsein auf der Erde, dass der Tierkreis sich verh\u00e4lt, sind die komplexen Wechselwirkungen zwischen der Erde, der Sonne und dem Mond. Unter den verschiedenen B\u00e4nden der alt\u00e4gyptischen Texte, wie sie von Clemens Alexandrinus anerkannt wurden, befand sich ein ganzer Band \u00fcber die Ph\u00e4nomene Sonne und Mond. Die Bedeutung von Sonne und Mond im kosmischen Rhythmus wird allegorisch Isis und Osiris zugeschrieben, die am besten von Diodorus von Sizilien, Buch I, <em>11, beschrieben<\/em>wurden. 5-6:<\/p>\n<p style=\"padding-left: 30px;\"><strong><em>Diese beiden neteru (G\u00f6tter), sie halten, regulieren das gesamte Universum,. . .<br \/>\n<\/em><\/strong><\/p>\n<p>Die beiden Aktionen von Sonne und Mond auf der Erde sind die Ursache f\u00fcr die Pr\u00e4zession. Der Mond und die Sonne ziehen, gravitativ, auf dem \u00c4quatorialw\u00f6lgel unserer Erde. Der Mond versucht, den Wulst in die Ebene seiner Umlaufbahn um die Erde zu ziehen, und die Sonne versucht, diese W\u00f6lbung in die Ebene der Erdumlaufbahn um die Sonne zu ziehen. Infolgedessen dreht sich die Erde nicht auf ihrer Achse, sondern eher wie ein etwas abseits des Zentrum drehendes Oberteil. Das kombinierte Ergebnis dieser beiden Tendenzen f\u00fchrt dazu, dass die Erdachse einen Doppelkegel im Weltraum bildet, der sich auf das Zentrum der Erde konzentriert-eine Art Wackeln. Dieser Antrag wird als Pr\u00e4zession bezeichnet.<\/p>\n<p><img loading=\"lazy\" decoding=\"async\" class=\"aligncenter\" src=\"https:\/\/pressbooks.com\/app\/uploads\/sites\/53513\/2017\/06\/aecr-ch11-ger-200c.jpg\" width=\"365\" height=\"195\" \/><\/p>\n<p>Die Erde dreht sich von West nach Ost auf ihrer Polarachse und dreht sich um die Sonne in einer elliptischen Umlaufbahn mit der Sonne an einem Fokus der Ellipse. Sie vollendet eine Revolution in einem Zeitraum von 365.2564 Tagen. Die Neigung der Erde (231\/2 Grad mit der senkrechten zur Orbitalebene), kombiniert mit ihrer Umdrehung um die Sonne, bewirkt, dass sich die L\u00e4nge von Tag und Nacht \u00e4ndert und auch die verschiedenen Jahreszeiten [oben].<\/p>\n<p>Es gibt mehrere Komponenten dieser wackeligen Bewegung der Erde. Sie sind einfach unterschiedliche Frequenzbestandteile der gleichen physikalischen Effekte \u2014 dem Tauziehen zwischen den drei K\u00f6rpern.<\/p>\n<p>Wenn der Himmel als konstellate Kulisse betrachtet wird, dann erhebt sich der Fr\u00fchlingspunkt jedes Jahr wegen des Wackelns der Erde auf seiner Achse vor einem sich allm\u00e4hlich wandelnden Hintergrund von Sternbildern. Der Effekt ist nicht real, sondern <em>offensichtlich und bezieht nur die<\/em>Sterne mit ein. Die Sterne bewegen sich nicht, sondern scheinen sich wegen des pr\u00e4ssionalen Wackelns der Erde zu bewegen. Astronomen nennen das die Pr\u00e4zession der \u00c4quinoktien.<\/p>\n<p>Die st\u00e4ndige Verschiebung der Position der Sterne wirkt wie eine Art Sternuhr f\u00fcr unseren Planeten. F\u00fcr die alten \u00c4gypter, die die genaue Geschwindigkeit des prozessionalen Wandels und die Koordination eines Sterns kannten, waren sie in der Lage, seine H\u00f6he am Meridian f\u00fcr eine bestimmte Zeit oder seinen aufsteigenden Punkt am \u00f6stlichen Horizont zu bestimmen.<\/p>\n<p>Die Pr\u00e4zession der \u00c4quinoktien durch die Sternbilder gibt den zw\u00f6lf Tierkreiszeiten Namen. Es dauert etwa 2.160 Jahre, bis der Tagundnachtgleiche durch ein Tierkreiszeichen vorangeht. So dauert es etwa 25.000 920 Jahre, bis die Fr\u00fchlingstaginoktium den vollen Kreislauf der Sternbilder der zw\u00f6lf Tierkreiszeichen durchquert. Dieser komplette Zyklus wird als das &#8220;Great\/Full Year&#8221; bezeichnet.<\/p>\n<p>Jedes der Tierkreiszeichen ist in drei gleiche Segmente unterteilt, die durch drei menschliche Figuren in Verbindung mit den \u00c4gyptern dargestellt werden, die den Himmel in 36 eckige Segmente unterteilen. Jeder hat einen 10-Grad-Mittelwinkel, f\u00fcr insgesamt 360-Grade.<\/p>\n<p>Wie oben erw\u00e4hnt, werden diese Dekane meist in einem linearen Fluss aus der fr\u00fchesten Periode der \u00e4gyptischen wiedergewonnenen Geschichte dargestellt.<\/p>\n<p><img decoding=\"async\" class=\"aligncenter\" src=\"https:\/\/egyptianwisdomcenter.org\/wp-content\/uploads\/2019\/02\/aecr-ch11-debdera5-300x115.jpg\" \/><\/p>\n<p>Genau diese decan-Darstellungen und-organisationen sind genau die gleichen Jahrtausende sp\u00e4ter, entweder im linearen Fluss im hypo-Style in der Halle des Dendera-Tempels (siehe Foto im Anhang C] oder im kreisf\u00f6rmigen Fluss, wie hier im selben \u00e4gyptischen Tempel gezeigt, mit dem F\u00fcr jede der zw\u00f6lf Tierkreiskonstellationen gleich dreifache Dekane<\/p>\n<p><img decoding=\"async\" class=\"aligncenter\" src=\"https:\/\/egyptianwisdomcenter.org\/wp-content\/uploads\/2019\/02\/aecr-ch11-dendera1-300x300.jpg\" \/><\/p>\n<p>Abschnitt des Dendera-Tierkreises:<\/p>\n<p><img decoding=\"async\" class=\"aligncenter\" src=\"https:\/\/egyptianwisdomcenter.org\/wp-content\/uploads\/2019\/02\/aecr-ch11-dendera2-300x142.jpg\" \/><\/p>\n<p>Ein vergr\u00f6\u00dferter Abschnitt des Dendera-Tierkreises:<\/p>\n<p><a href=\"https:\/\/egyptianwisdomcenter.org\/wp-content\/uploads\/2019\/02\/aecr-ch11-dendera3.jpg\"><img loading=\"lazy\" decoding=\"async\" class=\"size-medium wp-image-705 aligncenter\" src=\"https:\/\/egyptianwisdomcenter.org\/wp-content\/uploads\/2019\/02\/aecr-ch11-dendera3-300x235.jpg\" alt=\"\" width=\"300\" height=\"235\" \/><\/a><\/p>\n<p>&nbsp;<\/p>\n<p>Unten ist die \u00e4gyptische Tierkreiskarte zu sehen, die die wichtigsten Elemente mit weniger Details als die urspr\u00fcngliche Karte zeigt.<\/p>\n<p><a href=\"https:\/\/egyptianwisdomcenter.org\/wp-content\/uploads\/2019\/02\/aecr-ch11-dendera4.jpg\"><img loading=\"lazy\" decoding=\"async\" class=\"size-medium wp-image-706 aligncenter\" src=\"https:\/\/egyptianwisdomcenter.org\/wp-content\/uploads\/2019\/02\/aecr-ch11-dendera4-300x296.jpg\" alt=\"\" width=\"300\" height=\"296\" \/><\/a><\/p>\n<p>Die Tierkreiszeichen sind an zwei Orten im Het-Heru (Hathor) Tempel in Dendera dargestellt. Es handelt sich eindeutig um einen alt\u00e4gyptischen, mit seinen Figuren, Symbolen usw. Die gleiche exakte Symbolik der dargestellten Tierkreiszeiten, Gottheiten, Figuren usw. findet sich in zahlreichen alt\u00e4gyptischen Tempeln und Gr\u00e4bern im ganzen Land, lange vor der griechisch-r\u00f6mischen Zeit.<\/p>\n<p>Die westliche Wissenschaft missachtete die \u00fcberw\u00e4ltigenden physischen Beweise sowie die Best\u00e4tigung der alt\u00e4gyptischen Quellen, dass die Pr\u00e4zession der \u00c4quinoktien in \u00c4gypten seit jeher bekannt war. Die akademische Akademikerin \u00fcbergab den Kredit an den &#8220;griechischen&#8221; Hipparchus von Alexandria [c.160\u2013125 v. Chr.]. Dies ist ein weiterer erb\u00e4rmlicher Versuch, einem Europ\u00e4er mit einer gro\u00dfen Errungenschaft einen Kredit zu verbuchen. Doch in diesem Fall h\u00e4tte Hipparchus (der sich nie als Quelle behauptete) nie im Alleingang etwas tun k\u00f6nnen, das astronomische Beobachtungen, Messungen und Aufnahmen \u00fcber Jahrhunderte und Jahrtausende erfordert.<\/p>\n<p>W\u00e4hrend die westliche Akademikerin den Griechen das Wissen der Astronomie zuschreibt, schreiben die Griechen ihr astronomisches Wissen den \u00e4gyptischen Priestern zu. Der Gro\u00dfe Strabo [64 BCE\u201325 CE] ist in c. 20 v. u. Z. (ca. 100 Jahre nach Hipparchus), dass:<\/p>\n<p style=\"padding-left: 30px;\"><strong><em>Die \u00e4gyptischen Priester sind die Obersten in der Wissenschaft des Himmels &#8230; [die \u00c4gypter] &#8230; Einige ihrer Gebote vermitteln; Obwohl sie den gr\u00f6\u00dften Teil verbergen. [Die \u00c4gypter] enth\u00fcllten den Griechen die Geheimnisse des ganzen Jahres, die diese wie bei vielen anderen Dingen ignorierten &#8230;<\/em><\/strong><\/p>\n<p>&nbsp;<\/p>\n<p><span style=\"color: #ff0000;\"><strong>[Ausz\u00fcge aus dem Buch &#8220;\u00c4gyptische Kosmologie: Das belebte Universum&#8221;, 3. Ausgabe <\/strong><\/span><span style=\"color: #ff0000;\"><strong>von Moustafa Gadalla]<\/strong><\/span><\/p>\n<p><span style=\"color: #0000ff;\"><strong>https:\/\/egyptianwisdomcenter.org\/product\/aegyptische-kosmologie-das-belebte-universum-dritte-ausgabe\/<\/strong><\/span><\/p>\n<p><img decoding=\"async\" class=\"aligncenter\" src=\"https:\/\/books2read-prod.s3.amazonaws.com\/CACHE\/images\/ubl_book_images\/book_display_image_IAxfdYr\/7b0ae84dc504e5886ee8fdec353b97af\" \/><\/p>\n<p style=\"text-align: center;\"><span style=\"color: #0000ff;\"><strong>https:\/\/egyptianwisdomcenter.org\/product\/aegyptische-kosmologie-das-belebte-universum-dritte-ausgabe\/<\/strong><\/span><\/p>\n<p style=\"text-align: center;\"><strong>&#8212;&#8212;<\/strong><\/p>\n<p><span style=\"color: #ff0000;\"><strong>Und aus dem Buch &#8220;Die alt\u00e4gyptische Kultur enth\u00fcllt&#8221;, 2. Ausgabe <\/strong><\/span><span style=\"color: #ff0000;\"><strong>von Moustafa Gadalla]<\/strong><\/span><\/p>\n<p><span style=\"color: #0000ff;\"><strong>https:\/\/egyptianwisdomcenter.org\/product\/die-altaegyptische-kultur-enthuellt-zweite-ausgabe\/<\/strong><\/span><\/p>\n<p><img decoding=\"async\" class=\"aligncenter\" src=\"https:\/\/books2read-prod.s3.amazonaws.com\/CACHE\/images\/ubl_book_images\/book_display_image_O86JnpN\/eb075e036c0853fe0676b7d60fb6e458\" \/><\/p>\n<p style=\"text-align: center;\"><span style=\"color: #0000ff;\"><strong>https:\/\/egyptianwisdomcenter.org\/product\/die-altaegyptische-kultur-enthuellt-zweite-ausgabe\/<\/strong><\/span><\/p>\n<p>&nbsp;<\/p>\n<div>\n<div>\n<div><\/div>\n<\/div>\n<\/div>\n<p>&nbsp;<\/p>\n","protected":false},"excerpt":{"rendered":"<p>Astronomisches Bewusstsein &nbsp; 1. Kosmisches Bewusstsein Und Astronomie \u00c4gypten, das den Einfluss des Himmels auf der Erde erkannte, beobachtete den Himmel mit [&hellip;]<\/p>\n","protected":false},"author":3,"featured_media":0,"parent":0,"menu_order":0,"comment_status":"closed","ping_status":"closed","template":"","meta":{"_monsterinsights_skip_tracking":false,"_monsterinsights_sitenote_active":false,"_monsterinsights_sitenote_note":"","_monsterinsights_sitenote_category":0,"footnotes":""},"class_list":["post-8646","page","type-page","status-publish","hentry"],"aioseo_notices":[],"_links":{"self":[{"href":"https:\/\/egyptianwisdomcenter.org\/de\/wp-json\/wp\/v2\/pages\/8646","targetHints":{"allow":["GET"]}}],"collection":[{"href":"https:\/\/egyptianwisdomcenter.org\/de\/wp-json\/wp\/v2\/pages"}],"about":[{"href":"https:\/\/egyptianwisdomcenter.org\/de\/wp-json\/wp\/v2\/types\/page"}],"author":[{"embeddable":true,"href":"https:\/\/egyptianwisdomcenter.org\/de\/wp-json\/wp\/v2\/users\/3"}],"replies":[{"embeddable":true,"href":"https:\/\/egyptianwisdomcenter.org\/de\/wp-json\/wp\/v2\/comments?post=8646"}],"version-history":[{"count":0,"href":"https:\/\/egyptianwisdomcenter.org\/de\/wp-json\/wp\/v2\/pages\/8646\/revisions"}],"wp:attachment":[{"href":"https:\/\/egyptianwisdomcenter.org\/de\/wp-json\/wp\/v2\/media?parent=8646"}],"curies":[{"name":"wp","href":"https:\/\/api.w.org\/{rel}","templated":true}]}}