{"id":95,"date":"2016-06-14T00:00:00","date_gmt":"2016-06-14T04:00:00","guid":{"rendered":"http:\/\/egyptianwisdomcenter.org\/ancient-egyptian-superior-farming-techniques\/"},"modified":"2023-01-06T00:23:37","modified_gmt":"2023-01-06T05:23:37","slug":"ancient-egyptian-superior-farming-techniques","status":"publish","type":"page","link":"https:\/\/egyptianwisdomcenter.org\/de\/altagyptische-uberlegene-landwirtschaftliche-techniken\/","title":{"rendered":"Die \u00fcberlegenen landwirtschaftlichen Techniken des alten \u00c4gypten"},"content":{"rendered":"<h2 style=\"text-align: center;\"><span style=\"color: #ff0000;\"><strong>Die \u00fcberlegenen landwirtschaftlichen Techniken des alten \u00c4gypten<\/strong><\/span><\/h2>\n<p>&nbsp;<\/p>\n<p>\u00c4gypten ist (und war) eines der trockensten Gebiete der Welt. Der Nil in \u00c4gypten erhielt w\u00e4hrend einer 100-t\u00e4gigen \u00dcberschwemmungsperiode jedes Jahr 901 TP3T seines Wassers, wie Herodot in feststellte <em>Die Geschichten<\/em>, [2, 92], wo er feststellt:<\/p>\n<p style=\"padding-left: 30px;\"><strong><em>. . . Zur Sommersonnenwende beginnt das Wasser zu steigen, steigt noch hundert Tage lang an und f\u00e4llt dann am Ende dieses Zeitraums wieder ab, so dass es den ganzen Winter \u00fcber niedrig bleibt, bis die Sommersonnenwende im darauffolgenden Jahr wieder bevorsteht.<\/em><\/strong><\/p>\n<p>Die \u00dcberschwemmungen des Nils sind eine Folge der Regenzeit in \u00c4thiopien, die den Schlick des \u00e4thiopischen Hochlandes erodiert und ihn entlang des Blauen Nils und anderer Nebenfl\u00fcsse nach \u00c4gypten tr\u00e4gt. \u00dcber den Wei\u00dfen Nil, der von Zentralafrika ausgeht, gelangt keine nennenswerte Wassermenge nach \u00c4gypten.<\/p>\n<p>Die alten \u00c4gypter verwalteten ihre begrenzten Wasserressourcen effizient und wurden zu den besten Trockenwetter-Agrarern der Welt. Das alte \u00c4gypten war weltweit f\u00fcr seine Trockenbew\u00e4sserungs- und Landwirtschaftstechniken bekannt. Diodorus sprach \u00fcber das effiziente \u00e4gyptische Landwirtschaftssystem:<\/p>\n<p style=\"padding-left: 30px;\"><strong><em>. . Da sie von klein auf mit landwirtschaftlichen T\u00e4tigkeiten erzogen wurden, \u00fcbertrafen sie die Landwirte anderer L\u00e4nder bei weitem und hatten sich mit den M\u00f6glichkeiten des Landes, der Art der Bew\u00e4sserung, der genauen Jahreszeit f\u00fcr Aussaat und Ernte und so weiter vertraut gemacht die n\u00fctzlichsten Geheimnisse im Zusammenhang mit der Ernte, die sie von ihren Vorfahren \u00fcbernommen und durch eigene Erfahrungen vertieft hatten.<\/em><\/strong><\/p>\n<p>Entlang des Niltals wurden mehrere Einrichtungen gegr\u00fcndet, um die sprudelnden \u00dcberschwemmungen zu bew\u00e4ltigen, indem sie den Wasserfluss im gesamten Niltal beobachteten, aufzeichneten und regulierten. Infolgedessen wurde ein hochorganisiertes kommunales Bew\u00e4sserungssystem entwickelt und seit jeher genutzt.<\/p>\n<p>Die begrenzten verf\u00fcgbaren Wasserressourcen im alten \u00c4gypten wurden am effizientesten durch den Einsatz organisierter Methoden der Wassereinsparung und -umleitung bewirtschaftet. Laut Strabo wurde das \u00e4gyptische kommunale Bew\u00e4sserungssystem so bewundernswert verwaltet:<\/p>\n<p style=\"padding-left: 30px;\"><strong><em>. . .diese Kunst schaffte es manchmal, das zu liefern, was die Natur verweigerte, und durch Kan\u00e4le und D\u00e4mme gab es kaum einen Unterschied in der Menge des bew\u00e4sserten Landes, unabh\u00e4ngig davon, ob die \u00dcberschwemmung unzureichend oder reichlich war.<\/em><\/strong><\/p>\n<p>Die alten \u00c4gypter machten genaue Beobachtungen \u00fcber die Zunahme der Nilh\u00f6he w\u00e4hrend der \u00dcberschwemmungssaison. In verschiedenen Teilen \u00c4gyptens wurden Nilometer gebaut, Ger\u00e4te zur Messung des allm\u00e4hlichen Anstiegs und Abfalls des Nils, und Schwankungen der Wasseroberfl\u00e4che wurden aufgezeichnet und gemeldet. Die H\u00f6hen der Nilometer in ganz \u00c4gypten waren alle an ein einziges gemeinsames Datum gebunden. Die Regulierung der Flie\u00dfmengen und -dauer wurde von sachkundigen Beamten kontrolliert, die mithilfe von Schleusentoren den Wasserfluss auf eine bestimmte H\u00f6he und Dauer kontrollierten. Diodorus, in <em>ICH<\/em>, [19. 5-6], bekr\u00e4ftigt:<\/p>\n<p style=\"padding-left: 30px;\"><strong><em>. . Zur Zeit der \u00dcberschwemmung darf es keine stehenden Teiche \u00fcber dem Land zu seinem Nachteil bilden, sondern das \u00dcberschwemmungswasser kann durch Tore, die sie [die \u00c4gypter] gebaut hatten, in einem sanften Fluss, je nach Bedarf, auf das Land geleitet werden .<\/em><\/strong><\/p>\n<p>Das Wasser der \u00dcberschwemmung wurde in den verschiedenen Bezirken unterschiedlich bewirtschaftet. Dies hing von vielen Faktoren ab, wie z. B. der relativen H\u00f6henlage der angrenzenden L\u00e4ndereien, den gerade angebauten Feldfr\u00fcchten usw.<\/p>\n<p>Die alten \u00c4gypter wussten um die unterschiedlichen Bodentypen und stellten eine Vielzahl landwirtschaftlicher Produkte zur Verf\u00fcgung. Sie nutzten sogar den Rand der W\u00fcste, wo die B\u00f6den aus einer Mischung aus Lehm und Sand bestehen, um Weinreben und einige andere Pflanzen anzubauen, die f\u00fcr diese B\u00f6den geeignet sind.<\/p>\n<p>Neben der Mischung aus salpeterhaltiger Erde, die mit Schlick aus \u00e4thiopischen H\u00fcgeln angereichert wurde, nutzten die \u00c4gypter f\u00fcr verschiedene Zwecke zus\u00e4tzliche Bodenn\u00e4hrstoffe wie nat\u00fcrliche D\u00fcngemittel (Mist von verschiedenen Tieren und V\u00f6geln). Dar\u00fcber hinaus verwendeten die alten \u00c4gypter auch \u201echemische\u201c D\u00fcngemittel, die auf den Fl\u00e4chen verteilt wurden. Diese wurden f\u00fcr bestimmte Kulturen verwendet; insbesondere solche, die sp\u00e4t im Jahr angebaut werden.<\/p>\n<p>Die alten \u00c4gypter versorgten nicht nur das Tiefland mit Wasser, sondern waren auch in der Lage, die Gebiete zu bew\u00e4ssern, die zu weit vom Fluss entfernt waren, um direkt von ihm \u00fcberflutet zu werden. Um bis zum W\u00fcstensand zu gelangen, nutzten sie ein System aus Kan\u00e4len und Wasserf\u00f6rderanlagen. Im alten \u00c4gypten wurde Wasser zu h\u00f6heren Kan\u00e4len bef\u00f6rdert, indem Folgendes verwendet wurde:<\/p>\n<p style=\"padding-left: 30px;\">1. Die <em>Schatten<\/em>\u2013 die \u00fcbliche Art, Wasser aus dem Nil zu heben oder Kan\u00e4le f\u00fcr eine kleine Wassermenge zu versorgen. Es besteht im Wesentlichen aus einer Stange und einem Eimer.<\/p>\n<p style=\"padding-left: 30px;\">2. Die von Philo erw\u00e4hnte Fu\u00dfmaschine (Pumpe), die darin wiederholt wird <em>Deuteronomium<\/em> [xi. 40],<\/p>\n<p style=\"padding-left: 60px;\"><strong><em>\u00c4gypten, wo du deinen Samen ges\u00e4t hast und ihn mit deinem Fu\u00df bew\u00e4ssert hast wie einen Kr\u00e4utergarten.<\/em><\/strong><\/p>\n<p style=\"padding-left: 30px;\">3. Die Hydraulikschraube. \u00c4gyptische Wasserpumpen waren weltweit bekannt und wurden im Bergbau in Iberia eingesetzt, wie aus der folgenden Aussage von Strabo hervorgeht: <em>Erdkunde<\/em>, [3.2.9]:<\/p>\n<p style=\"padding-left: 60px;\"><strong><em>Poseidonius impliziert also, dass die Energie und der Flei\u00df der Bergleute aus Turdetanien [S\u00fcdspanien] \u00e4hnlich sind, da sie ihre Sch\u00e4chte schr\u00e4g und tief bohren <span style=\"text-decoration: underline;\">Die B\u00e4che, die in den Sch\u00e4chten auf sie treffen, ziehen sie oft mit der \u00e4gyptischen Schraube ab.<\/span><\/em><\/strong><\/p>\n<p style=\"padding-left: 30px;\">Die \u201e\u00e4gyptische Schraube\u201c wurde nach dem gleichen Prinzip entworfen und hergestellt wie unsere modernen Pumpen, die aus einem um eine Welle gewickelten Spiralrohr oder einer gro\u00dfen Schraube in einem Zylinder bestehen, die von Hand oder mechanisch gedreht wird. Der handbetriebene Typ ist heute in \u00c4gypten allgemein als t bekannt<em>anbour<\/em>.<\/p>\n<p style=\"padding-left: 30px;\">4. Das Wasserrad mit seinen Schaufeln, um Wasser aus den Fl\u00fcssen aufzunehmen und in Bew\u00e4sserungskan\u00e4le einzuspeisen. Sie versorgen h\u00f6here Ebenen effizient mit Wasser und sind daher an Orten wie der Fayoum-Oase s\u00fcdlich von Kairo zu finden.<\/p>\n<p>Die alt\u00e4gyptischen Wasserwerke und Landgewinnungsprojekte waren selbst nach unseren heutigen Ma\u00dfst\u00e4ben f\u00fcr Projekte, bei denen schweres Ger\u00e4t zum Einsatz kam, riesig. Hier ein paar Beispiele:<\/p>\n<p style=\"padding-left: 30px;\">1. Vor \u00fcber 4.000 Jahren wurde ein gro\u00dfes Wasserstra\u00dfenumleitungsprojekt durchgef\u00fchrt. Das Projekt begann im heutigen Asyut, wo fr\u00fcher ein gro\u00dfer Teil des Nilwassers in die etwa 105 Meilen entfernte Region des heutigen Fayoum floss. [100 km] s\u00fcdwestlich von Kairo. Die Fayoum-Oase liegt unterhalb des Meeresspiegels und enth\u00e4lt den Qarun-See. Der See diente urspr\u00fcnglich als Auffangbecken f\u00fcr den Nil\u00fcberlauf und f\u00fcllte einst die gesamte Region. Dieses Wasser trug den fruchtbaren Nilschlamm mit sich und lagerte ihn auf dem Grund des Seegrundes ab. Dieses uralte Gro\u00dfprojekt f\u00fchrte zur Umleitung von Millionen Gallonen Wasser, das in den W\u00fcsten rund um die Fayoum-Region verschwendet wurde. Der Wasserzufluss in den See wurde verringert. Dadurch wurden etwa 801 TP3T der urspr\u00fcnglichen Seefl\u00e4che zur\u00fcckgewonnen und der fruchtbare Boden kultiviert. Eine Reihe von Wasserr\u00e4dern wurden verwendet, um Wasser an die Ufer dieses Nilarms zu leiten. Dar\u00fcber hinaus stand im Niltal n\u00f6rdlich von Assiut mehr Wasser zur Verf\u00fcgung, wodurch die Ackerfl\u00e4che zunahm.<\/p>\n<p style=\"padding-left: 30px;\">2. Es gibt arch\u00e4ologische Beweise f\u00fcr gro\u00dfe \u00f6ffentliche Projekte im (heutigen) Semna w\u00e4hrend der Zeit von K\u00f6nig Senwasret III. [1878\u20131844 v. Chr.]. Das Gebiet von Semna oberhalb des Dritten Katarakts war fruchtbar und beherbergte eine gro\u00dfe Bev\u00f6lkerung. W\u00e4hrend des Reichs der Mitte blockierte ein k\u00fcnstlicher Damm den Kanal. Ein Teil dieses Damms ist bis heute in Semna East noch sichtbar. Der Dammbau erh\u00f6hte den Pegel des Nils \u00fcber Hunderte von Kilometern im S\u00fcden und erm\u00f6glichte es Handelsexpeditionen, bis weit ins Innere Afrikas vorzudringen. Auf den Felsen unterhalb der Kanalfestungen Semna Ost und Semna West befinden sich etwa 25 Inschriften. Sie stellen Nil\u00fcberschwemmungsst\u00e4nde dar, die w\u00e4hrend des Reichs der Mitte aufgezeichnet wurden, und alle weisen einen Pegel auf, der etwa 25 Fu\u00df [8 m] h\u00f6her ist als der maximale Wasserstand von heute.<\/p>\n<p>&nbsp;<\/p>\n<div dir=\"auto\">\n<p><strong><span style=\"color: #ff0000;\">[Ein Auszug aus\u00a0<\/span><\/strong><strong>Alt\u00e4gyptisch: Kultur enth\u00fcllt, 2. Auflage<span style=\"color: #ff0000;\"> von Moustafa Gadalla]<br \/>\n<span style=\"color: #0000ff;\"><a href=\"https:\/\/egyptianwisdomcenter.org\/de\/produkt\/die-altaegyptische-kultur-enthuellt-zweite-ausgabe-2\/\">https:\/\/egyptianwisdomcenter.org\/product\/ancient-egyptian-culture-revealed-second-edition<\/a>\/<\/span><br \/>\n<\/span><\/strong><\/p>\n<p><img decoding=\"async\" class=\"aligncenter\" src=\"https:\/\/egyptianwisdomcenter.org\/wp-content\/uploads\/2023\/01\/die-altagyptische-kultur-enthullt-zweite-ausgabe.jpg\" \/><\/p>\n<div dir=\"auto\" style=\"text-align: center;\"><a href=\"https:\/\/egyptianwisdomcenter.org\/de\/produkt\/die-altaegyptische-kultur-enthuellt-zweite-ausgabe-2\/\"><span style=\"color: #0000ff;\"><strong>https:\/\/egyptianwisdomcenter.org\/product\/die-altaegyptische-kultur-enthuellt-zweite-ausgabe\/<\/strong><\/span><\/a><\/div>\n<\/div>","protected":false},"excerpt":{"rendered":"<p>The Ancient Egyptian Superior Farming Techniques &nbsp; Egypt is (and was) one of the most arid areas in the world. The River [&hellip;]<\/p>","protected":false},"author":3,"featured_media":0,"parent":0,"menu_order":0,"comment_status":"closed","ping_status":"closed","template":"","meta":{"footnotes":""},"class_list":["post-95","page","type-page","status-publish","hentry"],"aioseo_notices":[],"_links":{"self":[{"href":"https:\/\/egyptianwisdomcenter.org\/de\/wp-json\/wp\/v2\/pages\/95","targetHints":{"allow":["GET"]}}],"collection":[{"href":"https:\/\/egyptianwisdomcenter.org\/de\/wp-json\/wp\/v2\/pages"}],"about":[{"href":"https:\/\/egyptianwisdomcenter.org\/de\/wp-json\/wp\/v2\/types\/page"}],"author":[{"embeddable":true,"href":"https:\/\/egyptianwisdomcenter.org\/de\/wp-json\/wp\/v2\/users\/3"}],"replies":[{"embeddable":true,"href":"https:\/\/egyptianwisdomcenter.org\/de\/wp-json\/wp\/v2\/comments?post=95"}],"version-history":[{"count":0,"href":"https:\/\/egyptianwisdomcenter.org\/de\/wp-json\/wp\/v2\/pages\/95\/revisions"}],"wp:attachment":[{"href":"https:\/\/egyptianwisdomcenter.org\/de\/wp-json\/wp\/v2\/media?parent=95"}],"curies":[{"name":"wp","href":"https:\/\/api.w.org\/{rel}","templated":true}]}}