{"id":59717,"date":"2022-12-24T18:59:46","date_gmt":"2022-12-24T23:59:46","guid":{"rendered":"https:\/\/egyptianwisdomcenter.org\/?post_type=product&#038;p=59717"},"modified":"2024-05-31T08:14:52","modified_gmt":"2024-05-31T12:14:52","slug":"ancient-egyptian-culture-revealed-second-edition","status":"publish","type":"product","link":"https:\/\/egyptianwisdomcenter.org\/de\/produkt\/die-altaegyptische-kultur-enthuellt-zweite-ausgabe-2\/","title":{"rendered":"Alt\u00e4gyptische Kultur enth\u00fcllt, 2. Auflage"},"content":{"rendered":"<h2 class=\"synopsis-title\"><\/h2>\n<div class=\"collapsible-synopsis gizmo-collapsible-with-header show-teaser open\" data-kobo-gizmo=\"Collapsible.Synopsis\" data-kobo-gizmo-config=\"{ &quot;isOpen&quot;: {&quot;small&quot;: false, &quot;medium&quot;: false, &quot;large&quot;: false, &quot;jumbo&quot;: false}, &quot;name&quot;: &quot;AboutItem&quot;, &quot;toggleClass&quot; : &quot;toggle-button-hitbox&quot; }\" data-gid=\"g_20\">\n<div class=\"synopsis-description\" translate=\"no\">\n<p>Diese erweiterte Ausgabe des Buches besteht aus vier Teilen mit insgesamt 16 Kapiteln sowie drei Anh\u00e4ngen.<\/p>\n<p>Teil I: Die V\u00f6lker \u00c4gyptens besteht aus vier Kapiteln, 1 bis 4, wie folgt:<\/p>\n<p>Kapitel 1: Der Anfang behandelt das Zeitalter der \u00e4gyptischen Altert\u00fcmer, das gem\u00e4\u00df arch\u00e4ologischen, historischen und physischen Beweisen mindestens 39.000 Jahre betr\u00e4gt, sowie das Zeitalter des L\u00f6wen und der Sphinx. sowie das Alter des \u00e4gyptischen Sothischen Kalenders, der bei weitem der genaueste Kalender aller Zeiten ist.<\/p>\n<p>Kapitel 2: The Egyptian Populous behandelt die Wurzeln und Merkmale des [alten] \u00e4gyptischen Volkes, seine Wohnorte, seine Siedlungen auf der ganzen Welt und die Rolle von Ausl\u00e4ndern in der Geschichte des alten \u00c4gypten.<\/p>\n<p>Kapitel 3: The Most Religious behandelt die \u00e4gyptische Kosmologie; Monotheismus und Polytheismus; Tiersymbolik; die Erschaffung des Universums; das Konzept von Maat; und die Verbreitung der alt\u00e4gyptischen Religion auf der ganzen Welt unter neuen \u201eNamen\u201c.<\/p>\n<p>Kapitel 4: Die soziale\/politische Ordnung behandelt die Grundlagen und Anwendungen der matrilinearen\/matriarchalen Prinzipien; die matrilokalen Gemeinschaften; das \u00e4gyptische Basisrepubliksystem; das duale Aufsichts-\/Verwaltungssystem; und die Dokumentationsordnung aller Angelegenheiten auf \u00c4gyptisch<\/p>\n<p>Teil II: Die kosmischen Korrelationen besteht aus drei Kapiteln \u2013 5 bis 7 \u2013 wie folgt:<\/p>\n<p>Kapitel 5: Wie oben, so unten behandelt die Prinzipien und Anwendungen des kosmischen Bewusstseins im Leben der \u00c4gypter und die zyklischen Erneuerungsfeste als eine Form dieser Prinzipien.<\/p>\n<p>Kapitel 6: Der Pharao, die kosmische Verbindung behandelt die wahre Herrschaft des \u00e4gyptischen Pharaos als Meisterdiener; wie das Volk regierte; und vieles mehr.<\/p>\n<p>Kapitel 7: \u00c4gyptische Tempel bietet einen kurzen \u00dcberblick \u00fcber die tats\u00e4chliche Funktion\/Zielsetzung des \u00e4gyptischen Tempels; die harmonischen Designparameter; und vieles mehr.<\/p>\n<p>Teil III: The Learned Egyptian besteht aus f\u00fcnf Kapiteln \u2013 8 bis 12 \u2013 wie folgt:<\/p>\n<p>Kapitel 8: Die g\u00f6ttliche Sprache bietet einen kurzen \u00dcberblick \u00fcber die Schreibweisen im alten \u00c4gypten \u2013 die alphabetische Schriftform und die bildlichen, metaphysischen Symbole\/Schriften \u2013 sowie die kultivierten Aspekte der \u00e4gyptischen Alphabetsprache.<\/p>\n<p>Kapitel 9: Das \u00e4gyptische Musikerbe bietet einen schnellen \u00dcberblick \u00fcber das musikalische Erbe \u00c4gyptens. die Musikorchester; und die gro\u00dfe Auswahl an Musikinstrumenten; sowie Tanz und Ballett im alten \u00c4gypten.<\/p>\n<p>Kapitel 10: Gesundheit und Medizin bietet einen schnellen \u00dcberblick \u00fcber die weltweit h\u00f6chste Wertsch\u00e4tzung der \u00e4gyptischen Medizin. sein medizinischer Beruf; Inhalt einiger \u00e4gyptischer medizinischer Papyri \u00fcber Diagnose, Heilung und Behandlung verschiedener Krankheiten und Operationen; und die gro\u00dfe Auswahl an Rezepten.<\/p>\n<p>Kapitel 11: Astronomie behandelt einige erstaunlich genaue astronomische Kenntnisse und Praktiken wie astronomische Beobachtungen und Aufzeichnungen, den Tierkreiszyklus usw.<\/p>\n<p>Kapitel 12: Geometrie und Mathematik bietet einen kurzen \u00dcberblick \u00fcber die Themen Heilige Geometrie und Naturwissenschaften, Geod\u00e4sie sowie Mathematik und Numerologie. sowie \u00e4gyptisches Wissen und Anwendungen der heiligen \u201eVerh\u00e4ltnisse\u201c von Pi und Phi.<\/p>\n<p>Teil IV: Die lebendige Wirtschaft besteht aus vier Kapiteln \u2013 13 bis 16 \u2013 wie folgt:<\/p>\n<p>Kapitel 13: Die Kultivierungskultur behandelt die herausragende Anwendung von Trockenwetter-Landwirtschaftstechniken, die gesellschaftliche Arbeitsteilung und die Bauerngemeinschaft.<\/p>\n<p>Kapitel 14: Die Fertigungsindustrie behandelt das \u00e4gyptische Wissen \u00fcber Metallurgie und Metallverarbeitung; ihre goldenen Silberprodukte (Elektrum); ihre Kupfer- und Bronzeprodukte; ihre Verglasungsprodukte (Glas und Verglasung); ihre Eisenprodukte; ihre Bergbauaktivit\u00e4ten; und verschiedene Produkte wie Holzarbeiten, Stoffe, T\u00f6pferwaren, Leder und Papier; sowie einige verschiedene technologische Anwendungen.<\/p>\n<p>Kapitel 15: Transportinfrastruktur bietet einen kurzen \u00dcberblick \u00fcber die verschiedenen hochwertigen \u00e4gyptischen Schiffstypen. gro\u00dfe \u00e4gyptische K\u00fcstenh\u00e4fen; und Landtransport; sowie Schutzheilige und Reiseheiligt\u00fcmer.<\/p>\n<p>Kapitel 16: Die Marktwirtschaft behandelt die Funktionsweise der \u00e4gyptischen Marktwirtschaft; gesch\u00e4ftliche Transaktionen; \u00c4gyptische Exporte (Waren und Dienstleistungen); und \u00e4gyptische Importe; sowie der Aufstieg und Fall des internationalen Handels, der mit dem alten \u00c4gypten, dem Wirtschaftsmotor der antiken Welt, verbunden war.<\/p>\n<p>Der Inhalt der drei Anh\u00e4nge ergibt sich aus ihren Titeln; Sein:<\/p>\n<p>Anhang A: Fotos \u2013 The Rising Valley<br \/>\nAnhang B: Fotografien \u2013 Das Zeitalter des L\u00f6wen und der Sphinx<br \/>\nAnhang C: Fotografien \u2013 Astronomie<\/p>\n<\/div>\n<\/div>","protected":false},"excerpt":{"rendered":"<div id=\"fb-root\"><\/div>\n<p><script async defer crossorigin=\"anonymous\" src=\"https:\/\/connect.facebook.net\/fr_FR\/sdk.js#xfbml=1&#038;version=v18.0\" nonce=\"rGs0O0Ef\"><\/script><\/p>\n<div class=\"fb-page\" data-href=\"https:\/\/www.facebook.com\/AncientEgyptianCultureRevealed\" data-width=\"380\" data-hide-cover=\"false\" data-show-facepile=\"false\"><\/div>\n<p>&nbsp;<\/p>\n<p><span class=\"contributor-name-prefix\">von<\/span>\u00a0<span class=\"visible-contributors\"><a class=\"contributor-name\" translate=\"no\" href=\"https:\/\/egyptianwisdomcenter.org\/de\/um\/\" data-force-track=\"\" data-track-info=\"{&quot;description&quot;:&quot;authorSearch&quot;,&quot;author&quot;:&quot;Moustafa Gadalla&quot;}\">Moustafa Gadalla<\/a><\/span><\/p>\n<hr \/>\n<p><strong>KURZE BESCHREIBUNG<\/strong><\/p>\n<p>Diese neue, erweiterte Ausgabe enth\u00fcllt mehrere Aspekte der alt\u00e4gyptischen Kultur, wie zum Beispiel die weit entfernten Altert\u00fcmer \u00c4gyptens; die \u00e4gyptischen Merkmale und religi\u00f6sen \u00dcberzeugungen und Praktiken; ihr soziales\/politisches System; ihre kosmischen Tempel; der Reichtum ihrer Sprache; musikalisches Erbe und umfassende Wissenschaften; ihre fortschrittliche Medizin; ihre dynamische Wirtschaft; ausgezeichnete landwirtschaftliche und verarbeitete Produkte; ihr Transportsystem; und vieles mehr.<\/p>\n<p><a href=\"https:\/\/egyptianwisdomcenter.org\/wp-content\/uploads\/2022\/12\/The-Ancient-Egyptian-Culture-Revealed-sample.pdf\">Jetzt in der Vorschau ansehen (PDF)<\/a><\/p>\n<hr \/>\n<p><center><br \/>\n<a class=\"button minimal\" href=\"https:\/\/books2read.com\/u\/bpMreq\" target=\"_blank\" rel=\"noopener\">Kaufoptionen anzeigen<\/a><\/center><\/p>\n<div id='wpsr-reviews-slider-68948' class='wpsr-reviews-68948  wpsr-reviews-wrapper wpsr-feed-wrap wpsr_content  wpsr-reviews-slider-wrapper   wpsr-reviews-template-grid2 wpsr-reviews-layout-slider wpsr-header-enable' data-column='4' data-platforms='amazon' data-slider_settings='{&quot;autoplay&quot;:&quot;false&quot;,&quot;autoplay_speed&quot;:3000,&quot;slides_to_show&quot;:3,&quot;spaceBetween&quot;:20,&quot;responsive_slides_to_show&quot;:{&quot;desktop&quot;:2,&quot;tablet&quot;:2,&quot;mobile&quot;:1},&quot;slides_to_scroll&quot;:3,&quot;responsive_slides_to_scroll&quot;:{&quot;desktop&quot;:5,&quot;tablet&quot;:2,&quot;mobile&quot;:1},&quot;navigation&quot;:&quot;dot&quot;}'>\n<div class=\"wpsr-container wpsr-fixed-height\" style=\"\" >\n<div class=\"wpsr-business-info-wrapper\">\n<div class=\"wpsr-row\">\n<div class=\"wpsr-business-info  amazon\">\n<div class=\"wpsr-business-info-left\">\n<div class=\"wpsr-business-info-paltforms\"><img decoding=\"async\" src=\"https:\/\/egyptianwisdomcenter.org\/wp-content\/plugins\/wp-social-reviews\/assets\/images\/icon\/icon-amazon.png\" alt=\"amazon\"><\/div>\n<div class=\"wpsr-rating-and-count\"><span class=\"wpsr-total-rating\">4.6<\/span><span class=\"wpsr-rating\"><\/p>\n<div class=\"wpsr-star-container wpsr-star-background-filled\" style=\"--wpsr-review-star-fill: 100%;\">\n<div class=\"wpsr-star-empty\"><\/div>\n<div class=\"wpsr-star-filled\"><\/div>\n<\/p><\/div>\n<div class=\"wpsr-star-container wpsr-star-background-filled\" style=\"--wpsr-review-star-fill: 100%;\">\n<div class=\"wpsr-star-empty\"><\/div>\n<div class=\"wpsr-star-filled\"><\/div>\n<\/p><\/div>\n<div class=\"wpsr-star-container wpsr-star-background-filled\" style=\"--wpsr-review-star-fill: 100%;\">\n<div class=\"wpsr-star-empty\"><\/div>\n<div class=\"wpsr-star-filled\"><\/div>\n<\/p><\/div>\n<div class=\"wpsr-star-container wpsr-star-background-filled\" style=\"--wpsr-review-star-fill: 100%;\">\n<div class=\"wpsr-star-empty\"><\/div>\n<div class=\"wpsr-star-filled\"><\/div>\n<\/p><\/div>\n<div class=\"wpsr-star-container wpsr-star-background-filled\" style=\"--wpsr-review-star-fill: 60%;\">\n<div class=\"wpsr-star-empty\"><\/div>\n<div class=\"wpsr-star-filled\"><\/div>\n<\/p><\/div>\n<p><\/span><\/p>\n<div class=\"wpsr-total-reviews\">Based on <span>14<\/span> Reviews<\/div>\n<\/div>\n<\/div>\n<div class=\"wpsr-business-info-right\">\n<div class=\"wpsr-write-review-modal-wrapper\"><\/div>\n<\/div>\n<\/div>\n<\/div>\n<\/div>\n<div class=\"wpsr-row\" style=\"\">\n<div class=\"wpsr-reviews-slider-wrapper-inner\">\n<div class=\"wpsr-reviews-slider swiper-container wpsr-ai-summary-enabled-slider\" tabindex=\"0\">\n<div class=\"swiper-wrapper\">\n<div class=\"swiper-slide\" role=\"group\">\n<div class=\"wpsr-review-template wpsr-review-template-two wpsr-review-template-amazon\"\n                 style=\"\"\n                 data-index=\"0\"\n                 data-source_id=\"B07MLYHRCF\"\n                 data-media_id=\"\"\n                 data-review_platform=\"amazon\"\n                 data-product_thumbnail=\"\"\n                 data-product_name=\"\"\n                 data-image_resize=\"full\"\n            ><\/p>\n<div class=\"wpsr-review-platform\">\n                <img decoding=\"async\" class=\"wpsr-review-platform-icon\" width=\"20\" height=\"20\" src=\"https:\/\/egyptianwisdomcenter.org\/wp-content\/plugins\/wp-social-reviews\/assets\/images\/icon\/icon-amazon-small.png\" alt=\"amazon\">\n    <\/div>\n<div class=\"wpsr-reviewer-image\">\n    <a class=\"wpsr-reviewer-image-url\" target=\"_blank\" rel=\"noopener noreferrer nofollow\" href=\"https:\/\/www.amazon.com\/The-Ancient-Egyptian-Culture-Revealed\/dp\/B07MLYHRCF\/\"><br \/>\n                                    <img decoding=\"async\" class=\"wpsr-reviewer-avatar\" src=\"https:\/\/images-eu.ssl-images-amazon.com\/images\/S\/amazon-avatars-global\/default._CR0,0,1024,1024_SX48_.png\" alt=\"IAN WILLIAMS\"\/><br \/>\n                        <\/a>\n<\/div>\n<div class=\"wpsr-review-info\">\n                        <a class=\"wpsr-reviewer-name-url\" target=\"_blank\" rel=\"noopener noreferrer nofollow\" href=\"https:\/\/www.amazon.com\/The-Ancient-Egyptian-Culture-Revealed\/dp\/B07MLYHRCF\/\"><br \/>\n    <span class=\"wpsr-reviewer-name\">IAN WILLIAMS<\/span><br \/>\n    <\/a><\/p>\n<div data-rating=\"4\" class=\"wpsr-rating-wrapper wpsr-rating\">\n<div class=\"wpsr-star-container wpsr-star-background-filled\" style=\"--wpsr-review-star-fill: 100%;\">\n<div class=\"wpsr-star-empty\"><\/div>\n<div class=\"wpsr-star-filled\"><\/div>\n<\/p><\/div>\n<div class=\"wpsr-star-container wpsr-star-background-filled\" style=\"--wpsr-review-star-fill: 100%;\">\n<div class=\"wpsr-star-empty\"><\/div>\n<div class=\"wpsr-star-filled\"><\/div>\n<\/p><\/div>\n<div class=\"wpsr-star-container wpsr-star-background-filled\" style=\"--wpsr-review-star-fill: 100%;\">\n<div class=\"wpsr-star-empty\"><\/div>\n<div class=\"wpsr-star-filled\"><\/div>\n<\/p><\/div>\n<div class=\"wpsr-star-container wpsr-star-background-filled\" style=\"--wpsr-review-star-fill: 100%;\">\n<div class=\"wpsr-star-empty\"><\/div>\n<div class=\"wpsr-star-filled\"><\/div>\n<\/p><\/div>\n<div class=\"wpsr-star-container wpsr-star-background-empty\" style=\"--wpsr-review-star-fill: 0%;\">\n<div class=\"wpsr-star-empty\"><\/div>\n<div class=\"wpsr-star-filled\"><\/div>\n<\/p><\/div>\n<\/p><\/div>\n<p><span data-time=\"7\u00a0Jahren ago\" class=\"wpsr-review-date\"><br \/>\n     April 24, 2019<\/span>                        <\/p><\/div>\n<div class=\"wpsr-reviews-content-footer\">\n<h3 class=\"wpsr-review-title\">\n    Superb<\/h3>\n<div class=\"wpsr-review-content\" tabindex=\"0\">\n<p class=\"wpsr_add_read_more wpsr_show_less_content\" data-num-words-trim=\"10\">As usual Moustafa Gadalla gives a unique view of Egyptain culture. I only knocked off a star because his books don&#8217;t have the title on the spine, so when I stack it on my bookshelf I have to guess what Moustafa Gadalla book i&#8217;m looking for by the colour of the spine rather than the title. <\/p>\n<\/p><\/div>\n<\/p><\/div>\n<\/p><\/div>\n<\/p><\/div>\n<div class=\"swiper-slide\" role=\"group\">\n<div class=\"wpsr-review-template wpsr-review-template-two wpsr-review-template-amazon\"\n                 style=\"\"\n                 data-index=\"1\"\n                 data-source_id=\"B07MLYHRCF\"\n                 data-media_id=\"\"\n                 data-review_platform=\"amazon\"\n                 data-product_thumbnail=\"\"\n                 data-product_name=\"\"\n                 data-image_resize=\"full\"\n            ><\/p>\n<div class=\"wpsr-review-platform\">\n                <img decoding=\"async\" class=\"wpsr-review-platform-icon\" width=\"20\" height=\"20\" src=\"https:\/\/egyptianwisdomcenter.org\/wp-content\/plugins\/wp-social-reviews\/assets\/images\/icon\/icon-amazon-small.png\" alt=\"amazon\">\n    <\/div>\n<div class=\"wpsr-reviewer-image\">\n    <a class=\"wpsr-reviewer-image-url\" target=\"_blank\" rel=\"noopener noreferrer nofollow\" href=\"https:\/\/www.amazon.com\/The-Ancient-Egyptian-Culture-Revealed\/dp\/B07MLYHRCF\/\"><br \/>\n                                    <img decoding=\"async\" class=\"wpsr-reviewer-avatar\" src=\"https:\/\/images-na.ssl-images-amazon.com\/images\/I\/31Kcscz2WYL._CR0,0,363,363_SX48_.jpg\" alt=\"catprincess\"\/><br \/>\n                        <\/a>\n<\/div>\n<div class=\"wpsr-review-info\">\n                        <a class=\"wpsr-reviewer-name-url\" target=\"_blank\" rel=\"noopener noreferrer nofollow\" href=\"https:\/\/www.amazon.com\/The-Ancient-Egyptian-Culture-Revealed\/dp\/B07MLYHRCF\/\"><br \/>\n    <span class=\"wpsr-reviewer-name\">catprincess<\/span><br \/>\n    <\/a><\/p>\n<div data-rating=\"5\" class=\"wpsr-rating-wrapper wpsr-rating\">\n<div class=\"wpsr-star-container wpsr-star-background-filled\" style=\"--wpsr-review-star-fill: 100%;\">\n<div class=\"wpsr-star-empty\"><\/div>\n<div class=\"wpsr-star-filled\"><\/div>\n<\/p><\/div>\n<div class=\"wpsr-star-container wpsr-star-background-filled\" style=\"--wpsr-review-star-fill: 100%;\">\n<div class=\"wpsr-star-empty\"><\/div>\n<div class=\"wpsr-star-filled\"><\/div>\n<\/p><\/div>\n<div class=\"wpsr-star-container wpsr-star-background-filled\" style=\"--wpsr-review-star-fill: 100%;\">\n<div class=\"wpsr-star-empty\"><\/div>\n<div class=\"wpsr-star-filled\"><\/div>\n<\/p><\/div>\n<div class=\"wpsr-star-container wpsr-star-background-filled\" style=\"--wpsr-review-star-fill: 100%;\">\n<div class=\"wpsr-star-empty\"><\/div>\n<div class=\"wpsr-star-filled\"><\/div>\n<\/p><\/div>\n<div class=\"wpsr-star-container wpsr-star-background-filled\" style=\"--wpsr-review-star-fill: 100%;\">\n<div class=\"wpsr-star-empty\"><\/div>\n<div class=\"wpsr-star-filled\"><\/div>\n<\/p><\/div>\n<\/p><\/div>\n<p><span data-time=\"11\u00a0Jahren ago\" class=\"wpsr-review-date\"><br \/>\n     April 17, 2015<\/span>                        <\/p><\/div>\n<div class=\"wpsr-reviews-content-footer\">\n<h3 class=\"wpsr-review-title\">\n    5.0 out of 5 stars                    Profund reading<\/h3>\n<div class=\"wpsr-review-content\" tabindex=\"0\">\n<p class=\"wpsr_add_read_more wpsr_show_less_content\" data-num-words-trim=\"10\">It was a book I could not put down. IT is very sophisticated intellectually ,philosophically, and spiritually. It presents ancient Egypt  and its culture in a historically  astute profound way. IF you like to read books along this vein then this book would be a good starting point. <\/p>\n<\/p><\/div>\n<\/p><\/div>\n<\/p><\/div>\n<\/p><\/div>\n<div class=\"swiper-slide\" role=\"group\">\n<div class=\"wpsr-review-template wpsr-review-template-two wpsr-review-template-amazon\"\n                 style=\"\"\n                 data-index=\"2\"\n                 data-source_id=\"B07MLYHRCF\"\n                 data-media_id=\"\"\n                 data-review_platform=\"amazon\"\n                 data-product_thumbnail=\"\"\n                 data-product_name=\"\"\n                 data-image_resize=\"full\"\n            ><\/p>\n<div class=\"wpsr-review-platform\">\n                <img decoding=\"async\" class=\"wpsr-review-platform-icon\" width=\"20\" height=\"20\" src=\"https:\/\/egyptianwisdomcenter.org\/wp-content\/plugins\/wp-social-reviews\/assets\/images\/icon\/icon-amazon-small.png\" alt=\"amazon\">\n    <\/div>\n<div class=\"wpsr-reviewer-image\">\n    <a class=\"wpsr-reviewer-image-url\" target=\"_blank\" rel=\"noopener noreferrer nofollow\" href=\"https:\/\/www.amazon.com\/The-Ancient-Egyptian-Culture-Revealed\/dp\/B07MLYHRCF\/\"><br \/>\n                                    <img decoding=\"async\" class=\"wpsr-reviewer-avatar\" src=\"https:\/\/images-na.ssl-images-amazon.com\/images\/S\/amazon-avatars-global\/default._CR0,0,1024,1024_SX48_.png\" alt=\"Juan Olivares\"\/><br \/>\n                        <\/a>\n<\/div>\n<div class=\"wpsr-review-info\">\n                        <a class=\"wpsr-reviewer-name-url\" target=\"_blank\" rel=\"noopener noreferrer nofollow\" href=\"https:\/\/www.amazon.com\/The-Ancient-Egyptian-Culture-Revealed\/dp\/B07MLYHRCF\/\"><br \/>\n    <span class=\"wpsr-reviewer-name\">Juan Olivares<\/span><br \/>\n    <\/a><\/p>\n<div data-rating=\"3\" class=\"wpsr-rating-wrapper wpsr-rating\">\n<div class=\"wpsr-star-container wpsr-star-background-filled\" style=\"--wpsr-review-star-fill: 100%;\">\n<div class=\"wpsr-star-empty\"><\/div>\n<div class=\"wpsr-star-filled\"><\/div>\n<\/p><\/div>\n<div class=\"wpsr-star-container wpsr-star-background-filled\" style=\"--wpsr-review-star-fill: 100%;\">\n<div class=\"wpsr-star-empty\"><\/div>\n<div class=\"wpsr-star-filled\"><\/div>\n<\/p><\/div>\n<div class=\"wpsr-star-container wpsr-star-background-filled\" style=\"--wpsr-review-star-fill: 100%;\">\n<div class=\"wpsr-star-empty\"><\/div>\n<div class=\"wpsr-star-filled\"><\/div>\n<\/p><\/div>\n<div class=\"wpsr-star-container wpsr-star-background-empty\" style=\"--wpsr-review-star-fill: 0%;\">\n<div class=\"wpsr-star-empty\"><\/div>\n<div class=\"wpsr-star-filled\"><\/div>\n<\/p><\/div>\n<div class=\"wpsr-star-container wpsr-star-background-empty\" style=\"--wpsr-review-star-fill: 0%;\">\n<div class=\"wpsr-star-empty\"><\/div>\n<div class=\"wpsr-star-filled\"><\/div>\n<\/p><\/div>\n<\/p><\/div>\n<p><span data-time=\"11\u00a0Jahren ago\" class=\"wpsr-review-date\"><br \/>\n     Februar 26, 2015<\/span>                        <\/p><\/div>\n<div class=\"wpsr-reviews-content-footer\">\n<h3 class=\"wpsr-review-title\">\n    3.0 out of 5 stars                    Three Stars<\/h3>\n<div class=\"wpsr-review-content\" tabindex=\"0\">\n<p class=\"wpsr_add_read_more wpsr_show_less_content\" data-num-words-trim=\"10\">I don&#8217;t see support and everence on the book <\/p>\n<\/p><\/div>\n<\/p><\/div>\n<\/p><\/div>\n<\/p><\/div>\n<div class=\"swiper-slide\" role=\"group\">\n<div class=\"wpsr-review-template wpsr-review-template-two wpsr-review-template-amazon\"\n                 style=\"\"\n                 data-index=\"3\"\n                 data-source_id=\"B07MLYHRCF\"\n                 data-media_id=\"\"\n                 data-review_platform=\"amazon\"\n                 data-product_thumbnail=\"\"\n                 data-product_name=\"\"\n                 data-image_resize=\"full\"\n            ><\/p>\n<div class=\"wpsr-review-platform\">\n                <img decoding=\"async\" class=\"wpsr-review-platform-icon\" width=\"20\" height=\"20\" src=\"https:\/\/egyptianwisdomcenter.org\/wp-content\/plugins\/wp-social-reviews\/assets\/images\/icon\/icon-amazon-small.png\" alt=\"amazon\">\n    <\/div>\n<div class=\"wpsr-reviewer-image\">\n    <a class=\"wpsr-reviewer-image-url\" target=\"_blank\" rel=\"noopener noreferrer nofollow\" href=\"https:\/\/www.amazon.com\/The-Ancient-Egyptian-Culture-Revealed\/dp\/B07MLYHRCF\/\"><br \/>\n                                    <img decoding=\"async\" class=\"wpsr-reviewer-avatar\" src=\"https:\/\/images-eu.ssl-images-amazon.com\/images\/S\/amazon-avatars-global\/default._CR0,0,1024,1024_SX48_.png\" alt=\"Andrew Fontenelle\"\/><br \/>\n                        <\/a>\n<\/div>\n<div class=\"wpsr-review-info\">\n                        <a class=\"wpsr-reviewer-name-url\" target=\"_blank\" rel=\"noopener noreferrer nofollow\" href=\"https:\/\/www.amazon.com\/The-Ancient-Egyptian-Culture-Revealed\/dp\/B07MLYHRCF\/\"><br \/>\n    <span class=\"wpsr-reviewer-name\">Andrew Fontenelle<\/span><br \/>\n    <\/a><\/p>\n<div data-rating=\"5\" class=\"wpsr-rating-wrapper wpsr-rating\">\n<div class=\"wpsr-star-container wpsr-star-background-filled\" style=\"--wpsr-review-star-fill: 100%;\">\n<div class=\"wpsr-star-empty\"><\/div>\n<div class=\"wpsr-star-filled\"><\/div>\n<\/p><\/div>\n<div class=\"wpsr-star-container wpsr-star-background-filled\" style=\"--wpsr-review-star-fill: 100%;\">\n<div class=\"wpsr-star-empty\"><\/div>\n<div class=\"wpsr-star-filled\"><\/div>\n<\/p><\/div>\n<div class=\"wpsr-star-container wpsr-star-background-filled\" style=\"--wpsr-review-star-fill: 100%;\">\n<div class=\"wpsr-star-empty\"><\/div>\n<div class=\"wpsr-star-filled\"><\/div>\n<\/p><\/div>\n<div class=\"wpsr-star-container wpsr-star-background-filled\" style=\"--wpsr-review-star-fill: 100%;\">\n<div class=\"wpsr-star-empty\"><\/div>\n<div class=\"wpsr-star-filled\"><\/div>\n<\/p><\/div>\n<div class=\"wpsr-star-container wpsr-star-background-filled\" style=\"--wpsr-review-star-fill: 100%;\">\n<div class=\"wpsr-star-empty\"><\/div>\n<div class=\"wpsr-star-filled\"><\/div>\n<\/p><\/div>\n<\/p><\/div>\n<p><span data-time=\"14\u00a0Jahren ago\" class=\"wpsr-review-date\"><br \/>\n     Mai 16, 2012<\/span>                        <\/p><\/div>\n<div class=\"wpsr-reviews-content-footer\">\n<h3 class=\"wpsr-review-title\">\n    Ancient Egyptian Culture in detail!<\/h3>\n<div class=\"wpsr-review-content\" tabindex=\"0\">\n<p class=\"wpsr_add_read_more wpsr_show_less_content\" data-num-words-trim=\"10\">This is another fine book by Moustafa Gadalla.  The work covers many aspects of Ancient Egyptian culture including the religion, building of temples, practice of medicine, music and dance, geography, science, economics, trade and more. It emphasises the antiquity of Ancient Egyptian civilization and how many of its practices have been adopted by cultures which followed it.<br \/>\nRecommended reading for anyone interested in Ancient Egyptian history. <\/p>\n<\/p><\/div>\n<\/p><\/div>\n<\/p><\/div>\n<\/p><\/div>\n<\/div>\n<\/div>\n<div class=\"wpsr-swiper-carousel-wrapper\">\n<div class=\"wpsr-swiper-pagination swiper-pagination\"><\/div>\n<\/div>\n<\/div>\n<\/div>\n<\/div>\n<\/div>","protected":false},"featured_media":59718,"comment_status":"open","ping_status":"closed","template":"","meta":[],"product_brand":[],"product_cat":[95],"product_tag":[],"class_list":{"0":"post-59717","1":"product","2":"type-product","3":"status-publish","4":"has-post-thumbnail","6":"product_cat-current-editions-in-english-language","8":"first","9":"instock","10":"shipping-taxable","11":"product-type-simple"},"aioseo_notices":[],"_links":{"self":[{"href":"https:\/\/egyptianwisdomcenter.org\/de\/wp-json\/wp\/v2\/product\/59717","targetHints":{"allow":["GET"]}}],"collection":[{"href":"https:\/\/egyptianwisdomcenter.org\/de\/wp-json\/wp\/v2\/product"}],"about":[{"href":"https:\/\/egyptianwisdomcenter.org\/de\/wp-json\/wp\/v2\/types\/product"}],"replies":[{"embeddable":true,"href":"https:\/\/egyptianwisdomcenter.org\/de\/wp-json\/wp\/v2\/comments?post=59717"}],"wp:featuredmedia":[{"embeddable":true,"href":"https:\/\/egyptianwisdomcenter.org\/de\/wp-json\/wp\/v2\/media\/59718"}],"wp:attachment":[{"href":"https:\/\/egyptianwisdomcenter.org\/de\/wp-json\/wp\/v2\/media?parent=59717"}],"wp:term":[{"taxonomy":"product_brand","embeddable":true,"href":"https:\/\/egyptianwisdomcenter.org\/de\/wp-json\/wp\/v2\/product_brand?post=59717"},{"taxonomy":"product_cat","embeddable":true,"href":"https:\/\/egyptianwisdomcenter.org\/de\/wp-json\/wp\/v2\/product_cat?post=59717"},{"taxonomy":"product_tag","embeddable":true,"href":"https:\/\/egyptianwisdomcenter.org\/de\/wp-json\/wp\/v2\/product_tag?post=59717"}],"curies":[{"name":"wp","href":"https:\/\/api.w.org\/{rel}","templated":true}]}}