{"id":59987,"date":"2022-12-25T22:01:16","date_gmt":"2022-12-26T03:01:16","guid":{"rendered":"https:\/\/egyptianwisdomcenter.org\/?post_type=product&#038;p=59987"},"modified":"2024-06-01T04:34:18","modified_gmt":"2024-06-01T08:34:18","slug":"isis-the-divine-female","status":"publish","type":"product","link":"https:\/\/egyptianwisdomcenter.org\/de\/produkt\/isis-das-goettliche-weibliche-prinzip-2\/","title":{"rendered":"Isis: Die g\u00f6ttliche Frau"},"content":{"rendered":"<div class=\"collapsible-synopsis gizmo-collapsible-with-header show-teaser open\" data-kobo-gizmo=\"Collapsible.Synopsis\" data-kobo-gizmo-config=\"{ &quot;isOpen&quot;: {&quot;small&quot;: false, &quot;medium&quot;: false, &quot;large&quot;: false, &quot;jumbo&quot;: false}, &quot;name&quot;: &quot;AboutItem&quot;, &quot;toggleClass&quot; : &quot;toggle-button-hitbox&quot; }\" data-gid=\"g_20\">\n<div class=\"synopsis-description\" translate=\"no\">\n<p>Diese erweiterte Ausgabe des Buches ist in acht Kapitel und drei Anh\u00e4nge unterteilt.<\/p>\n<p>Kapitel 1: Die Mutter der Sch\u00f6pfung behandelt Isis\u2018 Rolle in der Sch\u00f6pfungssequenz, da sie ein Abbild der Gesamtheit der Sch\u00f6pfung ist, und ihre Beziehung zu Re und Osiris.<\/p>\n<p>Kapitel 2: Die Dualit\u00e4t von Isis behandelt ihre grundlegende duale Natur als g\u00f6ttlicher Intellekt sowie im Sch\u00f6pfungszyklus und im universellen Mutterleib.<\/p>\n<p>Kapitel 3: Isis &amp; Osiris \u2013 Das dynamische Duo behandelt die kombinierten Rollen von Isis und Osiris bei der Entwicklung und Erzeugung aller Sch\u00f6pfungen im Universum<\/p>\n<p>Kapitel 4: Isis: Die jungfr\u00e4uliche Mutter \u201eGottes\u201c behandelt ihre Rolle bei der g\u00f6ttlichen unbefleckten Empf\u00e4ngnis ihres Sohnes Horus, das Jungfr\u00e4ulichkeitskonzept, ihre Flucht und Zuflucht \u2013 zusammen mit ihrem kleinen Sohn \u2013 vor den Bedrohungen der b\u00f6sen Macht und die Opferung des Lebens ihres Sohnes.<\/p>\n<p>Kapitel 5: Die Numerologie von Isis und Osiris behandelt die Zahlen von Isis und Osiris (wobei 2 und 3 die Prim\u00e4rzahlen der Sch\u00f6pfung und des Wachstums sind) und wie diese beiden Zahlen alle Formen und Gestalten, musikalische Harmonien und die Rhythmen des Universums erzeugen .<\/p>\n<p>Kapitel 6: Isis\u2018 Vielfalt an Attributen umfasst sechzehn weibliche Gottheiten \u2013 die Manifestation von Isis als weiblichem Prinzip des geschaffenen Universums.<\/p>\n<p>Kapitel 7: \u201eDer Geliebte in allen L\u00e4ndern\u201c befasst sich mit der weltweiten Verbreitung der \u00e4gyptischen Religion, wie diese Glaubensvorstellungen im Christentum weiterleben und wie die mit der alt\u00e4gyptischen Isis verwandten religi\u00f6sen Feste f\u00fcr Maria vom Christentum \u00fcbernommen werden, wobei dieselben Daten wie im \u00e4gyptischen Kalender verwendet werden.<\/p>\n<p>Kapitel 8: Das m\u00e4chtige Herz behandelt den ewigen m\u00e4chtigen Einfluss von Isis auf die Menschheit als Sucher nach Trost und Allheilmittel.<\/p>\n<p>Anhang 1: Allegorie und \u00e4gyptische Kosmologie behandelt, wie gut ausgearbeitete Allegorien die beste \u2013 wenn nicht die einzige \u2013 M\u00f6glichkeit sind, komplexe Themen so zu vermitteln, dass Informationen f\u00fcr alle zug\u00e4nglich sind.<\/p>\n<p>Anhang 2: Die universelle \u00e4gyptische Allegorie \u2013 Isis und Osiris behandelt eine verk\u00fcrzte Version der Geschichte der \u00e4gyptischen Allegorie von Isis und Osiris, mit Schwerpunkt auf der Rolle von Isis als g\u00f6ttlichem weiblichen Prinzip, ihren Manifestationen und Anwendungen. Die Erz\u00e4hlung besteht aus unterbrochenen Abschnitten, auf die jeweils eine pr\u00e4gnante metaphysische Bewertung jedes Abschnitts folgt.<\/p>\n<p>Anhang 3: Herz und Seele \u2013 Metaphysische Reflexionen behandelt die metaphysischen Aspekte des Herzens (Isis) und der Seele (Osiris) und wie ein Mensch in der Lage ist, die Integration von Herz und Seele in sich zu erreichen.<\/p>\n<\/div>\n<\/div>","protected":false},"excerpt":{"rendered":"<div class=\"fb-page\" data-href=\"https:\/\/www.facebook.com\/IsisTheDivineFemale\" data-width=\"380\" data-hide-cover=\"false\" data-show-facepile=\"false\"><\/div>\n<p><span class=\"contributor-name-prefix\"><br \/>\nvon<\/span>\u00a0<span class=\"visible-contributors\"><a class=\"contributor-name\" translate=\"no\" href=\"https:\/\/egyptianwisdomcenter.org\/de\/um\/\" data-force-track=\"\" data-track-info=\"{&quot;description&quot;:&quot;authorSearch&quot;,&quot;author&quot;:&quot;Moustafa Gadalla&quot;}\">Moustafa Gadalla<\/a><\/span><\/p>\n<hr \/>\n<p><strong>KURZE BESCHREIBUNG<\/strong><\/p>\n<p>Dieses Buch erkl\u00e4rt das g\u00f6ttliche weibliche Prinzip als Quelle der Sch\u00f6pfung (sowohl metaphysisch als auch physisch); die weibliche Doppelnatur von Isis und Nephthys; die Beziehung (und Einheit) der weiblichen und m\u00e4nnlichen Prinzipien; die Numerologie von Isis und Osiris; Isis&#039; Rolle als jungfr\u00e4uliche Mutter; Erkl\u00e4rung von etwa zwanzig weiblichen Gottheiten als Manifestationen weiblicher Attribute; die Rolle der Isis-Ideologie weltweit; die Allegorie von Isis, Osiris und Horus; und vieles mehr. Dieses Buch wird sowohl den Geist mit umfassenden Informationen als auch das Herz mit dem gesamten Spektrum an Emotionen erf\u00fcllen.<\/p>\n<p><a href=\"https:\/\/egyptianwisdomcenter.org\/wp-content\/uploads\/2022\/12\/Isis-The-Divine-Female-Expanded-sample.pdf\">Jetzt in der Vorschau ansehen (PDF)<\/a><\/p>\n<hr \/>\n<p><center><br \/>\n<a class=\"button minimal\" href=\"https:\/\/books2read.com\/u\/47Jl58\" target=\"_blank\" rel=\"noopener\">Kaufoptionen anzeigen<\/a><\/center><\/p>\n<div id='wpsr-reviews-slider-68934' class='wpsr-reviews-68934  wpsr-reviews-wrapper wpsr-feed-wrap wpsr_content  wpsr-reviews-slider-wrapper   wpsr-reviews-template-grid2 wpsr-reviews-layout-slider wpsr-header-enable' data-column='4' data-platforms='amazon' data-slider_settings='{&quot;autoplay&quot;:&quot;false&quot;,&quot;autoplay_speed&quot;:3000,&quot;slides_to_show&quot;:3,&quot;spaceBetween&quot;:20,&quot;responsive_slides_to_show&quot;:{&quot;desktop&quot;:2,&quot;tablet&quot;:2,&quot;mobile&quot;:1},&quot;slides_to_scroll&quot;:3,&quot;responsive_slides_to_scroll&quot;:{&quot;desktop&quot;:5,&quot;tablet&quot;:2,&quot;mobile&quot;:1},&quot;navigation&quot;:&quot;dot&quot;}'>\n<div class=\"wpsr-container wpsr-fixed-height\" style=\"\" >\n<div class=\"wpsr-business-info-wrapper\">\n<div class=\"wpsr-row\">\n<div class=\"wpsr-business-info  amazon\">\n<div class=\"wpsr-business-info-left\">\n<div class=\"wpsr-business-info-paltforms\"><img decoding=\"async\" src=\"https:\/\/egyptianwisdomcenter.org\/wp-content\/plugins\/wp-social-reviews\/assets\/images\/icon\/icon-amazon.png\" alt=\"amazon\"><\/div>\n<div class=\"wpsr-rating-and-count\"><span class=\"wpsr-total-rating\">4.9<\/span><span class=\"wpsr-rating\"><\/p>\n<div class=\"wpsr-star-container wpsr-star-background-filled\" style=\"--wpsr-review-star-fill: 100%;\">\n<div class=\"wpsr-star-empty\"><\/div>\n<div class=\"wpsr-star-filled\"><\/div>\n<\/p><\/div>\n<div class=\"wpsr-star-container wpsr-star-background-filled\" style=\"--wpsr-review-star-fill: 100%;\">\n<div class=\"wpsr-star-empty\"><\/div>\n<div class=\"wpsr-star-filled\"><\/div>\n<\/p><\/div>\n<div class=\"wpsr-star-container wpsr-star-background-filled\" style=\"--wpsr-review-star-fill: 100%;\">\n<div class=\"wpsr-star-empty\"><\/div>\n<div class=\"wpsr-star-filled\"><\/div>\n<\/p><\/div>\n<div class=\"wpsr-star-container wpsr-star-background-filled\" style=\"--wpsr-review-star-fill: 100%;\">\n<div class=\"wpsr-star-empty\"><\/div>\n<div class=\"wpsr-star-filled\"><\/div>\n<\/p><\/div>\n<div class=\"wpsr-star-container wpsr-star-background-filled\" style=\"--wpsr-review-star-fill: 90%;\">\n<div class=\"wpsr-star-empty\"><\/div>\n<div class=\"wpsr-star-filled\"><\/div>\n<\/p><\/div>\n<p><\/span><\/p>\n<div class=\"wpsr-total-reviews\">Based on <span>37<\/span> Reviews<\/div>\n<\/div>\n<\/div>\n<div class=\"wpsr-business-info-right\">\n<div class=\"wpsr-write-review-modal-wrapper\"><\/div>\n<\/div>\n<\/div>\n<\/div>\n<\/div>\n<div class=\"wpsr-row\" style=\"\">\n<div class=\"wpsr-reviews-slider-wrapper-inner\">\n<div class=\"wpsr-reviews-slider swiper-container wpsr-ai-summary-enabled-slider\" tabindex=\"0\">\n<div class=\"swiper-wrapper\">\n<div class=\"swiper-slide\" role=\"group\">\n<div class=\"wpsr-review-template wpsr-review-template-two wpsr-review-template-amazon\"\n                 style=\"\"\n                 data-index=\"0\"\n                 data-source_id=\"B07HR23ZYG\"\n                 data-media_id=\"\"\n                 data-review_platform=\"amazon\"\n                 data-product_thumbnail=\"\"\n                 data-product_name=\"\"\n                 data-image_resize=\"full\"\n            ><\/p>\n<div class=\"wpsr-review-platform\">\n                <img decoding=\"async\" class=\"wpsr-review-platform-icon\" width=\"20\" height=\"20\" src=\"https:\/\/egyptianwisdomcenter.org\/wp-content\/plugins\/wp-social-reviews\/assets\/images\/icon\/icon-amazon-small.png\" alt=\"amazon\">\n    <\/div>\n<div class=\"wpsr-reviewer-image\">\n    <a class=\"wpsr-reviewer-image-url\" target=\"_blank\" rel=\"noopener noreferrer nofollow\" href=\"https:\/\/www.amazon.com\/Isis-the-Divine-Female\/dp\/B07HR23ZYG\/\"><br \/>\n                                    <img decoding=\"async\" class=\"wpsr-reviewer-avatar\" src=\"https:\/\/images-na.ssl-images-amazon.com\/images\/S\/amazon-avatars-global\/default._CR0,0,1024,1024_SX48_.png\" alt=\"DPov\"\/><br \/>\n                        <\/a>\n<\/div>\n<div class=\"wpsr-review-info\">\n                        <a class=\"wpsr-reviewer-name-url\" target=\"_blank\" rel=\"noopener noreferrer nofollow\" href=\"https:\/\/www.amazon.com\/Isis-the-Divine-Female\/dp\/B07HR23ZYG\/\"><br \/>\n    <span class=\"wpsr-reviewer-name\">DPov<\/span><br \/>\n    <\/a><\/p>\n<div data-rating=\"5\" class=\"wpsr-rating-wrapper wpsr-rating\">\n<div class=\"wpsr-star-container wpsr-star-background-filled\" style=\"--wpsr-review-star-fill: 100%;\">\n<div class=\"wpsr-star-empty\"><\/div>\n<div class=\"wpsr-star-filled\"><\/div>\n<\/p><\/div>\n<div class=\"wpsr-star-container wpsr-star-background-filled\" style=\"--wpsr-review-star-fill: 100%;\">\n<div class=\"wpsr-star-empty\"><\/div>\n<div class=\"wpsr-star-filled\"><\/div>\n<\/p><\/div>\n<div class=\"wpsr-star-container wpsr-star-background-filled\" style=\"--wpsr-review-star-fill: 100%;\">\n<div class=\"wpsr-star-empty\"><\/div>\n<div class=\"wpsr-star-filled\"><\/div>\n<\/p><\/div>\n<div class=\"wpsr-star-container wpsr-star-background-filled\" style=\"--wpsr-review-star-fill: 100%;\">\n<div class=\"wpsr-star-empty\"><\/div>\n<div class=\"wpsr-star-filled\"><\/div>\n<\/p><\/div>\n<div class=\"wpsr-star-container wpsr-star-background-filled\" style=\"--wpsr-review-star-fill: 100%;\">\n<div class=\"wpsr-star-empty\"><\/div>\n<div class=\"wpsr-star-filled\"><\/div>\n<\/p><\/div>\n<\/p><\/div>\n<p><span data-time=\"6\u00a0Jahren ago\" class=\"wpsr-review-date\"><br \/>\n     M\u00e4rz 2, 2020<\/span>                        <\/p><\/div>\n<div class=\"wpsr-reviews-content-footer\">\n<h3 class=\"wpsr-review-title\">\n    5.0 out of 5 stars                    Goddess of 10,000 Names<\/h3>\n<div class=\"wpsr-review-content\" tabindex=\"0\">\n<p class=\"wpsr_add_read_more wpsr_show_less_content\" data-num-words-trim=\"10\">This book is amazing.  It validated so many of my own revelations about Isis as the progenitor of Mary in the Christian Bible.  There are many parts of the Judaeo-Christian cosmology and myth cycle that evolved from the ancient Egyptians.  It\u2019s no coincidence that Isis appears in the pantheons of so many cultures.  Always questioning, always learning.  Knowledge is power. <\/p>\n<\/p><\/div>\n<\/p><\/div>\n<\/p><\/div>\n<\/p><\/div>\n<div class=\"swiper-slide\" role=\"group\">\n<div class=\"wpsr-review-template wpsr-review-template-two wpsr-review-template-amazon\"\n                 style=\"\"\n                 data-index=\"1\"\n                 data-source_id=\"B07HR23ZYG\"\n                 data-media_id=\"\"\n                 data-review_platform=\"amazon\"\n                 data-product_thumbnail=\"\"\n                 data-product_name=\"\"\n                 data-image_resize=\"full\"\n            ><\/p>\n<div class=\"wpsr-review-platform\">\n                <img decoding=\"async\" class=\"wpsr-review-platform-icon\" width=\"20\" height=\"20\" src=\"https:\/\/egyptianwisdomcenter.org\/wp-content\/plugins\/wp-social-reviews\/assets\/images\/icon\/icon-amazon-small.png\" alt=\"amazon\">\n    <\/div>\n<div class=\"wpsr-reviewer-image\">\n    <a class=\"wpsr-reviewer-image-url\" target=\"_blank\" rel=\"noopener noreferrer nofollow\" href=\"https:\/\/www.amazon.com\/Isis-the-Divine-Female\/dp\/B07HR23ZYG\/\"><br \/>\n                                    <img decoding=\"async\" class=\"wpsr-reviewer-avatar\" src=\"https:\/\/images-eu.ssl-images-amazon.com\/images\/S\/amazon-avatars-global\/default._CR0,0,1024,1024_SX48_.png\" alt=\"Maria Sangiorgi\"\/><br \/>\n                        <\/a>\n<\/div>\n<div class=\"wpsr-review-info\">\n                        <a class=\"wpsr-reviewer-name-url\" target=\"_blank\" rel=\"noopener noreferrer nofollow\" href=\"https:\/\/www.amazon.com\/Isis-the-Divine-Female\/dp\/B07HR23ZYG\/\"><br \/>\n    <span class=\"wpsr-reviewer-name\">Maria Sangiorgi<\/span><br \/>\n    <\/a><\/p>\n<div data-rating=\"5\" class=\"wpsr-rating-wrapper wpsr-rating\">\n<div class=\"wpsr-star-container wpsr-star-background-filled\" style=\"--wpsr-review-star-fill: 100%;\">\n<div class=\"wpsr-star-empty\"><\/div>\n<div class=\"wpsr-star-filled\"><\/div>\n<\/p><\/div>\n<div class=\"wpsr-star-container wpsr-star-background-filled\" style=\"--wpsr-review-star-fill: 100%;\">\n<div class=\"wpsr-star-empty\"><\/div>\n<div class=\"wpsr-star-filled\"><\/div>\n<\/p><\/div>\n<div class=\"wpsr-star-container wpsr-star-background-filled\" style=\"--wpsr-review-star-fill: 100%;\">\n<div class=\"wpsr-star-empty\"><\/div>\n<div class=\"wpsr-star-filled\"><\/div>\n<\/p><\/div>\n<div class=\"wpsr-star-container wpsr-star-background-filled\" style=\"--wpsr-review-star-fill: 100%;\">\n<div class=\"wpsr-star-empty\"><\/div>\n<div class=\"wpsr-star-filled\"><\/div>\n<\/p><\/div>\n<div class=\"wpsr-star-container wpsr-star-background-filled\" style=\"--wpsr-review-star-fill: 100%;\">\n<div class=\"wpsr-star-empty\"><\/div>\n<div class=\"wpsr-star-filled\"><\/div>\n<\/p><\/div>\n<\/p><\/div>\n<p><span data-time=\"9\u00a0Jahren ago\" class=\"wpsr-review-date\"><br \/>\n     Oktober 5, 2017<\/span>                        <\/p><\/div>\n<div class=\"wpsr-reviews-content-footer\">\n<h3 class=\"wpsr-review-title\">\n    I have been waiting for this book<\/h3>\n<div class=\"wpsr-review-content\" tabindex=\"0\">\n<p class=\"wpsr_add_read_more wpsr_show_less_content\" data-num-words-trim=\"10\">For many years I have felt a connection to Isis and the feminine. I have been looking for a book that put all the pieces together and this is the one. <\/p>\n<\/p><\/div>\n<\/p><\/div>\n<\/p><\/div>\n<\/p><\/div>\n<\/div>\n<\/div>\n<div class=\"wpsr-swiper-carousel-wrapper\">\n<div class=\"wpsr-swiper-pagination swiper-pagination\"><\/div>\n<\/div>\n<\/div>\n<\/div>\n<\/div>\n<\/div>","protected":false},"featured_media":59988,"comment_status":"open","ping_status":"closed","template":"","meta":[],"product_brand":[],"product_cat":[95],"product_tag":[],"class_list":{"0":"post-59987","1":"product","2":"type-product","3":"status-publish","4":"has-post-thumbnail","6":"product_cat-current-editions-in-english-language","8":"first","9":"instock","10":"shipping-taxable","11":"product-type-simple"},"aioseo_notices":[],"_links":{"self":[{"href":"https:\/\/egyptianwisdomcenter.org\/de\/wp-json\/wp\/v2\/product\/59987","targetHints":{"allow":["GET"]}}],"collection":[{"href":"https:\/\/egyptianwisdomcenter.org\/de\/wp-json\/wp\/v2\/product"}],"about":[{"href":"https:\/\/egyptianwisdomcenter.org\/de\/wp-json\/wp\/v2\/types\/product"}],"replies":[{"embeddable":true,"href":"https:\/\/egyptianwisdomcenter.org\/de\/wp-json\/wp\/v2\/comments?post=59987"}],"wp:featuredmedia":[{"embeddable":true,"href":"https:\/\/egyptianwisdomcenter.org\/de\/wp-json\/wp\/v2\/media\/59988"}],"wp:attachment":[{"href":"https:\/\/egyptianwisdomcenter.org\/de\/wp-json\/wp\/v2\/media?parent=59987"}],"wp:term":[{"taxonomy":"product_brand","embeddable":true,"href":"https:\/\/egyptianwisdomcenter.org\/de\/wp-json\/wp\/v2\/product_brand?post=59987"},{"taxonomy":"product_cat","embeddable":true,"href":"https:\/\/egyptianwisdomcenter.org\/de\/wp-json\/wp\/v2\/product_cat?post=59987"},{"taxonomy":"product_tag","embeddable":true,"href":"https:\/\/egyptianwisdomcenter.org\/de\/wp-json\/wp\/v2\/product_tag?post=59987"}],"curies":[{"name":"wp","href":"https:\/\/api.w.org\/{rel}","templated":true}]}}