{"id":60013,"date":"2022-12-25T22:16:01","date_gmt":"2022-12-26T03:16:01","guid":{"rendered":"https:\/\/egyptianwisdomcenter.org\/?post_type=product&#038;p=60013"},"modified":"2024-06-01T04:35:15","modified_gmt":"2024-06-01T08:35:15","slug":"the-ancient-egyptian-metaphysical-architecture","status":"publish","type":"product","link":"https:\/\/egyptianwisdomcenter.org\/de\/produkt\/die-altaegyptische-metaphysische-architektur-2\/","title":{"rendered":"Die alt\u00e4gyptische metaphysische Architektur"},"content":{"rendered":"<div class=\"collapsible-synopsis gizmo-collapsible-with-header show-teaser open\" data-kobo-gizmo=\"Collapsible.Synopsis\" data-kobo-gizmo-config=\"{ &quot;isOpen&quot;: {&quot;small&quot;: false, &quot;medium&quot;: false, &quot;large&quot;: false, &quot;jumbo&quot;: false}, &quot;name&quot;: &quot;AboutItem&quot;, &quot;toggleClass&quot; : &quot;toggle-button-hitbox&quot; }\" data-gid=\"g_20\">\n<div class=\"synopsis-description\" translate=\"no\">\n<p>Alles, was die alten \u00c4gypter bauten\/formten\/skulpturierten, diente dem Zweck, Energien zu erzeugen und\/oder Energien zu verk\u00f6rpern. Und genau wie unser elektrisches System, das durch Einschalten eines Schalters aktiviert werden muss, erfordern\/erfordern auch alle \u00e4gyptischen Werke eine Aktivierung durch die richtigen Aktionen (Ger\u00e4usche, Gesten usw.). Und obwohl diese \u201eSteinwunder\u201c statisch erscheinen, weil sie station\u00e4r wirken, unterscheiden sie sich nicht von [station\u00e4ren] Energieerzeugungseinheiten \u2013 wie unseren Sonnenkollektoren, die Sonnenenergie von der Sonne absorbieren und in Energie f\u00fcr unsere irdischen menschlichen Bed\u00fcrfnisse umwandeln.<\/p>\n<p>Dieses Buch enth\u00fcllt das Wissen der alten \u00c4gypter \u00fcber harmonische Proportionen, heilige Geometrie und Zahlenmystik, wie es sich in ihren Texten, Tempeln, Gr\u00e4bern, Kunstwerken usw. im Laufe ihrer bekannten Geschichte manifestiert. Es zeigt, wie die \u00c4gypter ihre Geb\u00e4ude zur Erzeugung kosmischer Energie konzipierten und wie Zahlen in \u00e4gyptischen Werken mystisch zum Einsatz kommen. Das Buch erl\u00e4utert ausf\u00fchrlich die harmonischen Proportionen von etwa 20 alt\u00e4gyptischen Geb\u00e4uden im Laufe ihrer aufgezeichneten Geschichte.<\/p>\n<p>Ziel dieses Buches ist es, eine solche Darstellung zu liefern, die zwar auf fundierter Wissenschaft basiert, die Themen aber in einer Sprache darstellt, die auch f\u00fcr Laien verst\u00e4ndlich ist. Fachbegriffe wurden auf ein Minimum beschr\u00e4nkt. Diese werden im Glossar so technisch wie m\u00f6glich erl\u00e4utert. Diese erweiterte Ausgabe des Buches ist in drei Teile gegliedert und umfasst insgesamt 13 Kapitel sowie 10 Anh\u00e4nge (A bis I).<\/p>\n<p>Teil I: Architekturkonzepte \u2013 Funktion und Form besteht aus f\u00fcnf Kapiteln \u2013 1 bis 5:<\/p>\n<p>Kapitel 1: Der Architekturkanon behandelt den tief verwurzelten \u00e4gyptischen Glauben \u201eWie oben, so unten\u201c und seine Anwendung auf die \u00e4gyptische Kunst und Architektur sowie die Existenz und Einhaltung einer g\u00f6ttlichen Bauordnung sowie die Verwendung vorhergehender Entwurfs- und Baupl\u00e4ne sowie w\u00e4hrend der Bauphasen, die sich bei Gro\u00dfprojekten \u00fcber mehrere Jahrhunderte erstreckten.<\/p>\n<p>Kapitel 2: Die metaphysische Struktur des Universums behandelt die Bereiche der Sch\u00f6pfung und ihre Entsprechung im Menschen als Abbild der gesamten Sch\u00f6pfung.<\/p>\n<p>Kapitel 3: Besuchsst\u00e4tten des Unteren Himmlischen Hofes behandelt die Interaktionen zwischen irdischen Lebewesen und den unteren Bereichen der metaphysischen kosmischen Struktur, die Bedeutung der Landschaftsarchitektur bei solchen Interaktionen und die wichtigsten Arten von Besuchsgeb\u00e4uden (sowohl Begr\u00e4bnis- als auch Nicht-Besuchsgeb\u00e4ude). Grabst\u00e4tten), um solche Interaktionen zu erleichtern.<\/p>\n<p>Kapitel 4: Die versiegelten Pharaonengr\u00e4ber behandelt das Konzept und die Rolle der Pharaonen, die erfordern, dass ihre Gr\u00e4ber versiegelt und f\u00fcr weitere Kommunikation nach ihrer irdischen Existenz unzug\u00e4nglich sind, und zeigt au\u00dferdem Beispiele einiger Pharaonengr\u00e4ber.<\/p>\n<p>Kapitel 5: \u00c4gyptische Tempel der g\u00f6ttlichen Kr\u00e4fte behandelt die Hauptfunktion \u00e4gyptischer Tempel (die g\u00f6ttliche Erzeugung), die konzeptionelle Gesamtanordnung des Tempels, das metaphysische Trichterrohrdesign, die generative Bedeutung von Verbindungsmustern, den physischen\/metaphysischen Schutz der Au\u00dfenw\u00e4nde, und die organischen Grundwurzeln des \u00e4gyptischen Tempels.<\/p>\n<p>Teil II: Die physische Manifestation metaphysischer Konzepte besteht aus f\u00fcnf Kapiteln, 6 bis 11:<\/p>\n<p>Kapitel 6: Architektonische konstituierende Formen metaphysischer Funktionen behandelt die verschiedenen architektonischen Formen als Manifestation ihrer entsprechenden Funktionen [sowohl physisch als auch metaphysisch] f\u00fcr \u201efalsche T\u00fcren\u201c, eingelassene Wandpaneele, S\u00e4ulen und Pfeiler, S\u00e4ulenkapitelle, Portiken, Peristyle und Kolonnaden Formationen an vier verschiedenen Standorten, Obelisken, Statuenbilder, verschiedene Dachformen (Flachdach, Giebeldach, Kragdach, Bogendach und Gew\u00f6lbedach), stilistische architektonische Details (Architrav, Gesims und Torus) sowie stilistische Verzierungen und Dekorationen wie Sternendecken, Blumen und geometrische Formen , figurativ oder eine Kombination aus zwei oder allen dreien, Guilloche (f\u00e4lschlicherweise als toskanische Bord\u00fcre bezeichnet), Chevron- und Scrollmuster.<\/p>\n<p>Kapitel 7: Die prim\u00e4ren geometrischen Formen\/Formen behandelt die Prinzipien und die Anwendung der heiligen Geometrie der g\u00f6ttlichen Architektur, die \u00e4gyptische heilige Schnur [Werkzeug], eine allgemeine Anordnung beispielhafter geometrischer Formen, den heiligen Kreis als Archetyp der Sch\u00f6pfung und die Quadratur des Kreises , die Prim\u00e4rdreiecke und die kombinierten Quadrat-Dreieck-3D-Pyramiden.<\/p>\n<p>Kapitel 8: Die generativen Quadratwurzelrechtecke \u2013 \u201eIrrationale Zahlen\u201c behandeln die generativen Wurzelrechtecke als Hypotenuse rechtwinkliger Dreiecke, die mit einem Quadrat beginnen und Quadratwurzeln von 2, 3 und 5 erzeugen; die Bildung kosmischer Feststoffe; die Erzeugung des Goldenen Schnitts aus dem Wurzel-F\u00fcnf-Rechteck; die Konstruktion wirbelnder quadratischer Spiralen; und Beispielanwendungen dieser Form des dynamischen Designs an vier Orten in alt\u00e4gyptischen Denkm\u00e4lern.<\/p>\n<p>Kapitel 9: Die arithmetische generative Progression behandelt die Rolle von Zahlen als Generatoren f\u00fcr geordnetes Wachstum und Progression, die Summationsreihe und den Goldenen Anteil sowie den kosmischen Anteil der menschlichen Figur.<\/p>\n<p>Kapitel 10: Kombiniertes \u2013 arithmetisches und grafisches harmonisches Design \u00e4gyptischer Geb\u00e4ude befasst sich mit der Kombination sowohl der arithmetischen als auch der grafischen Elemente zu einem harmonischen Design der Teile und des Ganzen eines \u00e4gyptischen Tempels, das Folgendes umfasst: aktive Achsen, signifikante Punkte, die Teleskopdreiecke usw rechteckige Umf\u00e4nge sowohl in der horizontalen als auch in der vertikalen Ebene.<\/p>\n<p>Kapitel 11: Harmonische Analyse alt\u00e4gyptischer Werke behandelt mehrere Beispiele aus dem alten \u00c4gypten aus allen Epochen und ganz \u00c4gypten, die \u00e4gyptische Anwendungen der in diesem Buch besprochenen Designelemente zeigen. Beispiele hierf\u00fcr sind Tempel, Gr\u00e4ber, Pyramiden, Schreine, S\u00e4ulenkapitelle, Stelen, Pylone und T\u00fcren.<\/p>\n<p>Teil III: The Spirited Communications besteht aus zwei Kapiteln \u2013 12 und 13:<\/p>\n<p>Kapitel 12: Die animierten metaphysischen Bilder an W\u00e4nden befasst sich mit der metaphysischen Bedeutung von Wanddekorationen und erl\u00e4utert verschiedene Darstellungen.<\/p>\n<p>Kapitel 13: Menschliche Aktivit\u00e4ten befasst sich mit der Rolle des Menschen bei der Aktivierung, Aufrechterhaltung und Teilnahme an verschiedenen Ritualen und Festen sowie der Deaktivierung der Tempelkr\u00e4fte, wenn Tempel und ganz \u00c4gypten belagert werden.<\/p>\n<p>Anh\u00e4nge enth\u00e4lt zehn Anh\u00e4nge, A bis J:<\/p>\n<p>Anhang A: Allgemeine Pl\u00e4ne beispielhafter \u00e4gyptischer Tempel enth\u00e4lt Grundrisspl\u00e4ne mehrerer \u00e4gyptischer Tempel mit einer kurzen Beschreibung jedes einzelnen.<\/p>\n<p>Anhang B: Praktische Mathematik im alten \u00c4gypten bezieht sich auf die vier bekanntesten alt\u00e4gyptischen \u201emathematischen\u201c Papyri und die praktischen mathematischen Inhalte dieser Papyri.<\/p>\n<p>Anhang C: Bruchmystik behandelt die Gr\u00fcnde daf\u00fcr, dass in \u00c4gypten ein Bruch \u2013 jeder Bruch \u2013 nur ein Bruchteil der Einheit sein konnte, und \u00e4gyptische Tabellen zum Umgang mit \u201ekomplexen\u201c Br\u00fcchen, die modernen logarithmischen Tabellen \u00e4hneln.<\/p>\n<p>Anhang D: Absichtliche \u201eUnregelm\u00e4\u00dfigkeiten\u201c in \u00e4gyptischen Werken behandelt die religi\u00f6sen Gr\u00fcnde f\u00fcr scheinbar \u201eUnregelm\u00e4\u00dfigkeiten\u201c in den aufw\u00e4ndig ausgef\u00fchrten \u00e4gyptischen Werken.<\/p>\n<p>Anhang E: Monument Appropriations Reconsidered erl\u00e4utert, was eine Denkmalaneignung durch einen Pharao eines anderen zu sein scheint.<\/p>\n<p>Anhang F: Beispiele \u00e4gyptischer Skulpturenwerke enth\u00e4lt eine sehr kurze Liste erkennbarer \u00e4gyptischer Skulpturen.<\/p>\n<p>Anhang G: Verschiedene Arten von Betonbl\u00f6cken behandelt das fortgeschrittene \u00e4gyptische Wissen \u00fcber Betonmischungen und Anwendungsbeispiele dieses Wissens im gesamten alten \u00c4gypten.<\/p>\n<p>Anhang H: Die freimaurerischen \u00e4gyptischen Wurzeln behandelt die \u00e4gyptischen Wurzeln der weit verbreiteten geheimen Bruderschaft namens \u201eFreie und anerkannte Freimaurer\u201c (im Volksmund als Freimaurerei bekannt).<\/p>\n<p>Anhang I: \u00c4gyptischer Einfluss auf die moderne Architektur behandelt mehrere weltweite Beispiele f\u00fcr einen solchen Einfluss.<\/p>\n<p>Anhang J: Arten und Formen von Geb\u00e4uden der Sterblichen behandelt Arten und Formen von Wohn-, Privat-, Gemeinschafts- und \u00f6ffentlichen Geb\u00e4uden im Zusammenhang mit der Funktion ihrer irdischen Existenz und hebt hervor, dass Sterbliche aller Klassen \u2013 einschlie\u00dflich Pharaonen und Priesterpersonal \u2013 darin wohnten H\u00e4user aus Lehmziegeln.<\/p>\n<\/div>\n<\/div>","protected":false},"excerpt":{"rendered":"<div class=\"fb-page\" data-href=\"https:\/\/www.facebook.com\/AncientEgyptianMetaphysicalArchitecture\" data-width=\"380\" data-hide-cover=\"false\" data-show-facepile=\"false\"><\/div>\n<p><span class=\"contributor-name-prefix\"><br \/>\nvon<\/span>\u00a0<span class=\"visible-contributors\"><a class=\"contributor-name\" translate=\"no\" href=\"https:\/\/egyptianwisdomcenter.org\/de\/um\/\" data-force-track=\"\" data-track-info=\"{&quot;description&quot;:&quot;authorSearch&quot;,&quot;author&quot;:&quot;Moustafa Gadalla&quot;}\">Moustafa Gadalla<\/a><\/span><\/p>\n<hr \/>\n<p><strong>KURZE BESCHREIBUNG<\/strong><\/p>\n<p>Diese neue erweiterte Ausgabe enth\u00fcllt das alt\u00e4gyptische Wissen \u00fcber harmonische Proportionen, heilige Geometrie und Zahlenmystik, wie es sich in seinen Texten, Tempeln, Gr\u00e4bern, Kunstwerken, Hieroglyphen usw. im Laufe seiner bekannten Geschichte manifestiert. Es zeigt, wie die \u00c4gypter ihre Geb\u00e4ude zur Erzeugung kosmischer Energie konzipierten; und die mystische Anwendung von Zahlen in \u00e4gyptischen Werken. Das Buch erkl\u00e4rt ausf\u00fchrlich die harmonischen Proportionen von etwa 20 alt\u00e4gyptischen Geb\u00e4uden im Laufe ihrer aufgezeichneten Geschichte. Dar\u00fcber hinaus enth\u00e4lt es zus\u00e4tzliche Diskussionen und Einzelheiten zur Symbolik an den W\u00e4nden; die Interaktionen zwischen Menschen und den g\u00f6ttlichen Kr\u00e4ften; \u00c4gyptische Gr\u00e4ber, Schreine und Wohnh\u00e4user; sowie mehrere verschiedene verwandte Artikel.<\/p>\n<p><a href=\"https:\/\/egyptianwisdomcenter.org\/wp-content\/uploads\/2022\/12\/The-Ancient-Egyptian-Metaphysical-Architecture-sample.pdf\">Jetzt in der Vorschau ansehen (PDF)<\/a><\/p>\n<hr \/>\n<p><center><br \/>\n<a class=\"button minimal\" href=\"https:\/\/books2read.com\/u\/4XjLVe\" target=\"_blank\" rel=\"noopener\">Kaufoptionen anzeigen<\/a><\/center><\/p>\n<div id='wpsr-reviews-slider-68942' class='wpsr-reviews-68942  wpsr-reviews-wrapper wpsr-feed-wrap wpsr_content  wpsr-reviews-slider-wrapper   wpsr-reviews-template-grid2 wpsr-reviews-layout-slider wpsr-header-enable' data-column='4' data-platforms='amazon' data-slider_settings='{&quot;autoplay&quot;:&quot;false&quot;,&quot;autoplay_speed&quot;:3000,&quot;slides_to_show&quot;:3,&quot;spaceBetween&quot;:20,&quot;responsive_slides_to_show&quot;:{&quot;desktop&quot;:2,&quot;tablet&quot;:2,&quot;mobile&quot;:1},&quot;slides_to_scroll&quot;:3,&quot;responsive_slides_to_scroll&quot;:{&quot;desktop&quot;:5,&quot;tablet&quot;:2,&quot;mobile&quot;:1},&quot;navigation&quot;:&quot;dot&quot;}'>\n<div class=\"wpsr-container wpsr-fixed-height\" style=\"\" >\n<div class=\"wpsr-business-info-wrapper\">\n<div class=\"wpsr-row\">\n<div class=\"wpsr-business-info  amazon\">\n<div class=\"wpsr-business-info-left\">\n<div class=\"wpsr-business-info-paltforms\"><img decoding=\"async\" src=\"https:\/\/egyptianwisdomcenter.org\/wp-content\/plugins\/wp-social-reviews\/assets\/images\/icon\/icon-amazon.png\" alt=\"amazon\"><\/div>\n<div class=\"wpsr-rating-and-count\"><span class=\"wpsr-total-rating\">3.9<\/span><span class=\"wpsr-rating\"><\/p>\n<div class=\"wpsr-star-container wpsr-star-background-filled\" style=\"--wpsr-review-star-fill: 100%;\">\n<div class=\"wpsr-star-empty\"><\/div>\n<div class=\"wpsr-star-filled\"><\/div>\n<\/p><\/div>\n<div class=\"wpsr-star-container wpsr-star-background-filled\" style=\"--wpsr-review-star-fill: 100%;\">\n<div class=\"wpsr-star-empty\"><\/div>\n<div class=\"wpsr-star-filled\"><\/div>\n<\/p><\/div>\n<div class=\"wpsr-star-container wpsr-star-background-filled\" style=\"--wpsr-review-star-fill: 100%;\">\n<div class=\"wpsr-star-empty\"><\/div>\n<div class=\"wpsr-star-filled\"><\/div>\n<\/p><\/div>\n<div class=\"wpsr-star-container wpsr-star-background-filled\" style=\"--wpsr-review-star-fill: 90%;\">\n<div class=\"wpsr-star-empty\"><\/div>\n<div class=\"wpsr-star-filled\"><\/div>\n<\/p><\/div>\n<div class=\"wpsr-star-container wpsr-star-background-empty\" style=\"--wpsr-review-star-fill: 0%;\">\n<div class=\"wpsr-star-empty\"><\/div>\n<div class=\"wpsr-star-filled\"><\/div>\n<\/p><\/div>\n<p><\/span><\/p>\n<div class=\"wpsr-total-reviews\">Based on <span>6<\/span> Reviews<\/div>\n<\/div>\n<\/div>\n<div class=\"wpsr-business-info-right\">\n<div class=\"wpsr-write-review-modal-wrapper\"><\/div>\n<\/div>\n<\/div>\n<\/div>\n<\/div>\n<div class=\"wpsr-row\" style=\"\">\n<div class=\"wpsr-reviews-slider-wrapper-inner\">\n<div class=\"wpsr-reviews-slider swiper-container wpsr-ai-summary-enabled-slider\" tabindex=\"0\">\n<div class=\"swiper-wrapper\">\n<div class=\"swiper-slide\" role=\"group\">\n<div class=\"wpsr-review-template wpsr-review-template-two wpsr-review-template-amazon\"\n                 style=\"\"\n                 data-index=\"0\"\n                 data-source_id=\"B07YGYDVD1\"\n                 data-media_id=\"\"\n                 data-review_platform=\"amazon\"\n                 data-product_thumbnail=\"\"\n                 data-product_name=\"\"\n                 data-image_resize=\"full\"\n            ><\/p>\n<div class=\"wpsr-review-platform\">\n                <img decoding=\"async\" class=\"wpsr-review-platform-icon\" width=\"20\" height=\"20\" src=\"https:\/\/egyptianwisdomcenter.org\/wp-content\/plugins\/wp-social-reviews\/assets\/images\/icon\/icon-amazon-small.png\" alt=\"amazon\">\n    <\/div>\n<div class=\"wpsr-reviewer-image\">\n    <a class=\"wpsr-reviewer-image-url\" target=\"_blank\" rel=\"noopener noreferrer nofollow\" href=\"https:\/\/www.amazon.com\/The-Ancient-Egyptian-Metaphysical-Architecture\/dp\/B07YGYDVD1\/\"><br \/>\n                                    <img decoding=\"async\" class=\"wpsr-reviewer-avatar\" src=\"https:\/\/images-eu.ssl-images-amazon.com\/images\/S\/amazon-avatars-global\/default._CR0,0,1024,1024_SX48_.png\" alt=\"AFT\"\/><br \/>\n                        <\/a>\n<\/div>\n<div class=\"wpsr-review-info\">\n                        <a class=\"wpsr-reviewer-name-url\" target=\"_blank\" rel=\"noopener noreferrer nofollow\" href=\"https:\/\/www.amazon.com\/The-Ancient-Egyptian-Metaphysical-Architecture\/dp\/B07YGYDVD1\/\"><br \/>\n    <span class=\"wpsr-reviewer-name\">AFT<\/span><br \/>\n    <\/a><\/p>\n<div data-rating=\"1\" class=\"wpsr-rating-wrapper wpsr-rating\">\n<div class=\"wpsr-star-container wpsr-star-background-filled\" style=\"--wpsr-review-star-fill: 100%;\">\n<div class=\"wpsr-star-empty\"><\/div>\n<div class=\"wpsr-star-filled\"><\/div>\n<\/p><\/div>\n<div class=\"wpsr-star-container wpsr-star-background-empty\" style=\"--wpsr-review-star-fill: 0%;\">\n<div class=\"wpsr-star-empty\"><\/div>\n<div class=\"wpsr-star-filled\"><\/div>\n<\/p><\/div>\n<div class=\"wpsr-star-container wpsr-star-background-empty\" style=\"--wpsr-review-star-fill: 0%;\">\n<div class=\"wpsr-star-empty\"><\/div>\n<div class=\"wpsr-star-filled\"><\/div>\n<\/p><\/div>\n<div class=\"wpsr-star-container wpsr-star-background-empty\" style=\"--wpsr-review-star-fill: 0%;\">\n<div class=\"wpsr-star-empty\"><\/div>\n<div class=\"wpsr-star-filled\"><\/div>\n<\/p><\/div>\n<div class=\"wpsr-star-container wpsr-star-background-empty\" style=\"--wpsr-review-star-fill: 0%;\">\n<div class=\"wpsr-star-empty\"><\/div>\n<div class=\"wpsr-star-filled\"><\/div>\n<\/p><\/div>\n<\/p><\/div>\n<p><span data-time=\"3\u00a0Jahren ago\" class=\"wpsr-review-date\"><br \/>\n     Mai 1, 2023<\/span>                        <\/p><\/div>\n<div class=\"wpsr-reviews-content-footer\">\n<h3 class=\"wpsr-review-title\">\n    Metaphysical theories are  by definition unproven.<\/h3>\n<div class=\"wpsr-review-content\" tabindex=\"0\">\n<p class=\"wpsr_add_read_more wpsr_show_less_content\" data-num-words-trim=\"10\">Total nonsense and a waste of money. Now I have seen its content I have binned it because I would be ashamed to have it on my bookshelves. If you are genuinely interested in Ancient Egyptian Architecture and geometry the only useful content is a few plans that are easily available elsewhere. By definition metaphysical means unproven. <\/p>\n<\/p><\/div>\n<\/p><\/div>\n<\/p><\/div>\n<\/p><\/div>\n<\/div>\n<\/div>\n<div class=\"wpsr-swiper-carousel-wrapper\">\n<div class=\"wpsr-swiper-pagination swiper-pagination\"><\/div>\n<\/div>\n<\/div>\n<\/div>\n<\/div>\n<\/div>","protected":false},"featured_media":60014,"comment_status":"open","ping_status":"closed","template":"","meta":[],"product_brand":[],"product_cat":[95],"product_tag":[],"class_list":{"0":"post-60013","1":"product","2":"type-product","3":"status-publish","4":"has-post-thumbnail","6":"product_cat-current-editions-in-english-language","8":"first","9":"instock","10":"shipping-taxable","11":"product-type-simple"},"aioseo_notices":[],"_links":{"self":[{"href":"https:\/\/egyptianwisdomcenter.org\/de\/wp-json\/wp\/v2\/product\/60013","targetHints":{"allow":["GET"]}}],"collection":[{"href":"https:\/\/egyptianwisdomcenter.org\/de\/wp-json\/wp\/v2\/product"}],"about":[{"href":"https:\/\/egyptianwisdomcenter.org\/de\/wp-json\/wp\/v2\/types\/product"}],"replies":[{"embeddable":true,"href":"https:\/\/egyptianwisdomcenter.org\/de\/wp-json\/wp\/v2\/comments?post=60013"}],"wp:featuredmedia":[{"embeddable":true,"href":"https:\/\/egyptianwisdomcenter.org\/de\/wp-json\/wp\/v2\/media\/60014"}],"wp:attachment":[{"href":"https:\/\/egyptianwisdomcenter.org\/de\/wp-json\/wp\/v2\/media?parent=60013"}],"wp:term":[{"taxonomy":"product_brand","embeddable":true,"href":"https:\/\/egyptianwisdomcenter.org\/de\/wp-json\/wp\/v2\/product_brand?post=60013"},{"taxonomy":"product_cat","embeddable":true,"href":"https:\/\/egyptianwisdomcenter.org\/de\/wp-json\/wp\/v2\/product_cat?post=60013"},{"taxonomy":"product_tag","embeddable":true,"href":"https:\/\/egyptianwisdomcenter.org\/de\/wp-json\/wp\/v2\/product_tag?post=60013"}],"curies":[{"name":"wp","href":"https:\/\/api.w.org\/{rel}","templated":true}]}}