{"id":60026,"date":"2022-12-25T22:21:51","date_gmt":"2022-12-26T03:21:51","guid":{"rendered":"https:\/\/egyptianwisdomcenter.org\/?post_type=product&#038;p=60026"},"modified":"2024-01-29T07:55:37","modified_gmt":"2024-01-29T12:55:37","slug":"ancient-egyptian-universal-writing-modes","status":"publish","type":"product","link":"https:\/\/egyptianwisdomcenter.org\/de\/produkt\/altagyptische-universelle-schreibweisen\/","title":{"rendered":"Universelle Schreibmodi des alten \u00c4gypten"},"content":{"rendered":"<div class=\"collapsible-synopsis gizmo-collapsible-with-header show-teaser open\" data-kobo-gizmo=\"Collapsible.Synopsis\" data-kobo-gizmo-config=\"{ &quot;isOpen&quot;: {&quot;small&quot;: false, &quot;medium&quot;: false, &quot;large&quot;: false, &quot;jumbo&quot;: false}, &quot;name&quot;: &quot;AboutItem&quot;, &quot;toggleClass&quot; : &quot;toggle-button-hitbox&quot; }\" data-gid=\"g_20\">\n<div class=\"synopsis-description\" translate=\"no\">\n<p>Dieses Buch wird zeigen, dass die \u00e4gyptische alphabetische Sprache die MUTTER und der Ursprung aller Sprachen ist; und wie es verbreitet wurde, um zu anderen \u201eSprachen\u201c auf der ganzen Welt zu werden.<\/p>\n<p>Das Ziel dieses Buches ist es, eine solche Darstellung zu bieten: eine, die zwar auf fundierter Wissenschaft basiert, die Themen aber in einer Sprache darstellt, die auch f\u00fcr Laienleser verst\u00e4ndlich ist. Fachbegriffe wurden auf ein Minimum beschr\u00e4nkt. Diese werden im Glossar so untechnisch wie m\u00f6glich erkl\u00e4rt.<\/p>\n<p>Das Buch ist wie folgt in sieben Teile mit insgesamt 24 Kapiteln gegliedert:<\/p>\n<p>Teil I. Verleugnung, Verzerrung und Ablenkung besteht aus drei Kapiteln \u2013 Kapitel 1 bis 3:<\/p>\n<p>Kapitel 1: Das archetypische Primat des \u00e4gyptischen Alphabets zeigt die Rolle und die lange Geschichte der alphabetischen Buchstabenform im alten \u00c4gypten vor jedem anderen Ort auf der Erde.<\/p>\n<p>Kapitel 2: Die Verschleierung des h\u00f6chsten \u00e4gyptischen Alphabets zeigt den unglaublichen Plan der westlichen Wissenschaft, die alt\u00e4gyptischen alphabetischen Buchstabenformen vor ihrer herausragenden Stellung in der Geschichte der Schrift zu verbergen.<\/p>\n<p>Kapitel 3: Die Ablenkung einer protosinaitischen \u201eph\u00f6nizischen Verbindung\u201c wird alle Fakten dar\u00fcber aufdecken, dass \u201ePh\u00f6nizier\u201c die Erfinder der Alphabete auf \u00e4gyptischem Boden waren!<\/p>\n<p>Teil II. Entstehung und Formen \u00e4gyptischer alphabetischer Schriften besteht aus 6 Kapiteln \u2013 Kapitel 4 bis 9:<\/p>\n<p>Kapitel 4: Entstehung der \u00e4gyptischen alphabetischen Buchstaben\/Schrift wird die unbegr\u00fcndete Obsession widerlegen, dass alphabetische Buchstabenformen aus Bildern abgeleitet wurden; und wird die Unterschiede zwischen Ideogrammen, Zeichen und alphabetischer Schrift untersuchen.<\/p>\n<p>Kapitel 5: Die \u00e4gyptische Lautorganisation der Buchstaben behandelt die drei prim\u00e4ren Vokale als Urheber aller Vokale und zugeh\u00f6rigen Konsonanten.<\/p>\n<p>Kapitel 6: Die \u00e4gyptischen alphabetischen Schreibstile werden die derzeit verbreitete Verwirrung der alt\u00e4gyptischen Schreibstile beseitigen und die beiden Hauptstile als Unziale und Kursivschrift festlegen.<\/p>\n<p>Kapitel 7: Der Beruf der \u00e4gyptischen Schriftgelehrten wird die Bandbreite der \u00e4gyptischen Schriften abdecken; der Beruf des Schreibers; Schreiboberfl\u00e4chen und -instrumente; und die Dokumentation offizieller Missionen \u00e4gyptischer Schriftgelehrter.<\/p>\n<p>Kapitel 8: Mehrere Schreibformen eines einzelnen Dokuments befasst sich mit der Gemeinsamkeit, mehrere Stile derselben Sprache in einem einzigen Dokument zu haben. und wird Beispiele f\u00fcr vielf\u00e4ltige Schreibformen auf \u00e4gyptischen magischen Weissagungspapyri sowie auf \u00e4gyptischen Stelen geben.<\/p>\n<p>Kapitel 9: Mehrere Schriftformen des Rosetta-Steins wird die v\u00f6llige Fehldarstellung der drei \u00e4gyptischen Schriftformen auf dem Rosetta-Stein als (f\u00e4lschlicherweise) \u00e4gyptisch und \u201egriechisch\u201c entlarven!<\/p>\n<p>Teil III. \u201eHow The One World Language Became The Many\u201c besteht aus f\u00fcnf Kapiteln \u2013 Kapitel 10 bis 14:<\/p>\n<p>Kapitel 10: Das Leuchtfeuer der Antike wird \u00e4gyptische Siedlungen auf der ganzen Welt abdecken; Das alte \u00c4gypten und die sieben Meere; Das alte \u00c4gypten als Weltwirtschaftsmotor; die vorherrschende \u00e4gyptische Sprache; und die \u00e4gyptische Muttersprache aller Sprachfamilien.<\/p>\n<p>In Kapitel 11: Gemeinsame Merkmale des alt\u00e4gyptischen alphabetischen Schriftsystems werden diese Merkmale detailliert beschrieben.<\/p>\n<p>Kapitel 12: Buchstabenformen-Divergenz der Weltalphabete seit ihrem \u00e4gyptischen Ursprung behandelt die offensichtlichen Variationen alphabetischer Buchstabenformen in Weltalphabeten seit ihrem \u00e4gyptischen Ursprung und bietet einen \u00dcberblick \u00fcber die archetypischen 28 \u00e4gyptischen alphabetischen Buchstabenformen und ihre Divergenz anderen Regionen der Welt.<\/p>\n<p>Kapitel 13: Klangdivergenz der Weltalphabete von ihrem \u00e4gyptischen Ursprung befasst sich mit den systematischen Klangvariationen sowie den Ursachen und Auswirkungen der Klangdivergenz von ihrem \u00e4gyptischen Ursprung in andere Weltalphabete.<\/p>\n<p>In Kapitel 14: Unbek\u00fcmmerte Bezeichnungen neuer Sprachen wird behandelt, wie eine neue Sprache als Identit\u00e4tssymbol f\u00fcr Gewinner von Kriegen und neuen Religionen verliehen wurde. sowie wie \u201eneue\u201c Sprachen aus \u00e4gyptischen Schriften erfunden wurden.<\/p>\n<p>Teil IV. Die prim\u00e4ren sprachlichen Merkmale der \u00e4gyptischen Sprache haben ein Kapitel \u2013 Kapitel 15:<\/p>\n<p>Kapitel 15: Die prim\u00e4ren sprachlichen Merkmale der \u00e4gyptischen Sprache behandelt die vier S\u00e4ulen einer Sprache; sowie eine \u00dcberpr\u00fcfung des \u00e4gyptischen prototypischen miteinander verbundenen Lexikons, der Grammatik und der Syntax.<\/p>\n<p>Teil V. Out of Egypt \u2013 Diffusion Patterns To Asia and Africa besteht aus 5 Kapiteln \u2013 Kapitel 16 bis 20:<\/p>\n<p>Kapitel 16: Hebr\u00e4isch und Moses von \u00c4gypten zeigt den \u00e4gyptischen Ursprung des Hebr\u00e4ischen und das Fehlen jeglicher sprachlicher Unterscheidung zwischen Hebr\u00e4isch und der alt\u00e4gyptischen Sprache.<\/p>\n<p>Kapitel 17: Die alt\u00e4gyptische Hegemonie der asiatischen Nachbarn wird die in Nord- und S\u00fcdarabien gefundenen Schriften besprechen und alle offensichtlichen Unterschiede zwischen ihnen und dem alt\u00e4gyptischen Schriftsystem kl\u00e4ren.<\/p>\n<p>Kapitel 18: The African Connections wird die Geschichte und Details der \u00e4thiopischen Sprache(n) besprechen und alle offensichtlichen Unterschiede zwischen ihnen und dem alt\u00e4gyptischen Schriftsystem kl\u00e4ren.<\/p>\n<p>Kapitel 19: Von \u00c4gypten nach Indien und dar\u00fcber hinaus behandelt die beiden wichtigsten Inschriftenstile auf dem indischen Subkontinent; und wird alle offensichtlichen Unterschiede zwischen ihnen und dem alt\u00e4gyptischen Schriftsystem kl\u00e4ren.<\/p>\n<p>Kapitel 20: Von \u00c4gypten bis zum Schwarzmeerbecken [Georgien und Armenien] befasst sich mit Sprachverwandtschaften von Zentralasien bis zum Schwarzmeerbecken; Alt\u00e4gyptische Siedlungen im Schwarzmeerbecken; die Vorexistenz \u201earmenischer\/georgischer\u201c Alphabete im alten \u00c4gypten; und die Gleichheit des alt\u00e4gyptischen alphabetischen Schriftsystems mit den sp\u00e4teren \u201egeorgischen und armenischen Sprachen\u201c.<\/p>\n<p>Teil VI. Out of Egypt \u2013 Diffusion Patterns To Europe besteht aus zwei Kapiteln \u2013 Kapitel 21 und 22:<\/p>\n<p>Kapitel 21: Greek: A Shameless Linguistic Heist befasst sich mit der Rolle der Griechen im alten \u00c4gypten als angeheuerte Sicherheitskr\u00e4fte; die Vorexistenz der proklamierten \u201egriechischen\u201c alphabetischen Buchstabenformen im alt\u00e4gyptischen System; Raub und Nachdatierung \u00e4gyptischer Schriften, um sie in \u201eGriechisch\u201c umzubenennen; und das Fehlen jeglicher sprachlicher Unterscheidung zwischen Griechisch und der alt\u00e4gyptischen Sprache.<\/p>\n<p>Kapitel 22: Die europ\u00e4ischen Sprachen umfasst etruskische, lateinische und hispanische Sprachen und das Fehlen jeglicher sprachlicher Unterscheidung zwischen ihnen und der alt\u00e4gyptischen Sprache.<\/p>\n<p>Teil VII. Die antike Zukunft der universellen Sprache besteht aus zwei Kapiteln \u2013 Kapitel 23 und 24:<\/p>\n<p>Kapitel 23: \u00c4gyptische alphabetische Vokalsprache [Vergangenheit, Gegenwart und Zukunft] behandelt den Zustand der Vokal- und Schriftsprache in \u00c4gypten und die geringf\u00fcgigen Ver\u00e4nderungen, die im Laufe der Jahrtausende stattgefunden haben.<\/p>\n<p>Kapitel 24: Renaissance und Suche nach der universellen Sprache \u2013 Die antike Zukunft bietet einen \u00dcberblick \u00fcber das inkonsistente phonetische Schriftsystem der englischen Sprache. die Suche der Renaissance nach einer universellen Sprache; und wie eine solche Sprache allen Berichten zufolge die [alte] \u00e4gyptische Sprache ist.<\/p>\n<\/div>\n<\/div>","protected":false},"excerpt":{"rendered":"<div class=\"fb-page\" data-href=\"https:\/\/www.facebook.com\/EgyptianUniversalWritingModes\" data-width=\"380\" data-hide-cover=\"false\" data-show-facepile=\"false\"><\/div>\n<p><span class=\"contributor-name-prefix\"><br \/>\nvon<\/span>\u00a0<span class=\"visible-contributors\"><a class=\"contributor-name\" translate=\"no\" href=\"https:\/\/egyptianwisdomcenter.org\/de\/um\/\" data-force-track=\"\" data-track-info=\"{&quot;description&quot;:&quot;authorSearch&quot;,&quot;author&quot;:&quot;Moustafa Gadalla&quot;}\">Moustafa Gadalla<\/a><\/span><\/p>\n<hr \/>\n<p><strong>KURZE BESCHREIBUNG<\/strong><\/p>\n<p>In diesem Buch wird gezeigt, wie die \u00c4gypter verschiedene Schreibweisen f\u00fcr unterschiedliche Zwecke hatten und wie die \u00e4gyptischen Schriften f\u00e4lschlicherweise als \u201egetrennte Sprachen\u201c bezeichnet wurden, die anderen geh\u00f6rten; die Unwahrheit, auf dem Rosetta-Stein (und zahlreichen anderen \u00e4hnlichen Steinen) unterschiedliche Sprachen zu haben; und Bewertung der \u201ehieratischen\u201c und \u201edemotischen\u201c Schreibformen. Das Buch wird auch hervorheben, wie die \u00e4gyptische Alphabetsprache die MUTTER und der Ursprung aller Sprachen ist (wie von allen Autoren der Antike best\u00e4tigt) und wie diese eine Originalsprache auf der ganzen Welt als Griechisch, Hebr\u00e4isch, Arabisch und andere \u201eSprachen\u201c bezeichnet wurde durch die Verschlechterung der Klangwerte durch \u201eLautverschiebungen\u201c sowie durch Fremdverschlechterung der urspr\u00fcnglichen \u00e4gyptischen Schriftformen.<\/p>\n<p><a href=\"https:\/\/egyptianwisdomcenter.org\/wp-content\/uploads\/2022\/12\/The-Ancient-Egyptian-Universal-Writing-Modes-sample.pdf\">Jetzt in der Vorschau ansehen (PDF)<\/a><\/p>\n<hr \/>\n<p><center><br \/>\n<a class=\"button minimal\" href=\"https:\/\/books2read.com\/Ancient-Egyptian-Universal-Writing-Modes-by-Moustafa-Gadalla\">Kaufoptionen anzeigen<\/a><\/center><center><\/center>&nbsp;<\/p>\n<p><center><a href=\"https:\/\/www.amazon.com\/Ancient-Egyptian-Universal-Writing-Modes-ebook\/dp\/B071YDFBTW\/ref=sr_1_1?crid=39R6VV5CZ5190&amp;keywords=Ancient+Egyptian+Universal+Writing+Modes&amp;qid=1706532865&amp;s=digital-text&amp;sprefix=%2Cdigital-text%2C400&amp;sr=1-1#customerReviews\" target=\"_blank\" rel=\"noopener\"><img decoding=\"async\" class=\"alignnone size-full wp-image-68952\" src=\"https:\/\/egyptianwisdomcenter.org\/wp-content\/uploads\/2022\/12\/Reviews3.png\" alt=\"\" width=\"231\" height=\"41\" srcset=\"https:\/\/egyptianwisdomcenter.org\/wp-content\/uploads\/2022\/12\/Reviews3.png 231w, https:\/\/egyptianwisdomcenter.org\/wp-content\/uploads\/2022\/12\/Reviews3-18x3.png 18w\" sizes=\"(max-width: 231px) 100vw, 231px\" \/><\/a><\/center><\/p>","protected":false},"featured_media":60027,"comment_status":"open","ping_status":"closed","template":"","meta":[],"product_brand":[],"product_cat":[95],"product_tag":[],"class_list":{"0":"post-60026","1":"product","2":"type-product","3":"status-publish","4":"has-post-thumbnail","6":"product_cat-current-editions-in-english-language","8":"first","9":"instock","10":"shipping-taxable","11":"product-type-simple"},"aioseo_notices":[],"_links":{"self":[{"href":"https:\/\/egyptianwisdomcenter.org\/de\/wp-json\/wp\/v2\/product\/60026","targetHints":{"allow":["GET"]}}],"collection":[{"href":"https:\/\/egyptianwisdomcenter.org\/de\/wp-json\/wp\/v2\/product"}],"about":[{"href":"https:\/\/egyptianwisdomcenter.org\/de\/wp-json\/wp\/v2\/types\/product"}],"replies":[{"embeddable":true,"href":"https:\/\/egyptianwisdomcenter.org\/de\/wp-json\/wp\/v2\/comments?post=60026"}],"wp:featuredmedia":[{"embeddable":true,"href":"https:\/\/egyptianwisdomcenter.org\/de\/wp-json\/wp\/v2\/media\/60027"}],"wp:attachment":[{"href":"https:\/\/egyptianwisdomcenter.org\/de\/wp-json\/wp\/v2\/media?parent=60026"}],"wp:term":[{"taxonomy":"product_brand","embeddable":true,"href":"https:\/\/egyptianwisdomcenter.org\/de\/wp-json\/wp\/v2\/product_brand?post=60026"},{"taxonomy":"product_cat","embeddable":true,"href":"https:\/\/egyptianwisdomcenter.org\/de\/wp-json\/wp\/v2\/product_cat?post=60026"},{"taxonomy":"product_tag","embeddable":true,"href":"https:\/\/egyptianwisdomcenter.org\/de\/wp-json\/wp\/v2\/product_tag?post=60026"}],"curies":[{"name":"wp","href":"https:\/\/api.w.org\/{rel}","templated":true}]}}