{"id":60039,"date":"2022-12-25T22:25:10","date_gmt":"2022-12-26T03:25:10","guid":{"rendered":"https:\/\/egyptianwisdomcenter.org\/?post_type=product&#038;p=60039"},"modified":"2024-06-01T04:35:56","modified_gmt":"2024-06-01T08:35:56","slug":"the-egyptian-hieroglyph-metaphysical-language","status":"publish","type":"product","link":"https:\/\/egyptianwisdomcenter.org\/de\/produkt\/die-metaphysische-sprache-der-aegyptischen-hieroglyphen-2\/","title":{"rendered":"Die metaphysische Sprache der \u00e4gyptischen Hieroglyphen"},"content":{"rendered":"<div class=\"collapsible-synopsis gizmo-collapsible-with-header show-teaser open\" data-kobo-gizmo=\"Collapsible.Synopsis\" data-kobo-gizmo-config=\"{ &quot;isOpen&quot;: {&quot;small&quot;: false, &quot;medium&quot;: false, &quot;large&quot;: false, &quot;jumbo&quot;: false}, &quot;name&quot;: &quot;AboutItem&quot;, &quot;toggleClass&quot; : &quot;toggle-button-hitbox&quot; }\" data-gid=\"g_20\">\n<div class=\"synopsis-description\" translate=\"no\">\n<p>Ein Bild sagt mehr als 1.000 Worte. Ein Bild stellt ein Konzept\/eine Idee dar und nicht einen einzelnen Buchstaben\/Ton.<\/p>\n<p>Wir sagen \u201estellen Sie sich das vor\u201c oder \u201estellen Sie sich das vor\u201c, denn Bilder sind Darstellungen von Konzepten und Ideen, die \u00fcber Worte hinausgehen. Das Bild vermittelt Informationen effizienter als Buchstaben\/W\u00f6rter.<\/p>\n<p>Dieses Buch behandelt die metaphysische Bildsprache der \u00e4gyptischen Hieroglyphen, die Sprache des Geistes\/Intellekts\/G\u00f6ttlichen.<\/p>\n<p>Das Ziel dieses Buches ist es, eine solche Darstellung zu bieten. Eines, das zwar auf fundierter Wissenschaft basiert, die Themen aber in einer Sprache darstellt, die auch f\u00fcr nicht fachkundige Leser verst\u00e4ndlich ist. Fachbegriffe wurden auf ein Minimum beschr\u00e4nkt.<\/p>\n<p>Dieses Buch ist in 8 Kapitel unterteilt.<\/p>\n<p>Kapitel 1: Historische T\u00e4uschung der (alten) \u00e4gyptischen Linguistik wird die Verwirrung beseitigen, die darauf abzielt, die \u00e4gyptischen Hieroglyphen als eine primitive Schriftform mit individuellen Lautwerten falsch darzustellen. Die \u00e4gyptischen Hieroglyphen sind unterschiedliche Ideogramme und haben nichts mit dem \u00e4gyptischen Alphabetsystem zu tun.<\/p>\n<p>Kapitel 2: Die wissenschaftliche\/metaphysische Realit\u00e4t bildlicher Bilder (Hieroglyphen) erkl\u00e4rt, wie Menschen Informationen, die sie von den f\u00fcnf Sinnen empfangen, durch visualisierte Bilder an das Gehirn weiterleiten. wie jedes Hieroglyphenbild imitative und symbolische (bildliche und allegorische) Bedeutungen hat; das Zusammentreffen solch vielf\u00e4ltiger Bedeutungen jedes Bildes in der modernen Wissenschaft; und wie eine Reihe von Bildern im Bewusstsein auf die gleiche Weise verarbeitet werden, wie ein Traum verarbeitet wird.<\/p>\n<p>Kapitel 3: Darstellungen von Gedanken durch \u00e4gyptische Hieroglyphenbilder erkl\u00e4rt, wie \u00e4gyptische Hieroglyphenbilder metaphysische Konzepte darstellen; Beziehungen zwischen ihren Funktionen und geometrischen Formen; und bietet einen \u00dcberblick \u00fcber die \u00e4gyptische Bildung solcher Ideogramme.<\/p>\n<p>Kapitel 4: Hieroglyphenbilder von Tieren erkl\u00e4rt die metaphysische Bedeutung solcher Bilder und hebt die Bedeutung von \u00fcber 30 verwandten \u00e4gyptischen Hieroglyphenbildern hervor.<\/p>\n<p>Kapitel 5: Menschliche Hieroglyphenbilder mit menschlichen und tierischen K\u00f6pfen erkl\u00e4rt die metaphysische Bedeutung solcher Bilder und hebt die Bedeutung von etwa 10 verwandten \u00e4gyptischen Hieroglyphenbildern hervor.<\/p>\n<p>Kapitel 6: Hieroglyphenbilder menschlicher K\u00f6rperteile erkl\u00e4rt die metaphysische Bedeutung solcher Bilder und hebt die Bedeutung von \u00fcber 10 verwandten \u00e4gyptischen Hieroglyphenbildern hervor.<\/p>\n<p>Kapitel 7: Natur und geometrische Figuren-Hieroglyphenbilder erkl\u00e4rt die metaphysische Bedeutung solcher Bilder und hebt die Bedeutung von \u00fcber 10 verwandten \u00e4gyptischen Hieroglyphenbildern hervor.<\/p>\n<p>Kapitel 8: Vom Menschen geschaffene Hieroglyphenbilder erkl\u00e4ren die metaphysische Bedeutung solcher Bilder und heben die Bedeutung von etwa 20 verwandten \u00e4gyptischen Hieroglyphenbildern hervor.<\/p>\n<\/div>\n<\/div>","protected":false},"excerpt":{"rendered":"<div class=\"fb-page\" data-href=\"https:\/\/www.facebook.com\/profile.php?id=100031967752121\" data-width=\"380\" data-hide-cover=\"false\" data-show-facepile=\"false\"><\/div>\n<p><span class=\"contributor-name-prefix\"><br \/>\nvon<\/span>\u00a0<span class=\"visible-contributors\"><a class=\"contributor-name\" translate=\"no\" href=\"https:\/\/egyptianwisdomcenter.org\/de\/um\/\" data-force-track=\"\" data-track-info=\"{&quot;description&quot;:&quot;authorSearch&quot;,&quot;author&quot;:&quot;Moustafa Gadalla&quot;}\">Moustafa Gadalla<\/a><\/span><\/p>\n<hr \/>\n<p><strong>KURZE BESCHREIBUNG<\/strong><\/p>\n<p>Dieses Buch behandelt die metaphysische Bildsprache der \u00e4gyptischen Hieroglyphen; die Sprache des Geistes\/Intellekts\/G\u00f6ttlichen; die wissenschaftliche\/metaphysische Realit\u00e4t bildlicher Bilder (Hieroglyphen) als ultimatives Medium f\u00fcr das menschliche Bewusstsein, das die Bedeutung solcher Bilder interpretiert, verarbeitet und aufrechterh\u00e4lt; wie jedes Hieroglyphenbild imitative und symbolische (bildliche und allegorische) Bedeutungen hat; die \u00dcbereinstimmung der modernen Wissenschaft mit solch vielf\u00e4ltigen Bedeutungen jedes Bildes; wie \u00e4gyptische Hieroglyphenbilder metaphysische Konzepte darstellen; und die metaphysische Bedeutung einer Vielzahl von etwa 80 \u00e4gyptischen Hieroglyphenbildern.<\/p>\n<p><a href=\"https:\/\/egyptianwisdomcenter.org\/wp-content\/uploads\/2022\/12\/The-Egyptian-Hieroglyph-Metaphysical-Language-sample.pdf\">Jetzt in der Vorschau ansehen (PDF)<\/a><\/p>\n<hr \/>\n<p><center><br \/>\n<a class=\"button minimal\" href=\"https:\/\/books2read.com\/u\/bMEXev\" target=\"_blank\" rel=\"noopener\">Kaufoptionen anzeigen<\/a><\/center><\/p>\n<div id='wpsr-reviews-slider-68936' class='wpsr-reviews-68936  wpsr-reviews-wrapper wpsr-feed-wrap wpsr_content  wpsr-reviews-slider-wrapper   wpsr-reviews-template-grid2 wpsr-reviews-layout-slider wpsr-header-enable' data-column='4' data-platforms='amazon' data-slider_settings='{&quot;autoplay&quot;:&quot;false&quot;,&quot;autoplay_speed&quot;:3000,&quot;slides_to_show&quot;:3,&quot;spaceBetween&quot;:20,&quot;responsive_slides_to_show&quot;:{&quot;desktop&quot;:2,&quot;tablet&quot;:2,&quot;mobile&quot;:1},&quot;slides_to_scroll&quot;:3,&quot;responsive_slides_to_scroll&quot;:{&quot;desktop&quot;:5,&quot;tablet&quot;:2,&quot;mobile&quot;:1},&quot;navigation&quot;:&quot;dot&quot;}'>\n<div class=\"wpsr-container wpsr-fixed-height\" style=\"\" >\n<div class=\"wpsr-business-info-wrapper\">\n<div class=\"wpsr-row\">\n<div class=\"wpsr-business-info  amazon\">\n<div class=\"wpsr-business-info-left\">\n<div class=\"wpsr-business-info-paltforms\"><img decoding=\"async\" src=\"https:\/\/egyptianwisdomcenter.org\/wp-content\/plugins\/wp-social-reviews\/assets\/images\/icon\/icon-amazon.png\" alt=\"amazon\"><\/div>\n<div class=\"wpsr-rating-and-count\"><span class=\"wpsr-total-rating\">4.3<\/span><span class=\"wpsr-rating\"><\/p>\n<div class=\"wpsr-star-container wpsr-star-background-filled\" style=\"--wpsr-review-star-fill: 100%;\">\n<div class=\"wpsr-star-empty\"><\/div>\n<div class=\"wpsr-star-filled\"><\/div>\n<\/p><\/div>\n<div class=\"wpsr-star-container wpsr-star-background-filled\" style=\"--wpsr-review-star-fill: 100%;\">\n<div class=\"wpsr-star-empty\"><\/div>\n<div class=\"wpsr-star-filled\"><\/div>\n<\/p><\/div>\n<div class=\"wpsr-star-container wpsr-star-background-filled\" style=\"--wpsr-review-star-fill: 100%;\">\n<div class=\"wpsr-star-empty\"><\/div>\n<div class=\"wpsr-star-filled\"><\/div>\n<\/p><\/div>\n<div class=\"wpsr-star-container wpsr-star-background-filled\" style=\"--wpsr-review-star-fill: 100%;\">\n<div class=\"wpsr-star-empty\"><\/div>\n<div class=\"wpsr-star-filled\"><\/div>\n<\/p><\/div>\n<div class=\"wpsr-star-container wpsr-star-background-filled\" style=\"--wpsr-review-star-fill: 30%;\">\n<div class=\"wpsr-star-empty\"><\/div>\n<div class=\"wpsr-star-filled\"><\/div>\n<\/p><\/div>\n<p><\/span><\/p>\n<div class=\"wpsr-total-reviews\">Based on <span>30<\/span> Reviews<\/div>\n<\/div>\n<\/div>\n<div class=\"wpsr-business-info-right\">\n<div class=\"wpsr-write-review-modal-wrapper\"><\/div>\n<\/div>\n<\/div>\n<\/div>\n<\/div>\n<div class=\"wpsr-row\" style=\"\">\n<div class=\"wpsr-reviews-slider-wrapper-inner\">\n<div class=\"wpsr-reviews-slider swiper-container wpsr-ai-summary-enabled-slider\" tabindex=\"0\">\n<div class=\"swiper-wrapper\">\n<div class=\"swiper-slide\" role=\"group\">\n<div class=\"wpsr-review-template wpsr-review-template-two wpsr-review-template-amazon\"\n                 style=\"\"\n                 data-index=\"0\"\n                 data-source_id=\"1931446970\"\n                 data-media_id=\"\"\n                 data-review_platform=\"amazon\"\n                 data-product_thumbnail=\"\"\n                 data-product_name=\"\"\n                 data-image_resize=\"full\"\n            ><\/p>\n<div class=\"wpsr-review-platform\">\n                <img decoding=\"async\" class=\"wpsr-review-platform-icon\" width=\"20\" height=\"20\" src=\"https:\/\/egyptianwisdomcenter.org\/wp-content\/plugins\/wp-social-reviews\/assets\/images\/icon\/icon-amazon-small.png\" alt=\"amazon\">\n    <\/div>\n<div class=\"wpsr-reviewer-image\">\n    <a class=\"wpsr-reviewer-image-url\" target=\"_blank\" rel=\"noopener noreferrer nofollow\" href=\"https:\/\/www.amazon.com\/Egyptian-Hieroglyph-Metaphysical-Language\/dp\/1931446970\/\"><br \/>\n                                    <img decoding=\"async\" class=\"wpsr-reviewer-avatar\" src=\"https:\/\/images-na.ssl-images-amazon.com\/images\/S\/amazon-avatars-global\/default._CR0,0,1024,1024_SX48_.png\" alt=\"curtis v.\"\/><br \/>\n                        <\/a>\n<\/div>\n<div class=\"wpsr-review-info\">\n                        <a class=\"wpsr-reviewer-name-url\" target=\"_blank\" rel=\"noopener noreferrer nofollow\" href=\"https:\/\/www.amazon.com\/Egyptian-Hieroglyph-Metaphysical-Language\/dp\/1931446970\/\"><br \/>\n    <span class=\"wpsr-reviewer-name\">curtis v.<\/span><br \/>\n    <\/a><\/p>\n<div data-rating=\"5\" class=\"wpsr-rating-wrapper wpsr-rating\">\n<div class=\"wpsr-star-container wpsr-star-background-filled\" style=\"--wpsr-review-star-fill: 100%;\">\n<div class=\"wpsr-star-empty\"><\/div>\n<div class=\"wpsr-star-filled\"><\/div>\n<\/p><\/div>\n<div class=\"wpsr-star-container wpsr-star-background-filled\" style=\"--wpsr-review-star-fill: 100%;\">\n<div class=\"wpsr-star-empty\"><\/div>\n<div class=\"wpsr-star-filled\"><\/div>\n<\/p><\/div>\n<div class=\"wpsr-star-container wpsr-star-background-filled\" style=\"--wpsr-review-star-fill: 100%;\">\n<div class=\"wpsr-star-empty\"><\/div>\n<div class=\"wpsr-star-filled\"><\/div>\n<\/p><\/div>\n<div class=\"wpsr-star-container wpsr-star-background-filled\" style=\"--wpsr-review-star-fill: 100%;\">\n<div class=\"wpsr-star-empty\"><\/div>\n<div class=\"wpsr-star-filled\"><\/div>\n<\/p><\/div>\n<div class=\"wpsr-star-container wpsr-star-background-filled\" style=\"--wpsr-review-star-fill: 100%;\">\n<div class=\"wpsr-star-empty\"><\/div>\n<div class=\"wpsr-star-filled\"><\/div>\n<\/p><\/div>\n<\/p><\/div>\n<p><span data-time=\"8\u00a0Jahren ago\" class=\"wpsr-review-date\"><br \/>\n     Oktober 4, 2018<\/span>                        <\/p><\/div>\n<div class=\"wpsr-reviews-content-footer\">\n<h3 class=\"wpsr-review-title\">\n    5.0 out of 5 stars                    Good book<\/h3>\n<div class=\"wpsr-review-content\" tabindex=\"0\">\n<p class=\"wpsr_add_read_more wpsr_show_less_content\" data-num-words-trim=\"10\">A good book of\/on hieroglyphs <\/p>\n<\/p><\/div>\n<\/p><\/div>\n<\/p><\/div>\n<\/p><\/div>\n<\/div>\n<\/div>\n<div class=\"wpsr-swiper-carousel-wrapper\">\n<div class=\"wpsr-swiper-pagination swiper-pagination\"><\/div>\n<\/div>\n<\/div>\n<\/div>\n<\/div>\n<\/div>","protected":false},"featured_media":60040,"comment_status":"open","ping_status":"closed","template":"","meta":[],"product_brand":[],"product_cat":[95],"product_tag":[],"class_list":{"0":"post-60039","1":"product","2":"type-product","3":"status-publish","4":"has-post-thumbnail","6":"product_cat-current-editions-in-english-language","8":"first","9":"instock","10":"shipping-taxable","11":"product-type-simple"},"aioseo_notices":[],"_links":{"self":[{"href":"https:\/\/egyptianwisdomcenter.org\/de\/wp-json\/wp\/v2\/product\/60039","targetHints":{"allow":["GET"]}}],"collection":[{"href":"https:\/\/egyptianwisdomcenter.org\/de\/wp-json\/wp\/v2\/product"}],"about":[{"href":"https:\/\/egyptianwisdomcenter.org\/de\/wp-json\/wp\/v2\/types\/product"}],"replies":[{"embeddable":true,"href":"https:\/\/egyptianwisdomcenter.org\/de\/wp-json\/wp\/v2\/comments?post=60039"}],"wp:featuredmedia":[{"embeddable":true,"href":"https:\/\/egyptianwisdomcenter.org\/de\/wp-json\/wp\/v2\/media\/60040"}],"wp:attachment":[{"href":"https:\/\/egyptianwisdomcenter.org\/de\/wp-json\/wp\/v2\/media?parent=60039"}],"wp:term":[{"taxonomy":"product_brand","embeddable":true,"href":"https:\/\/egyptianwisdomcenter.org\/de\/wp-json\/wp\/v2\/product_brand?post=60039"},{"taxonomy":"product_cat","embeddable":true,"href":"https:\/\/egyptianwisdomcenter.org\/de\/wp-json\/wp\/v2\/product_cat?post=60039"},{"taxonomy":"product_tag","embeddable":true,"href":"https:\/\/egyptianwisdomcenter.org\/de\/wp-json\/wp\/v2\/product_tag?post=60039"}],"curies":[{"name":"wp","href":"https:\/\/api.w.org\/{rel}","templated":true}]}}