{"id":61523,"date":"2023-01-04T18:44:25","date_gmt":"2023-01-04T23:44:25","guid":{"rendered":"https:\/\/egyptianwisdomcenter.org\/fr\/?post_type=product&#038;p=61523"},"modified":"2024-06-01T04:52:51","modified_gmt":"2024-06-01T08:52:51","slug":"ancienne-egypte-les-racines-du-christianisme","status":"publish","type":"product","link":"https:\/\/egyptianwisdomcenter.org\/de\/produkt\/altes-agypten-die-racines-des-christentums\/","title":{"rendered":"Ancienne \u00c9gypte \u2013 Les Racines du Christianisme"},"content":{"rendered":"<p>BESCHREIBUNG LONGUE<\/p>\n<p>Dass die christliche Religion bereits im alten \u00c4gypten existierte, schon vor der Annahme des Alten Testaments. L&#039;\u00e9gyptologue britannique Sir EA Wallis Budge, in seinem Sohn Buch The Gods of the Egyptians [1969] geschrieben:<\/p>\n<p>Die neue Religion (der Christentum), die unmittelbar von St. Marc und seinen J\u00fcngern gepredigt wurde, \u00e4hnelte sehr stark der Tatsache, dass sie sich mit dem Kult von Osiris, Isis und Horus befasste.<\/p>\n<p>Die \u00c4hnlichkeiten und Bemerkungen von Budge und denen, die mit der \u00e4gyptischen All\u00e9gorie von Osiris\/Isis\/Horus verglichen wurden, mit der Erz\u00e4hlung von Evangiles, waren nicht frappant.<\/p>\n<p>Les deux r\u00e9cits sont pratiquement les memes, par exemple, la Conception surnaturelle, la naissance g\u00f6ttliche, les luttes contre l&#039;ennemi dans la nature sauvage, and the resurrection d&#039;entre morts versus the vie \u00e9ternelle. Der Hauptunterschied zwischen den \u201ezwei Versionen\u201c besteht darin, dass die Fabel des \u00c9vangiles als historisch betrachtet wird und der Zyklus von Osiris\/Isis\/Horus eine Allegorie ist. Die spirituelle Botschaft der All\u00e9gorie von Osiris\/Isis\/Horus aus dem alten \u00c4gypten und die Offenbarung des Chronisten ist genau das Gleiche.<\/p>\n<p>Der britische Sucher AN Wilson hat sein Werk \u201eJesus: A Life\u201c [1992] erneut ver\u00f6ffentlicht, n\u00e4mlich:<\/p>\n<p>\u201eDer Jesus der Geschichte und der Christus der Foi sind zwei getrennte Wesen, mit sehr unterschiedlichen Geschichten.\u201c Es ist schwierig, den Premierminister zu rekonstruieren, und es ist wahrscheinlich, dass die Ursache f\u00fcr irreparable Sch\u00e4den in der zweiten Sekunde liegt.<\/p>\n<p>Dieses Buch zeigt den \u201eJ\u00e9sus historique\u201c, den \u201eJ\u00e9sus de la Foi\u201c und die Prinzipien des christlichen Glaubens im gesamten alten \u00c4gypten. Ceci sera fait ohne Verursachung \u201eirreparabler Sch\u00e4den\u201c durch die Souci von AN Wilson, aus zwei Hauptgr\u00fcnden: Urauff\u00fchrung, die Wahrheit war schon da. Zweitens: Erkl\u00e4ren Sie die Prinzipien der Christen und deren Bewohner in ihrem Ursprungskontext, der aus dem alten \u00c4gypten stammt, und st\u00e4rken Sie das Ideal des Christentums.<\/p>\n<p>Dieses Buch ist \u201eCompose de Deux\u201c-Partys:<\/p>\n<p>Der erste Teil zeigt, dass die Rezitationen des historischen Jesus ausschlie\u00dflich auf dem Leben und der Sterblichkeit des \u00e4gyptischen Pharaon Twt\/Tout-Ankh-Amen basieren.<\/p>\n<p>Der zweite Teil zeigte, dass der Jesus vom Himmel kam und dass die christlichen Prinzen allen \u00e4gyptischen Ursprungs waren \u2013 aufgrund der Essenz der Botschaft\/der Botschaft, ebenso wie die religi\u00f6sen Feste.<\/p>\n<p>Es ist eine unbestreitbare Ironie und eine unbestreitbare Wahrheit, die in der Prophezeiung von \u00c4gypten liegt, und ich appelliere an meine Kinder. Eine tiefe Ironie, mit Wirkung.<\/p>\n<p>Sachons faire preuve d&#039;ouverture of esprit and portionen un respect ref sur les preuves don&#039;t not us disposons. Car la v\u00e9rit\u00e9 besteht aus verschiedenen erg\u00e4nzenden Teilen eines Puzzles. Mettons, diese St\u00fccke am besten Ort, an der sch\u00f6nen Epoche und in guter Ordnung.<\/p>","protected":false},"excerpt":{"rendered":"<p>Par\u00a0<a class=\"contributor-name\" translate=\"no\" href=\"https:\/\/egyptianwisdomcenter.org\/fr\/a-propos\/\" data-force-track=\"\" data-track-info=\"{&quot;description&quot;:&quot;authorSearch&quot;,&quot;author&quot;:&quot;Moustafa Gadalla&quot;}\">Moustafa Gadalla<\/a><\/p>\n<hr \/>\n<p>BESCHREIBUNG BR\u00c8VE<\/p>\n<p>Diese auf Franz\u00f6sisch \u00fcbersetzte Ausgabe erz\u00e4hlt von den V\u00f6lkern des Christentums, ausser zwei spirituellen Geschichtsb\u00fcchern, die im alten \u00c4gypten gefunden wurden. Dieses Buch enth\u00e4lt die Demonstration, dass die Rezitationen des \u201ehistorischen Jesus\u201c auf dem Leben und der Sterblichkeit des \u00e4gyptischen Pharaos Twt\/Tout Ankh-Amen basieren und dass der \u201eJesus von der Foi\u201c und die christliche Lehre vollst\u00e4ndig \u00e4gyptischen Ursprungs sind \u2013 wie die Essenz des Glaubens\/die Botschaft meiner eigenen religi\u00f6sen Feiertage.<\/p>\n<p><a href=\"https:\/\/egyptianwisdomcenter.org\/wp-content\/uploads\/2023\/01\/Ancienne-Egypte-les-Racines-du-Christianisme-1494604755.pdf\">Aper\u00e7u avant impression (PDF)<\/a><\/p>\n<hr \/>\n<p><center><br \/>\n<a class=\"button minimal\" href=\"https:\/\/books2read.com\/u\/meG7Jl\" target=\"_blank\" rel=\"noopener\">Sehen Sie sich die verf\u00fcgbaren Optionen an<\/a><\/center><\/p>\n<div id='wpsr-reviews-slider-68959' class='wpsr-reviews-68959  wpsr-reviews-wrapper wpsr-feed-wrap wpsr_content  wpsr-reviews-slider-wrapper   wpsr-reviews-template-grid2 wpsr-reviews-layout-slider wpsr-header-enable' data-column='4' data-platforms='amazon' data-slider_settings='{&quot;autoplay&quot;:&quot;false&quot;,&quot;autoplay_speed&quot;:3000,&quot;slides_to_show&quot;:3,&quot;spaceBetween&quot;:20,&quot;responsive_slides_to_show&quot;:{&quot;desktop&quot;:2,&quot;tablet&quot;:2,&quot;mobile&quot;:1},&quot;slides_to_scroll&quot;:3,&quot;responsive_slides_to_scroll&quot;:{&quot;desktop&quot;:5,&quot;tablet&quot;:2,&quot;mobile&quot;:1},&quot;navigation&quot;:&quot;dot&quot;}'>\n<div class=\"wpsr-container wpsr-fixed-height\" style=\"\" >\n<div class=\"wpsr-business-info-wrapper\">\n<div class=\"wpsr-row\">\n<div class=\"wpsr-business-info  amazon\">\n<div class=\"wpsr-business-info-left\">\n<div class=\"wpsr-business-info-paltforms\"><img decoding=\"async\" src=\"https:\/\/egyptianwisdomcenter.org\/wp-content\/plugins\/wp-social-reviews\/assets\/images\/icon\/icon-amazon.png\" alt=\"amazon\"><\/div>\n<div class=\"wpsr-rating-and-count\"><span class=\"wpsr-total-rating\">3.9<\/span><span class=\"wpsr-rating\"><\/p>\n<div class=\"wpsr-star-container wpsr-star-background-filled\" style=\"--wpsr-review-star-fill: 100%;\">\n<div class=\"wpsr-star-empty\"><\/div>\n<div class=\"wpsr-star-filled\"><\/div>\n<\/p><\/div>\n<div class=\"wpsr-star-container wpsr-star-background-filled\" style=\"--wpsr-review-star-fill: 100%;\">\n<div class=\"wpsr-star-empty\"><\/div>\n<div class=\"wpsr-star-filled\"><\/div>\n<\/p><\/div>\n<div class=\"wpsr-star-container wpsr-star-background-filled\" style=\"--wpsr-review-star-fill: 100%;\">\n<div class=\"wpsr-star-empty\"><\/div>\n<div class=\"wpsr-star-filled\"><\/div>\n<\/p><\/div>\n<div class=\"wpsr-star-container wpsr-star-background-filled\" style=\"--wpsr-review-star-fill: 90%;\">\n<div class=\"wpsr-star-empty\"><\/div>\n<div class=\"wpsr-star-filled\"><\/div>\n<\/p><\/div>\n<div class=\"wpsr-star-container wpsr-star-background-empty\" style=\"--wpsr-review-star-fill: 0%;\">\n<div class=\"wpsr-star-empty\"><\/div>\n<div class=\"wpsr-star-filled\"><\/div>\n<\/p><\/div>\n<p><\/span><\/p>\n<div class=\"wpsr-total-reviews\">Based on <span>19<\/span> Reviews<\/div>\n<\/div>\n<\/div>\n<div class=\"wpsr-business-info-right\">\n<div class=\"wpsr-write-review-modal-wrapper\"><\/div>\n<\/div>\n<\/div>\n<\/div>\n<\/div>\n<div class=\"wpsr-row\" style=\"\">\n<div class=\"wpsr-reviews-slider-wrapper-inner\">\n<div class=\"wpsr-reviews-slider swiper-container wpsr-ai-summary-enabled-slider\" tabindex=\"0\">\n<div class=\"swiper-wrapper\">\n<div class=\"swiper-slide\" role=\"group\">\n<div class=\"wpsr-review-template wpsr-review-template-two wpsr-review-template-amazon\"\n                 style=\"\"\n                 data-index=\"0\"\n                 data-source_id=\"B08QV1Q6D3\"\n                 data-media_id=\"\"\n                 data-review_platform=\"amazon\"\n                 data-product_thumbnail=\"\"\n                 data-product_name=\"\"\n                 data-image_resize=\"full\"\n            ><\/p>\n<div class=\"wpsr-review-platform\">\n                <img decoding=\"async\" class=\"wpsr-review-platform-icon\" width=\"20\" height=\"20\" src=\"https:\/\/egyptianwisdomcenter.org\/wp-content\/plugins\/wp-social-reviews\/assets\/images\/icon\/icon-amazon-small.png\" alt=\"amazon\">\n    <\/div>\n<div class=\"wpsr-reviewer-image\">\n    <a class=\"wpsr-reviewer-image-url\" target=\"_blank\" rel=\"noopener noreferrer nofollow\" href=\"https:\/\/www.amazon.fr\/Ancienne-%C3%89gypte-Racines-du-Christianisme\/dp\/B08QV1Q6D3\/\"><br \/>\n                                    <img decoding=\"async\" class=\"wpsr-reviewer-avatar\" src=\"https:\/\/images-eu.ssl-images-amazon.com\/images\/S\/amazon-avatars-global\/default._CR0,0,1024,1024_SX48_.png\" alt=\"Joelle M.C.\"\/><br \/>\n                        <\/a>\n<\/div>\n<div class=\"wpsr-review-info\">\n                        <a class=\"wpsr-reviewer-name-url\" target=\"_blank\" rel=\"noopener noreferrer nofollow\" href=\"https:\/\/www.amazon.fr\/Ancienne-%C3%89gypte-Racines-du-Christianisme\/dp\/B08QV1Q6D3\/\"><br \/>\n    <span class=\"wpsr-reviewer-name\">Joelle M.C.<\/span><br \/>\n    <\/a><\/p>\n<div data-rating=\"1\" class=\"wpsr-rating-wrapper wpsr-rating\">\n<div class=\"wpsr-star-container wpsr-star-background-filled\" style=\"--wpsr-review-star-fill: 100%;\">\n<div class=\"wpsr-star-empty\"><\/div>\n<div class=\"wpsr-star-filled\"><\/div>\n<\/p><\/div>\n<div class=\"wpsr-star-container wpsr-star-background-empty\" style=\"--wpsr-review-star-fill: 0%;\">\n<div class=\"wpsr-star-empty\"><\/div>\n<div class=\"wpsr-star-filled\"><\/div>\n<\/p><\/div>\n<div class=\"wpsr-star-container wpsr-star-background-empty\" style=\"--wpsr-review-star-fill: 0%;\">\n<div class=\"wpsr-star-empty\"><\/div>\n<div class=\"wpsr-star-filled\"><\/div>\n<\/p><\/div>\n<div class=\"wpsr-star-container wpsr-star-background-empty\" style=\"--wpsr-review-star-fill: 0%;\">\n<div class=\"wpsr-star-empty\"><\/div>\n<div class=\"wpsr-star-filled\"><\/div>\n<\/p><\/div>\n<div class=\"wpsr-star-container wpsr-star-background-empty\" style=\"--wpsr-review-star-fill: 0%;\">\n<div class=\"wpsr-star-empty\"><\/div>\n<div class=\"wpsr-star-filled\"><\/div>\n<\/p><\/div>\n<\/p><\/div>\n<p><span data-time=\"3\u00a0Jahren ago\" class=\"wpsr-review-date\"><br \/>\n     September 12, 2023<\/span>                        <\/p><\/div>\n<div class=\"wpsr-reviews-content-footer\">\n<h3 class=\"wpsr-review-title\">\n    1,0 sur 5\u00a0\u00e9toiles                    Pas convaincant pour moi<\/h3>\n<div class=\"wpsr-review-content\" tabindex=\"0\">\n<p class=\"wpsr_add_read_more wpsr_show_less_content\" data-num-words-trim=\"10\">J&#8217;aime bien les livres pr\u00e9c\u00e9dents mais celui ci me semble compl\u00e8tement tir\u00e9 par les cheveux&#8230; \u00c7a n&#8217;engage que moi! <\/p>\n<\/p><\/div>\n<\/p><\/div>\n<\/p><\/div>\n<\/p><\/div>\n<div class=\"swiper-slide\" role=\"group\">\n<div class=\"wpsr-review-template wpsr-review-template-two wpsr-review-template-amazon\"\n                 style=\"\"\n                 data-index=\"1\"\n                 data-source_id=\"B08QV1Q6D3\"\n                 data-media_id=\"\"\n                 data-review_platform=\"amazon\"\n                 data-product_thumbnail=\"\"\n                 data-product_name=\"\"\n                 data-image_resize=\"full\"\n            ><\/p>\n<div class=\"wpsr-review-platform\">\n                <img decoding=\"async\" class=\"wpsr-review-platform-icon\" width=\"20\" height=\"20\" src=\"https:\/\/egyptianwisdomcenter.org\/wp-content\/plugins\/wp-social-reviews\/assets\/images\/icon\/icon-amazon-small.png\" alt=\"amazon\">\n    <\/div>\n<div class=\"wpsr-reviewer-image\">\n    <a class=\"wpsr-reviewer-image-url\" target=\"_blank\" rel=\"noopener noreferrer nofollow\" href=\"https:\/\/www.amazon.fr\/Ancienne-%C3%89gypte-Racines-du-Christianisme\/dp\/B08QV1Q6D3\/\"><br \/>\n                                    <img decoding=\"async\" class=\"wpsr-reviewer-avatar\" src=\"https:\/\/images-eu.ssl-images-amazon.com\/images\/S\/amazon-avatars-global\/9db4b031-de50-4d86-a63c-8363506a55b3._CR0,0,295,295_SX48_.jpg\" alt=\"Alex Huart\"\/><br \/>\n                        <\/a>\n<\/div>\n<div class=\"wpsr-review-info\">\n                        <a class=\"wpsr-reviewer-name-url\" target=\"_blank\" rel=\"noopener noreferrer nofollow\" href=\"https:\/\/www.amazon.fr\/Ancienne-%C3%89gypte-Racines-du-Christianisme\/dp\/B08QV1Q6D3\/\"><br \/>\n    <span class=\"wpsr-reviewer-name\">Alex Huart<\/span><br \/>\n    <\/a><\/p>\n<div data-rating=\"2\" class=\"wpsr-rating-wrapper wpsr-rating\">\n<div class=\"wpsr-star-container wpsr-star-background-filled\" style=\"--wpsr-review-star-fill: 100%;\">\n<div class=\"wpsr-star-empty\"><\/div>\n<div class=\"wpsr-star-filled\"><\/div>\n<\/p><\/div>\n<div class=\"wpsr-star-container wpsr-star-background-filled\" style=\"--wpsr-review-star-fill: 100%;\">\n<div class=\"wpsr-star-empty\"><\/div>\n<div class=\"wpsr-star-filled\"><\/div>\n<\/p><\/div>\n<div class=\"wpsr-star-container wpsr-star-background-empty\" style=\"--wpsr-review-star-fill: 0%;\">\n<div class=\"wpsr-star-empty\"><\/div>\n<div class=\"wpsr-star-filled\"><\/div>\n<\/p><\/div>\n<div class=\"wpsr-star-container wpsr-star-background-empty\" style=\"--wpsr-review-star-fill: 0%;\">\n<div class=\"wpsr-star-empty\"><\/div>\n<div class=\"wpsr-star-filled\"><\/div>\n<\/p><\/div>\n<div class=\"wpsr-star-container wpsr-star-background-empty\" style=\"--wpsr-review-star-fill: 0%;\">\n<div class=\"wpsr-star-empty\"><\/div>\n<div class=\"wpsr-star-filled\"><\/div>\n<\/p><\/div>\n<\/p><\/div>\n<p><span data-time=\"5\u00a0Jahren ago\" class=\"wpsr-review-date\"><br \/>\n     April 21, 2021<\/span>                        <\/p><\/div>\n<div class=\"wpsr-reviews-content-footer\">\n<h3 class=\"wpsr-review-title\">\n    2,0 sur 5\u00a0\u00e9toiles                    Fond coh\u00e9rent, lectrice p\u00e9nible.<\/h3>\n<div class=\"wpsr-review-content\" tabindex=\"0\">\n<p class=\"wpsr_add_read_more wpsr_show_less_content\" data-num-words-trim=\"10\">La lectrice est p\u00e9nible. Le fond est coh\u00e9rent avec l&#8217;histoire des religions. Acheter le livre et oublier l&#8217;audiobook. <\/p>\n<\/p><\/div>\n<\/p><\/div>\n<\/p><\/div>\n<\/p><\/div>\n<div class=\"swiper-slide\" role=\"group\">\n<div class=\"wpsr-review-template wpsr-review-template-two wpsr-review-template-amazon\"\n                 style=\"\"\n                 data-index=\"2\"\n                 data-source_id=\"B08QV1Q6D3\"\n                 data-media_id=\"\"\n                 data-review_platform=\"amazon\"\n                 data-product_thumbnail=\"\"\n                 data-product_name=\"\"\n                 data-image_resize=\"full\"\n            ><\/p>\n<div class=\"wpsr-review-platform\">\n                <img decoding=\"async\" class=\"wpsr-review-platform-icon\" width=\"20\" height=\"20\" src=\"https:\/\/egyptianwisdomcenter.org\/wp-content\/plugins\/wp-social-reviews\/assets\/images\/icon\/icon-amazon-small.png\" alt=\"amazon\">\n    <\/div>\n<div class=\"wpsr-reviewer-image\">\n    <a class=\"wpsr-reviewer-image-url\" target=\"_blank\" rel=\"noopener noreferrer nofollow\" href=\"https:\/\/www.amazon.fr\/Ancienne-%C3%89gypte-Racines-du-Christianisme\/dp\/B08QV1Q6D3\/\"><br \/>\n                                    <img decoding=\"async\" class=\"wpsr-reviewer-avatar\" src=\"https:\/\/images-eu.ssl-images-amazon.com\/images\/S\/amazon-avatars-global\/default._CR0,0,1024,1024_SX48_.png\" alt=\"JOJOMAATA\"\/><br \/>\n                        <\/a>\n<\/div>\n<div class=\"wpsr-review-info\">\n                        <a class=\"wpsr-reviewer-name-url\" target=\"_blank\" rel=\"noopener noreferrer nofollow\" href=\"https:\/\/www.amazon.fr\/Ancienne-%C3%89gypte-Racines-du-Christianisme\/dp\/B08QV1Q6D3\/\"><br \/>\n    <span class=\"wpsr-reviewer-name\">JOJOMAATA<\/span><br \/>\n    <\/a><\/p>\n<div data-rating=\"3\" class=\"wpsr-rating-wrapper wpsr-rating\">\n<div class=\"wpsr-star-container wpsr-star-background-filled\" style=\"--wpsr-review-star-fill: 100%;\">\n<div class=\"wpsr-star-empty\"><\/div>\n<div class=\"wpsr-star-filled\"><\/div>\n<\/p><\/div>\n<div class=\"wpsr-star-container wpsr-star-background-filled\" style=\"--wpsr-review-star-fill: 100%;\">\n<div class=\"wpsr-star-empty\"><\/div>\n<div class=\"wpsr-star-filled\"><\/div>\n<\/p><\/div>\n<div class=\"wpsr-star-container wpsr-star-background-filled\" style=\"--wpsr-review-star-fill: 100%;\">\n<div class=\"wpsr-star-empty\"><\/div>\n<div class=\"wpsr-star-filled\"><\/div>\n<\/p><\/div>\n<div class=\"wpsr-star-container wpsr-star-background-empty\" style=\"--wpsr-review-star-fill: 0%;\">\n<div class=\"wpsr-star-empty\"><\/div>\n<div class=\"wpsr-star-filled\"><\/div>\n<\/p><\/div>\n<div class=\"wpsr-star-container wpsr-star-background-empty\" style=\"--wpsr-review-star-fill: 0%;\">\n<div class=\"wpsr-star-empty\"><\/div>\n<div class=\"wpsr-star-filled\"><\/div>\n<\/p><\/div>\n<\/p><\/div>\n<p><span data-time=\"5\u00a0Jahren ago\" class=\"wpsr-review-date\"><br \/>\n     April 7, 2021<\/span>                        <\/p><\/div>\n<div class=\"wpsr-reviews-content-footer\">\n<h3 class=\"wpsr-review-title\">\n    3,0 sur 5\u00a0\u00e9toiles                    r<\/h3>\n<div class=\"wpsr-review-content\" tabindex=\"0\">\n<p class=\"wpsr_add_read_more wpsr_show_less_content\" data-num-words-trim=\"10\">je prefere l&#8217;acheter en broch\u00e9 <\/p>\n<\/p><\/div>\n<\/p><\/div>\n<\/p><\/div>\n<\/p><\/div>\n<div class=\"swiper-slide\" role=\"group\">\n<div class=\"wpsr-review-template wpsr-review-template-two wpsr-review-template-amazon\"\n                 style=\"\"\n                 data-index=\"3\"\n                 data-source_id=\"B08QV1Q6D3\"\n                 data-media_id=\"\"\n                 data-review_platform=\"amazon\"\n                 data-product_thumbnail=\"\"\n                 data-product_name=\"\"\n                 data-image_resize=\"full\"\n            ><\/p>\n<div class=\"wpsr-review-platform\">\n                <img decoding=\"async\" class=\"wpsr-review-platform-icon\" width=\"20\" height=\"20\" src=\"https:\/\/egyptianwisdomcenter.org\/wp-content\/plugins\/wp-social-reviews\/assets\/images\/icon\/icon-amazon-small.png\" alt=\"amazon\">\n    <\/div>\n<div class=\"wpsr-reviewer-image\">\n    <a class=\"wpsr-reviewer-image-url\" target=\"_blank\" rel=\"noopener noreferrer nofollow\" href=\"https:\/\/www.amazon.fr\/Ancienne-%C3%89gypte-Racines-du-Christianisme\/dp\/B08QV1Q6D3\/\"><br \/>\n                                    <img decoding=\"async\" class=\"wpsr-reviewer-avatar\" src=\"https:\/\/images-eu.ssl-images-amazon.com\/images\/S\/amazon-avatars-global\/default._CR0,0,1024,1024_SX48_.png\" alt=\"alonso emmanuel\"\/><br \/>\n                        <\/a>\n<\/div>\n<div class=\"wpsr-review-info\">\n                        <a class=\"wpsr-reviewer-name-url\" target=\"_blank\" rel=\"noopener noreferrer nofollow\" href=\"https:\/\/www.amazon.fr\/Ancienne-%C3%89gypte-Racines-du-Christianisme\/dp\/B08QV1Q6D3\/\"><br \/>\n    <span class=\"wpsr-reviewer-name\">alonso emmanuel<\/span><br \/>\n    <\/a><\/p>\n<div data-rating=\"5\" class=\"wpsr-rating-wrapper wpsr-rating\">\n<div class=\"wpsr-star-container wpsr-star-background-filled\" style=\"--wpsr-review-star-fill: 100%;\">\n<div class=\"wpsr-star-empty\"><\/div>\n<div class=\"wpsr-star-filled\"><\/div>\n<\/p><\/div>\n<div class=\"wpsr-star-container wpsr-star-background-filled\" style=\"--wpsr-review-star-fill: 100%;\">\n<div class=\"wpsr-star-empty\"><\/div>\n<div class=\"wpsr-star-filled\"><\/div>\n<\/p><\/div>\n<div class=\"wpsr-star-container wpsr-star-background-filled\" style=\"--wpsr-review-star-fill: 100%;\">\n<div class=\"wpsr-star-empty\"><\/div>\n<div class=\"wpsr-star-filled\"><\/div>\n<\/p><\/div>\n<div class=\"wpsr-star-container wpsr-star-background-filled\" style=\"--wpsr-review-star-fill: 100%;\">\n<div class=\"wpsr-star-empty\"><\/div>\n<div class=\"wpsr-star-filled\"><\/div>\n<\/p><\/div>\n<div class=\"wpsr-star-container wpsr-star-background-filled\" style=\"--wpsr-review-star-fill: 100%;\">\n<div class=\"wpsr-star-empty\"><\/div>\n<div class=\"wpsr-star-filled\"><\/div>\n<\/p><\/div>\n<\/p><\/div>\n<p><span data-time=\"6\u00a0Jahren ago\" class=\"wpsr-review-date\"><br \/>\n     August 15, 2020<\/span>                        <\/p><\/div>\n<div class=\"wpsr-reviews-content-footer\">\n<h3 class=\"wpsr-review-title\">\n    5,0 sur 5\u00a0\u00e9toiles                    Envoi rapide.<\/h3>\n<div class=\"wpsr-review-content\" tabindex=\"0\">\n<p class=\"wpsr_add_read_more wpsr_show_less_content\" data-num-words-trim=\"10\">Tr\u00e8s bon livre. <\/p>\n<\/p><\/div>\n<\/p><\/div>\n<\/p><\/div>\n<\/p><\/div>\n<\/div>\n<\/div>\n<div class=\"wpsr-swiper-carousel-wrapper\">\n<div class=\"wpsr-swiper-pagination swiper-pagination\"><\/div>\n<\/div>\n<\/div>\n<\/div>\n<\/div>\n<\/div>","protected":false},"featured_media":61524,"comment_status":"open","ping_status":"closed","template":"","meta":[],"product_brand":[],"product_cat":[98,102],"product_tag":[],"class_list":{"0":"post-61523","1":"product","2":"type-product","3":"status-publish","4":"has-post-thumbnail","6":"product_cat-edition-francaise","7":"product_cat-edition-francaise-2","9":"first","10":"instock","11":"shipping-taxable","12":"product-type-simple"},"aioseo_notices":[],"_links":{"self":[{"href":"https:\/\/egyptianwisdomcenter.org\/de\/wp-json\/wp\/v2\/product\/61523","targetHints":{"allow":["GET"]}}],"collection":[{"href":"https:\/\/egyptianwisdomcenter.org\/de\/wp-json\/wp\/v2\/product"}],"about":[{"href":"https:\/\/egyptianwisdomcenter.org\/de\/wp-json\/wp\/v2\/types\/product"}],"replies":[{"embeddable":true,"href":"https:\/\/egyptianwisdomcenter.org\/de\/wp-json\/wp\/v2\/comments?post=61523"}],"wp:featuredmedia":[{"embeddable":true,"href":"https:\/\/egyptianwisdomcenter.org\/de\/wp-json\/wp\/v2\/media\/61524"}],"wp:attachment":[{"href":"https:\/\/egyptianwisdomcenter.org\/de\/wp-json\/wp\/v2\/media?parent=61523"}],"wp:term":[{"taxonomy":"product_brand","embeddable":true,"href":"https:\/\/egyptianwisdomcenter.org\/de\/wp-json\/wp\/v2\/product_brand?post=61523"},{"taxonomy":"product_cat","embeddable":true,"href":"https:\/\/egyptianwisdomcenter.org\/de\/wp-json\/wp\/v2\/product_cat?post=61523"},{"taxonomy":"product_tag","embeddable":true,"href":"https:\/\/egyptianwisdomcenter.org\/de\/wp-json\/wp\/v2\/product_tag?post=61523"}],"curies":[{"name":"wp","href":"https:\/\/api.w.org\/{rel}","templated":true}]}}