{"id":61899,"date":"2023-01-06T13:40:55","date_gmt":"2023-01-06T18:40:55","guid":{"rendered":"https:\/\/egyptianwisdomcenter.org\/?post_type=product&#038;p=61899"},"modified":"2024-06-17T16:19:30","modified_gmt":"2024-06-17T20:19:30","slug":"der-unverfalschte-agyptische-ursprung-warum-das-alte-agypten-wichtig-ist","status":"publish","type":"product","link":"https:\/\/egyptianwisdomcenter.org\/de\/produkt\/der-unverfalschte-agyptische-ursprung-warum-das-alte-agypten-wichtig-ist\/","title":{"rendered":"Der unverf\u00e4lschte \u00e4gyptische Ursprung Warum das alte \u00c4gypten wichtig ist"},"content":{"rendered":"<p><strong>LANGE BESCHREIBUNG<\/strong><\/p>\n<p>Die vorgestellten Themen decken folgende Bereiche ab:<\/p>\n<p>\u2013 Unser Platz im Universum und seine Funktionsweise<br \/>\n\u2013 Sich selbst verstehen und wie man seine innere Energie kl\u00e4rt, um gl\u00fccklich und gesund zu leben.<br \/>\n\u2013 Probleme und alte (\u00e4gyptische) Heilmittel f\u00fcr die politischen, sozialen und wirtschaftlichen Bedingungen<br \/>\n\u2013 Wie das friedliche Zusammenleben zwischen den V\u00f6lkern, dem Land und den nat\u00fcrlichen Ressourcen erreicht werden kann; was auch damit zu tun hat, eine saubere Umwelt zu haben.<br \/>\n\u2013 Verst\u00e4ndnis und Umsetzung von harmonischen Prinzipien im Hochbau<br \/>\n\u2013 W\u00fcrdigung der Kunst, ihrer Funktionen und Anwendungen auf harmonische Art und Weise.<br \/>\n\u2013 Die zeitlose Natur der alt\u00e4gyptischen Zivilisation.<\/p>","protected":false},"excerpt":{"rendered":"<p>von <a href=\"https:\/\/egyptianwisdomcenter.org\/de\/uber-mich\/\">Moustafa Gadalla<\/a><\/p>\n<hr \/>\n<p><strong>Zusammenfassung<\/strong><\/p>\n<p>Diese in die deutsche Sprache \u00fcbersetzt Ausgabe soll einen kurzen pr\u00e4gnanten \u00dcberblick \u00fcber einige Aspekte der alten \u00e4gyptischen Zivilisation schaffen, die uns auch heute in unserem t\u00e4glichen Leben dienen kann, egal wo wir in dieser Welt sind. Das Buch behandelt Themen wie Selbsterm\u00e4chtigung, die Verbesserung der derzeitigen politischen, sozialen, wirtschaftlichen und \u00f6kologischen Fragen, die Anerkennung und Implementierungen von harmonischen Prinzipien in unserer Arbeit und in unserm Handeln usw.<\/p>\n<p><a href=\"https:\/\/egyptianwisdomcenter.org\/wp-content\/uploads\/2023\/01\/Der-unverfalschte-agyptische-Ursprung-1476284391.pdf\">Vorschau jetzt (PDF)<\/a><\/p>\n<hr \/>\n<p><center><br \/>\n<a class=\"button minimal\" href=\"https:\/\/books2read.com\/u\/md2xnZ\" target=\"_blank\" rel=\"noopener\">Kaufoptionen anzeigen<\/a><\/center><center><\/center><center><a href=\"https:\/\/www.amazon.com\/Warum-das-Alte-%C3%84gypten-wichtig\/dp\/3956522060\" target=\"_blank\" rel=\"noopener\"><img decoding=\"async\" class=\"alignnone size-full wp-image-69136\" src=\"https:\/\/egyptianwisdomcenter.org\/wp-content\/uploads\/2023\/01\/Capture-10.png\" alt=\"\" width=\"144\" height=\"24\" srcset=\"https:\/\/egyptianwisdomcenter.org\/wp-content\/uploads\/2023\/01\/Capture-10.png 144w, https:\/\/egyptianwisdomcenter.org\/wp-content\/uploads\/2023\/01\/Capture-10-18x3.png 18w\" sizes=\"(max-width: 144px) 100vw, 144px\" \/><\/a><\/center><\/p>","protected":false},"featured_media":61900,"comment_status":"open","ping_status":"closed","template":"","meta":[],"product_brand":[],"product_cat":[104,105],"product_tag":[],"class_list":{"0":"post-61899","1":"product","2":"type-product","3":"status-publish","4":"has-post-thumbnail","6":"product_cat-deutsch","7":"product_cat-deutsche-ausgabe","9":"first","10":"instock","11":"shipping-taxable","12":"product-type-simple"},"aioseo_notices":[],"_links":{"self":[{"href":"https:\/\/egyptianwisdomcenter.org\/de\/wp-json\/wp\/v2\/product\/61899","targetHints":{"allow":["GET"]}}],"collection":[{"href":"https:\/\/egyptianwisdomcenter.org\/de\/wp-json\/wp\/v2\/product"}],"about":[{"href":"https:\/\/egyptianwisdomcenter.org\/de\/wp-json\/wp\/v2\/types\/product"}],"replies":[{"embeddable":true,"href":"https:\/\/egyptianwisdomcenter.org\/de\/wp-json\/wp\/v2\/comments?post=61899"}],"wp:featuredmedia":[{"embeddable":true,"href":"https:\/\/egyptianwisdomcenter.org\/de\/wp-json\/wp\/v2\/media\/61900"}],"wp:attachment":[{"href":"https:\/\/egyptianwisdomcenter.org\/de\/wp-json\/wp\/v2\/media?parent=61899"}],"wp:term":[{"taxonomy":"product_brand","embeddable":true,"href":"https:\/\/egyptianwisdomcenter.org\/de\/wp-json\/wp\/v2\/product_brand?post=61899"},{"taxonomy":"product_cat","embeddable":true,"href":"https:\/\/egyptianwisdomcenter.org\/de\/wp-json\/wp\/v2\/product_cat?post=61899"},{"taxonomy":"product_tag","embeddable":true,"href":"https:\/\/egyptianwisdomcenter.org\/de\/wp-json\/wp\/v2\/product_tag?post=61899"}],"curies":[{"name":"wp","href":"https:\/\/api.w.org\/{rel}","templated":true}]}}