{"id":61953,"date":"2023-01-06T15:30:11","date_gmt":"2023-01-06T20:30:11","guid":{"rendered":"https:\/\/egyptianwisdomcenter.org\/?post_type=product&#038;p=61953"},"modified":"2024-06-01T05:02:44","modified_gmt":"2024-06-01T09:02:44","slug":"eine-neue-betrachtung-der-aegyptischen-pyramiden","status":"publish","type":"product","link":"https:\/\/egyptianwisdomcenter.org\/de\/produkt\/eine-neue-betrachtung-der-aegyptischen-pyramiden\/","title":{"rendered":"Eine neue Betrachtung der \u00e4gyptischen Pyramiden"},"content":{"rendered":"<p><strong>LANGE BESCHREIBUNG<\/strong><\/p>\n<p>Diese erweiterte Ausgabe des Buches besteht aus sieben durchgehend illustrierten Teilen mit insgesamt 18 Kapiteln.<\/p>\n<p>Teil I: \u00dcberblick besteht aus den folgenden zwei Kapiteln \u2013 1 und 2:<\/p>\n<p>Kapitel 1: Der Hintergrund liefert eine kurze Einf\u00fchrung \u00fcber die allgemeinen \u201cTheorien\u201d und die Gegenargumente, basierend auf tats\u00e4chlichen Fakten<\/p>\n<p>Kapitel 2: Die echten gemauerten Pyramiden liefert eine Liste der \u00e4gyptischen Pyramiden, die w\u00e4hrend der 4. Dynastie vor ungef\u00e4hr 4.500 Jahren gebaut worden sind.<\/p>\n<p>Teil II: Pyramiden kontra Gr\u00e4ber besteht aus den zwei folgenden Kapiteln \u2013 3 und 4:<\/p>\n<p>Kapitel 3: Die Stufen\u201cpyramide\u201c des Djoser behandelt die Details des Megabaus und seiner unterirdischen Kammern.<\/p>\n<p>Kapitel 4: Die fiktiven Gr\u00e4ber behandelt die Details eines typisch alt\u00e4gyptischen Grabes und wie es sich v\u00f6llig von dem Interieur der \u00e4gyptischen gemauerten Pyramiden der 4. Dynastie unterscheidet.<\/p>\n<p>Teil III: Pyramiden \u2013 Funktionen und Formen besteht aus den zwei folgenden Kapiteln \u2013 5 und 6:<\/p>\n<p>Kapitel 5: Der Pyramidenkomplex zeigt, dass die \u00e4gyptische Pyramide Teil eines Komplexes war, der mit anderen Tempeln verbunden war sowie die Unterschiede der Funktionen und Formen zwischen einer Pyramide und einem Tempel und die energetischen Proportionen solcher Bauten.<\/p>\n<p>Kapitel 6: Pyramidenenergie zeigt die verschiedenen Formvariationen der \u00e4gyptischen gemauerten Pyramiden und wie solche Formen kosmische Energien anziehen, erhalten und kanalisieren.<\/p>\n<p>Teil IV: Pyramidenbautechniken besteht aus den beiden folgenden Kapiteln \u2013 7 und 8:<\/p>\n<p>Kapitel 7: Die fehlerhafte \u201cg\u00e4ngige Theorie\u201d behandelt die Details dieser g\u00e4ngigen \u201cTheorie\u201d, die nicht identifizierte \u201cHerkunft\u201d der abgebauten Steinbl\u00f6cke, die Unm\u00f6glichkeit des Schneidens und Formens der Pyramidenbl\u00f6cke, die unm\u00f6gliche Logistik der Rampenbau-Theorie, die drei bequemerweise ignorierten riesigen Pyramiden des Snofru und eine Zusammenfassung, die die westliche \u201eg\u00e4ngige Theorie\u201c widerlegt.<\/p>\n<p>Kapitel 8: Die wesentlichen Fakten behandeln Herodots Berichte des Pyramidenbaus, \u00e4gyptische Gusstechniken, die Unterschiede zwischen synthetischen und nat\u00fcrlichen Steinbl\u00f6cken, die verschiedenen Arten von synthetischen Betonsteinen, die einzigartigen Eigenschaften der Verkleidungssteine der Pyramiden; au\u00dferdem geht es um zus\u00e4tzliche bewiesene Fakten \u00fcber synthetische Pyramidensteine sowie die sogar noch viel herausragenderen Details der fr\u00fcheren unglaublichen Steinmetzarbeiten von Sakkara.<\/p>\n<p>Teil V: Die drei Pyramiden des Snofru besteht aus den drei folgenden Kapiteln 9 bis 11:<\/p>\n<p>Kapitel 9: Snofrus Meidum-Pyramide behandelt deren detaillierte Au\u00dfen- und Innenbereiche<\/p>\n<p>Kapitel 10: Snofrus Knickpyramide behandelt deren detaillierte Au\u00dfen- und Innenbereiche<\/p>\n<p>Kapitel 11: Snofrus Rote Pyramide behandelt deren detaillierte Au\u00dfen- und Innenbereiche<\/p>\n<p>Teil VI: Die drei Pyramiden von Gizeh besteht aus den vier folgenden Kapiteln \u2013 12 bis 15:<\/p>\n<p>Kapitel 12: Das Gizehplateau liefert eine allgemeine Darstellung der haupts\u00e4chlichen Interessenschwerpunkte des Gizehplateaus.<\/p>\n<p>Kapitel 13: Die gro\u00dfe Cheops-Pyramide behandelt deren detaillierte Innen- und Au\u00dfenbereiche<\/p>\n<p>Kapitel 14: Die Chephren-Pyramide behandelt deren detaillierte Innen- und Au\u00dfenbereiche<\/p>\n<p>Kapitel 15: Die Mykerinos-Pyramide behandelt deren detaillierte Innen- und Au\u00dfenbereiche<\/p>\n<p>Part VII: After The Pyramids consists three chapters\u201416 through 18, as follows:<\/p>\n<p>Teil VII: Nach den Pyramiden besteht aus den drei folgenden Kapiteln \u2013 16 bis 18:<\/p>\n<p>Kapitel 16: Mission erf\u00fcllt erkl\u00e4rt abschlie\u00dfend die Absichten der \u00c4gypter f\u00fcr den Pyramidenbau<\/p>\n<p>Kapitel 17: \u201cPyramiden\u201d-Texte behandelt den Ursprung der falschen westlichen Bezeichnung dieser Texte.<\/p>\n<p>Kapitel 18: Die gr\u00f6\u00dften Pharaos, die folgten liefert Berichte der nachfolgenden m\u00e4chtigeren und gr\u00f6\u00dferen Bauherren, die niemals eine Pyramide bauten, weil die tats\u00e4chlichen Ziele des Pyramidenbaus w\u00e4hrend der Zeit der 4. Dynastie erreicht wurden.<\/p>","protected":false},"excerpt":{"rendered":"<p>von <a href=\"https:\/\/egyptianwisdomcenter.org\/de\/uber-mich\/\">Moustafa Gadalla<\/a><\/p>\n<hr \/>\n<p><strong>Zusammenfassung<\/strong><\/p>\n<p>Diese ins Deutsche \u00fcbersetzt Ausgabe bietet eine vollst\u00e4ndige Information \u00fcber die Pyramiden des alten \u00c4gyptens auf dem Gizehplateau sowie die Stufenpyramide von Sakkara und den drei Pyramiden des Snofru, die vor den Pyramiden von Gizeh gebaut wurden. Es enth\u00e4lt: die \u00d6rtlichkeiten und Innen-\/Au\u00dfenma\u00dfe dieser Pyramiden; die Geschichte und Erbauer der Pyramiden; Theorien der Konstruktion; Theorien \u00fcber deren Zweck und Funktion; die heilige Geometrie, die bei der Gestaltung der Pyramiden ber\u00fccksichtigt wurde; und vieles, vieles mehr. Es werden auch die \u201cPyramidentexte\u201d besprochen und die Werke der gro\u00dfen Pharaonen, die den Pharaonen der Pyramidenzeit gefolgt sind.<\/p>\n<p><a href=\"https:\/\/egyptianwisdomcenter.org\/wp-content\/uploads\/2023\/01\/Eine-neue-Betrachtung-der-agyptischen-Pyramiden-1476285263.pdf\">Vorschau jetzt (PDF)<\/a><\/p>\n<hr \/>\n<p><center><br \/>\n<a class=\"button minimal\" href=\"https:\/\/books2read.com\/u\/3L8Y1D\" target=\"_blank\" rel=\"noopener\">Kaufoptionen anzeigen<\/a><\/center><center><\/center><center><a href=\"https:\/\/www.amazon.com\/Eine-Betrachtung-%C3%A4gyptischen-Pyramiden-German\/dp\/1521750254\" target=\"_blank\" rel=\"noopener\"><img decoding=\"async\" class=\"alignnone size-full wp-image-69143\" src=\"https:\/\/egyptianwisdomcenter.org\/wp-content\/uploads\/2023\/01\/Capture-13.png\" alt=\"\" width=\"142\" height=\"29\" srcset=\"https:\/\/egyptianwisdomcenter.org\/wp-content\/uploads\/2023\/01\/Capture-13.png 142w, https:\/\/egyptianwisdomcenter.org\/wp-content\/uploads\/2023\/01\/Capture-13-18x4.png 18w\" sizes=\"(max-width: 142px) 100vw, 142px\" \/><\/a><\/center><\/p>","protected":false},"featured_media":61954,"comment_status":"open","ping_status":"closed","template":"","meta":[],"product_brand":[],"product_cat":[104,105],"product_tag":[],"class_list":{"0":"post-61953","1":"product","2":"type-product","3":"status-publish","4":"has-post-thumbnail","6":"product_cat-deutsch","7":"product_cat-deutsche-ausgabe","9":"first","10":"instock","11":"shipping-taxable","12":"product-type-simple"},"aioseo_notices":[],"_links":{"self":[{"href":"https:\/\/egyptianwisdomcenter.org\/de\/wp-json\/wp\/v2\/product\/61953","targetHints":{"allow":["GET"]}}],"collection":[{"href":"https:\/\/egyptianwisdomcenter.org\/de\/wp-json\/wp\/v2\/product"}],"about":[{"href":"https:\/\/egyptianwisdomcenter.org\/de\/wp-json\/wp\/v2\/types\/product"}],"replies":[{"embeddable":true,"href":"https:\/\/egyptianwisdomcenter.org\/de\/wp-json\/wp\/v2\/comments?post=61953"}],"wp:featuredmedia":[{"embeddable":true,"href":"https:\/\/egyptianwisdomcenter.org\/de\/wp-json\/wp\/v2\/media\/61954"}],"wp:attachment":[{"href":"https:\/\/egyptianwisdomcenter.org\/de\/wp-json\/wp\/v2\/media?parent=61953"}],"wp:term":[{"taxonomy":"product_brand","embeddable":true,"href":"https:\/\/egyptianwisdomcenter.org\/de\/wp-json\/wp\/v2\/product_brand?post=61953"},{"taxonomy":"product_cat","embeddable":true,"href":"https:\/\/egyptianwisdomcenter.org\/de\/wp-json\/wp\/v2\/product_cat?post=61953"},{"taxonomy":"product_tag","embeddable":true,"href":"https:\/\/egyptianwisdomcenter.org\/de\/wp-json\/wp\/v2\/product_tag?post=61953"}],"curies":[{"name":"wp","href":"https:\/\/api.w.org\/{rel}","templated":true}]}}