{"id":62644,"date":"2023-01-09T17:29:05","date_gmt":"2023-01-09T22:29:05","guid":{"rendered":"https:\/\/egyptianwisdomcenter.org\/pt-br\/?post_type=product&#038;p=62644"},"modified":"2024-06-01T16:09:13","modified_gmt":"2024-06-01T20:09:13","slug":"a-cosmologia-egipcia","status":"publish","type":"product","link":"https:\/\/egyptianwisdomcenter.org\/de\/product\/a-cosmologia-egipcia\/","title":{"rendered":"A Cosmologia Eg\u00edpcia : O Universo Animado, Terceira Edi\u00e7\u00e3o"},"content":{"rendered":"<p><strong>Descri\u00e7\u00e3o completa<\/strong><\/p>\n<p>Livro livro est\u00e1 dividido em cinco partes, contendo um total de 17 cap\u00edtulos.<\/p>\n<p>Parte I: O Monote\u00edsmo Mistico Eg\u00edpcio consiste de um cap\u00edtulo:<\/p>\n<p>Cap\u00edtulo 1: Os Mais Religiosos ir\u00e1 cobrir o significado m\u00edstico profundo do monote\u00edsmo para os Eg\u00edpcios que s\u00e3o profundamente religiosos, bem como uma vis\u00e3o geral de sua consci\u00eancia c\u00f3smica.<\/p>\n<p>Parte II: Os Princ\u00edpios da Crea\u00e7\u00e3o consiste em dois cap\u00edtulos &#8211; 2 e 3:<\/p>\n<p>Cap\u00edtulo 2: As Energias Animadoras Do Universo ir\u00e1 cobrir a compreens\u00e3o cient\u00edfica dos Eg\u00edpcios sobre o estado do mundo antes da Crea\u00e7\u00e3o, e sobre as energias de anima\u00e7\u00e3o divinas do ciclo da crea\u00e7\u00e3o.<\/p>\n<p>Cap\u00edtulo 3: As Contas no Processo da Crea\u00e7\u00e3o Eg\u00edpcia ir\u00e1 cobrir uma vis\u00e3o geral das tr\u00eas fases prim\u00e1rias do Ciclo da Crea\u00e7\u00e3o.<\/p>\n<p>Parte III: Os C\u00f3digos Num\u00e9ricos da Crea\u00e7\u00e3o tem cinco cap\u00edtulos &#8211; os cap\u00edtulos de 4 a 8:<\/p>\n<p>Cap\u00edtulo 4: A Numerologia do Processo da Crea\u00e7\u00e3o ir\u00e1 cobrir o misticismo num\u00e9rico dos Eg\u00edpcios Antigos, e a an\u00e1lise dos n\u00fameros dois, tr\u00eas e cinco.<\/p>\n<p>Cap\u00edtulo 5: A Natureza Dual\u00edstica cobrir\u00e1 a natureza dual da crea\u00e7\u00e3o e far\u00e1 a an\u00e1lise de 14 diferentes aplica\u00e7\u00f5es no sistema Eg\u00edpcio Antigo.<\/p>\n<p>Cap\u00edtulo 6: O Tr\u00eas &#8211; A Trindade ir\u00e1 cobrir este primeiro n\u00famero \u00edmpar [o um n\u00e3o \u00e9 um n\u00famero], a import\u00e2ncia do triplo poder de uma trindade no universo; e algumas aplica\u00e7\u00f5es deste princ\u00edpio no sistema Eg\u00edpcio Antigo.<\/p>\n<p>Os Cap\u00edtulos 7 ao 13 ir\u00e3o cobrir os aspectos m\u00edsticos dos n\u00fameros quatro a dez.<\/p>\n<p>Parte IV: Como \u00e9 Acima \u00e9 Abaixo possui dois cap\u00edtulos &#8211; 14 e 15:<\/p>\n<p>Cap\u00edtulo 14: O Ser Humano &#8211; A R\u00e9plica Universal ir\u00e1 cobrir como os componentes f\u00edsicos e metaf\u00edsicos do homem s\u00e3o imagens de toda a crea\u00e7\u00e3o.<\/p>\n<p>Cap\u00edtulo 15: A Consci\u00eancia Astronomica ir\u00e1 cobrir o conhecimento avan\u00e7ado de astronomia e tempo mantidos no Eg\u00edto Antigo, dos ciclos do zod\u00edaco e do sot\u00edaco; bem como a natureza da harmonia das (sete) esferas, e a participa\u00e7\u00e3o da popula\u00e7\u00e3o em sua manuten\u00e7\u00e3o.<\/p>\n<p>Parte V: De Mortais \u00e0 Imortais possui dois cap\u00edtulos &#8211; 16 e 17:<\/p>\n<p>Cap\u00edtulo 16: A Nossa Viagem Terrena ir\u00e1 cobrir os caminhos individuais dispon\u00edveis para se alcan\u00e7ar a reuni\u00e3o com a Fonte Divina, incluindo o Sufismo, a Alquimia, etc.<\/p>\n<p>Cap\u00edtulo 17: Escalando a Escada Celestial ir\u00e1 cobrir a vida ap\u00f3s a terra, a transmigra\u00e7\u00e3o da alma, a progress\u00e3o ao longo dos v\u00e1rios reinos para a reunifica\u00e7\u00e3o e a deidifica\u00e7\u00e3o.<\/p>\n","protected":false},"excerpt":{"rendered":"<p>por <a href=\"https:\/\/egyptianwisdomcenter.org\/de\/pt-br\/sobre\/\">Moustafa Gadalla<\/a><\/p>\n<hr \/>\n<p><strong>Resumo<\/strong><\/p>\n<p>Abrange a aplicabilidade dos conceitos cosmol\u00f3gicos eg\u00edpcios para a nossa compreens\u00e3o moderna da natureza do universo, cria\u00e7\u00e3o, ci\u00eancia e filosofia.<\/p>\n<p>Esta edi\u00e7\u00e3o traduzida para a lingua portuguesa examina a aplicabilidade dos conceitos cosmol\u00f3gicos Eg\u00edpcios para a nossa compreens\u00e3o moderna da natureza do universo, crea\u00e7\u00e3o, ci\u00eancia e filosofia. A cosmologia Eg\u00edpcia \u00e9 humanista, coerente, abrangente, consistente e l\u00f3gica, anal\u00edtica e racional. Descubra o conceito Eg\u00edpcio da matriz energ\u00e9tica universal e as contagens do processo de cria\u00e7\u00e3o. Leia sobre numerologia, dualidades, trindades, etc .; como o ser humano est\u00e1 relacionado com o universo; a consci\u00eancia astron\u00f4mica Eg\u00edpcio; a viagem terrestre; subindo a escada celestial para se reunir com a Fonte; etc.<\/p>\n<hr \/>\n<p><center><br \/>\n<a class=\"button minimal\" href=\"https:\/\/books2read.com\/u\/4jMLJD\" target=\"_blank\" rel=\"noopener\">Ver op\u00e7\u00f5es de compra<\/a><\/center><center><\/center><center><\/center><\/p>","protected":false},"featured_media":62645,"comment_status":"open","ping_status":"closed","template":"","meta":{"_monsterinsights_skip_tracking":false,"_monsterinsights_sitenote_active":false,"_monsterinsights_sitenote_note":"","_monsterinsights_sitenote_category":0},"product_brand":[],"product_cat":[110,109],"product_tag":[],"class_list":{"0":"post-62644","1":"product","2":"type-product","3":"status-publish","4":"has-post-thumbnail","6":"product_cat-edicao-portuguesa","7":"product_cat-portugues","9":"first","10":"instock","11":"shipping-taxable","12":"product-type-simple"},"aioseo_notices":[],"_links":{"self":[{"href":"https:\/\/egyptianwisdomcenter.org\/de\/wp-json\/wp\/v2\/product\/62644","targetHints":{"allow":["GET"]}}],"collection":[{"href":"https:\/\/egyptianwisdomcenter.org\/de\/wp-json\/wp\/v2\/product"}],"about":[{"href":"https:\/\/egyptianwisdomcenter.org\/de\/wp-json\/wp\/v2\/types\/product"}],"replies":[{"embeddable":true,"href":"https:\/\/egyptianwisdomcenter.org\/de\/wp-json\/wp\/v2\/comments?post=62644"}],"wp:featuredmedia":[{"embeddable":true,"href":"https:\/\/egyptianwisdomcenter.org\/de\/wp-json\/wp\/v2\/media\/62645"}],"wp:attachment":[{"href":"https:\/\/egyptianwisdomcenter.org\/de\/wp-json\/wp\/v2\/media?parent=62644"}],"wp:term":[{"taxonomy":"product_brand","embeddable":true,"href":"https:\/\/egyptianwisdomcenter.org\/de\/wp-json\/wp\/v2\/product_brand?post=62644"},{"taxonomy":"product_cat","embeddable":true,"href":"https:\/\/egyptianwisdomcenter.org\/de\/wp-json\/wp\/v2\/product_cat?post=62644"},{"taxonomy":"product_tag","embeddable":true,"href":"https:\/\/egyptianwisdomcenter.org\/de\/wp-json\/wp\/v2\/product_tag?post=62644"}],"curies":[{"name":"wp","href":"https:\/\/api.w.org\/{rel}","templated":true}]}}