{"id":62689,"date":"2023-01-09T17:58:30","date_gmt":"2023-01-09T22:58:30","guid":{"rendered":"https:\/\/egyptianwisdomcenter.org\/?post_type=product&#038;p=62689"},"modified":"2024-06-01T16:15:57","modified_gmt":"2024-06-01T20:15:57","slug":"instrumentos-musicais-do-egito","status":"publish","type":"product","link":"https:\/\/egyptianwisdomcenter.org\/de\/produkt\/instrumentos-musicais-do-egito\/","title":{"rendered":"Instrumentos Musicais do Egito"},"content":{"rendered":"<p><strong>Descri\u00e7\u00e3o completa<\/strong><\/p>\n<p>Este livro \u00e9 composto por cinco cap\u00edtulos:<\/p>\n<p>Cap\u00edtulo 1: Em A Riqueza dos Instrumentos, cobriremos as caracter\u00edsticas gerais dos instrumentos eg\u00edpcios, assim como os principais componentes da orquestra musical.<\/p>\n<p>Cap\u00edtulo 2: Em Os Instrumentos de Cordas, cobriremos v\u00e1rios instrumentos de cordas do Egito Antigo, tais como liras, tri-gonon (c\u00edtara) e harpas, incluindo t\u00e9cnicas de execu\u00e7\u00e3o: Harpas \u2013 T\u00e9cnicas de execu\u00e7\u00e3o; As Abrangentes Habilidades dos Antigos; instrumentos de corda com bra\u00e7o \u2013 como o ala\u00fade de bra\u00e7o curto; as guitarras eg\u00edpcias de bra\u00e7o comprido; e os Instrumentos Curvados [Kamanga, Rababa].<\/p>\n<p>Cap\u00edtulo 3: Em Os Instrumentos de Sopro, falaremos sobre a flauta soprada pela extremidade; a flauta transversal; a flauta de p\u00e3; a flauta de palheta \u00fanica (clarinete); a flauta dupla; o clarinete duplo; o obo\u00e9 duplo; o argol; outros (gaita de fole e \u00f3rg\u00e3o); e ainda cornetas\/trompetes.<\/p>\n<p>Cap\u00edtulo 4: Em Os Instrumentos de Percuss\u00e3o, cobriremos os instrumentos com membrana, tais como tambores e tamborins; e os instrumentos sem membrana (idiofones), tais como varas de percuss\u00e3o, chocalhos, sistrums\/sistros, c\u00edmbalos, castanholas, sinos (carrilh\u00f5es), xilofone, glockenspiel e partes humanas (m\u00e3os, dedos, coxas, p\u00e9s etc.).<\/p>\n<p>Cap\u00edtulo 5: Em A Performance Musical, falaremos sobre a import\u00e2ncia e os pap\u00e9is dos dedos e suas articula\u00e7\u00f5es na produ\u00e7\u00e3o e dire\u00e7\u00e3o de execu\u00e7\u00f5es musicais, assim como os diversos m\u00e9todos para manter o compasso\/ritmo \u2013 incluindo o uso de s\u00edlabas.<\/p>","protected":false},"excerpt":{"rendered":"<p>por <a href=\"https:\/\/egyptianwisdomcenter.org\/de\/pt-br\/sobre\/\">Moustafa Gadalla<\/a><\/p>\n<hr \/>\n<p><strong>Resumo<\/strong><\/p>\n<p>Este livro apresenta os principais instrumentos musicais do Egito Antigo, suas variedades e suas t\u00e9cnicas de execu\u00e7\u00e3o.<\/p>\n<p>&nbsp;<\/p>\n<hr \/>\n<p><center><br \/>\n<a class=\"button minimal\" href=\"https:\/\/books2read.com\/u\/mK2yvd\" target=\"_blank\" rel=\"noopener\">Ver op\u00e7\u00f5es de compra<\/a><\/center><center><\/center><center><a href=\"https:\/\/www.amazon.com\/Instrumentos-Musicais-do-Egito-Portuguese\/dp\/1793005028\" target=\"_blank\" rel=\"noopener\"><img decoding=\"async\" class=\"alignnone size-full wp-image-69100\" src=\"https:\/\/egyptianwisdomcenter.org\/wp-content\/uploads\/2023\/01\/Capture-7.png\" alt=\"\" width=\"147\" height=\"30\" srcset=\"https:\/\/egyptianwisdomcenter.org\/wp-content\/uploads\/2023\/01\/Capture-7.png 147w, https:\/\/egyptianwisdomcenter.org\/wp-content\/uploads\/2023\/01\/Capture-7-18x4.png 18w\" sizes=\"(max-width: 147px) 100vw, 147px\" \/><\/a><\/center><\/p>","protected":false},"featured_media":62690,"comment_status":"open","ping_status":"closed","template":"","meta":[],"product_brand":[],"product_cat":[110,109],"product_tag":[],"class_list":{"0":"post-62689","1":"product","2":"type-product","3":"status-publish","4":"has-post-thumbnail","6":"product_cat-edicao-portuguesa","7":"product_cat-portugues","9":"first","10":"instock","11":"shipping-taxable","12":"product-type-simple"},"aioseo_notices":[],"_links":{"self":[{"href":"https:\/\/egyptianwisdomcenter.org\/de\/wp-json\/wp\/v2\/product\/62689","targetHints":{"allow":["GET"]}}],"collection":[{"href":"https:\/\/egyptianwisdomcenter.org\/de\/wp-json\/wp\/v2\/product"}],"about":[{"href":"https:\/\/egyptianwisdomcenter.org\/de\/wp-json\/wp\/v2\/types\/product"}],"replies":[{"embeddable":true,"href":"https:\/\/egyptianwisdomcenter.org\/de\/wp-json\/wp\/v2\/comments?post=62689"}],"wp:featuredmedia":[{"embeddable":true,"href":"https:\/\/egyptianwisdomcenter.org\/de\/wp-json\/wp\/v2\/media\/62690"}],"wp:attachment":[{"href":"https:\/\/egyptianwisdomcenter.org\/de\/wp-json\/wp\/v2\/media?parent=62689"}],"wp:term":[{"taxonomy":"product_brand","embeddable":true,"href":"https:\/\/egyptianwisdomcenter.org\/de\/wp-json\/wp\/v2\/product_brand?post=62689"},{"taxonomy":"product_cat","embeddable":true,"href":"https:\/\/egyptianwisdomcenter.org\/de\/wp-json\/wp\/v2\/product_cat?post=62689"},{"taxonomy":"product_tag","embeddable":true,"href":"https:\/\/egyptianwisdomcenter.org\/de\/wp-json\/wp\/v2\/product_tag?post=62689"}],"curies":[{"name":"wp","href":"https:\/\/api.w.org\/{rel}","templated":true}]}}