{"id":62728,"date":"2023-01-09T18:06:19","date_gmt":"2023-01-09T23:06:19","guid":{"rendered":"https:\/\/egyptianwisdomcenter.org\/?post_type=product&#038;p=62728"},"modified":"2024-06-01T16:25:24","modified_gmt":"2024-06-01T20:25:24","slug":"revisitando-as-piramides-egipcia","status":"publish","type":"product","link":"https:\/\/egyptianwisdomcenter.org\/de\/produkt\/revisitando-as-piramides-egipcia\/","title":{"rendered":"Revisitando As Pir\u00e2mides Eg\u00edpcia"},"content":{"rendered":"<p><strong>Descri\u00e7\u00e3o completa<\/strong><\/p>\n<p>Detalhes ilustrados dos interiores e exteriores das pir\u00e2mides, sua constru\u00e7\u00e3o e seus verdadeiros prop\u00f3sitos.<br \/>\nA esta nova edi\u00e7\u00e3o, foram acrescentados novos textos e muitas fotografias que complementam as explana\u00e7\u00f5es do autor ao longo do livro.<\/p>\n<p>Parte I: Vis\u00e3o geral \u2013 consiste em dois cap\u00edtulos \u2013 1 e 2, organizados da seguinte forma:<\/p>\n<p>Cap\u00edtulo 1: Contexto \u2013 apresenta uma breve declara\u00e7\u00e3o inicial sobre as \u201cteorias\u201d mais comuns e os seus contrapostos, com base nos fatos.<\/p>\n<p>Cap\u00edtulo 2: As Genu\u00ednas Pir\u00e2mides de Alvenaria \u2013 fornece uma lista das pir\u00e2mides constru\u00eddas durante a IV Dinastia, h\u00e1 cerca de 4.500 anos.<\/p>\n<p>Parte II: Pir\u00e2mides vs. Tumbas \u2013 consiste em dois cap\u00edtulos \u2013 3 e 4, organizados da seguinte forma:<\/p>\n<p>Cap\u00edtulo 3: \u201cPir\u00e2mide\u201d Escalonada de Djoser \u2013 aborda detalhes de sua superestrutura e suas c\u00e2maras subterr\u00e2neas.<\/p>\n<p>Cap\u00edtulo 4: As Tumbas Fict\u00edcias \u2013 discorre sobre as caracter\u00edsticas de uma t\u00edpica tumba eg\u00edpcia antiga e o qu\u00e3o diferente ela \u00e9 do interior das pir\u00e2mides de alvenaria da IV Dinastia.<\/p>\n<p>Parte III: Pir\u00e2mides \u2013 Fun\u00e7\u00f5es &amp; Formas \u2013 consiste em dois cap\u00edtulos \u2013 5 e 6, organizados da seguinte forma:<\/p>\n<p>Cap\u00edtulo 5: O Complexo de Pir\u00e2mides \u2013 mostra a pir\u00e2mide eg\u00edpcia como componente de um complexo conectado a outros templos e as diferen\u00e7as de fun\u00e7\u00f5es e formas entre uma pir\u00e2mide e um templo, assim como a dimens\u00e3o energ\u00e9tica de tais estruturas.<\/p>\n<p>Cap\u00edtulo 6: O Poder da Pir\u00e2mide \u2013 aborda as variadas formas das pir\u00e2mides de alvenaria eg\u00edpcias e como essas formas atraem, mant\u00eam e canalizam as energias c\u00f3smicas.<\/p>\n<p>Parte IV: T\u00e9cnicas de Constru\u00e7\u00e3o das Pir\u00e2mides \u2013 consiste em dois cap\u00edtulos \u2013 7 e 8, organizados da seguinte forma:<\/p>\n<p>Cap\u00edtulo 7: A Fal\u00e1cia da \u201cTeoria Comum\u201d \u2013 abrange os detalhes da \u201cTeoria\u201d Comum; a \u201corigem\u201d n\u00e3o identificada dos blocos de pedra; a impossibilidade dos cortes e da formata\u00e7\u00e3o dos blocos das pir\u00e2mides; a log\u00edstica imposs\u00edvel da teoria das rampas fabricadas; as tr\u00eas imensas pir\u00e2mides de Seneferu, convenientemente ignoradas; e um somat\u00f3rio que refuta a \u201cTeoria Comum\u201d desenvolvida no ocidente.<\/p>\n<p>Cap\u00edtulo 8: Os Fatos Materiais \u2013 aborda os relatos de Her\u00f3doto sobre a constru\u00e7\u00e3o das pir\u00e2mides; t\u00e9cnicas eg\u00edpcias de moldagem; diferen\u00e7as entre blocos sint\u00e9ticos e naturais; os v\u00e1rios tipos de blocos sint\u00e9ticos de concreto; as excepcionais qualidades das pedras de revestimento das pir\u00e2mides; evid\u00eancias adicionais dos blocos sint\u00e9ticos; revelando, tamb\u00e9m, os detalhes ainda mais not\u00e1veis das incr\u00edveis obras de alvenaria de Sacar\u00e1.<\/p>\n<p>Parte V: As Tr\u00eas Pir\u00e2mides de Seneferu \u2013 consiste em tr\u00eas cap\u00edtulos \u2013 9 a 11, organizados da seguinte forma:<\/p>\n<p>Cap\u00edtulo 9: Pir\u00e2mide de Meidum de Seneferu \u2013 abrange detalhadamente seu interior e exterior.<\/p>\n<p>Cap\u00edtulo 10: A Pir\u00e2mide Inclinada de Seneferu \u2013 abrange detalhadamente seu exterior e interior.<\/p>\n<p>Cap\u00edtulo 11: A Pir\u00e2mide Vermelha de Seneferu \u2013 abrange detalhadamente seu exterior e interior.<\/p>\n<p>Parte VI: As Tr\u00eas Pir\u00e2mides de Giz\u00e9 \u2013 consiste em quatro cap\u00edtulos \u2013 12 a 15, organizados da seguinte forma:<\/p>\n<p>Cap\u00edtulo 12: O Planalto de Giz\u00e9 \u2013 fornece um diagrama geral dos principais pontos de interesse no Planalto de Giz\u00e9.<\/p>\n<p>Cap\u00edtulo 13: A Grande Pir\u00e2mide de Qu\u00e9ops \u2013 abrange detalhadamente seu exterior e interior.<\/p>\n<p>Cap\u00edtulo 14: Pir\u00e2mide de Qu\u00e9fren \u2013 abrange detalhadamente seu exterior e interior.<\/p>\n<p>Cap\u00edtulo 15: Pir\u00e2mide de Miquerinos \u2013 abrange detalhadamente seu exterior e interior.<\/p>\n<p>Parte VII: Ap\u00f3s as Pir\u00e2mides \u2013 consiste em tr\u00eas cap\u00edtulos \u2013 16 a 18, organizados da seguinte forma:<\/p>\n<p>Cap\u00edtulo 16: Miss\u00e3o Cumprida \u2013 conclui sobre o verdadeiro objetivo da constru\u00e7\u00e3o das pir\u00e2mides pelos eg\u00edpcios.<\/p>\n<p>Cap\u00edtulo 17: Os \u201cTextos da Pir\u00e2mide\u201d \u2013 analisa as origens da incorreta interpreta\u00e7\u00e3o ocidental dos Textos das Pir\u00e2mides.<\/p>\n<p>Cap\u00edtulo 18: Os Maiores Fara\u00f3s que Sucederam \u2013 Aborda construtores posteriores, mais poderosos e primorosos, que nunca constru\u00edram uma pir\u00e2mide, porque o objetivo real da constru\u00e7\u00e3o das pir\u00e2mides foi alcan\u00e7ado durante a era da IV Dinastia.<\/p>","protected":false},"excerpt":{"rendered":"<p>por <a href=\"https:\/\/egyptianwisdomcenter.org\/de\/pt-br\/sobre\/\">Moustafa Gadalla<\/a><\/p>\n<hr \/>\n<p><strong>Resumo<\/strong><\/p>\n<p>Detalhes ilustrados dos interiores e exteriores das pir\u00e2mides, sua constru\u00e7\u00e3o e seus verdadeiros prop\u00f3sitos.<\/p>\n<p>Um manual completo sobre as pir\u00e2mides do Antigo Egito durante a Era das Pir\u00e2mides. Cont\u00e9m: localiza\u00e7\u00f5es das pir\u00e2mides; dimens\u00f5es dos seus interiores e exteriores; sua hist\u00f3ria e seus construtores; teorias sobre sua constru\u00e7\u00e3o; teorias sobre seu prop\u00f3sito e fun\u00e7\u00e3o; geometria sagrada incorporada ao projeto das pir\u00e2mides; e muito, muito mais.<\/p>\n<p>&nbsp;<\/p>\n<hr \/>\n<p><center><br \/>\n<a class=\"button minimal\" href=\"https:\/\/books2read.com\/u\/mlM2Jv\" target=\"_blank\" rel=\"noopener\">Ver op\u00e7\u00f5es de compra<\/a><\/center><center><\/center><center><\/center><center><a href=\"https:\/\/www.amazon.com\/Revisitando-as-Pir%C3%A2mides-Eg%C3%ADpcias-Portuguese\/dp\/1982936738\" target=\"_blank\" rel=\"noopener\"><img decoding=\"async\" class=\"alignnone size-full wp-image-69110\" src=\"https:\/\/egyptianwisdomcenter.org\/wp-content\/uploads\/2023\/01\/Capture-8.png\" alt=\"\" width=\"146\" height=\"28\" srcset=\"https:\/\/egyptianwisdomcenter.org\/wp-content\/uploads\/2023\/01\/Capture-8.png 146w, https:\/\/egyptianwisdomcenter.org\/wp-content\/uploads\/2023\/01\/Capture-8-18x3.png 18w\" sizes=\"(max-width: 146px) 100vw, 146px\" \/><\/a><\/center><\/p>","protected":false},"featured_media":62729,"comment_status":"open","ping_status":"closed","template":"","meta":[],"product_brand":[],"product_cat":[110,109],"product_tag":[],"class_list":{"0":"post-62728","1":"product","2":"type-product","3":"status-publish","4":"has-post-thumbnail","6":"product_cat-edicao-portuguesa","7":"product_cat-portugues","9":"first","10":"instock","11":"shipping-taxable","12":"product-type-simple"},"aioseo_notices":[],"_links":{"self":[{"href":"https:\/\/egyptianwisdomcenter.org\/de\/wp-json\/wp\/v2\/product\/62728","targetHints":{"allow":["GET"]}}],"collection":[{"href":"https:\/\/egyptianwisdomcenter.org\/de\/wp-json\/wp\/v2\/product"}],"about":[{"href":"https:\/\/egyptianwisdomcenter.org\/de\/wp-json\/wp\/v2\/types\/product"}],"replies":[{"embeddable":true,"href":"https:\/\/egyptianwisdomcenter.org\/de\/wp-json\/wp\/v2\/comments?post=62728"}],"wp:featuredmedia":[{"embeddable":true,"href":"https:\/\/egyptianwisdomcenter.org\/de\/wp-json\/wp\/v2\/media\/62729"}],"wp:attachment":[{"href":"https:\/\/egyptianwisdomcenter.org\/de\/wp-json\/wp\/v2\/media?parent=62728"}],"wp:term":[{"taxonomy":"product_brand","embeddable":true,"href":"https:\/\/egyptianwisdomcenter.org\/de\/wp-json\/wp\/v2\/product_brand?post=62728"},{"taxonomy":"product_cat","embeddable":true,"href":"https:\/\/egyptianwisdomcenter.org\/de\/wp-json\/wp\/v2\/product_cat?post=62728"},{"taxonomy":"product_tag","embeddable":true,"href":"https:\/\/egyptianwisdomcenter.org\/de\/wp-json\/wp\/v2\/product_tag?post=62728"}],"curies":[{"name":"wp","href":"https:\/\/api.w.org\/{rel}","templated":true}]}}