{"id":62972,"date":"2023-01-10T16:30:40","date_gmt":"2023-01-10T21:30:40","guid":{"rendered":"https:\/\/egyptianwisdomcenter.org\/?post_type=product&#038;p=62972"},"modified":"2024-06-01T04:45:10","modified_gmt":"2024-06-01T08:45:10","slug":"isis-la-femina-divina","status":"publish","type":"product","link":"https:\/\/egyptianwisdomcenter.org\/de\/produkt\/isis-la-femina-divina\/","title":{"rendered":"Isis \u2013 La F\u00e9mina Divina"},"content":{"rendered":"<p><strong>DESCRIPCI\u00d3N LARGA<\/strong><\/p>\n<p>Esta edici\u00f3n ampliada del libro se divide en ocho cap\u00edtulos y tres ap\u00e9ndices.<\/p>\n<p>Cap\u00edtulo 1: La Madre de la Creaci\u00f3n cubre el papel de Isis en la secuencia de la creaci\u00f3n, siendo su relaci\u00f3n con Ra y Osiris una imagen de la totalidad de la creaci\u00f3n.<\/p>\n<p>Cap\u00edtulo 2: La Dualidad de Isis cubre su doble naturaleza b\u00e1sica como Intelecto Divino, as\u00ed como en el ciclo de creaci\u00f3n y en la matriz universal.<\/p>\n<p>Cap\u00edtulo 3: Isis y Osiris \u2014 El d\u00fao din\u00e1mico cubre las funciones combinadas de Isis y Osiris en el desarrollo y la generaci\u00f3n de todas las creaciones en el universo<\/p>\n<p>Cap\u00edtulo 4: Isis: La Virgen Madre de Dios cubre su papel en la inmaculada concepci\u00f3n divina de su hijo Horus, el concepto de virginidad, su huida y refugio \u2014 junto con su hijo beb\u00e9 \u2014 de las amenazas de las fuerzas del mal, y el sacrificio de la vida de su hijo.<\/p>\n<p>Cap\u00edtulo 5: La numerolog\u00eda de Isis y Osiris cubre los n\u00fameros de Isis y Osiris siendo 2 y 3 los n\u00fameros primarios de creaci\u00f3n y crecimiento; y c\u00f3mo estos dos n\u00fameros generan todas las figuras y formas, armon\u00eda musical y ritmos del universo.<\/p>\n<p>Cap\u00edtulo 6: La Multitud de Atributos de Isis cubre diecis\u00e9is deidades femeninas \u2014 la manifestaci\u00f3n de Isis el principio femenino del universo creado.<\/p>\n<p>Cap\u00edtulo 7: La Amada en Todas las Tierras cubre la propagaci\u00f3n de la religi\u00f3n egipcia en todo el mundo; la manera en que tales creencias viven en el cristianismo; y c\u00f3mo las fiestas religiosas relacionadas con Isis en el Antiguo Egipto est\u00e1n adoptadas en el cristianismo para Mar\u00eda en las mismas fechas que el calendario egipcio.<\/p>\n<p>Cap\u00edtulo 8: El Coraz\u00f3n Majestuoso cubre el impacto eterno de gran alcance de Isis sobre la humanidad buscadora de consuelo y de la panacea.<\/p>\n<p>Ap\u00e9ndice 1: Alegor\u00eda y Cosmolog\u00eda Egipcia cubre como las alegor\u00edas bien hechas son la mejor, si no la \u00fanica manera, de transmitir temas complejos para que la informaci\u00f3n se obtenga por todos.<\/p>\n<p>Ap\u00e9ndice 2: La Alegor\u00eda Egipcia Universal \u2014 Isis y Osiris cubre una versi\u00f3n abreviada de la historia de la alegor\u00eda egipcia de Isis y Osiris, con \u00e9nfasis en el papel de Isis, como el principio femenino divino, manifestaciones y aplicaciones. La narrativa se muestra dividida en segmentos, cada uno seguido por una evaluaci\u00f3n metaf\u00edsica concisa de cada segmento.<\/p>\n<p>Ap\u00e9ndice 3: Reflexiones Metaf\u00edsicas del Coraz\u00f3n y el Alma cubre los aspectos metaf\u00edsicos del coraz\u00f3n (Isis) y el alma (Osiris) y c\u00f3mo un ser humano es capaz de lograr la integraci\u00f3n del coraz\u00f3n y el alma de adentro.<\/p>","protected":false},"excerpt":{"rendered":"<p>por <a href=\"https:\/\/egyptianwisdomcenter.org\/es\/sobre\/\">Moustafa Gadalla<\/a><\/p>\n<hr \/>\n<p><strong>Resumen<\/strong><\/p>\n<p>Esta edici\u00f3n explica el principio femenino divino como la fuente de la creaci\u00f3n tanto f\u00edsica como metaf\u00edsica; la relaci\u00f3n (y unidad) de los principios masculinos y femeninos; la explicaci\u00f3n de una veintena de deidades femeninas como las manifestaciones de los atributos femeninos; el papel de la ideolog\u00eda de Isis en todo el mundo; y mucho m\u00e1s. Este libro va a llenar tanto la mente con informaci\u00f3n completa, como el coraz\u00f3n, con toda la gama de emociones.<\/p>\n<hr \/>\n<p><center><br \/>\n<a class=\"button minimal\" href=\"https:\/\/books2read.com\/u\/bOpXKg\" target=\"_blank\" rel=\"noopener\">Ver opciones de compra<\/a><\/center><center><\/center><center><\/center><center><a href=\"https:\/\/www.amazon.com\/-\/es\/Moustafa-Gadalla-ebook\/dp\/B071VTC8MJ\/ref=cm_cr_arp_d_product_top?ie=UTF8\" target=\"_blank\" rel=\"noopener\"><img decoding=\"async\" class=\"alignnone size-full wp-image-69014\" src=\"https:\/\/egyptianwisdomcenter.org\/wp-content\/uploads\/2023\/01\/Capture-2.png\" alt=\"\" width=\"265\" height=\"23\" srcset=\"https:\/\/egyptianwisdomcenter.org\/wp-content\/uploads\/2023\/01\/Capture-2.png 265w, https:\/\/egyptianwisdomcenter.org\/wp-content\/uploads\/2023\/01\/Capture-2-18x2.png 18w, https:\/\/egyptianwisdomcenter.org\/wp-content\/uploads\/2023\/01\/Capture-2-230x20.png 230w\" sizes=\"(max-width: 265px) 100vw, 265px\" \/><\/a><\/center><\/p>","protected":false},"featured_media":62973,"comment_status":"open","ping_status":"closed","template":"","meta":[],"product_brand":[],"product_cat":[112,111],"product_tag":[],"class_list":{"0":"post-62972","1":"product","2":"type-product","3":"status-publish","4":"has-post-thumbnail","6":"product_cat-edicion-espanola","7":"product_cat-espanol","9":"first","10":"instock","11":"shipping-taxable","12":"product-type-simple"},"aioseo_notices":[],"_links":{"self":[{"href":"https:\/\/egyptianwisdomcenter.org\/de\/wp-json\/wp\/v2\/product\/62972","targetHints":{"allow":["GET"]}}],"collection":[{"href":"https:\/\/egyptianwisdomcenter.org\/de\/wp-json\/wp\/v2\/product"}],"about":[{"href":"https:\/\/egyptianwisdomcenter.org\/de\/wp-json\/wp\/v2\/types\/product"}],"replies":[{"embeddable":true,"href":"https:\/\/egyptianwisdomcenter.org\/de\/wp-json\/wp\/v2\/comments?post=62972"}],"wp:featuredmedia":[{"embeddable":true,"href":"https:\/\/egyptianwisdomcenter.org\/de\/wp-json\/wp\/v2\/media\/62973"}],"wp:attachment":[{"href":"https:\/\/egyptianwisdomcenter.org\/de\/wp-json\/wp\/v2\/media?parent=62972"}],"wp:term":[{"taxonomy":"product_brand","embeddable":true,"href":"https:\/\/egyptianwisdomcenter.org\/de\/wp-json\/wp\/v2\/product_brand?post=62972"},{"taxonomy":"product_cat","embeddable":true,"href":"https:\/\/egyptianwisdomcenter.org\/de\/wp-json\/wp\/v2\/product_cat?post=62972"},{"taxonomy":"product_tag","embeddable":true,"href":"https:\/\/egyptianwisdomcenter.org\/de\/wp-json\/wp\/v2\/product_tag?post=62972"}],"curies":[{"name":"wp","href":"https:\/\/api.w.org\/{rel}","templated":true}]}}