{"id":69817,"date":"2025-12-22T14:44:56","date_gmt":"2025-12-22T19:44:56","guid":{"rendered":"https:\/\/egyptianwisdomcenter.org\/?post_type=product&#038;p=69817"},"modified":"2025-12-22T14:44:56","modified_gmt":"2025-12-22T19:44:56","slug":"egyptisk-kosmologi-det-animerade-universum-tredje-utgavan","status":"publish","type":"product","link":"https:\/\/egyptianwisdomcenter.org\/de\/produkt\/egyptisk-kosmologi-det-animerade-universum-tredje-utgavan\/","title":{"rendered":"Egyptisk kosmologi, det animerade universum, tredje utg\u00e5van"},"content":{"rendered":"<div class=\"collapsible-synopsis gizmo-collapsible-with-header show-teaser open\" data-kobo-gizmo=\"Collapsible.Synopsis\" data-kobo-gizmo-config=\"{ &quot;isOpen&quot;: {&quot;small&quot;: false, &quot;medium&quot;: false, &quot;large&quot;: false, &quot;jumbo&quot;: false}, &quot;name&quot;: &quot;AboutItem&quot;, &quot;toggleClass&quot; : &quot;toggle-button-hitbox&quot; }\" data-gid=\"g_20\">\n<div class=\"synopsis-description\" translate=\"no\">\n<p dir=\"ltr\">L\u00e5ng beskrivning<\/p>\n<p>&nbsp;<\/p>\n<\/div>\n<\/div>","protected":false},"excerpt":{"rendered":"<div class=\"fb-page\" data-href=\"https:\/\/www.facebook.com\/UntaintedEgyptianOriginOfAllThingsThatMatter\" data-width=\"380\" data-hide-cover=\"false\" data-show-facepile=\"false\"><\/div>\n<p><span class=\"contributor-name-prefix\"><br \/>\nAv Moustafa Gadalla<br \/>\n<\/span><\/p>\n<hr \/>\n<p dir=\"ltr\">KORT BESKRIVNING<\/p>\n<p dir=\"ltr\">Unders\u00f6ker till\u00e4mpligheten av egyptiska kosmologiska begrepp f\u00f6r v\u00e5r moderna uppfattning av universums natur, skapelsen, vetenskap och filosofi.<\/p>\n<p dir=\"ltr\">I denna bok unders\u00f6ks hur de egyptiska kosmologiska begreppen kan till\u00e4mpas f\u00f6r v\u00e5r moderna uppfattning av universums natur, skapelsen, vetenskap och filosofi. Den egyptiska kosmologin \u00e4r humanistisk, f\u00f6ljdriktig, helt\u00e4ckande, konsekvent, logisk, analytisk och rationell. Uppt\u00e4ck det egyptiska konceptet f\u00f6r den universella energimatrisen och ber\u00e4ttelserna om skapelseprocessen. L\u00e4s om numerologi, dualiteter, treenigheter, numerisk betydelse av enskilda tal genom talet tio, hur m\u00e4nniskan relaterar till universum, det egyptiska astronomiska medvetandet, den jordiska resan, att kl\u00e4ttra upp f\u00f6r den himmelska stegen f\u00f6r att \u00e5terf\u00f6renas med k\u00e4llan och mycket mer.<\/p>\n<p>Se k\u00f6palternativ<\/p>","protected":false},"featured_media":69813,"comment_status":"open","ping_status":"closed","template":"","meta":[],"product_brand":[],"product_cat":[150],"product_tag":[],"class_list":{"0":"post-69817","1":"product","2":"type-product","3":"status-publish","4":"has-post-thumbnail","6":"product_cat-svenska-utgavor","8":"first","9":"instock","10":"shipping-taxable","11":"product-type-simple"},"aioseo_notices":[],"_links":{"self":[{"href":"https:\/\/egyptianwisdomcenter.org\/de\/wp-json\/wp\/v2\/product\/69817","targetHints":{"allow":["GET"]}}],"collection":[{"href":"https:\/\/egyptianwisdomcenter.org\/de\/wp-json\/wp\/v2\/product"}],"about":[{"href":"https:\/\/egyptianwisdomcenter.org\/de\/wp-json\/wp\/v2\/types\/product"}],"replies":[{"embeddable":true,"href":"https:\/\/egyptianwisdomcenter.org\/de\/wp-json\/wp\/v2\/comments?post=69817"}],"wp:featuredmedia":[{"embeddable":true,"href":"https:\/\/egyptianwisdomcenter.org\/de\/wp-json\/wp\/v2\/media\/69813"}],"wp:attachment":[{"href":"https:\/\/egyptianwisdomcenter.org\/de\/wp-json\/wp\/v2\/media?parent=69817"}],"wp:term":[{"taxonomy":"product_brand","embeddable":true,"href":"https:\/\/egyptianwisdomcenter.org\/de\/wp-json\/wp\/v2\/product_brand?post=69817"},{"taxonomy":"product_cat","embeddable":true,"href":"https:\/\/egyptianwisdomcenter.org\/de\/wp-json\/wp\/v2\/product_cat?post=69817"},{"taxonomy":"product_tag","embeddable":true,"href":"https:\/\/egyptianwisdomcenter.org\/de\/wp-json\/wp\/v2\/product_tag?post=69817"}],"curies":[{"name":"wp","href":"https:\/\/api.w.org\/{rel}","templated":true}]}}