{"id":104,"date":"2018-10-29T00:00:00","date_gmt":"2018-10-29T04:00:00","guid":{"rendered":"http:\/\/egyptianwisdomcenter.org\/egyptian-architecture-function-and-form-sacred-geometryetc\/"},"modified":"2023-02-14T20:09:40","modified_gmt":"2023-02-15T01:09:40","slug":"egyptian-architecture-function-and-form-sacred-geometryetc","status":"publish","type":"page","link":"https:\/\/egyptianwisdomcenter.org\/es\/la-arquitectura-egipcia-funciona-y-forma-la-geometria-sagrada-etc\/","title":{"rendered":"Arquitectura egipcia [Funci\u00f3n y forma, Geometr\u00eda sagrada, etc.]"},"content":{"rendered":"<h2>Arquitectura egipcia [Funci\u00f3n y forma, Geometr\u00eda sagrada, etc.]<\/h2>\n<ul>\n<li style=\"list-style-type: none;\">\n<ul>\n<li><a href=\"https:\/\/egyptianwisdomcenter.org\/es\/la-funcion-objetivo-del-templo-2\/\">La Funci\u00f3n\/Objetivo del Templo<\/a><\/li>\n<li><a href=\"https:\/\/egyptianwisdomcenter.org\/es\/los-parametros-de-diseno-armonicos-2\/\">Los par\u00e1metros de dise\u00f1o arm\u00f3nico<\/a><\/li>\n<li><a href=\"https:\/\/egyptianwisdomcenter.org\/es\/la-proporcion-cosmica-de-la-figura-humana-2\/\">La proporci\u00f3n c\u00f3smica de la figura humana<\/a><\/li>\n<li><a href=\"https:\/\/egyptianwisdomcenter.org\/es\/el-diseno-del-conducto-del-embudo-metafisico-2\/\">El dise\u00f1o del conducto del embudo metaf\u00edsico<\/a><\/li>\n<li><a href=\"https:\/\/egyptianwisdomcenter.org\/es\/flujo-de-energia-y-conectividad-en-obras-egipcias-2\/\">Flujo de energ\u00eda y conectividad en obras egipcias<\/a><\/li>\n<li><a href=\"https:\/\/egyptianwisdomcenter.org\/es\/puertas-falsas-el-umbral-fisico-metafisico-2\/\">\u201cPuertas falsas\u201d: el umbral f\u00edsico metaf\u00edsico<\/a><\/li>\n<li><a href=\"https:\/\/egyptianwisdomcenter.org\/es\/ornamentacion-estilistica-y-decoracion-2\/\">Ornamentaci\u00f3n y decoraci\u00f3n estil\u00edstica<\/a><\/li>\n<li><a href=\"https:\/\/egyptianwisdomcenter.org\/es\/poder-piramidal-2\/\">Poder piramidal<\/a><\/li>\n<li><a href=\"https:\/\/egyptianwisdomcenter.org\/es\/la-defectuosa-teoria-de-la-construccion-comun-de-las-piramides-2\/\">La defectuosa \u201cteor\u00eda de la construcci\u00f3n com\u00fan\u201d de las pir\u00e1mides<\/a><\/li>\n<li><a href=\"https:\/\/egyptianwisdomcenter.org\/es\/los-bloques-de-hormigon-sintetico-de-las-piramides-2\/\">Los bloques de hormig\u00f3n sint\u00e9tico de las pir\u00e1mides<\/a><\/li>\n<li><a href=\"https:\/\/egyptianwisdomcenter.org\/es\/cuadratura-del-circulo-2\/\">La cuadratura del c\u00edrculo<\/a><\/li>\n<li><a href=\"https:\/\/egyptianwisdomcenter.org\/es\/geometria-sagrada-2\/\">Geometr\u00eda sagrada<\/a><\/li>\n<\/ul>\n<\/li>\n<\/ul>","protected":false},"excerpt":{"rendered":"<p>Egyptian Architecture [Function and Form, Sacred Geometry, etc.] The Function\/Objective of the Temple The Harmonic Design Parameters The Cosmic Proportion of the [&hellip;]<\/p>","protected":false},"author":3,"featured_media":0,"parent":0,"menu_order":0,"comment_status":"closed","ping_status":"closed","template":"","meta":{"footnotes":""},"class_list":["post-104","page","type-page","status-publish","hentry"],"aioseo_notices":[],"_links":{"self":[{"href":"https:\/\/egyptianwisdomcenter.org\/es\/wp-json\/wp\/v2\/pages\/104","targetHints":{"allow":["GET"]}}],"collection":[{"href":"https:\/\/egyptianwisdomcenter.org\/es\/wp-json\/wp\/v2\/pages"}],"about":[{"href":"https:\/\/egyptianwisdomcenter.org\/es\/wp-json\/wp\/v2\/types\/page"}],"author":[{"embeddable":true,"href":"https:\/\/egyptianwisdomcenter.org\/es\/wp-json\/wp\/v2\/users\/3"}],"replies":[{"embeddable":true,"href":"https:\/\/egyptianwisdomcenter.org\/es\/wp-json\/wp\/v2\/comments?post=104"}],"version-history":[{"count":0,"href":"https:\/\/egyptianwisdomcenter.org\/es\/wp-json\/wp\/v2\/pages\/104\/revisions"}],"wp:attachment":[{"href":"https:\/\/egyptianwisdomcenter.org\/es\/wp-json\/wp\/v2\/media?parent=104"}],"curies":[{"name":"wp","href":"https:\/\/api.w.org\/{rel}","templated":true}]}}