{"id":117,"date":"2018-10-30T00:00:00","date_gmt":"2018-10-30T04:00:00","guid":{"rendered":"http:\/\/egyptianwisdomcenter.org\/the-perfect-egyptian-calendar\/"},"modified":"2023-01-02T01:09:23","modified_gmt":"2023-01-02T06:09:23","slug":"the-perfect-egyptian-calendar-2","status":"publish","type":"page","link":"https:\/\/egyptianwisdomcenter.org\/es\/el-calendario-egipcio-perfecto-2\/","title":{"rendered":"El calendario egipcio perfecto"},"content":{"rendered":"<h2 style=\"text-align: center;\"><span style=\"color: #ff0000;\"><strong>El calendario egipcio perfecto<\/strong><\/span><\/h2>\n<p>&nbsp;<\/p>\n<p>Ahora centramos nuestra atenci\u00f3n en encontrar la edad de la antig\u00fcedad egipcia revisando el calendario del Antiguo Egipto.<\/p>\n<p>El conocimiento avanzado de los egipcios en astronom\u00eda, como se refleja en su calendario m\u00e1s preciso, fue reconocido por el gran Estrab\u00f3n (64 a. C.-25 d. C.), quien escribi\u00f3:<\/p>\n<p style=\"padding-left: 30px;\"><strong><em>Ellos (los sacerdotes egipcios) revelaron a los griegos los secretos del a\u00f1o completo, a quienes estos \u00faltimos ignoraron como muchas otras cosas\u2026<\/em><\/strong><\/p>\n<p>El ingenioso (y muy preciso) calendario de Egipto se bas\u00f3 en la observaci\u00f3n y el estudio de los movimientos de Sabt (Sirio) en el cielo. Por lo tanto, el calendario del Antiguo Egipto se llama Calendario S\u00f3tico; es decir, de tener que ver con Sirio (Sabt), la Estrella Perro.<\/p>\n<p>Los antiguos egipcios sab\u00edan que el a\u00f1o completo ten\u00eda poco m\u00e1s de 365\u00bc d\u00edas. La Tierra tarda 365,25636 d\u00edas en completar una revoluci\u00f3n alrededor del Sol.<\/p>\n<p>Cabe se\u00f1alar que la cronolog\u00eda de 3.000 a\u00f1os de la historia del Antiguo Egipto, realizada por los egipt\u00f3logos modernos, fue posible s\u00f3lo porque los antiguos egipcios siguieron el a\u00f1o S\u00f3tico exacto de 365,25636 d\u00edas. Adem\u00e1s, es el calendario egipcio el que hizo posible que los estudiantes de historia de todo el mundo estimaran las fechas de los acontecimientos en todos los dem\u00e1s pa\u00edses del mundo, pa\u00edses que nunca tuvieron un calendario correcto (o ninguno).<\/p>\n<p>Los antiguos egipcios pr\u00e1cticos utilizaban un calendario que constaba de 12 meses, cada uno de los cuales equival\u00eda a 30 d\u00edas. Los ajustes necesarios para hacer un a\u00f1o completo, es decir, la diferencia entre 365,25636 d\u00edas y 360 (30 x 12) d\u00edas, se hicieron de la siguiente manera:<\/p>\n<ol>\n<li>La diferencia de 5,25 d\u00edas se produce al final del a\u00f1o egipcio, a\u00f1adiendo 5 d\u00edas cada a\u00f1o y un d\u00eda adicional cada 4 a\u00f1os. El A\u00f1o del Antiguo Egipto comienza actualmente (en 2007) el 11 de septiembre. Los 5\/6 d\u00edas extra comienzan el 6 de septiembre.<\/li>\n<li>La diferencia de 0,00636 d\u00edas (365,25636 \u2013 365\u00bc d\u00edas) para cada a\u00f1o requiere agregar otro d\u00eda cada (1\/0,00636) 157\u00bc a\u00f1os, lo que los egipcios continuaron haciendo hasta nuestros d\u00edas. Esto se logra agregando un d\u00eda adicional cada ciclos de 157, 314, 471 y 629 a\u00f1os. Los ajustes anteriores realizados por los egipcios se pueden ver claramente en los \u00faltimos 2000 a\u00f1os al comparar el calendario del Antiguo Egipto con el calendario &quot;latino&quot; [como se explica a continuaci\u00f3n].<\/li>\n<\/ol>\n<p>Despu\u00e9s de que Julio C\u00e9sar visitara Egipto en el a\u00f1o 48 a. C., encarg\u00f3 al astr\u00f3nomo Sosigenes (de Alejandr\u00eda) que introdujera un calendario en el Imperio Romano. Esto dio como resultado el calendario juliano de 365 d\u00edas al a\u00f1o y 366 d\u00edas cada a\u00f1o bisiesto. El calendario romano (juliano) fue literalmente dise\u00f1ado para adaptarse a un rey. El primer d\u00eda del a\u00f1o era el d\u00eda de la coronaci\u00f3n del rey egipcio al final del jubileo anual de rejuvenecimiento [Ver <em>M\u00edsticos egipcios: buscadores del camino<\/em>, de este mismo autor, para m\u00e1s informaci\u00f3n].<\/p>\n<p>Sin embargo, el calendario latino no tuvo en cuenta que el a\u00f1o dura un poco m\u00e1s de 365\u00bc d\u00edas. La diferencia entre 365,25 d\u00edas y 365,25636 d\u00edas, desde el momento de la adopci\u00f3n del calendario juliano hasta nuestros d\u00edas, es de 13 d\u00edas. Esta diferencia explica la variaci\u00f3n de 13 d\u00edas en las celebraciones anuales de numerosas fiestas cristianas entre las iglesias ortodoxas y no ortodoxas. La raz\u00f3n es que un grupo sigui\u00f3 el calendario egipcio exacto, mientras que el otro grupo sigui\u00f3 el calendario juliano inexacto.<\/p>\n<p>Cuando se adopt\u00f3 el calendario latino en el a\u00f1o 48 a. C., el primer d\u00eda del calendario egipcio era el 29 de agosto. Ahora es el 11 de septiembre, una diferencia de 13 d\u00edas, que acabamos de explicar.<\/p>\n<p>Para encontrar la fecha de inicio del calendario egipcio antiguo (en t\u00e9rminos del (deficiente) calendario latino), debemos tener en cuenta la diferencia de 0,00636 d\u00edas (365,25636 \u2013 365,25 d\u00edas) para cada a\u00f1o entre el 29 de agosto y el 21 de junio. El 21 significa el solsticio de verano, que marca el comienzo del calendario del Antiguo Egipto, que marca el comienzo del ciclo S\u00f3tico. El ciclo s\u00f3tico egipcio comenz\u00f3 con la salida hel\u00edaca de Sabt (Sirio) en el horizonte, junto con el sol, y permaneci\u00f3 visible durante unos instantes hasta desvanecerse con el avance del amanecer.<\/p>\n<p>En primer lugar, encontramos que la diferencia entre el 29 de agosto y el 21 de junio es de 69 d\u00edas. Al dividir 69 d\u00edas por 0,00636, el resultado es 10.849 a\u00f1os. As\u00ed, el 29 de agosto del a\u00f1o 48 a. C., el calendario egipcio era al menos el 10.897 a. C. (10.849 + 48).<\/p>\n<p>Comparemos nuestros c\u00e1lculos calend\u00e1ricos sothicos de 10.897 con los c\u00e1lculos del zod\u00edaco. Como se dijo anteriormente, el actual ciclo zodiacal comenz\u00f3 en el a\u00f1o 10.948 a.C. La diferencia entre 10.897 a. C. y el comienzo de la Era de Leo [10.948 a. C.] es de 51 a\u00f1os. En otras palabras, en el a\u00f1o 48 a. C., el calendario del Antiguo Egipto representaba 1\/3 del ciclo de un per\u00edodo de 157 a\u00f1os.<\/p>\n<p>El a\u00f1o 10.948 a. C., siendo el comienzo de la Era de Le\u00f3n, es consistente con las declaraciones de todos los primeros escritores griegos y romanos como Plat\u00f3n, cuyo <em>Di\u00e1logos recopilados<\/em> indican que el canon de proporci\u00f3n para las artes y la arquitectura del Antiguo Egipto no cambi\u00f3 durante los 10.000 a\u00f1os anteriores a la \u00e9poca de Plat\u00f3n [428-347 a. C.]. Plat\u00f3n afirm\u00f3:<\/p>\n<p style=\"padding-left: 30px;\"><strong><em>Que los cuadros y estatuas hechos hace diez mil a\u00f1os no son en ning\u00fan caso mejores o peores que lo que son ahora.<\/em><\/strong><\/p>\n<p>Desde la ocupaci\u00f3n isl\u00e1mica\/\u00e1rabe de Egipto [641 EC], el calendario del Antiguo Egipto pas\u00f3 a ser conocido como el calendario \u201ccopto\u201d, a pesar de que se desarroll\u00f3 miles de a\u00f1os antes del cristianismo. Los egipcios modernos todav\u00eda siguen el calendario del Antiguo Egipto para pr\u00e1cticamente todos los innumerables festivales anuales, la agricultura, el clima y otros asuntos (con s\u00f3lo un pu\u00f1ado de excepciones). Es, con diferencia, el calendario m\u00e1s pr\u00e1ctico y preciso que se utiliza en el mundo.<\/p>\n<p>&nbsp;<\/p>\n<p><strong><span style=\"color: #ff0000;\">[Un extracto de\u00a0<\/span><\/strong><strong>Antiguo egipcio: cultura revelada, segunda edici\u00f3n<span style=\"color: #ff0000;\"> por Moustafa Gadalla]<br \/>\n<a href=\"https:\/\/egyptianwisdomcenter.org\/es\/producto\/cultura-del-antiguo-egipto-revelada-segunda-edicion\/\"><span style=\"color: #0000ff;\">https:\/\/egyptianwisdomcenter.org\/product\/la-cultura-revelada-del-antiguo-egipto\/<\/span><\/a><br \/>\n<\/span><\/strong><\/p>\n<p><img decoding=\"async\" class=\"aligncenter\" src=\"https:\/\/egyptianwisdomcenter.org\/wp-content\/uploads\/2023\/01\/la-cultura-revelada-del-antiguo-egipto-4.jpg\" \/><\/p>\n<div dir=\"auto\" style=\"text-align: center;\"><a href=\"https:\/\/egyptianwisdomcenter.org\/es\/producto\/cultura-del-antiguo-egipto-revelada-segunda-edicion\/\"><span style=\"color: #0000ff;\"><strong>https:\/\/egyptianwisdomcenter.org\/product\/la-cultura-revelada-del-antiguo-egipto\/<\/strong><\/span><\/a><\/div>","protected":false},"excerpt":{"rendered":"<p>The Perfect Egyptian Calendar &nbsp; Now we turn our attention to finding the age of Egyptian antiquity by reviewing the Ancient Egyptian [&hellip;]<\/p>","protected":false},"author":3,"featured_media":0,"parent":0,"menu_order":0,"comment_status":"closed","ping_status":"closed","template":"","meta":{"footnotes":""},"class_list":["post-117","page","type-page","status-publish","hentry"],"aioseo_notices":[],"_links":{"self":[{"href":"https:\/\/egyptianwisdomcenter.org\/es\/wp-json\/wp\/v2\/pages\/117","targetHints":{"allow":["GET"]}}],"collection":[{"href":"https:\/\/egyptianwisdomcenter.org\/es\/wp-json\/wp\/v2\/pages"}],"about":[{"href":"https:\/\/egyptianwisdomcenter.org\/es\/wp-json\/wp\/v2\/types\/page"}],"author":[{"embeddable":true,"href":"https:\/\/egyptianwisdomcenter.org\/es\/wp-json\/wp\/v2\/users\/3"}],"replies":[{"embeddable":true,"href":"https:\/\/egyptianwisdomcenter.org\/es\/wp-json\/wp\/v2\/comments?post=117"}],"version-history":[{"count":0,"href":"https:\/\/egyptianwisdomcenter.org\/es\/wp-json\/wp\/v2\/pages\/117\/revisions"}],"wp:attachment":[{"href":"https:\/\/egyptianwisdomcenter.org\/es\/wp-json\/wp\/v2\/media?parent=117"}],"curies":[{"name":"wp","href":"https:\/\/api.w.org\/{rel}","templated":true}]}}