{"id":120,"date":"2018-10-30T00:00:00","date_gmt":"2018-10-30T04:00:00","guid":{"rendered":"http:\/\/egyptianwisdomcenter.org\/the-two-lands\/"},"modified":"2023-01-02T01:13:50","modified_gmt":"2023-01-02T06:13:50","slug":"the-two-lands-2","status":"publish","type":"page","link":"https:\/\/egyptianwisdomcenter.org\/es\/las-dos-tierras-2\/","title":{"rendered":"Las dos tierras"},"content":{"rendered":"<h2 style=\"text-align: center;\"><span style=\"color: #ff0000;\"><strong>Las dos tierras<\/strong><\/span><\/h2>\n<p>&nbsp;<\/p>\n<p>Al fara\u00f3n egipcio siempre se le llam\u00f3 el Se\u00f1or de las Dos Tierras. La academia occidental afirm\u00f3 arrogantemente que las Dos Tierras son literal y geogr\u00e1ficamente el Alto y el Bajo Egipto. No hay una sola referencia del Antiguo Egipto que confirme su noci\u00f3n, o incluso que defina una frontera entre el Alto y el Bajo Egipto.<\/p>\n<p>A lo largo de los templos del Antiguo Egipto, encontrar\u00e1 numerosas representaciones simb\u00f3licas relacionadas con la ceremonia de Unir las Dos Tierras, donde se muestran dos neteru atando plantas de papiro y loto. Ninguna de las plantas es originaria de ninguna zona espec\u00edfica de Egipto. La representaci\u00f3n m\u00e1s com\u00fan muestra a los gemelos neteru Hapi (una imagen reflejada el uno del otro); cada uno como unisex, con un pecho.<\/p>\n<p><a href=\"http:\/\/egyptianwisdomcenter.org\/wp-content\/uploads\/2019\/02\/ec3-41.jpg\"><img decoding=\"async\" class=\"wp-image-832 aligncenter\" src=\"http:\/\/egyptianwisdomcenter.org\/wp-content\/uploads\/2019\/02\/ec3-41.jpg\" alt=\"\" width=\"169\" height=\"170\" \/><\/a><\/p>\n<p>El t\u00e9rmino Dos Tierras es muy familiar para los egipcios balad\u00edes, quienes se refieren a \u00e9l en su vida diaria. Creen firmemente que existen Dos Tierras: aquella en la que todos vivimos y otra donde viven nuestros gemelos id\u00e9nticos (del sexo opuesto). Los gemelos est\u00e1n sujetos a las mismas experiencias desde la fecha del nacimiento hasta la fecha de la muerte.<\/p>\n<p>Usted y su gemelo \u201csiam\u00e9s\u201d, que \u201caparentemente\u201d se separaron al nacer, se reunir\u00e1n nuevamente en el momento de la muerte. Los enumeradores egipcios Baladi describen, en sus lamentos despu\u00e9s de la muerte de una persona, c\u00f3mo se prepara al difunto para unirse a su contraparte (del sexo opuesto) COMO SI se tratara de una ceremonia de matrimonio. Esto recuerda las muchas ilustraciones simb\u00f3licas del Antiguo Egipto sobre el matrimonio de las Dos Tierras. Estar casado es casarse. [M\u00e1s informaci\u00f3n sobre este concepto se encuentra en <span style=\"color: #ff0000;\"><strong>Cosmolog\u00eda egipcia: el universo animado, tercera edici\u00f3n de Moustafa Gadalla<\/strong><\/span> ]<\/p>\n<p>&nbsp;<\/p>\n<p><strong><span style=\"color: #ff0000;\">[Un extracto de\u00a0<\/span><\/strong><strong>Antiguo egipcio: cultura revelada, segunda edici\u00f3n<span style=\"color: #ff0000;\"> por Moustafa Gadalla]<br \/>\n<a href=\"https:\/\/egyptianwisdomcenter.org\/es\/producto\/cultura-del-antiguo-egipto-revelada-segunda-edicion\/\"><span style=\"color: #0000ff;\">https:\/\/egyptianwisdomcenter.org\/product\/la-cultura-revelada-del-antiguo-egipto\/<\/span><\/a><br \/>\n<\/span><\/strong><\/p>\n<p><img decoding=\"async\" class=\"aligncenter\" src=\"https:\/\/egyptianwisdomcenter.org\/wp-content\/uploads\/2023\/01\/la-cultura-revelada-del-antiguo-egipto-4.jpg\" \/><\/p>\n<div dir=\"auto\" style=\"text-align: center;\"><a href=\"https:\/\/egyptianwisdomcenter.org\/es\/producto\/cultura-del-antiguo-egipto-revelada-segunda-edicion\/\"><span style=\"color: #0000ff;\"><strong>https:\/\/egyptianwisdomcenter.org\/product\/la-cultura-revelada-del-antiguo-egipto\/<\/strong><\/span><\/a><\/div>\n<p>&nbsp;<\/p>\n<p><strong><span style=\"color: #ff0000;\">Cosmolog\u00eda egipcia: el universo animado, tercera edici\u00f3n<\/span> por Moustafa Gadalla<\/strong><br \/>\n<a href=\"https:\/\/egyptianwisdomcenter.org\/es\/producto\/cosmologia-egipcia-el-universo-animado-tercera-edicion-2\/\"><span style=\"color: #0000ff;\"><strong>https:\/\/egyptianwisdomcenter.org\/product\/cosmologia-egipcia-el-universo-animado-tercera-edicion\/<\/strong><\/span><\/a><\/p>\n<p><img decoding=\"async\" class=\"aligncenter\" src=\"https:\/\/egyptianwisdomcenter.org\/wp-content\/uploads\/2023\/01\/cosmologia-egipcia-el-universo-animado-tercera-edicion-1.jpg\" \/><\/p>\n<div dir=\"auto\">\n<p style=\"text-align: center;\"><a href=\"https:\/\/egyptianwisdomcenter.org\/es\/producto\/cosmologia-egipcia-el-universo-animado-tercera-edicion-2\/\"><span style=\"color: #0000ff;\"><strong>https:\/\/egyptianwisdomcenter.org\/product\/cosmologia-egipcia-el-universo-animado-tercera-edicion\/<\/strong><\/span><\/a><\/p>\n<\/div>","protected":false},"excerpt":{"rendered":"<p>The Two Lands &nbsp; The Egyptian Pharaoh was always referred to as the Lord of the Two Lands. Western academia cavalierly stated [&hellip;]<\/p>","protected":false},"author":3,"featured_media":0,"parent":0,"menu_order":0,"comment_status":"closed","ping_status":"closed","template":"","meta":{"footnotes":""},"class_list":["post-120","page","type-page","status-publish","hentry"],"aioseo_notices":[],"_links":{"self":[{"href":"https:\/\/egyptianwisdomcenter.org\/es\/wp-json\/wp\/v2\/pages\/120","targetHints":{"allow":["GET"]}}],"collection":[{"href":"https:\/\/egyptianwisdomcenter.org\/es\/wp-json\/wp\/v2\/pages"}],"about":[{"href":"https:\/\/egyptianwisdomcenter.org\/es\/wp-json\/wp\/v2\/types\/page"}],"author":[{"embeddable":true,"href":"https:\/\/egyptianwisdomcenter.org\/es\/wp-json\/wp\/v2\/users\/3"}],"replies":[{"embeddable":true,"href":"https:\/\/egyptianwisdomcenter.org\/es\/wp-json\/wp\/v2\/comments?post=120"}],"version-history":[{"count":0,"href":"https:\/\/egyptianwisdomcenter.org\/es\/wp-json\/wp\/v2\/pages\/120\/revisions"}],"wp:attachment":[{"href":"https:\/\/egyptianwisdomcenter.org\/es\/wp-json\/wp\/v2\/media?parent=120"}],"curies":[{"name":"wp","href":"https:\/\/api.w.org\/{rel}","templated":true}]}}