{"id":1205,"date":"2019-03-01T12:16:28","date_gmt":"2019-03-01T17:16:28","guid":{"rendered":"http:\/\/egyptianwisdomcenter.org\/home\/"},"modified":"2023-01-11T14:39:03","modified_gmt":"2023-01-11T19:39:03","slug":"home","status":"publish","type":"page","link":"https:\/\/egyptianwisdomcenter.org\/es\/home\/","title":{"rendered":"Inicio"},"content":{"rendered":"<p class=\"prophecy\">&#8220;El estudio de las ense\u00f1anzas de la sabidur\u00eda debe ser un proceso continuo en el que las ense\u00f1anzas se conviertan en el factor predominante de la vida&#8221;. <span style=\"font-size: 80%; font-style: normal;\">\u2014 un proverbio egipcio antiguo<\/span><\/p>\n<h3>Bienvenido a una gran fuente de sabidur\u00eda derivada de la civilizaci\u00f3n egipcia antigua. Usted se sorprender\u00e1 al ver c\u00f3mo la civilizaci\u00f3n moderna descansa firmemente sobre los hombros del antiguo Egipto.<\/h3>\n<p>&nbsp;<\/p>\n<p><strong><span style=\"font-size: 14pt;\">Este sitio web cuenta con dos avenidas principales de aprendizaje, en m\u00e1s de 10 idiomas.<\/span><\/strong><\/p>\n<ol>\n<li>Un tesoro de art\u00edculos gratuitos escritos por Moustafa Gadalla. Consulte el enlace art\u00edculos en el men\u00fa.<\/li>\n<li>Enlaces a un sitio web complementario donde pueden adquirirse numerosos libros de Moustafa Gadalla. Hay versiones en varios idiomas. Consulte el enlace Nuestros libros en el men\u00fa superior.<\/li>\n<\/ol>\n<p><span style=\"font-size: 14pt;\"><strong>Disfrute de esta fascinante visi\u00f3n de la cultura y la sabidur\u00eda del antiguo Egipto.<\/strong><\/span><\/p>\n<p>&nbsp;<\/p>\n<hr>\n<h3><\/h3>\n<p>&nbsp;<\/p>\n<h3 style=\"text-align: center;\">Foro de debate<\/h3>\n<div style=\"text-align: center;\"><\/div>","protected":false},"excerpt":{"rendered":"<p>&#8220;El estudio de las ense\u00f1anzas de la sabidur\u00eda debe ser un proceso continuo en el que las ense\u00f1anzas se conviertan en el [&hellip;]<\/p>","protected":false},"author":3,"featured_media":0,"parent":0,"menu_order":0,"comment_status":"closed","ping_status":"closed","template":"","meta":{"footnotes":""},"class_list":["post-1205","page","type-page","status-publish","hentry"],"aioseo_notices":[],"_links":{"self":[{"href":"https:\/\/egyptianwisdomcenter.org\/es\/wp-json\/wp\/v2\/pages\/1205","targetHints":{"allow":["GET"]}}],"collection":[{"href":"https:\/\/egyptianwisdomcenter.org\/es\/wp-json\/wp\/v2\/pages"}],"about":[{"href":"https:\/\/egyptianwisdomcenter.org\/es\/wp-json\/wp\/v2\/types\/page"}],"author":[{"embeddable":true,"href":"https:\/\/egyptianwisdomcenter.org\/es\/wp-json\/wp\/v2\/users\/3"}],"replies":[{"embeddable":true,"href":"https:\/\/egyptianwisdomcenter.org\/es\/wp-json\/wp\/v2\/comments?post=1205"}],"version-history":[{"count":1,"href":"https:\/\/egyptianwisdomcenter.org\/es\/wp-json\/wp\/v2\/pages\/1205\/revisions"}],"predecessor-version":[{"id":69604,"href":"https:\/\/egyptianwisdomcenter.org\/es\/wp-json\/wp\/v2\/pages\/1205\/revisions\/69604"}],"wp:attachment":[{"href":"https:\/\/egyptianwisdomcenter.org\/es\/wp-json\/wp\/v2\/media?parent=1205"}],"curies":[{"name":"wp","href":"https:\/\/api.w.org\/{rel}","templated":true}]}}