{"id":124,"date":"2018-10-30T00:00:00","date_gmt":"2018-10-30T04:00:00","guid":{"rendered":"http:\/\/egyptianwisdomcenter.org\/isis-the-seat-of-legitimacy\/"},"modified":"2023-01-03T00:54:25","modified_gmt":"2023-01-03T05:54:25","slug":"isis-the-seat-of-legitimacy-2","status":"publish","type":"page","link":"https:\/\/egyptianwisdomcenter.org\/es\/isis-la-sede-de-la-legitimidad-2\/","title":{"rendered":"Isis: la sede de la legitimidad"},"content":{"rendered":"<h2 style=\"text-align: center;\"><span style=\"color: #ff0000;\">Isis: la sede de la legitimidad<\/span><\/h2>\n<p>&nbsp;<\/p>\n<p>En el Antiguo Egipto, as\u00ed como en todos los pa\u00edses hoy en d\u00eda, el asiento\/trono\/silla simboliza legitimidad\/autoridad. La ciudad principal de un condado se llama &quot;la sede del condado&quot;. El t\u00edtulo del jefe de jefes se llama \u201c<b>Silla<\/b>hombre de la Junta\u201d. Esta es una de las innumerables influencias del Antiguo Egipto en el mundo, pasado y presente.<\/p>\n<p><img decoding=\"async\" class=\"aligncenter\" src=\"http:\/\/egyptianwisdomcenter.org\/wp-content\/uploads\/2019\/02\/isis-ch1-72c-1.jpg\" \/><\/p>\n<p>En Egipto, sin embargo, la importancia de Isis como sede\/autoridad\/legitimidad fue la base para la adopci\u00f3n del principio matrilineal\/matriarcal en su sociedad.<\/p>\n<p>A lo largo de la historia egipcia, fue la reina quien transmiti\u00f3 la sangre solar. La reina era la verdadera soberana, terrateniente, guardiana de la realeza y guardiana de la pureza del linaje. El hombre que se cas\u00f3 con la mayor de las princesas egipcias reclam\u00f3 su derecho al trono. A trav\u00e9s del matrimonio, transmiti\u00f3 la corona a su marido, quien s\u00f3lo actu\u00f3 como su agente ejecutivo. Esta ley sociopol\u00edtica se incorpor\u00f3 a la Historia Modelo Egipcia, seg\u00fan la cual Osiris se convirti\u00f3 en el primer fara\u00f3n de Egipto, como resultado de su matrimonio con Isis. Los faraones, as\u00ed como los l\u00edderes de localidades m\u00e1s peque\u00f1as, se adhirieron a este sistema. Si el fara\u00f3n\/l\u00edder no ten\u00eda hijas, una dinast\u00eda terminaba y comenzaba una nueva, con una nueva mujer venerada como nueva semilla para una nueva dinast\u00eda. Las pr\u00e1cticas matrilineales tambi\u00e9n se aplicaban a toda la sociedad, como se desprende de las estelas funerarias de todo tipo de personas, donde es costumbre rastrear la descendencia del difunto por parte de la madre, y no por la del padre. Se especifica la madre de la persona, pero no el padre, o s\u00f3lo se menciona de manera incidental. Esta tradici\u00f3n todav\u00eda perdura en secreto entre los\u00a0<i>baladi<\/i>\u00a0Egipcios.<\/p>\n<p><a href=\"https:\/\/egypt-tehuti.org\/wp-admin\/post.php?post=13748&amp;action=edit&amp;lang=en&amp;classic-editor\" target=\"_blank\" rel=\"noopener\">Moustafa Gadalla<\/a><\/p>\n<hr \/>\n<p><center><\/center><span style=\"color: #ff0000;\"><b>Para obtener informaci\u00f3n adicional, lea: <\/b><\/span><strong>Isis: la divina mujer de Moustafa Gadalla<\/strong><span style=\"color: #ff0000;\"><strong>]<br \/>\n<a href=\"https:\/\/egyptianwisdomcenter.org\/es\/producto\/isis-la-divina-hembra\/\"><span style=\"color: #0000ff;\">https:\/\/egyptianwisdomcenter.org\/product\/isis-la-femina-divina\/<\/span><\/a><br \/>\n<\/strong><\/span><\/p>\n<p><img decoding=\"async\" class=\"aligncenter\" src=\"https:\/\/egyptianwisdomcenter.org\/wp-content\/uploads\/2023\/01\/isis-la-femina-divina-2.jpg\" \/><\/p>\n<div dir=\"auto\">\n<p style=\"text-align: center;\"><a href=\"https:\/\/egyptianwisdomcenter.org\/es\/producto\/isis-la-divina-hembra\/\"><span style=\"color: #ff0000;\"><strong><span style=\"color: #0000ff;\">https:\/\/egyptianwisdomcenter.org\/product\/isis-la-femina-divina\/<\/span><\/strong><\/span><\/a><\/p>\n<\/div>\n<p>&nbsp;<\/p>\n<p><strong><span style=\"color: #ff0000;\">Cosmolog\u00eda egipcia: el universo animado, tercera edici\u00f3n de Moustafa Gadalla<\/span><\/strong><br \/>\n<a href=\"https:\/\/egyptianwisdomcenter.org\/es\/producto\/cosmologia-egipcia-el-universo-animado-tercera-edicion-2\/\"><span style=\"color: #0000ff;\"><strong>https:\/\/egyptianwisdomcenter.org\/product\/cosmologia-egipcia-el-universo-animado-tercera-edicion\/<\/strong><\/span><\/a><\/p>\n<p><img decoding=\"async\" class=\"aligncenter\" src=\"https:\/\/egyptianwisdomcenter.org\/wp-content\/uploads\/2023\/01\/cosmologia-egipcia-el-universo-animado-tercera-edicion-1.jpg\" \/><\/p>\n<div dir=\"auto\">\n<div dir=\"auto\" style=\"text-align: center;\"><a href=\"https:\/\/egyptianwisdomcenter.org\/es\/producto\/cosmologia-egipcia-el-universo-animado-tercera-edicion-2\/\"><span style=\"color: #0000ff;\"><strong>https:\/\/egyptianwisdomcenter.org\/product\/cosmologia-egipcia-el-universo-animado-tercera-edicion\/<\/strong><\/span><\/a><\/div>\n<\/div>","protected":false},"excerpt":{"rendered":"<p>Isis: The Seat Of Legitimacy &nbsp; In Ancient Egypt, as well as in all countries nowadays, the seat\/throne\/chair symbolizes legitimacy\/authority. The principle [&hellip;]<\/p>","protected":false},"author":3,"featured_media":0,"parent":0,"menu_order":0,"comment_status":"closed","ping_status":"closed","template":"","meta":{"footnotes":""},"class_list":["post-124","page","type-page","status-publish","hentry"],"aioseo_notices":[],"_links":{"self":[{"href":"https:\/\/egyptianwisdomcenter.org\/es\/wp-json\/wp\/v2\/pages\/124","targetHints":{"allow":["GET"]}}],"collection":[{"href":"https:\/\/egyptianwisdomcenter.org\/es\/wp-json\/wp\/v2\/pages"}],"about":[{"href":"https:\/\/egyptianwisdomcenter.org\/es\/wp-json\/wp\/v2\/types\/page"}],"author":[{"embeddable":true,"href":"https:\/\/egyptianwisdomcenter.org\/es\/wp-json\/wp\/v2\/users\/3"}],"replies":[{"embeddable":true,"href":"https:\/\/egyptianwisdomcenter.org\/es\/wp-json\/wp\/v2\/comments?post=124"}],"version-history":[{"count":0,"href":"https:\/\/egyptianwisdomcenter.org\/es\/wp-json\/wp\/v2\/pages\/124\/revisions"}],"wp:attachment":[{"href":"https:\/\/egyptianwisdomcenter.org\/es\/wp-json\/wp\/v2\/media?parent=124"}],"curies":[{"name":"wp","href":"https:\/\/api.w.org\/{rel}","templated":true}]}}