{"id":127,"date":"2018-10-30T00:00:00","date_gmt":"2018-10-30T04:00:00","guid":{"rendered":"http:\/\/egyptianwisdomcenter.org\/matrilineal-matriarchal-society\/"},"modified":"2023-01-03T00:56:05","modified_gmt":"2023-01-03T05:56:05","slug":"matrilineal-matriarchal-society-2","status":"publish","type":"page","link":"https:\/\/egyptianwisdomcenter.org\/es\/sociedad-matriarcal-matrilineal-2\/","title":{"rendered":"Sociedad matrilineal\/matriarcal"},"content":{"rendered":"<h2 style=\"text-align: center;\"><span style=\"color: #ff0000;\"><strong>Sociedad matrilineal\/matriarcal<\/strong><\/span><\/h2>\n<p>&nbsp;<\/p>\n<p>Her\u00f3doto, en el a\u00f1o 500 a. C., afirm\u00f3: \u201cDe todas las naciones del mundo, los egipcios son los m\u00e1s felices, los m\u00e1s sanos y los m\u00e1s religiosos\u201d. Estos son los tres elementos (feliz, saludable y religioso) de la sociedad ideal. La raz\u00f3n de tal sociedad ideal es su conciencia c\u00f3smica total.<\/p>\n<p>Lo que consideramos una estructura \u201cpol\u00edtica\u201d era, para ellos, un aspecto natural de su estructura social. Para lograr la perfecta armon\u00eda universal, la estructura social debe reflejar la misma jerarqu\u00eda ordenada del universo creado. La supervivencia y el \u00e9xito humanos requieren que se mantenga la misma estructura ordenada.<\/p>\n<p><em>Tanto arriba como abajo <\/em>es la \u00fanica manera de lograr el orden y la armon\u00eda. Como resultado, los antiguos egipcios (y Baladi) adoptaron el sistema matrilineal\/matriarcal como manifestaci\u00f3n social de las leyes planetarias.<\/p>\n<p>Como hemos visto anteriormente, el principio femenino Divino es que Isis representa el sol y su esposo Osiris representa la luna. La luz de la luna (Osiris-masculino) es un reflejo de la luz del sol (Isis-femenina). El sistema social\/pol\u00edtico del Antiguo Egipto se ajusta a la relaci\u00f3n entre el sol (femenino) y la luna (masculina).<\/p>\n<p>El nombre egipcio de Isis significa <em>asiento<\/em> (es decir, <em>autoridad<\/em>) y es el principio de legitimidad: el trono f\u00edsico real, como se representa en el simbolismo del Antiguo Egipto con Isis llevando un trono\/asiento sobre su cabeza.<\/p>\n<p><a href=\"http:\/\/egyptianwisdomcenter.org\/wp-content\/uploads\/2019\/02\/isis-throne-crown.png\"><img decoding=\"async\" class=\"size-full wp-image-394 aligncenter\" src=\"http:\/\/egyptianwisdomcenter.org\/wp-content\/uploads\/2019\/02\/isis-throne-crown.png\" alt=\"\" width=\"138\" height=\"92\" \/><\/a><\/p>\n<p><strong>ausar<\/strong> (Osiris) est\u00e1 escrito en jerogl\u00edficos con el glifo del trono y el ojo, combinando los conceptos de legitimidad y divinidad.<\/p>\n<p><a href=\"http:\/\/egyptianwisdomcenter.org\/wp-content\/uploads\/2019\/02\/aerx-124top-72c-1-1.jpg\"><img decoding=\"async\" class=\"size-full wp-image-846 aligncenter\" src=\"http:\/\/egyptianwisdomcenter.org\/wp-content\/uploads\/2019\/02\/aerx-124top-72c-1-1.jpg\" alt=\"\" width=\"18\" height=\"33\" \/><\/a><\/p>\n<p><a href=\"http:\/\/egyptianwisdomcenter.org\/wp-content\/uploads\/2019\/02\/aerx-124bot-72c-1.jpg\"><img decoding=\"async\" class=\"size-full wp-image-847 aligncenter\" src=\"http:\/\/egyptianwisdomcenter.org\/wp-content\/uploads\/2019\/02\/aerx-124bot-72c-1.jpg\" alt=\"\" width=\"50\" height=\"14\" \/><\/a><\/p>\n<p>A lo largo de la historia egipcia, fue la reina quien transmiti\u00f3 la sangre solar. La reina era la verdadera soberana, guardiana de la realeza y guardiana de la pureza del linaje. Los reyes egipcios reclamaron el derecho al trono mediante el matrimonio con la princesa egipcia mayor. Por matrimonio, transmiti\u00f3 la corona a su marido, pero \u00e9l s\u00f3lo actu\u00f3 como su agente ejecutivo.<\/p>\n<p>Los faraones, as\u00ed como los l\u00edderes de localidades m\u00e1s peque\u00f1as, se adhirieron a este sistema matriarcal. Si el fara\u00f3n\/l\u00edder no ten\u00eda hijas, entonces una dinast\u00eda terminaba y comenzaba una nueva, con una nueva doncella venerada como nueva semilla para una nueva dinast\u00eda.<\/p>\n<p>Dado que las mujeres eran las herederas legales del trono, desempe\u00f1aban un papel importante en los asuntos de Estado, actuando como una especie de intermediarios del poder. Las reinas de Egipto ejercieron una influencia excepcional como consejeras de los faraones.<\/p>\n<p>Los registros supervivientes del Reino Medio (2040-1783 a. C.) muestran que los nomos (provincias) de Egipto pasaron de una familia a otra a trav\u00e9s de herederas; as\u00ed, quien se casara con la heredera gobernar\u00eda la provincia.<\/p>\n<p>Las pr\u00e1cticas matrilineales en Egipto tambi\u00e9n se aplicaban a toda la sociedad, como se desprende de las estelas funerarias de todo tipo de personas a lo largo de la historia conocida de Egipto, donde es costumbre rastrear la descendencia del difunto por parte de la madre y no por l\u00ednea materna. sobre la del padre. Se especifica la madre de la persona, pero no el padre; o si se le menciona, es s\u00f3lo de manera incidental.<\/p>\n<p>Esta tradici\u00f3n todav\u00eda perdura en secreto (porque es contraria al Islam) entre los egipcios baladi.<\/p>\n<p>[Para obtener m\u00e1s informaci\u00f3n sobre las comunidades matrilocales en Egipto, lea <strong><span style=\"color: #ff0000;\">Antiguo egipcio: cultura revelada, segunda edici\u00f3n<\/span> por Moustafa Gadalla]<\/strong><\/p>\n<p><strong><span style=\"color: #ff0000;\">[Un extracto de <span style=\"color: #000000;\">Cosmolog\u00eda egipcia: el universo animado, tercera edici\u00f3n<\/span> por Moustafa Gadalla]<br \/>\n<a href=\"https:\/\/egyptianwisdomcenter.org\/es\/producto\/cosmologia-egipcia-el-universo-animado-tercera-edicion-2\/\"><span style=\"color: #0000ff;\">https:\/\/egyptianwisdomcenter.org\/product\/cosmologia-egipcia-el-universo-animado-tercera-edicion\/<\/span><\/a><\/span><\/strong><\/p>\n<p><img decoding=\"async\" class=\"aligncenter\" src=\"https:\/\/egyptianwisdomcenter.org\/wp-content\/uploads\/2023\/01\/cosmologia-egipcia-el-universo-animado-tercera-edicion-1.jpg\" \/><\/p>\n<p style=\"text-align: center;\"><a href=\"https:\/\/egyptianwisdomcenter.org\/es\/producto\/cosmologia-egipcia-el-universo-animado-tercera-edicion-2\/\"><strong><span style=\"color: #ff0000;\"><span style=\"color: #0000ff;\">https:\/\/egyptianwisdomcenter.org\/product\/cosmologia-egipcia-el-universo-animado-tercera-edicion\/<\/span><\/span><\/strong><\/a><\/p>\n<hr \/>\n<p>&nbsp;<\/p>\n<p><strong><span style=\"color: #ff0000;\">Antiguo egipcio: cultura revelada, segunda edici\u00f3n<\/span> por Moustafa Gadalla<\/strong><br \/>\n<a href=\"https:\/\/egyptianwisdomcenter.org\/es\/producto\/cultura-del-antiguo-egipto-revelada-segunda-edicion\/\"><span style=\"color: #0000ff;\"><strong>https:\/\/egyptianwisdomcenter.org\/product\/la-cultura-revelada-del-antiguo-egipto\/<\/strong><\/span><\/a><\/p>\n<p><img decoding=\"async\" class=\"aligncenter\" src=\"https:\/\/egyptianwisdomcenter.org\/wp-content\/uploads\/2023\/01\/la-cultura-revelada-del-antiguo-egipto-4.jpg\" \/><\/p>\n<p style=\"text-align: center;\"><a href=\"https:\/\/egyptianwisdomcenter.org\/es\/producto\/cultura-del-antiguo-egipto-revelada-segunda-edicion\/\"><span style=\"color: #ff0000;\"><strong><span style=\"color: #0000ff;\">https:\/\/egyptianwisdomcenter.org\/product\/la-cultura-revelada-del-antiguo-egipto\/<\/span><\/strong><\/span><\/a><\/p>\n<p>&nbsp;<\/p>\n<p>&nbsp;<\/p>\n<p>&nbsp;<\/p>\n<div dir=\"auto\">\n<div dir=\"auto\"><\/div>\n<\/div>","protected":false},"excerpt":{"rendered":"<p>Matrilineal\/Matriarchal Society &nbsp; Herodotus, in 500 BCE, stated: \u201cOf all the nations of the world, Egyptians are the happiest, healthiest, and most [&hellip;]<\/p>","protected":false},"author":3,"featured_media":0,"parent":0,"menu_order":0,"comment_status":"closed","ping_status":"closed","template":"","meta":{"footnotes":""},"class_list":["post-127","page","type-page","status-publish","hentry"],"aioseo_notices":[],"_links":{"self":[{"href":"https:\/\/egyptianwisdomcenter.org\/es\/wp-json\/wp\/v2\/pages\/127","targetHints":{"allow":["GET"]}}],"collection":[{"href":"https:\/\/egyptianwisdomcenter.org\/es\/wp-json\/wp\/v2\/pages"}],"about":[{"href":"https:\/\/egyptianwisdomcenter.org\/es\/wp-json\/wp\/v2\/types\/page"}],"author":[{"embeddable":true,"href":"https:\/\/egyptianwisdomcenter.org\/es\/wp-json\/wp\/v2\/users\/3"}],"replies":[{"embeddable":true,"href":"https:\/\/egyptianwisdomcenter.org\/es\/wp-json\/wp\/v2\/comments?post=127"}],"version-history":[{"count":0,"href":"https:\/\/egyptianwisdomcenter.org\/es\/wp-json\/wp\/v2\/pages\/127\/revisions"}],"wp:attachment":[{"href":"https:\/\/egyptianwisdomcenter.org\/es\/wp-json\/wp\/v2\/media?parent=127"}],"curies":[{"name":"wp","href":"https:\/\/api.w.org\/{rel}","templated":true}]}}