{"id":137,"date":"2018-10-30T00:00:00","date_gmt":"2018-10-30T04:00:00","guid":{"rendered":"http:\/\/egyptianwisdomcenter.org\/the-cyclical-renewal-festivals\/"},"modified":"2023-01-03T01:00:08","modified_gmt":"2023-01-03T06:00:08","slug":"the-cyclical-renewal-festivals-2","status":"publish","type":"page","link":"https:\/\/egyptianwisdomcenter.org\/es\/las-fiestas-de-renovacion-ciclica-2\/","title":{"rendered":"Las Fiestas de la Renovaci\u00f3n C\u00edclica"},"content":{"rendered":"<h2 style=\"text-align: center;\"><span style=\"color: #ff0000;\"><strong>Las Fiestas de la Renovaci\u00f3n C\u00edclica<\/strong><\/span><\/h2>\n<p>&nbsp;<\/p>\n<p>El tema principal de los textos del Antiguo Egipto es la naturaleza c\u00edclica del universo y la necesidad constante de renovaci\u00f3n de dichos ciclos a trav\u00e9s de festivales bien designados.<\/p>\n<p>Los egipcios ve\u00edan estos festivales como parte de la existencia humana, que constituye el ritmo de la vida de la comunidad y del individuo. Este ritmo resulta del orden de la vida c\u00f3smica.<\/p>\n<p>La renovaci\u00f3n y el rejuvenecimiento de la vida del cosmos, de la comunidad y del individuo se ven afectados por los ritos. Estos ritos ten\u00edan\/tienen el poder de provocar el rejuvenecimiento y el renacimiento de la vida divina. No celebrar los festivales en las fechas y horarios adecuados podr\u00eda muy bien producir sentimientos de culpabilidad individuales o colectivos. Como tales, los festivales egipcios pasaron a tener la funci\u00f3n de representar renovaciones cosmol\u00f3gicas (religiosas).<\/p>\n<p>La mayor\u00eda de los egipcios no s\u00f3lo esperan una bendici\u00f3n despu\u00e9s de su participaci\u00f3n, sino que tambi\u00e9n temen que les sobrevenga alguna desgracia si descuidan este acto.<\/p>\n<p>El objetivo de los festivales egipcios era (y sigue siendo) el rejuvenecimiento y la renovaci\u00f3n de las energ\u00edas c\u00f3smicas. Durante los numerosos festivales religiosos del Antiguo Egipto, los participantes recurren a la verdad arquet\u00edpica de su conciencia c\u00f3smica (como es arriba es abajo, y como es abajo es arriba). Cada fiesta santa actualiza el ciclo sagrado arquet\u00edpico. Estos ciclos sagrados se han convertido en parte del calendario. M\u00e1s exactamente, el calendario serv\u00eda para indicar cu\u00e1ndo se manifestaban los poderes cosmol\u00f3gicos (neteru\/dioses) y sus ciclos de renovaci\u00f3n. Todos los primeros escritores griegos y romanos afirmaron estas correlaciones c\u00f3smicas del Antiguo Egipto, como Plutarco, en su <em>Moralia vol. V <\/em>(377,65):<\/p>\n<p style=\"padding-left: 30px;\"><strong><em>\u2026 Ellos [los egipcios] asocian conceptos teol\u00f3gicos<\/em><\/strong><br \/>\n<strong><em>con los cambios estacionales en la atm\u00f3sfera circundante,<\/em><\/strong><br \/>\n<strong><em>o con el crecimiento de los cultivos y las \u00e9pocas de siembra y arado.<\/em><\/strong><\/p>\n<p>Todos los elementos y reglas que reg\u00edan los festivales del Antiguo Egipto son exactamente aplicables a los festivales actuales con esquemas organizados y detallados. Los egipcios baladi contin\u00faan considerando los festivales y sus rituales como el cl\u00edmax de sus pr\u00e1cticas religiosas, que son muy cr\u00edticas para el orden y la armon\u00eda del cosmos y, por extensi\u00f3n, el bienestar de todos.<\/p>\n<p>Todos los festivales actuales (excepto los de Mahoma y los de su familia inmediata) son una continuaci\u00f3n de los festivales del Antiguo Egipto, camuflados bajo nombres isl\u00e1micos.<\/p>\n<p>El n\u00famero oficial anual de festivales (mouleds) en el Egipto actual, aunque son contrarios al Islam, se estima en m\u00e1s de 3.000. No hay un solo d\u00eda en Egipto sin un molde en alguna parte, y la participaci\u00f3n es muy profunda. Al gran Mouled de Oto\u00f1o de ElBadawi asisten m\u00e1s de dos millones de personas y a cada uno de los otros dos Mouled asisten, respectivamente, m\u00e1s de un mill\u00f3n de visitantes.<\/p>\n<p>Todo esto es indicativo de la adhesi\u00f3n de millones de egipcios balad\u00edes a sus antiguas tradiciones.<\/p>\n<p>&nbsp;<\/p>\n<div dir=\"auto\">\n<p><span style=\"color: #ff0000;\"><strong>[Un extracto de <\/strong><\/span><strong>M\u00edsticos egipcios: buscadores del camino, segunda edici\u00f3n<\/strong><span style=\"color: #ff0000;\"><strong> por Moustafa Gadalla]<br \/>\n<a href=\"https:\/\/egyptianwisdomcenter.org\/es\/producto\/misticos-egipcios-buscadores-del-camino-2da-edicion\/\"><span style=\"color: #0000ff;\">https:\/\/egyptianwisdomcenter.org\/product\/egyptian-mystics-seekers-of-the-way-2nd-edition\/<\/span><\/a><br \/>\n<\/strong><\/span><\/p>\n<p><img decoding=\"async\" class=\"aligncenter\" src=\"https:\/\/books2read-prod.s3.amazonaws.com\/CACHE\/images\/ubl_book_images\/book_display_image_zMMju8w\/f91add1cabf1165dc68c4ea720a7e73c\" \/><\/p>\n<div dir=\"auto\" style=\"text-align: center;\"><a href=\"https:\/\/egyptianwisdomcenter.org\/es\/producto\/misticos-egipcios-buscadores-del-camino-2da-edicion\/\"><span style=\"color: #ff0000;\"><strong><span style=\"color: #0000ff;\">https:\/\/egyptianwisdomcenter.org\/product\/egyptian-mystics-seekers-of-the-way-2nd-edition\/<\/span><\/strong><\/span><\/a><\/div>\n<\/div>","protected":false},"excerpt":{"rendered":"<p>The Cyclical Renewal Festivals &nbsp; The main theme of the Ancient Egyptian texts is the cyclical nature of the universe and the [&hellip;]<\/p>","protected":false},"author":3,"featured_media":0,"parent":0,"menu_order":0,"comment_status":"closed","ping_status":"closed","template":"","meta":{"footnotes":""},"class_list":["post-137","page","type-page","status-publish","hentry"],"aioseo_notices":[],"_links":{"self":[{"href":"https:\/\/egyptianwisdomcenter.org\/es\/wp-json\/wp\/v2\/pages\/137","targetHints":{"allow":["GET"]}}],"collection":[{"href":"https:\/\/egyptianwisdomcenter.org\/es\/wp-json\/wp\/v2\/pages"}],"about":[{"href":"https:\/\/egyptianwisdomcenter.org\/es\/wp-json\/wp\/v2\/types\/page"}],"author":[{"embeddable":true,"href":"https:\/\/egyptianwisdomcenter.org\/es\/wp-json\/wp\/v2\/users\/3"}],"replies":[{"embeddable":true,"href":"https:\/\/egyptianwisdomcenter.org\/es\/wp-json\/wp\/v2\/comments?post=137"}],"version-history":[{"count":0,"href":"https:\/\/egyptianwisdomcenter.org\/es\/wp-json\/wp\/v2\/pages\/137\/revisions"}],"wp:attachment":[{"href":"https:\/\/egyptianwisdomcenter.org\/es\/wp-json\/wp\/v2\/media?parent=137"}],"curies":[{"name":"wp","href":"https:\/\/api.w.org\/{rel}","templated":true}]}}