{"id":139,"date":"2018-10-30T00:00:00","date_gmt":"2018-10-30T04:00:00","guid":{"rendered":"http:\/\/egyptianwisdomcenter.org\/neteru-the-divine-energies\/"},"modified":"2023-01-02T01:18:18","modified_gmt":"2023-01-02T06:18:18","slug":"neteru-the-divine-energies-2","status":"publish","type":"page","link":"https:\/\/egyptianwisdomcenter.org\/es\/neteru-las-energias-divinas-2\/","title":{"rendered":"Neteru\u2014Las Energ\u00edas Divinas"},"content":{"rendered":"<h2 style=\"text-align: center;\"><span style=\"color: #0000ff;\"><strong>Neteru\u2014Las Energ\u00edas Divinas<\/strong><\/span><\/h2>\n<h1><\/h1>\n<h3><span style=\"color: #ff0000;\"><strong>1. En el principio previo a la creaci\u00f3n: monja: la nada<\/strong><\/span><\/h3>\n<div>\n<p>Cada texto egipcio sobre la creaci\u00f3n comienza con la misma creencia b\u00e1sica: que antes del comienzo de las cosas, hab\u00eda un abismo primitivo l\u00edquido, por todas partes, interminable y sin l\u00edmites ni direcciones. Los egipcios llamaron a este oc\u00e9ano c\u00f3smico\/caos acuoso Nu\/Ny\/Nun, el estado no polarizado de la materia. El agua no tiene forma y por s\u00ed misma no adquiere forma alguna; ni se resiste a ser moldeado.<\/p>\n<p>Los cient\u00edficos est\u00e1n de acuerdo con la descripci\u00f3n del Antiguo Egipto del origen del universo como un abismo. Los cient\u00edficos se refieren a este abismo como \u201csopa de neutrones\u201d, donde no hay ni electrones ni protones; s\u00f3lo neutrones forman un n\u00facleo enorme y extremadamente denso.<\/p>\n<p>Tal caos, en el estado previo a la creaci\u00f3n, fue causado por la compresi\u00f3n de la materia; es decir, los \u00e1tomos no exist\u00edan en sus estados normales, sino que estaban tan juntos que muchos n\u00facleos at\u00f3micos estaban api\u00f1ados en un espacio previamente ocupado por un solo \u00e1tomo normal. En tales condiciones, los electrones de estos \u00e1tomos eran expulsados de sus \u00f3rbitas y se mov\u00edan libremente, es decir, en un estado ca\u00f3tico y degenerado.<\/p>\n<\/div>\n<p>Nu\/Ny\/Nun es el \u201cSer Subjetivo\u201d; el s\u00edmbolo de la energ\u00eda\/materia informe, indefinida, indiferenciada, inerte o inactiva; el estado increado antes de la creaci\u00f3n \u2013 no puede ser la causa de su transformaci\u00f3n.<\/p>\n<p>El t\u00e9rmino \u201cinfinito\u201d, por supuesto, es sin\u00f3nimo de \u201cno finito\u201d, indefinido, ilimitado, informe, indiferenciado, etc. Esto significa que la energ\u00eda\/materia a partir de la cual se forman todas las cosas debe estar, en su estado esencial, informe, indefinido, indiferenciado, etc. Si la base material del mundo tuviera definiciones (formaciones) esenciales, \u00e9stas actuar\u00edan como limitantes. factores a su capacidad de transformarse infinitamente. Su esencial falta de definici\u00f3n es un requisito absoluto para la omnipotencia creativa de Dios.<\/p>\n<p>&nbsp;<\/p>\n<h3><span style=\"color: #ff0000;\"><strong>2. Que comience la creaci\u00f3n<\/strong><\/span><\/h3>\n<p>La energ\u00eda condensada en la sopa de neutrones previa a la creaci\u00f3n se acumulaba continuamente. Esta energ\u00eda condensada alcanz\u00f3 la concentraci\u00f3n \u00f3ptima de energ\u00eda acumulada que condujo a su explosi\u00f3n y expansi\u00f3n hacia el exterior, hace unos 15 mil millones de a\u00f1os.<\/p>\n<p>El fuerte sonido de esta explosi\u00f3n es lo que provoc\u00f3 la desintegraci\u00f3n de las partes constituyentes del universo.<\/p>\n<p>Los textos del Antiguo Egipto tambi\u00e9n enfatizaron repetidamente que la voz divina de mando, es decir, el Sonido Divino, fue la causa de la creaci\u00f3n.<\/p>\n<p>Los primeros textos del Antiguo Egipto recuperados hace 5.000 a\u00f1os muestran la creencia de que la Palabra caus\u00f3 la creaci\u00f3n del mundo. El egipcio <em>Libro de la aparici\u00f3n de la luz <\/em>(traducido err\u00f3nea y com\u00fanmente como el <em>libro de la\u00a0<\/em><em>Muerto<\/em>), el texto escrito m\u00e1s antiguo del mundo, afirma:<\/p>\n<p style=\"padding-left: 30px;\"><em><strong>\u201cYo soy el Eterno\u2026 Yo soy el que cre\u00f3 el Verbo\u2026 Yo soy el Verbo\u2026\u201d<\/strong><\/em><\/p>\n<p>Tambi\u00e9n encontramos, en el Libro de la Vaca Divina (que se encuentra en los santuarios de Tut-Ankh-Am\u00f3n), que los cielos y sus huestes llegaron a existir simplemente al pronunciar palabras cuyo solo sonido evoca cosas. A medida que se pronuncia su nombre, la cosa surge.<\/p>\n<p>Porque el nombre es una realidad; la cosa misma. En otras palabras: cada sonido particular tiene\/es su forma correspondiente. La ciencia moderna ha confirmado una relaci\u00f3n directa entre la frecuencia y la forma de las ondas sonoras.<\/p>\n<p>La palabra (cualquier palabra) es, cient\u00edficamente, un elemento vibracional complejo que es un fen\u00f3meno ondulatorio caracterizado por movimientos de frecuencia e intensidad variables. En otras palabras, el sonido se produce al comprimir part\u00edculas de aire, reorganizando el espacio y el movimiento de las part\u00edculas de aire, es decir, creando formas. Cada frecuencia de onda sonora tiene su propia forma geom\u00e9trica correspondiente.<\/p>\n<p>El sonido divino transform\u00f3 la energ\u00eda\/materia inerte potencial en Nun en partes del universo como energ\u00edas cin\u00e9ticas diferenciadas, ordenadas y estructuradas en forma de objetos, pensamientos, fuerzas, fen\u00f3menos f\u00edsicos, etc.<\/p>\n<p>Transformar un tipo de energ\u00eda (potencial) en otro tipo (cin\u00e9tica) hizo que el universo cobrara vida, en su totalidad y en sus partes constitutivas.<\/p>\n<p>Todo es cuesti\u00f3n de energ\u00edas.<\/p>\n<p>&nbsp;<\/p>\n<h3><span style=\"color: #ff0000;\"><strong>3. Atam: la energ\u00eda c\u00f3smica manifestada<\/strong><\/span><\/h3>\n<p>Como hemos visto, la creaci\u00f3n surgi\u00f3 del estado de no creaci\u00f3n. Los egipcios la llamaban monja. Ninguno o nada tambi\u00e9n representa el estado previo a la creaci\u00f3n del universo. NO existe universo: NINGUNO NILL CERO. Tal estado del universo representa el Ser Subjetivo: energ\u00eda\/materia informe, indefinida e indiferenciada. Su energ\u00eda inerte est\u00e1 inactiva.<\/p>\n<p>Por otro lado, el estado de creaci\u00f3n es ordenado, formado, definido y diferenciado. Los egipcios llaman Atam a la totalidad de la energ\u00eda divina durante el estado de creaci\u00f3n.<\/p>\n<p>La creaci\u00f3n es ordenar (dar definici\u00f3n\/poner orden) todo el caos (la energ\u00eda\/materia y la conciencia indiferenciadas) del estado primitivo. Todos los relatos de la creaci\u00f3n del Antiguo Egipto lo muestran con etapas bien definidas y claramente demarcadas.<\/p>\n<p>La primera etapa de la creaci\u00f3n fue la autocreaci\u00f3n del Ser Supremo como creador y Ser, es decir, el paso del Ser Subjetivo (Nu\/Ny\/Nun) al Ser Objetivo (Atam). En t\u00e9rminos humanos simples, esto equivale al momento en que se pasa del sue\u00f1o (estado inconsciente, ser subjetivo) a la toma de conciencia de uno mismo (adquirir conciencia, ser objetivo). Es como estar parado sobre tierra firme.<\/p>\n<p>Esta etapa de la creaci\u00f3n fue representada por los sabios egipcios como Atam\/Atum surgiendo de Nu\/Ny\/Nun. En los Textos de Unas (llamados Pir\u00e1mides), existe la siguiente invocaci\u00f3n:<\/p>\n<p style=\"padding-left: 30px;\"><em><strong>Saludo a ti, Atam,<\/strong><\/em><br \/>\n<em><strong> \u00a1Saludo a ti, el que nace por s\u00ed mismo!<\/strong><\/em><br \/>\n<em><strong> Est\u00e1s alto en este tu nombre, Alto Mont\u00edculo,<\/strong><\/em><br \/>\n<em><strong> Naciste en este tu nombre Khepri<\/strong><\/em> (Convertirse en uno). [\u00a71587]<\/p>\n<p>Atam significa el <em>Unicidad de todos<\/em>; El completo. Atam est\u00e1 conectado con la ra\u00edz &#039;tam&#039; o &#039;tamam&#039;, que significa &quot;<em>Estar Completo<\/em>&quot; o &quot;<em>para poner fin a<\/em>\u201d.<\/p>\n<p>En los textos del Antiguo Egipto, Atam significa aquel que completa o perfecciona, y en las Letan\u00edas de Re, Atam es reconocido como <em>el Completo, el TODO<\/em><\/p>\n<p>Los textos del Antiguo Egipto enfatizan que el Uno Completo lo contiene todo. El texto del Antiguo Egipto dice:<\/p>\n<p style=\"padding-left: 30px;\"><em><strong>\u201cSoy muchos de nombres y muchos de formas, y mi Ser existe en cada red\u201d.<\/strong><\/em><\/p>\n<p>Num\u00e9ricamente, uno no es un n\u00famero, sino la esencia del principio subyacente del n\u00famero; todos los dem\u00e1s n\u00fameros est\u00e1n hechos de \u00e9l. Uno representa la Unidad: el Absoluto como energ\u00eda no polarizada. Atam como n\u00famero Uno no es par ni impar, sino ambos. Atam no es ni femenino ni masculino, sino ambos.<\/p>\n<p>Atam es la totalidad de la matriz energ\u00e9tica ordenada durante la etapa de creaci\u00f3n, mientras que Nun es el compuesto energ\u00e9tico desordenado: el Ser Subjetivo. La energ\u00eda divina total dentro del universo se llama Nun en su estado ca\u00f3tico y Atam en su creaci\u00f3n ordenada y su punto de estado\/proceso.<\/p>\n<p>Atam representa la liberaci\u00f3n, en una secuencia ordenada, de la energ\u00eda existente dentro de Nun, es decir, traerla a la vida. Esto representa el Ser Objetivo.<\/p>\n<p>Nun y Atam son im\u00e1genes el uno del otro, como los n\u00fameros 0 y 1. 0 es nada, nulo; y 1 significa \u201cel todo\u201d.<\/p>\n<p>&nbsp;<\/p>\n<h3><span style=\"color: #ff0000;\"><strong>4. Existencia del todo: el devenir uno<\/strong><\/span><\/h3>\n<p>La creaci\u00f3n es ordenar (dar definici\u00f3n\/poner orden) todo el caos (la energ\u00eda\/materia y la conciencia indiferenciadas) del estado primitivo. Todos los relatos de la creaci\u00f3n del Antiguo Egipto exhibieron esto con etapas bien definidas y claramente demarcadas.<\/p>\n<p>La semilla de la creaci\u00f3n a partir de la cual se origin\u00f3 todo es Atam. Y, as\u00ed como la planta est\u00e1 contenida dentro de la semilla; entonces todo lo que se crea en el universo tambi\u00e9n es Atam.<\/p>\n<p>Atam, Aquel que es el Todo, como Maestro del Universo, declara, en el papiro del Antiguo Egipto com\u00fanmente conocido como Papiro Bremner-Rhind:<\/p>\n<p style=\"padding-left: 30px;\"><em><strong>\u201cCuando me manifest\u00e9 a la existencia, la existencia exist\u00eda.<\/strong><\/em><br \/>\n<em><strong>Nac\u00ed en la forma del Existente, que naci\u00f3 en la Primera Vez.<\/strong><\/em><br \/>\n<em><strong>Al venir a la existencia seg\u00fan el modo de existencia del Existente, por lo tanto exist\u00ed.<\/strong><\/em><br \/>\n<em><strong>Y fue as\u00ed como naci\u00f3 el Existente\u201d.<\/strong><\/em><\/p>\n<p>En otras palabras, cuando el Maestro del Universo naci\u00f3, naci\u00f3 toda la creaci\u00f3n, porque el Uno Completo contiene el todo.<\/p>\n<p>&nbsp;<\/p>\n<h3><span style=\"color: #ff0000;\"><strong>5. Neteru\u2014Las Energ\u00edas Divinas<\/strong><\/span><\/h3>\n<p>Acabamos de ver que cuando el Maestro del Universo naci\u00f3, naci\u00f3 toda la creaci\u00f3n, porque el Uno Completo contiene el todo.<\/p>\n<p>El ciclo de la creaci\u00f3n es causado y mantenido por fuerzas o energ\u00edas divinas. Estas energ\u00edas, como el ciclo perpetuo de la creaci\u00f3n, pasan por un proceso de transformaci\u00f3n desde el nacimiento-vida-envejecimiento-muerte-muerte hasta el renacimiento. Nosotros, como seres humanos, tenemos fuerzas vitales similares que cambian a lo largo de nuestra vida. Nuestros cuerpos humanos constan de numerosos ciclos que gobiernan nuestra existencia vital. Todas las fuerzas se extinguen cuando nosotros morimos.<\/p>\n<p>Los egipcios llamaron a estas fuerzas divinas neteru. El tema principal del universo es su naturaleza c\u00edclica. Los NeTeRu son las fuerzas de la Naturaleza, que hacen girar al mundo, por as\u00ed decirlo. Llamarlos simplemente dioses y diosas da una impresi\u00f3n falsa.<\/p>\n<p>La energ\u00eda Divina que se manifiesta en el ciclo de la creaci\u00f3n est\u00e1 definida por sus aspectos energ\u00e9ticos constituyentes, que los antiguos egipcios llamaban neteru. Para que la creaci\u00f3n exista y se mantenga, esta energ\u00eda divina debe considerarse en t\u00e9rminos de principios masculinos y femeninos.<\/p>\n<p>Por lo tanto, los antiguos egipcios expresaban las fuerzas energ\u00e9ticas c\u00f3smicas en t\u00e9rminos de netert (principio femenino) y neter (principio masculino).<\/p>\n<p>La palabra egipcia &#039;neter&#039; (o naturaleza o &#039;netjer&#039;) significa <em>un poder que es capaz de generar vida y mantenerla cuando se genera<\/em>. As\u00ed como todas las partes de la creaci\u00f3n pasan por el ciclo de nacimiento-vida-muerte-renacimiento, tambi\u00e9n lo hacen las energ\u00edas impulsoras durante las etapas de este ciclo. Es por lo tanto que los neteru del Antiguo Egipto, al ser energ\u00edas divinas, pasaron (y contin\u00faan pasando) por el mismo ciclo de nacimiento-crecimiento-muerte y renovaci\u00f3n. Esta comprensi\u00f3n era com\u00fan a todos, como se\u00f1al\u00f3 Plutarco; que las m\u00faltiples fuerzas de la naturaleza (conocidas como neteru) nacen o se crean, sujetas a continuos cambios, envejecen y mueren, y renacen.<\/p>\n<p>Podemos dar el ejemplo de la oruga que nace, vive, luego construye su propio capullo, donde muere \u2013 o mejor a\u00fan, se transforma en una mariposa que pone huevos, y as\u00ed sucesivamente. Lo que tenemos aqu\u00ed es la transformaci\u00f3n c\u00edclica de una forma\/estado de energ\u00eda a otra.<\/p>\n<p>Otro ejemplo es el ciclo del agua: el agua que se evapora y forma nubes que llueven de regreso a la tierra. Es todo una transformaci\u00f3n c\u00edclica ordenada de energ\u00edas en diversas formas.<\/p>\n<p>Cuando piensas en neteru no como <em>Dioses <\/em>y <em>diosas<\/em> pero como fuerzas de energ\u00eda c\u00f3smica, uno puede ver el sistema del Antiguo Egipto como una brillante representaci\u00f3n del universo. Filos\u00f3ficamente, esta transformaci\u00f3n c\u00edclica y natural es similar a nuestro dicho:<\/p>\n<p style=\"padding-left: 30px;\"><em><strong>\u201cCuanto m\u00e1s cambian las cosas, m\u00e1s permanecen igual\u201d.<\/strong><\/em><\/p>\n<p>En los c\u00edrculos cient\u00edficos esto se conoce como <strong>la ley natural de conservaci\u00f3n de la energ\u00eda<\/strong>, que se describe como el principio de que <em>la energ\u00eda nunca se consume, s\u00f3lo cambia de forma, y la energ\u00eda total en un sistema f\u00edsico, como el universo, no puede aumentar ni disminuir.<\/em><\/p>\n<p>&nbsp;<\/p>\n<h3><span style=\"color: #ff0000;\"><strong>6. La Matriz Energ\u00e9tica Universal y Einstein<\/strong><\/span><\/h3>\n<p>Esta matriz de energ\u00edas surgi\u00f3 como resultado del acto inicial de creaci\u00f3n y los efectos posteriores que crearon el universo. Esta matriz consta de una jerarqu\u00eda organizada. Cada nivel de la jerarqu\u00eda de la existencia es una teofan\u00eda, una creaci\u00f3n de la conciencia del nivel de ser superior a \u00e9l. La autocontemplaci\u00f3n de cada etapa de la existencia da origen a cada etapa inferior. Como tal, la jerarqu\u00eda de energ\u00edas est\u00e1 interrelacionada y cada nivel se sustenta en el nivel inferior. Esta jerarqu\u00eda de energ\u00edas est\u00e1 claramente establecida en una vasta matriz de leyes naturales profundamente interconectadas. Es a la vez f\u00edsico y metaf\u00edsico.<\/p>\n<p>Los egipcios antiguos y baladi no hac\u00edan distinci\u00f3n entre un estado de ser metaf\u00edsico y uno con un cuerpo material. Semejante distinci\u00f3n es una ilusi\u00f3n mental. Existimos en varios niveles diferentes a la vez, desde el m\u00e1s f\u00edsico hasta el m\u00e1s metaf\u00edsico. Einstein estuvo de acuerdo con estos mismos principios.<\/p>\n<p>Desde la teor\u00eda de la relatividad de Einstein, se sabe y se acepta que la materia es una forma de energ\u00eda; una coagulaci\u00f3n o condensaci\u00f3n de energ\u00eda. Como resultado, la ley natural para la conservaci\u00f3n de la materia o la masa establece de manera similar que la materia no se crea ni se destruye durante ning\u00fan cambio f\u00edsico o qu\u00edmico.<\/p>\n<p>La energ\u00eda se compone de mol\u00e9culas que giran o vibran a distintas velocidades. En el mundo \u201cf\u00edsico\u201d, las mol\u00e9culas giran a una velocidad muy lenta y constante. Por eso las cosas parecen s\u00f3lidas a nuestros sentidos terrenales: cuanto m\u00e1s lenta es la velocidad, m\u00e1s densa o s\u00f3lida es la cosa. En el mundo metaf\u00edsico (espiritual), las mol\u00e9culas vibran a un ritmo mucho m\u00e1s r\u00e1pido o en una dimensi\u00f3n et\u00e9rea donde las cosas son m\u00e1s libres y menos densas.<\/p>\n<p>Desde este punto de vista, el universo es b\u00e1sicamente una jerarqu\u00eda de energ\u00edas en diferentes \u00f3rdenes de densidad. Nuestros sentidos tienen cierto acceso a la forma m\u00e1s densa de energ\u00eda, que es la materia. La jerarqu\u00eda de energ\u00edas est\u00e1 interrelacionada y cada nivel se sustenta en el nivel inferior. Esta jerarqu\u00eda de energ\u00edas est\u00e1 claramente establecida en una vasta matriz de leyes naturales profundamente interconectadas. Es a la vez f\u00edsico y metaf\u00edsico.<\/p>\n<p>La matriz energ\u00e9tica universal abarca el mundo como producto de un complejo sistema de relaciones entre personas (vivas y muertas), animales, plantas y fen\u00f3menos naturales y sobrenaturales. Este razonamiento a menudo se llama animismo debido a su premisa central de que todas las cosas est\u00e1n animadas (energizadas) por fuerzas vitales. Cada peque\u00f1a part\u00edcula de todo est\u00e1 en constante movimiento, es decir, energizada, como lo reconoce la teor\u00eda cin\u00e9tica. En otras palabras: todo est\u00e1 animado (energizado): animales, \u00e1rboles, rocas, p\u00e1jaros, incluso el aire, el sol y la luna.<\/p>\n<p>Muchos llaman esp\u00edritus a la forma m\u00e1s r\u00e1pida de energ\u00edas, estas energ\u00edas invisibles en el universo. Los esp\u00edritus\/energ\u00edas est\u00e1n organizados en diferentes \u00f3rdenes de densidad, lo que se relaciona con las diferentes velocidades de las mol\u00e9culas. Estas energ\u00edas m\u00e1s r\u00e1pidas (invisibles) habitan en determinadas zonas o est\u00e1n asociadas con fen\u00f3menos naturales particulares. Los esp\u00edritus (energ\u00edas) existen en grupos de tipo familiar (es decir, relacionados entre s\u00ed).<\/p>\n<p>Las energ\u00edas pueden ocupar, a voluntad, una energ\u00eda (materia) m\u00e1s condensada como la humana, la animal, la vegetal o cualquier forma. El esp\u00edritu anima el cuerpo humano al nacer y lo abandona al morir. A veces m\u00e1s de un esp\u00edritu energ\u00e9tico entra en un cuerpo.<\/p>\n<p>A menudo escuchamos que una persona &quot;no se siente a s\u00ed misma&quot;, o que est\u00e1 &quot;temporalmente loca&quot;, &quot;pose\u00edda&quot;, &quot;fuera de s\u00ed&quot;, o escuchamos hablar de una persona con m\u00faltiples personalidades. Las energ\u00edas (esp\u00edritus) tienen un efecto en todos nosotros, en un grado u otro.<\/p>\n<p>La presencia de energ\u00eda en todo fue reconocida durante mucho tiempo por los antiguos egipcios y los balad\u00edes. Que hay energ\u00edas c\u00f3smicas (neteru) en cada piedra, mineral, madera, etc., se afirma claramente en la Estela Shabaka (siglo VIII a. C.):<\/p>\n<p style=\"padding-left: 30px;\"><em><strong>\u201cY entonces el neteru <\/strong><\/em>(dioses, diosas)<em><strong> entr\u00f3 en sus cuerpos, en forma de toda clase de madera, de toda clase de mineral, como de toda clase de arcilla, como de todo lo que crece sobre \u00e9l (es decir, tierra)\u201d.<\/strong><\/em><\/p>\n<p>&nbsp;<\/p>\n<h3><span style=\"color: #ff0000;\"><strong>7. Neteru y los \u00e1ngeles<\/strong><\/span><\/h3>\n<p>Los neteru (dioses, diosas) son las energ\u00edas\/poderes\/fuerzas divinas que, a trav\u00e9s de sus acciones e interacciones, crearon y mantuvieron (y contin\u00faan manteniendo) el universo.<\/p>\n<p>Los neteru (dioses, diosas) y sus funciones, fueron posteriormente reconocidos por otros como <em>angeles<\/em>. El Cantar de Mois\u00e9s en Deuteronomio (32:43), encontrado en una cueva de Qumr\u00e1n cerca del Mar Muerto, menciona la palabra <em>Dioses <\/em>en el <em>plural<\/em>:<\/p>\n<p style=\"padding-left: 30px;\"><em><strong>\u201cAlegraos, oh cielos, con \u00e9l; y rinded homenaje a \u00e9l, dioses\u201d.<\/strong><\/em><\/p>\n<p>Cuando se cita el pasaje en el Nuevo Testamento (Hebreos, 1:6), la palabra &quot;dioses&quot; se sustituye por &quot;\u00e1ngeles de Dios&quot;.<\/p>\n<p>Las esferas de neteru (conocidas tambi\u00e9n como \u00e1ngeles y arc\u00e1ngeles, en el cristianismo) son jer\u00e1rquicas entre los niveles\/reinos del universo.<\/p>\n<p>&nbsp;<\/p>\n<h3><span style=\"color: #ff0000;\"><strong>8. El ciclo de la creaci\u00f3n<\/strong><\/span><\/h3>\n<p>El sistema de creaci\u00f3n es un sistema de emanaci\u00f3n, procesi\u00f3n o irradiaci\u00f3n necesaria acompa\u00f1ada de una aspiraci\u00f3n o reversi\u00f3n a la fuente necesaria. Todas las formas y fases de la Existencia fluyen de la Divinidad, y todas se esfuerzan por regresar all\u00ed y permanecer all\u00ed.<\/p>\n<p>Como consecuencia del Big Bang, las fuerzas de expulsi\u00f3n, que hacen que todas las galaxias se muevan hacia afuera, se oponen a las fuerzas gravitacionales\/contractivas que atraen a las galaxias. En la actualidad, las fuerzas externas superan a las fuerzas contractivas; y por tanto, los l\u00edmites del universo a\u00fan se est\u00e1n expandiendo.<\/p>\n<p>Los cient\u00edficos nos dicen que en cierto momento en el futuro, el universo dejar\u00e1 de expandirse y comenzar\u00e1 a hacerse m\u00e1s peque\u00f1o. La radiaci\u00f3n de microondas de la bola de fuego del Big Bang (que todav\u00eda est\u00e1 circulando) comenzar\u00e1 a aplastarse, se calentar\u00e1 y cambiar\u00e1 de color nuevamente hasta que se vuelva visible una vez m\u00e1s. El cielo se pondr\u00e1 rojo, y luego se volver\u00e1 naranja, amarillo, blanco\u2026 y terminar\u00e1 en el Big Crunch; es decir, toda la materia y toda la radiaci\u00f3n del universo chocar\u00e1n juntas en una sola unidad.<\/p>\n<p>El Big Crunch no es el fin en s\u00ed mismo; porque el universo reunido y triturado (sopa de neutrones) tendr\u00e1 el potencial para una nueva creaci\u00f3n, que se llama el Gran Rebote.<\/p>\n<p>Por lo tanto, no es sorprendente que los textos del Antiguo Egipto tambi\u00e9n hayan descrito, en sus t\u00e9rminos simb\u00f3licos egipcios habituales, The Big Crunch y the Big Bounce.<\/p>\n<p>Los textos del ata\u00fad egipcio, el hechizo 130, nos dicen que:<\/p>\n<p style=\"padding-left: 30px;\"><em><strong>\u201cDespu\u00e9s de millones de a\u00f1os de creaci\u00f3n diferenciada, regresar\u00e1 el caos anterior a la creaci\u00f3n. S\u00f3lo quedar\u00e1n el Completo [Atam] y Aus-Ra. . . ya no est\u00e1n separados en el espacio y el tiempo\u201d.<\/strong><\/em><\/p>\n<p>El texto del Antiguo Egipto nos dice dos puntos. El primero es el regreso del universo creado al caos al final del ciclo de creaci\u00f3n, lo que significa el Big Crunch. El segundo punto es el potencial para un nuevo renacimiento c\u00edclico del universo simbolizado por la presencia de Aus-Ra.<\/p>\n<p><strong>Hagamos una pausa aqu\u00ed por unos minutos para conocer lo que se ha anunciado como \u201cnombres\u201d de deidades en Egipto.<\/strong><\/p>\n<p>Aus-Ra consta de dos palabras. La palabra <strong>nosotros <\/strong>medio <strong><em>el poder de<\/em><\/strong><em>, <\/em>o <strong><em>la ra\u00edz de<\/em><\/strong>. Como tal, Aus-Ra significa <em>el poder de ra<\/em>; significado: el <strong><em>renacimiento de Ra<\/em><\/strong>.<\/p>\n<p>El principio que hace que la vida surja de la muerte aparente se llamaba\/se llama Aus-Ra, que simboliza el poder de la renovaci\u00f3n. El tema principal de los textos del Antiguo Egipto es la naturaleza c\u00edclica de la creaci\u00f3n que nace, vive, muere y se regenera nuevamente.<\/p>\n<p>&nbsp;<\/p>\n<p><span style=\"color: #ff0000;\"><strong>[Un extracto de Cosmolog\u00eda egipcia: El universo animado, tercera edici\u00f3n de Moustafa Gadalla]<br \/>\n<a href=\"https:\/\/egyptianwisdomcenter.org\/es\/producto\/cosmologia-egipcia-el-universo-animado-tercera-edicion-2\/\"><span style=\"color: #0000ff;\">https:\/\/egyptianwisdomcenter.org\/product\/cosmologia-egipcia-el-universo-animado-tercera-edicion\/<\/span><\/a><\/strong><\/span><\/p>\n<p><img decoding=\"async\" class=\"aligncenter\" src=\"https:\/\/egyptianwisdomcenter.org\/wp-content\/uploads\/2023\/01\/cosmologia-egipcia-el-universo-animado-tercera-edicion-1.jpg\" \/><\/p>\n<p style=\"text-align: center;\"><a href=\"https:\/\/egyptianwisdomcenter.org\/es\/producto\/cosmologia-egipcia-el-universo-animado-tercera-edicion-2\/\"><strong><span style=\"color: #3366ff;\">https:\/\/egyptianwisdomcenter.org\/product\/cosmologia-egipcia-el-universo-animado-tercera-edicion\/<\/span><\/strong><\/a><\/p>\n<div dir=\"auto\"><\/div>","protected":false},"excerpt":{"rendered":"<p>Neteru\u2014The Divine Energies 1. In The Pre-Creation Beginning\u2014Nun\u2014Nothingness Every Egyptian creation text begins with the same basic belief: that before the beginning [&hellip;]<\/p>","protected":false},"author":3,"featured_media":0,"parent":0,"menu_order":0,"comment_status":"closed","ping_status":"closed","template":"","meta":{"footnotes":""},"class_list":["post-139","page","type-page","status-publish","hentry"],"aioseo_notices":[],"_links":{"self":[{"href":"https:\/\/egyptianwisdomcenter.org\/es\/wp-json\/wp\/v2\/pages\/139","targetHints":{"allow":["GET"]}}],"collection":[{"href":"https:\/\/egyptianwisdomcenter.org\/es\/wp-json\/wp\/v2\/pages"}],"about":[{"href":"https:\/\/egyptianwisdomcenter.org\/es\/wp-json\/wp\/v2\/types\/page"}],"author":[{"embeddable":true,"href":"https:\/\/egyptianwisdomcenter.org\/es\/wp-json\/wp\/v2\/users\/3"}],"replies":[{"embeddable":true,"href":"https:\/\/egyptianwisdomcenter.org\/es\/wp-json\/wp\/v2\/comments?post=139"}],"version-history":[{"count":0,"href":"https:\/\/egyptianwisdomcenter.org\/es\/wp-json\/wp\/v2\/pages\/139\/revisions"}],"wp:attachment":[{"href":"https:\/\/egyptianwisdomcenter.org\/es\/wp-json\/wp\/v2\/media?parent=139"}],"curies":[{"name":"wp","href":"https:\/\/api.w.org\/{rel}","templated":true}]}}