{"id":140,"date":"2018-10-30T00:00:00","date_gmt":"2018-10-30T04:00:00","guid":{"rendered":"http:\/\/egyptianwisdomcenter.org\/the-archetypal-synergies\/"},"modified":"2023-01-02T01:19:27","modified_gmt":"2023-01-02T06:19:27","slug":"the-archetypal-synergies-2","status":"publish","type":"page","link":"https:\/\/egyptianwisdomcenter.org\/es\/las-sinergias-arquetipicas-2\/","title":{"rendered":"Las sinergias arquet\u00edpicas"},"content":{"rendered":"<h2 style=\"text-align: center;\"><span style=\"color: #0000ff;\">Las sinergias arquet\u00edpicas<\/span><\/h2>\n<p>&nbsp;<\/p>\n<h3><span style=\"color: #ff0000;\"><strong>1. Asociaciones y manifestaciones<\/strong><\/span><\/h3>\n<p>Las energ\u00edas representadas por los diversos neteru (dioses\/diosas) rara vez funcionan individualmente, pero a menudo est\u00e1n aliadas o fusionadas con otros neteru (dioses\/diosas). La uni\u00f3n de ciertos pares de energ\u00edas\/atributos complementarios (formas masculina y femenina) da como resultado una tercera energ\u00eda\/atributo. A veces las trinidades se representan juntas como una \u00fanica entidad compuesta; a veces por separado y a veces en forma binaria.<\/p>\n<p>En t\u00e9rminos humanos, una familia est\u00e1 formada por un hombre, una mujer y un ni\u00f1o. Los tres son una unidad: una familia. Tambi\u00e9n existen relaciones binarias como: marido-esposa (matrimonio), padre-hijo (paternidad) y madre-hijo (maternidad).<\/p>\n<p>Las deidades egipcias est\u00e1n conectadas en una serie de relaciones complejas y cambiantes. Las conexiones e interacciones de un neter con otras deidades ayudan a definir su car\u00e1cter. Estas relaciones fueron el material base a partir del cual se formaron las alegor\u00edas egipcias.<\/p>\n<p>Se debe hacer una distinci\u00f3n entre asociaciones de deidades y manifestaciones de un principio neter en otros principios\/formas neteru. Por ejemplo, es err\u00f3neo suponer que Re-Sebek es una asociaci\u00f3n de dos deidades. Cuando nos damos cuenta de lo que Re REPRESENTA, entonces podemos descubrir que Re-Sebek es la manifestaci\u00f3n de la fuerza de creaci\u00f3n [ser Re] en la forma\/aspecto de Sebek. Como se mencion\u00f3 anteriormente, el <em>Letan\u00eda de Re <\/em>muestra su manifestaci\u00f3n en 75 formas\/aspectos.<\/p>\n<p>Las combinaciones sin\u00e9rgicas no fueron permanentes. Un neter\/netert que estaba involucrado en una combinaci\u00f3n continu\u00f3 apareciendo por separado y form\u00f3 nuevas combinaciones con otras deidades.<\/p>\n<p>Las sinergias combinadas se encuentran b\u00e1sicamente en combinaciones duales, triples, octadas y en\u00e9adas, que se detallan a continuaci\u00f3n:<\/p>\n<p>&nbsp;<\/p>\n<h3><span style=\"color: #ff0000;\"><strong>2. Dualidades<\/strong><\/span><\/h3>\n<p>La naturaleza dual universal de la creaci\u00f3n se manifiesta en diversas aplicaciones, como se identifica en el Antiguo Egipto. Cada aspecto dualizador del proceso de creaci\u00f3n est\u00e1 representado por dos atributos divinos: neteru. Dependiendo de cada aspecto espec\u00edfico, el neteru dualizante [pero siempre una combinaci\u00f3n solar y lunar] puede ser:<\/p>\n<p style=\"padding-left: 30px;\">\u2013 Una mujer y un hombre<br \/>\n\u2013 2 hembras<br \/>\n\u2013 2 machos<br \/>\n\u2013 2 mitades de unisex<\/p>\n<p>A lo largo de este libro se analizan algunas dualidades. Para obtener informaci\u00f3n detallada, lea <em>Cosmolog\u00eda egipcia: el universo animado <\/em>[Tercera edici\u00f3n] de Moustafa Gadalla, donde encontrar\u00e1 una discusi\u00f3n detallada de varias dualidades; las tres \u00e1reas distintivas son:<\/p>\n<p style=\"padding-left: 30px;\"><strong>A. Creaci\u00f3n\u2014Aspectos formativos<\/strong><br \/>\n\u2013 Dualidades de g\u00e9nero gemelo previas a la creaci\u00f3n<br \/>\n\u2013 Shu y Tefnut: los creadores de burbujas<br \/>\n\u2013 Isis y Neftis: hermanas gemelas<br \/>\n\u2013 Maati<br \/>\n\u2013 Re y Thot<br \/>\n\u2013 Isis y Osiris: el dual din\u00e1mico<br \/>\n\u2013 Seth, incluido con Maat con Horus con Osiris con Ptah<\/p>\n<p style=\"padding-left: 30px;\"><strong>B. Aspectos de unificaci\u00f3n<\/strong><br \/>\n\u2013 Las \u201cDos Plantas\u201d<br \/>\n\u2013 Horus y Thot<br \/>\n\u2013 Dos Hapis [Unisex]<br \/>\n\u2013 Qareens de las Dos Tierras<\/p>\n<p style=\"padding-left: 30px;\"><strong>C. Aspectos c\u00edclicos<\/strong><br \/>\n\u2013 Osiris y Horus<br \/>\n\u2013 Re y Osiris<br \/>\n\u2013 Aker\u2014Leones gemelos<\/p>\n<p>&nbsp;<\/p>\n<h3><span style=\"color: #ff0000;\"><strong>3. Trinidades<\/strong><\/span><\/h3>\n<p>Los antiguos egipcios reconocieron la importancia de la trinidad en el proceso de creaci\u00f3n. Como tal, los textos del Antiguo Egipto presentaban la trinidad como una unidad expresada por el pronombre singular: son los Tres que son Dos los que son Uno.<\/p>\n<p>Los principios de la creaci\u00f3n son unidad, dualidad y trinidad. Esto queda claro en el papiro del Antiguo Egipto conocido como el <em>Papiro Bremner-Rhind<\/em>:<\/p>\n<p style=\"padding-left: 30px;\">&#8220;<strong><em>Despu\u00e9s de habernos convertido en un neter <\/em><\/strong>(dios)<strong><em>, hab\u00eda [ahora] tres neteru <\/em><\/strong>(dioses, diosas)<strong> <em>en mi \u2026&quot;<\/em><\/strong>\u2014refiri\u00e9ndose a la tr\u00edada de Atum y al dual Shu-y Tefnut.<\/p>\n<p>Las diversas trinidades est\u00e1n relacionadas con la diversa naturaleza de la dualidad dentro de cada trinidad.<\/p>\n<p>A lo largo de este libro se analizan algunas trinidades. Para ejemplos m\u00e1s detallados, lea <em>Cosmolog\u00eda egipcia: el universo animado <\/em>[Tercera edici\u00f3n] de Moustafa Gadalla.<\/p>\n<p>&nbsp;<\/p>\n<h3><span style=\"color: #ff0000;\"><strong>4. Ogd\u00f3adas<\/strong><\/span><\/h3>\n<p>En el n\u00famero 8 encontramos al ser humano creado a imagen de Dios, el Primer Principio. Nuestra existencia terrenal en el octavo reino es una replicaci\u00f3n y no una duplicaci\u00f3n: una octava. Una octava es el estado futuro del pasado. La continuaci\u00f3n de la creaci\u00f3n es una serie de replicaciones: octavas. Ocho, entonces, corresponde al mundo f\u00edsico manifestado tal como lo experimentamos.<\/p>\n<p>En Egipto, el conocido texto <em>Ata\u00fad de Petamon <\/em>[Art\u00edculo del Museo de El Cairo no. 1160] afirma:<\/p>\n<p style=\"padding-left: 30px;\"><strong><em>Soy Uno que se vuelve Dos,<\/em><\/strong><br \/>\n<strong><em>quien se convierte en Cuatro,<\/em><\/strong><br \/>\n<strong><em>quien se convierte en Ocho,<\/em><\/strong><br \/>\n<strong><em>y luego soy Uno otra vez.<\/em><\/strong><\/p>\n<p>Esta nueva unidad (Uno nuevamente) no es id\u00e9ntica, sino an\u00e1loga, a la primera unidad (Yo soy Uno). La antigua unidad ya no existe, una nueva unidad ha tomado su lugar: El Rey ha Muerto, Larga Vida al Rey. Es una renovaci\u00f3n o autorreplicaci\u00f3n. Y para dar cuenta del principio de autorreplicaci\u00f3n, son necesarios ocho t\u00e9rminos.<\/p>\n<p>Ocho es el n\u00famero de Thoth y de Khmunu (Herm\u00f3polis). Thoth (tambi\u00e9n conocido como Hermes\/Mercurio) es llamado el <em><strong>Maestro de la Ciudad de los Ocho<\/strong><\/em>.<\/p>\n<p>Thoth era el mensajero de los neteru (dioses, diosas) de la escritura, el lenguaje y el conocimiento. Thoth dio al hombre acceso a los misterios del mundo manifestado, que estaban simbolizados por el n\u00famero ocho.<\/p>\n<p>Estrofa 80 del Antiguo Egipto <em>Papiro de Leiden J350 <\/em>recorre la Creaci\u00f3n tal como se cuenta en Khmunu (Herm\u00f3polis), que trata de la Ogd\u00f3ada, los Ocho Primordiales que comprendieron la primera metamorfosis de Amon-Re, el misterioso y oculto que es reconocido como Ta-Tenen en Men-Nefer (Memphis); luego Ka-Mut-f en Ta-Apet (Tebas) \u2013 pero todo el tiempo permanece Uno.<\/p>\n<p>Por lo tanto, la manifestaci\u00f3n de la creaci\u00f3n en 8 t\u00e9rminos est\u00e1 presente en los cuatro centros cosmol\u00f3gicos del Antiguo Egipto:<\/p>\n<ul>\n<li>En Memphis, Ptah, en sus 8 formas, cre\u00f3 el universo.<\/li>\n<li>En Heli\u00f3polis, Atam cre\u00f3 los 8 seres divinos.<\/li>\n<li>En Khmunu (Herm\u00f3polis), 8 neteru primitivo (la Ogd\u00f3ada) crearon el universo. Eran la representaci\u00f3n del estado primitivo del universo.<\/li>\n<li>En Luxor (Tebas), Am\u00f3n\/Am\u00e9n, despu\u00e9s de crearse a s\u00ed mismo en secreto, cre\u00f3 la Ogd\u00f3ada.<\/li>\n<\/ul>\n<p>La manifestaci\u00f3n de la creaci\u00f3n a trav\u00e9s de 8 t\u00e9rminos tambi\u00e9n se refleja en el proceso m\u00edstico de la cuadratura del c\u00edrculo. [Vea los detalles en un cap\u00edtulo anterior en relaci\u00f3n con la dualidad de Re y Thoth].<\/p>\n<p><span style=\"text-decoration: underline;\"><em>Dualidades de g\u00e9nero gemelo previas a la creaci\u00f3n<\/em><\/span><\/p>\n<p>Los textos egipcios afirman que Nun \u2013el caos previo a la creaci\u00f3n\u2013 pose\u00eda caracter\u00edsticas que se identificaban con cuatro pares de poderes\/fuerzas primordiales. Cada pareja representa a los gemelos primitivos de doble g\u00e9nero: los aspectos masculino\/femenino.<\/p>\n<p>Los cuatro machos de las parejas est\u00e1n representados como ranas. Las cuatro hembras de las parejas est\u00e1n representadas como serpientes. Los ocho seres est\u00e1n representados con las piernas atadas, lo que indica su naturaleza esencial como acci\u00f3n; pero mientras est\u00e1n en el \u00e1mbito subjetivo (antes de la creaci\u00f3n), son inertes. Tener las piernas atadas representa sus energ\u00edas potenciales.<\/p>\n<p>&nbsp;<\/p>\n<h3><span style=\"color: #ff0000;\"><strong>5. En\u00e9adas<\/strong><\/span><\/h3>\n<p>El n\u00famero nueve marca el final de la gestaci\u00f3n y el final de cada serie de n\u00fameros. Si se multiplica por cualquier otro n\u00famero, siempre se reproduce (3 x 9 = 27 y 2 + 7 = 9 o 6 x 9 = 54 y 5 + 4 = 9 y as\u00ed sucesivamente).<\/p>\n<p>El nueve marca la transici\u00f3n de una escala (los n\u00fameros del 1 al 9) a una escala superior (comenzando con 10), y por lo tanto es el n\u00famero de iniciaci\u00f3n, que nuevamente es similar al nacimiento de un beb\u00e9 despu\u00e9s de nueve meses.<\/p>\n<p>Normalmente, un ni\u00f1o humano es concebido, formado y nacido en nueve meses; un hecho que tiene mucho que ver con el papel y la importancia que se le daba al n\u00famero nueve en el antiguo Egipto.<\/p>\n<p>En consecuencia, el antiguo egipcio se refiere a un grupo de nueve divinidades como una unidad: una En\u00e9ada. Como se indic\u00f3 anteriormente, encontramos que ya hace al menos 5000 a\u00f1os, los Textos de las Pir\u00e1mides revelan la existencia de tres compa\u00f1\u00edas de dioses, y cada compa\u00f1\u00eda estaba formada por 9 neteru (dioses, diosas).<\/p>\n<p>Los textos egipcios hablan de tres En\u00e9adas, cada una de las cuales representa una fase del ciclo de la creaci\u00f3n.<\/p>\n<p>Los nueve aspectos de una En\u00e9ada no son una secuencia, sino una unidad: interpenetrados, interactuantes y entrelazados.<\/p>\n<p>[Para obtener m\u00e1s informaci\u00f3n sobre el misticismo num\u00e9rico en Egipto, lea <span style=\"color: #ff0000;\"><em>Cosmolog\u00eda egipcia: el universo animado <\/em>por Moustafa Gadalla<\/span>.]<\/p>\n<p>&nbsp;<\/p>\n<p><strong><span style=\"color: #ff0000;\">[Un extracto de <\/span>Divinidades egipcias: Todos los que son UNO, 2.\u00aa edici\u00f3n<span style=\"color: #ff0000;\"> por Moustafa Gadalla]<br \/>\n<a href=\"https:\/\/egyptianwisdomcenter.org\/es\/producto\/egyptian-divinities-the-all-who-are-the-one-2nd-edition\/\"><span style=\"color: #0000ff;\">https:\/\/egyptianwisdomcenter.org\/product\/egyptian-divinities-the-all-who-are-the-one-2nd-edition\/<\/span><\/a><br \/>\n<\/span><\/strong><\/p>\n<p><img decoding=\"async\" class=\"aligncenter\" src=\"https:\/\/books2read-prod.s3.amazonaws.com\/CACHE\/images\/ubl_book_images\/book_display_image_qOuT56H\/40d95446cc17340ec7b02939eaa44c10\" \/><\/p>\n<div dir=\"auto\">\n<div dir=\"auto\">\n<p style=\"text-align: center;\"><a href=\"https:\/\/egyptianwisdomcenter.org\/es\/producto\/egyptian-divinities-the-all-who-are-the-one-2nd-edition\/\"><span style=\"color: #ff0000;\"><strong><span style=\"color: #0000ff;\">https:\/\/egyptianwisdomcenter.org\/product\/egyptian-divinities-the-all-who-are-the-one-2nd-edition\/<\/span><\/strong><\/span><\/a><\/p>\n<\/div>\n<\/div>","protected":false},"excerpt":{"rendered":"<p>The Archetypal Synergies &nbsp; 1. Associations And Manifestations The energies represented by the various neteru (gods\/ goddesses) rarely function individually, but are [&hellip;]<\/p>","protected":false},"author":3,"featured_media":0,"parent":0,"menu_order":0,"comment_status":"closed","ping_status":"closed","template":"","meta":{"footnotes":""},"class_list":["post-140","page","type-page","status-publish","hentry"],"aioseo_notices":[],"_links":{"self":[{"href":"https:\/\/egyptianwisdomcenter.org\/es\/wp-json\/wp\/v2\/pages\/140","targetHints":{"allow":["GET"]}}],"collection":[{"href":"https:\/\/egyptianwisdomcenter.org\/es\/wp-json\/wp\/v2\/pages"}],"about":[{"href":"https:\/\/egyptianwisdomcenter.org\/es\/wp-json\/wp\/v2\/types\/page"}],"author":[{"embeddable":true,"href":"https:\/\/egyptianwisdomcenter.org\/es\/wp-json\/wp\/v2\/users\/3"}],"replies":[{"embeddable":true,"href":"https:\/\/egyptianwisdomcenter.org\/es\/wp-json\/wp\/v2\/comments?post=140"}],"version-history":[{"count":0,"href":"https:\/\/egyptianwisdomcenter.org\/es\/wp-json\/wp\/v2\/pages\/140\/revisions"}],"wp:attachment":[{"href":"https:\/\/egyptianwisdomcenter.org\/es\/wp-json\/wp\/v2\/media?parent=140"}],"curies":[{"name":"wp","href":"https:\/\/api.w.org\/{rel}","templated":true}]}}