{"id":1437,"date":"2019-03-01T15:44:39","date_gmt":"2019-03-01T20:44:39","guid":{"rendered":"http:\/\/egyptianwisdomcenter.org\/la-forma-alfabetica-egipcia-de-la-escritura\/"},"modified":"2023-01-05T13:54:21","modified_gmt":"2023-01-05T18:54:21","slug":"la-forma-alfabetica-egipcia-de-la-escritura","status":"publish","type":"page","link":"https:\/\/egyptianwisdomcenter.org\/es\/la-forma-alfabetica-egipcia-de-la-escritura\/","title":{"rendered":"La Forma Alfab\u00e9tica Egipcia De La Escritura"},"content":{"rendered":"<h2 style=\"text-align: center;\"><span style=\"color: #0000ff;\">La Forma Alfab\u00e9tica Egipcia De La Escritura<\/span><\/h2>\n<p>&nbsp;<\/p>\n<h3><span style=\"color: #ff0000;\"><strong>1. Edad Remota De Los Alfabetos Egipcios <\/strong><\/span><\/h3>\n<p>La mayor\u00eda de los eruditos occidentales modernos afirman, expl\u00edcita e impl\u00edcitamente, que el alfabeto egipcio antiguo (y el lenguaje) es la fuente m\u00e1s antigua del mundo. En su libro <em>la literatura de los antiguos egipcios <\/em>[P\u00e1gina XXXIV-v], el egipt\u00f3logo alem\u00e1n Adolf Erman admite:<\/p>\n<p style=\"padding-left: 30px;\"><em>&#8220;<strong>Los egipcios solos estaban destinados a adoptar un m\u00e9todo notable, despu\u00e9s de lo cual alcanzaron a la forma m\u00e1s alta de escritura, el alfabeto. . .&#8221;<\/strong><\/em><\/p>\n<p>El egipt\u00f3logo brit\u00e1nico, W.M. Flinders Petrie, en su libro <em>la formaci\u00f3n de los alfabetos<\/em> [P\u00e1gina 3], concluy\u00f3:<\/p>\n<p style=\"padding-left: 30px;\"><span style=\"text-decoration: underline;\"><strong><em>&#8220;Desde el comienzo de las \u00e9pocas prehist\u00f3ricas, un sistema cursivo consistente en signos lineales, llenos de variedad y distinci\u00f3n, se utiliz\u00f3 sin duda en Egipto&#8221;.<\/em><\/strong><\/span><\/p>\n<p>La autoridad m\u00e1s eminente en idiomas, Isaac Taylor, en su <em>historia del libro del Alphabets,<\/em> volumen 1, p\u00e1gina 62:<\/p>\n<p style=\"padding-left: 30px;\"><strong><em>&#8220;La fecha inmensamente temprana en la que los s\u00edmbolos de una naturaleza alfab\u00e9tica se encuentran en los monumentos egipcios es un hecho de gran inter\u00e9s e importancia. Es de gran inter\u00e9s, en la medida en que constituye el punto de partida en la historia del alfabeto, estableciendo la verdad literal de la afirmaci\u00f3n de que <span style=\"text-decoration: underline;\">las letras del alfabeto son m\u00e1s viejas que las pir\u00e1mides \u2014 m\u00e1s viejas probablemente que cualquier otro monumento existente de civilizaci\u00f3n humana &#8220;.<\/span> <\/em><\/strong><\/p>\n<p>Isaac Taylor, en su historia del libro del volumen I, PG <em>de los alfabetos<\/em> . 64, escribi\u00f3 sobre el rey egipcio enviado:<\/p>\n<p style=\"padding-left: 30px;\"><strong><em>&#8220;Rey enviado, en cuyo reinado los caracteres alfab\u00e9ticos ya estaban en uso, se puede tomar para haber vivido <span style=\"text-decoration: underline;\">entre 4000 y 4700 AEC<\/span>. Sorprendente como resultado de tales c\u00e1lculos puede aparecer, se debe afirmar que es probable que los <span style=\"text-decoration: underline;\">comienzos del arte gr\u00e1fico en el valle del Nilo deben ser relegados a una fecha de siete o 8000 a\u00f1os a partir de la actualidad.<\/span><\/em><\/strong><\/p>\n<p>Es muy claro que la lengua alfab\u00e9tica del antiguo Egipto fue la primera en el mundo miles de a\u00f1os antes de los mucho-a-hacer-sobre nada &#8220;los guiones de Sina\u00ed&#8221; [ver un cap\u00edtulo m\u00e1s adelante sobre este tema].<\/p>\n<p>En su libro <em>la formaci\u00f3n del alfabeto<\/em>, W.M. Flinders Petrie ha recogido y tabulado Letras alfab\u00e9ticas que se extendieron desde la temprana edad prehist\u00f3rica de Egipto a las \u00e9pocas griega y romana. Petrie tambi\u00e9n compil\u00f3 (de varios eruditos independientes) Letras alfab\u00e9ticas de aspecto similar de 25 ubicaciones en Asia menor, Grecia, Italia, Espa\u00f1a y otros lugares en toda Europa. Todos son mucho m\u00e1s j\u00f3venes que las formas alfab\u00e9ticas de las letras del antiguo Egipto.<\/p>\n<p>La tabulaci\u00f3n de Petrie de estas formas de letras alfab\u00e9ticas muestra que:<\/p>\n<p style=\"padding-left: 30px;\">1. todas las letras alfab\u00e9ticas estaban presentes en el antiguo Egipto desde \u00e9pocas pre-din\u00e1sticos tempranas (hace m\u00e1s de 7.000 a\u00f1os), antes de cualquier otro lugar en el mundo.<\/p>\n<p style=\"padding-left: 30px;\">2. todas las letras alfab\u00e9ticas egipcias son claramente distinguibles en el m\u00e1s antiguo recuperado llamado &#8220;escritura hier\u00e1tica&#8221; egipcia hace m\u00e1s de 5.000 a\u00f1os.<\/p>\n<p style=\"padding-left: 30px;\">3. las mismas formas de letras alfab\u00e9ticas del antiguo Egipto se adoptaron m\u00e1s tarde y se difundieron a otras personas en todo el mundo.<\/p>\n<p>&nbsp;<\/p>\n<h3><span style=\"color: #ff0000;\"><strong>2. Los Distintivos Papiros Alfab\u00e9ticos Egipcios Pre-Hyksos <\/strong><\/span><\/h3>\n<p>El eminente egipt\u00f3logo alem\u00e1n Adolf Erman escribi\u00f3, en su libro <em>vida en el antiguo Egipto<\/em>, P\u00e1gina 339:<\/p>\n<p style=\"padding-left: 30px;\"><strong><em>&#8220;Incluso bajo el antiguo reino<\/em><\/strong> [2575-2040 AEC]<strong><em> una mano cursiva especial ya se hab\u00eda inventado para el uso diario, el llamado hieratic &#8220;.<\/em><\/strong><\/p>\n<p>Isaac Taylor, en su libro <em>la historia del alfabeto<\/em>, Vol. 1, p\u00e1ginas 94 y 95, refiri\u00f3 a tres importantes manuscritos egipcios antiguos de las \u00e9pocas del reino antiguo y medio [2575-1783] antes del per\u00edodo de Hyksos [c. 1600 BCE], que ten\u00eda guiones cursivos alfab\u00e9ticos muy claros y distintivos. Los tres papiros convienen esencialmente con uno a en cuanto al estilo general de la escritura y de las formas de los caracteres alfab\u00e9ticos individuales en Cursive aseado.<\/p>\n<p>Estos escritos alfab\u00e9ticos tempranos [Hieratic] demuestran claramente un car\u00e1cter cursivo verdadero: negro, redondeado, y atrevido.<\/p>\n<p>Los tres manuscritos egipcios antiguos referidos por<\/p>\n<p>Isaac Taylor son:<\/p>\n<p style=\"padding-left: 30px;\">1. un manuscrito egipcio en posesi\u00f3n del Prof. Lepsius en el que se menciona el constructor de la gran pir\u00e1mide de Giza, Khufu [Cheops], y otros reyes de las dinast\u00edas anteriores de Memphis [2649-2465 AEC].<\/p>\n<p style=\"padding-left: 30px;\">2. el esp\u00e9cimen m\u00e1s perfecto de la escritura cursiva ordenada alfab\u00e9ticamente de la \u00e9poca temprana es el c\u00e9lebre papiro que fue adquirido en Tebas por M. Prisse d&#8217;Avennes, dado por \u00e9l a la Bibliotheque Nationale en Par\u00eds. Este manuscrito es usualmente llamado el &#8220;papiro Prisse&#8221;. Fue publicado en facs\u00edmil por M. Prisse en 1847, y consta de dieciocho p\u00e1ginas de una magn\u00edfica escritura cursiva alfab\u00e9tica, sin igual en tama\u00f1o y belleza, los personajes son inusualmente grandes, llenos y firmes. Una declaraci\u00f3n al final del papiro muestra que es s\u00f3lo una copia de la obra original, que pretende haber sido compuesta por el pr\u00edncipe Ptah-Hotep, que vivi\u00f3 durante el reinado de ASSA, un rey de la quinta dinast\u00eda [2465-2323 AEC].<\/p>\n<p style=\"padding-left: 30px;\">3. en el Museo de Berl\u00edn, hay algunos fragmentos de un papiro hier\u00e1tico durante los tiempos de los reyes egipcios Amenemhat y Usurtasen, que pertenec\u00edan a la duod\u00e9cima dinast\u00eda [1991-1783] que precedi\u00f3 a la invasi\u00f3n de los Hyksos.<\/p>\n<p><strong>Aqu\u00ed est\u00e1 la<\/strong> <strong>Facs\u00edmil de papiro Prisse<\/strong> <strong>, donde las letras-formas se ven exactamente como letras-formas a lo largo de la historia antigua egipcia reconocida y m\u00e1s all\u00e1.<\/strong><\/p>\n<p><a href=\"https:\/\/egyptianwisdomcenter.org\/wp-content\/uploads\/2019\/02\/eu-ch1-2-96c-1.jpg\"><img decoding=\"async\" class=\"size-full wp-image-1369 aligncenter\" src=\"https:\/\/egyptianwisdomcenter.org\/wp-content\/uploads\/2019\/02\/eu-ch1-2-96c-1.jpg\" alt=\"\" width=\"307\" height=\"137\" \/><\/a><\/p>\n<div class=\"gmail_default\">Aqu\u00ed est\u00e1 una porci\u00f3n agrandada de este papiro egipcio muy antiguo que muestra las letras-formas alfab\u00e9ticas distintivas que cada otro pa\u00eds adoptar\u00e1, como la evidencia demostrar\u00e1 a trav\u00e9s de este libro.<\/div>\n<div><\/div>\n<div><a href=\"https:\/\/egyptianwisdomcenter.org\/wp-content\/uploads\/2019\/02\/eu-ch1-3-96c-1.jpg\"><img decoding=\"async\" class=\"size-full wp-image-1365 aligncenter\" src=\"https:\/\/egyptianwisdomcenter.org\/wp-content\/uploads\/2019\/02\/eu-ch1-3-96c-1.jpg\" alt=\"\" width=\"269\" height=\"124\" \/><\/a><\/div>\n<div><\/div>\n<div class=\"gmail_default\">Otros escritos alfab\u00e9ticos tempranos son numerosos. Estos son algunos ejemplos:<\/div>\n<p style=\"padding-left: 30px;\">1. alfabetos claros de la era del viejo reino [2575-2040 A.C.] de una carta de una viuda, escrita en lino, Museo egipcio, el Cairo, JE25975.<\/p>\n<p><a href=\"https:\/\/egyptianwisdomcenter.org\/wp-content\/uploads\/2019\/02\/eu-ch1-4-96c-1.jpg\"><img decoding=\"async\" class=\"size-full wp-image-1366 aligncenter\" src=\"https:\/\/egyptianwisdomcenter.org\/wp-content\/uploads\/2019\/02\/eu-ch1-4-96c-1.jpg\" alt=\"\" width=\"269\" height=\"172\" \/><\/a><\/p>\n<p style=\"padding-left: 30px;\">2. este es el tercero de un ciclo de cinco himnos a Senwosret III, que se encontr\u00f3 en la ciudad de el-Lahun. El himno a Senwosret III muestra el arreglo estrophic, y fue escrito a mediados de la Dinast\u00eda XII [1991-1783 AEC].<\/p>\n<p><a href=\"https:\/\/egyptianwisdomcenter.org\/wp-content\/uploads\/2019\/02\/eu-ch1-5-96c-1.jpg\"><img loading=\"lazy\" decoding=\"async\" class=\"size-full wp-image-1367 aligncenter\" src=\"https:\/\/egyptianwisdomcenter.org\/wp-content\/uploads\/2019\/02\/eu-ch1-5-96c-1.jpg\" alt=\"\" width=\"384\" height=\"159\" \/><\/a><\/p>\n<p style=\"padding-left: 30px;\">3. la escritura mostrada aqu\u00ed es un memor\u00e1ndum del supervisor del templo al sacerdote lector en el templo de Nubkaura en el-Lahun (durante la \u00e9poca de Senwosret II, 1897 \u2013 1878 A.C.), notific\u00e1ndole que Sirius subir\u00eda el d\u00eda 16 del cuarto mes , para tomar nota de su ubicaci\u00f3n exacta y tiempo para entrar en los registros del templo.<\/p>\n<p><a href=\"https:\/\/egyptianwisdomcenter.org\/wp-content\/uploads\/2019\/02\/eu-ch1-6aa.-1-96c-1.jpg\"><img loading=\"lazy\" decoding=\"async\" class=\"size-full wp-image-1368 aligncenter\" src=\"https:\/\/egyptianwisdomcenter.org\/wp-content\/uploads\/2019\/02\/eu-ch1-6aa.-1-96c-1.jpg\" alt=\"\" width=\"307\" height=\"92\" \/><\/a><\/p>\n<p style=\"padding-left: 30px;\">4. varias otras muestras similares en varios temas y prop\u00f3sitos se pueden encontrar en el libro de Parkinson de R.B. [v\u00e9ase bibliograf\u00eda seleccionada.]<\/p>\n<p style=\"padding-left: 30px;\">5. otros papiros egipcios antiguos con escritos alfab\u00e9ticos ordenados sobre todo tipo de temas de esta \u00e9poca muy temprana se refieren a trav\u00e9s de varias publicaciones de Moustafa Gadalla y se encuentran en la mayor\u00eda de las referencias egiptol\u00f3gicas.<\/p>\n<p>&nbsp;<\/p>\n<h3><span style=\"color: #ff0000;\"><strong>3. Detecci\u00f3n De Humo Miles De Escritos Alfab\u00e9ticos Egipcios<\/strong><\/span><\/h3>\n<p>La pantalla de humo m\u00e1s grande de la historia est\u00e1 ocultando el (antiguo) sistema de escritura alfab\u00e9tica egipcia. Hicieron que todos pensaban en el idioma egipcio como una colecci\u00f3n de &#8220;im\u00e1genes primitivas&#8221; llamadas jerogl\u00edficos. Ocultaron el sistema alfab\u00e9tico egipcio como la madre de todos los idiomas en el mundo.<\/p>\n<p>As\u00ed es como Alan Gardiner, en su libro <em>Gram\u00e1tica egipcia<\/em>, trata de &#8220;racionalizar&#8221; c\u00f3mo ocultaban el sistema alfab\u00e9tico egipcio:<\/p>\n<p style=\"padding-left: 30px;\"><strong><em>&#8220;Los egipt\u00f3logos han experimentado la necesidad pr\u00e1ctica de adoptar alguna norma com\u00fan a la que diferentes manos hier\u00e1ticas podr\u00edan reducirse, y en lugar de seleccionar un estilo simple de hier\u00e1tico para el prop\u00f3sito, han preferido transcribir todas las manos hier\u00e1ticas en jerogl\u00edfico &#8220;.<\/em><\/strong><\/p>\n<p>La &#8220;explicaci\u00f3n\/justificaci\u00f3n&#8221; de Gardiner para enterrar escritos alfab\u00e9ticos [Hier\u00e1ticos] nos asegura que hab\u00eda <span style=\"text-decoration: underline;\">varias formas de escritos para diversos prop\u00f3sitos<\/span>. Las mismas academias occidentales nunca utilizaron la misma &#8220;excusa cojo&#8221; con griego, romano, o cualquier otra lengua en el mundo!<\/p>\n<p>Esta excusa cojo s\u00f3lo se utiliz\u00f3 en los escritos egipcios para enga\u00f1ar y ocultar el lenguaje de escritura alfab\u00e9tica del antiguo egipcio.<\/p>\n<p>NO hay una sola referencia \u2014 antes de esta conspiraci\u00f3n de los egipt\u00f3logos occidentales del siglo XIX-XX \u2014 que indicaba una relaci\u00f3n entre jerogl\u00edficos (signos pict\u00f3ricos) y formas alfab\u00e9ticas hier\u00e1ticas\/dem\u00f3ticas. Por el contrario, cada referencia expresa expl\u00edcitamente lo no relacionado que son.<\/p>\n<p>&nbsp;<\/p>\n<h3><span style=\"color: #ff0000;\"><strong>4. Egipcio Es Muerto, Viva &#8220;\u00c1rabe&#8221; <\/strong><\/span><\/h3>\n<p>Despu\u00e9s de ocultar el (antiguo) sistema de escritura alfab\u00e9tica egipcia que hace que todos piensen en el idioma egipcio como una colecci\u00f3n de &#8220;im\u00e1genes primitivas&#8221; llamadas jerogl\u00edficos, su segundo golpe fue declarar que la lengua egipcia antigua es muerta y que fue reemplazado-por el aire-por el idioma &#8220;\u00e1rabe&#8221;!<\/p>\n<p>Decir que los egipcios hablan &#8220;\u00e1rabe&#8221; es totalmente falso e il\u00f3gico. Es al rev\u00e9s: los &#8220;\u00e1rabes&#8221; hace mucho tiempo &#8220;adoptaron&#8221; y contin\u00faan hablando egipcio.<\/p>\n<p>El egipt\u00f3logo brit\u00e1nico Alan Gardiner en su libro, <em>Gram\u00e1tica egipcia<\/em>, p\u00e1gina 3, escribe:<\/p>\n<p style=\"padding-left: 30px;\"><span style=\"text-decoration: underline;\"><strong><em>&#8220;Se puede demostrar que todo el sistema voc\u00e1lica del antiguo egipcio ha llegado a un escenario parecido al hebreo o al \u00e1rabe moderno&#8221;<\/em><\/strong><\/span><\/p>\n<p>El egipcio es la madre de todas las lenguas sem\u00edticas, seg\u00fan lo comprobado y concluido por todos los acad\u00e9micos.<\/p>\n<p>En cuanto a otros pilares de un lenguaje como la gram\u00e1tica, la sintaxis, etc., sigue siendo exactamente como el antiguo idioma egipcio.<\/p>\n<p>El egipt\u00f3logo brit\u00e1nico Alan Gardiner, en su libro [Egyptian Grammar] <em>Gram\u00e1tica egipcia<\/em>, p\u00e1gina 2, declar\u00f3:<\/p>\n<p style=\"padding-left: 30px;\"><strong><em>&#8220;El idioma egipcio est\u00e1 relacionado, no s\u00f3lo con las lenguas sem\u00edticas (hebreo, \u00c1rabe, arameo, babilonio, etc.), sino tambi\u00e9n con las lenguas de \u00c1frica Oriental (Galla, somal\u00ed, etc.) y los modismos bereberes del norte de \u00c1frica. Su conexi\u00f3n con los \u00faltimos grupos, en conjunto conocidos como la familia Hamitic, es un tema muy espinoso, pero la relaci\u00f3n con las lenguas sem\u00edticas puede definirse con bastante precisi\u00f3n. En la estructura general la similitud es muy grande; El egipcio comparte la peculiaridad principal de sem\u00edtico en que sus palabra-tallos consisten en combinaciones de consonantes, como regla tres en n\u00famero, que son te\u00f3ricamente por lo menos inmutable. La inflexi\u00f3n gramatical y las peque\u00f1as variaciones de significado se han ideado principalmente mediante el timbre de los cambios en las vocales internas, aunque las terminaciones fijadas tambi\u00e9n se utilizan para el mismo prop\u00f3sito<\/em><\/strong>.<\/p>\n<p>La &#8220;lengua \u00e1rabe&#8221; cumple exactamente con todas las caracter\u00edsticas ling\u00fc\u00edsticas de la lengua egipcia m\u00e1s antigua que se detalla en el cap\u00edtulo 15 de este libro. Tales incluyen (pero no se limitan a) prototipal egipcio antiguo interconectado l\u00e9xico, gram\u00e1tica y sintaxis como la significaci\u00f3n de los verbos, las ra\u00edces verbales, los tallos verbales, las clases y estructuras verbales, el esquema de conjugaci\u00f3n de los verbos y el prototipal egipcio Etimolog\u00eda\/lexicones y formaci\u00f3n de palabras\/derivaciones de una ra\u00edz de tres letras (que significa un cierto concepto general) en numerosos patrones a trav\u00e9s del uso de vocales intermedias y prefijos, incorrecciones y sufijos, etc.; Adem\u00e1s de tipos y estructuras de s\u00edlabas, as\u00ed como de \u00f3rdenes de sintaxis\/palabras y tipos de oraciones.<\/p>\n<p>&nbsp;<\/p>\n<p><span style=\"color: #ff0000;\"><strong>[Extractos de Ancient Egyptian Universal Writing Modes <\/strong><\/span><span style=\"color: #ff0000;\"><strong>por Moustafa Gadalla]<\/strong><\/span><\/p>\n<div dir=\"auto\">\n<p><span style=\"color: #ff0000;\"><strong><span style=\"color: #0000ff;\">https:\/\/egyptianwisdomcenter.org\/product\/ancient-egyptian-universal-writing-modes\/<\/span><\/strong><\/span><\/p>\n<p><img decoding=\"async\" class=\"aligncenter\" src=\"https:\/\/books2read-prod.s3.amazonaws.com\/CACHE\/images\/ubl_book_images\/book_display_image_47HRC95\/515452d8b8f6b949614788303f629e63\" \/><\/p>\n<p style=\"text-align: center;\"><strong style=\"color: #ff0000;\"><span style=\"color: #0000ff;\">https:\/\/egyptianwisdomcenter.org\/product\/ancient-egyptian-universal-writing-modes\/<\/span><\/strong><\/p>\n<\/div>","protected":false},"excerpt":{"rendered":"<p>La Forma Alfab\u00e9tica Egipcia De La Escritura &nbsp; 1. Edad Remota De Los Alfabetos Egipcios La mayor\u00eda de los eruditos occidentales modernos [&hellip;]<\/p>","protected":false},"author":3,"featured_media":0,"parent":0,"menu_order":0,"comment_status":"closed","ping_status":"closed","template":"","meta":{"footnotes":""},"class_list":["post-1437","page","type-page","status-publish","hentry"],"aioseo_notices":[],"_links":{"self":[{"href":"https:\/\/egyptianwisdomcenter.org\/es\/wp-json\/wp\/v2\/pages\/1437","targetHints":{"allow":["GET"]}}],"collection":[{"href":"https:\/\/egyptianwisdomcenter.org\/es\/wp-json\/wp\/v2\/pages"}],"about":[{"href":"https:\/\/egyptianwisdomcenter.org\/es\/wp-json\/wp\/v2\/types\/page"}],"author":[{"embeddable":true,"href":"https:\/\/egyptianwisdomcenter.org\/es\/wp-json\/wp\/v2\/users\/3"}],"replies":[{"embeddable":true,"href":"https:\/\/egyptianwisdomcenter.org\/es\/wp-json\/wp\/v2\/comments?post=1437"}],"version-history":[{"count":0,"href":"https:\/\/egyptianwisdomcenter.org\/es\/wp-json\/wp\/v2\/pages\/1437\/revisions"}],"wp:attachment":[{"href":"https:\/\/egyptianwisdomcenter.org\/es\/wp-json\/wp\/v2\/media?parent=1437"}],"curies":[{"name":"wp","href":"https:\/\/api.w.org\/{rel}","templated":true}]}}