{"id":144,"date":"2018-10-30T00:00:00","date_gmt":"2018-10-30T04:00:00","guid":{"rendered":"http:\/\/egyptianwisdomcenter.org\/the-spitting-image-of-the-one-shu-and-tef-nut\/"},"modified":"2023-01-02T01:23:18","modified_gmt":"2023-01-02T06:23:18","slug":"the-spitting-image-of-the-one-shu-and-tef-nut","status":"publish","type":"page","link":"https:\/\/egyptianwisdomcenter.org\/es\/la-viva-imagen-del-unico-shu-y-tef-nut\/","title":{"rendered":"La viva imagen del indicado: Shu y Tef-nut"},"content":{"rendered":"<h2 style=\"text-align: center;\"><span style=\"color: #ff0000;\"><strong>La viva imagen del indicado: Shu y Tef-nut<\/strong><\/span><\/h2>\n<p>&nbsp;<\/p>\n<p>La dualidad Shu y Tefnut representan el acto inicial de creaci\u00f3n que forma la burbuja universal. La pareja de Shu y Tefnut representada como marido y mujer es la forma caracter\u00edsticamente egipcia de expresar dualidad y polaridad. Esta naturaleza dual se manifest\u00f3 en los textos y tradiciones del Antiguo Egipto, seg\u00fan los hallazgos arqueol\u00f3gicos recuperados.<\/p>\n<p>Los textos m\u00e1s antiguos del Reino Antiguo, concretamente los Textos de las Pir\u00e1mides \u00a71652, expresan la naturaleza dual:<\/p>\n<p style=\"padding-left: 30px;\"><strong><em>\u2026y aunque escupiste como Shu, y escupiste como Tefnut.<\/em><\/strong><\/p>\n<p>Esta es una analog\u00eda muy poderosa porque usamos el t\u00e9rmino\u201cla viva imagen\u201d para significar <em>exactamente como el origen<\/em>.<\/p>\n<p>El concepto del universo del Antiguo Egipto es como una caja. Lo primero que cre\u00f3 la Divinidad es una especie de burbuja en lo que de otro modo ser\u00eda un oc\u00e9ano infinito de agua. El cielo es la piel del oc\u00e9ano infinito que contiene lo que llamamos atm\u00f3sfera, la cual fue causada por dos fuerzas que los antiguos egipcios llamaban Shu y Tefnut. Tanto Shu (calor) como Tefnut (agua\/humedad) significan &quot;atm\u00f3sfera&quot;. Nun (el oc\u00e9ano c\u00f3smico anterior a la creaci\u00f3n) es la ra\u00edz a partir de la cual se crearon Shu y Tefnut.<\/p>\n<p><a href=\"http:\/\/egyptianwisdomcenter.org\/wp-content\/uploads\/2019\/02\/tefnut-shu.png\"><img decoding=\"async\" class=\"size-full wp-image-365 aligncenter\" src=\"http:\/\/egyptianwisdomcenter.org\/wp-content\/uploads\/2019\/02\/tefnut-shu.png\" alt=\"\" width=\"184\" height=\"196\" \/><\/a><\/p>\n<p>El calor (Shu) y el agua (Tefnut) son los dos factores moldeadores m\u00e1s universales de las formas de vida. Estos t\u00e9rminos corresponden a fuego (calor) y humedad, respectivamente, y deben entenderse como met\u00e1foras y correspondencias reales de las cualidades abstractas que representan. Shu, representado por el fuego, el aire y el calor, corresponde a la cualidad de expansividad, ascendente, fuerzas centr\u00edfugas, positivas, masculinas, extrovertidas, extroversi\u00f3n hacia afuera, etc.<\/p>\n<p>Tefnut, representado por la humedad y la base material objetiva de la manifestaci\u00f3n (Nut, el sufijo), corresponde a la contracci\u00f3n, al movimiento descendente, a las fuerzas centr\u00edpetas, negativas, femeninas, receptivas, internas, introspecci\u00f3n, etc.<\/p>\n<p>El concepto anterior del Antiguo Egipto coincide con los cient\u00edficos modernos, quienes nos dicen que las galaxias est\u00e1n sujetas, ahora, principalmente a dos fuerzas opuestas: 1) las fuerzas de expulsi\u00f3n, que hacen que todas las galaxias se alejen de nosotros; y 2) las fuerzas gravitacionales\/contraccionales, que atraen a las galaxias.<\/p>\n<p>&nbsp;<\/p>\n<p><strong><span style=\"color: #ff0000;\">[Un extracto de <\/span>Cosmolog\u00eda egipcia: el universo animado, tercera edici\u00f3n de Moustafa Gadalla<span style=\"color: #ff0000;\">]<br \/>\n<a href=\"https:\/\/egyptianwisdomcenter.org\/es\/producto\/cosmologia-egipcia-el-universo-animado-tercera-edicion-2\/\"><span style=\"color: #0000ff;\">https:\/\/egyptianwisdomcenter.org\/product\/cosmologia-egipcia-el-universo-animado-tercera-edicion\/<\/span><\/a><\/span><\/strong><\/p>\n<p><img decoding=\"async\" class=\"aligncenter\" src=\"https:\/\/egyptianwisdomcenter.org\/wp-content\/uploads\/2023\/01\/cosmologia-egipcia-el-universo-animado-tercera-edicion-1.jpg\" \/><\/p>\n<div dir=\"auto\">\n<p style=\"text-align: center;\"><a href=\"https:\/\/egyptianwisdomcenter.org\/es\/producto\/cosmologia-egipcia-el-universo-animado-tercera-edicion-2\/\"><strong><span style=\"color: #ff0000;\"><span style=\"color: #0000ff;\">https:\/\/egyptianwisdomcenter.org\/product\/cosmologia-egipcia-el-universo-animado-tercera-edicion\/<\/span><\/span><\/strong><\/a><\/p>\n<\/div>\n<div dir=\"auto\">\n<p style=\"text-align: center;\">\n<\/div>","protected":false},"excerpt":{"rendered":"<p>The Spitting Image Of The One &#8211; Shu And Tef-nut &nbsp; The dual Shu and Tefnut represent the initial act of creation [&hellip;]<\/p>","protected":false},"author":3,"featured_media":0,"parent":0,"menu_order":0,"comment_status":"closed","ping_status":"closed","template":"","meta":{"footnotes":""},"class_list":["post-144","page","type-page","status-publish","hentry"],"aioseo_notices":[],"_links":{"self":[{"href":"https:\/\/egyptianwisdomcenter.org\/es\/wp-json\/wp\/v2\/pages\/144","targetHints":{"allow":["GET"]}}],"collection":[{"href":"https:\/\/egyptianwisdomcenter.org\/es\/wp-json\/wp\/v2\/pages"}],"about":[{"href":"https:\/\/egyptianwisdomcenter.org\/es\/wp-json\/wp\/v2\/types\/page"}],"author":[{"embeddable":true,"href":"https:\/\/egyptianwisdomcenter.org\/es\/wp-json\/wp\/v2\/users\/3"}],"replies":[{"embeddable":true,"href":"https:\/\/egyptianwisdomcenter.org\/es\/wp-json\/wp\/v2\/comments?post=144"}],"version-history":[{"count":0,"href":"https:\/\/egyptianwisdomcenter.org\/es\/wp-json\/wp\/v2\/pages\/144\/revisions"}],"wp:attachment":[{"href":"https:\/\/egyptianwisdomcenter.org\/es\/wp-json\/wp\/v2\/media?parent=144"}],"curies":[{"name":"wp","href":"https:\/\/api.w.org\/{rel}","templated":true}]}}