{"id":149,"date":"2018-10-30T00:00:00","date_gmt":"2018-10-30T04:00:00","guid":{"rendered":"http:\/\/egyptianwisdomcenter.org\/the-divine-overseer-of-the-created-universe\/"},"modified":"2023-01-02T01:25:23","modified_gmt":"2023-01-02T06:25:23","slug":"the-divine-overseer-of-the-created-universe-2","status":"publish","type":"page","link":"https:\/\/egyptianwisdomcenter.org\/es\/el-supervisor-divino-del-universo-creado-2\/","title":{"rendered":"El Divino Supervisor Del Universo Creado"},"content":{"rendered":"<h2 style=\"text-align: center;\"><span style=\"color: #ff0000;\"><strong>El Divino Supervisor Del Universo Creado<\/strong><\/span><\/h2>\n<p>&nbsp;<\/p>\n<p>Esta esfera decimosexta esfera\/letra &#039;<span style=\"text-decoration: underline;\">A.<\/span>&#039; es el lugar de manifestaci\u00f3n de los atributos del Divino Supervisor del ser creado \u2013 omnisciente, omnipotente y omnipresente \u2013 que protege y afianza la fe en el coraz\u00f3n para defender el mundo de los misterios contra las fuerzas de la oscuridad.<\/p>\n<p>El s\u00edmbolo egipcio m\u00e1s distintivo es el ojo, que desempe\u00f1a muchas funciones complejas y sutiles. El ojo simboliza los siguientes significados:<\/p>\n<p><span style=\"text-decoration: underline;\">Omnisciencia<\/span>:\u2014Este t\u00e9rmino se refiere a la naturaleza omnisciente de Dios. Webster lo define como \u201cla cualidad de conocer todas las cosas a la vez; conocimiento universal; conocimiento ilimitado o infinito\u201d. En resumen, Dios posee conocimiento y sabidur\u00eda superiores sobre todo, y ese conocimiento lo abarca todo.<\/p>\n<p><span style=\"text-decoration: underline;\">Omnipotencia<\/span>: \u2014Este t\u00e9rmino se refiere a la naturaleza todopoderosa de Dios. Mirando nuevamente a Webster, esto se define como \u201cpoder todopoderoso; poder ilimitado o infinito; una palabra estrictamente aplicable s\u00f3lo a Dios\u201d. \u00c9l es el Se\u00f1or todopoderoso que ha creado todas las cosas y las sostiene con Su Palabra.<\/p>\n<p><span style=\"text-decoration: underline;\">Omnipresencia<\/span>: \u2014Este t\u00e9rmino que se refiere a la naturaleza ilimitada de Dios o Su capacidad de estar en todas partes en todo momento. Bas\u00e1ndonos en Webster, una vez m\u00e1s, vemos la omnipresencia definida como \u201cpresencia en todo lugar al mismo tiempo; presencia ilimitada o universal; ubicuidad.&quot;<\/p>\n<p>&nbsp;<\/p>\n<p><span style=\"color: #ff0000;\"><strong>[Un extracto de <\/strong><\/span><strong>Alfab\u00e9tico egipcio: ciclo de las letras de la creaci\u00f3n de Moustafa Gadalla<\/strong><span style=\"color: #ff0000;\"><strong>]<br \/>\n<a href=\"https:\/\/egyptianwisdomcenter.org\/es\/producto\/egyptian-alphabetical-letters-of-creation-cycle\/\"><span style=\"color: #0000ff;\">https:\/\/egyptianwisdomcenter.org\/product\/egyptian-alphabetical-letters-of-creation-cycle\/<\/span><\/a><\/strong><\/span><\/p>\n<p><img decoding=\"async\" class=\"aligncenter\" src=\"https:\/\/books2read-prod.s3.amazonaws.com\/CACHE\/images\/ubl_book_images\/book_display_image_TJcU3M0\/80ec96c680e029339b2a4ac5fbacfe93\" \/><\/p>\n<div dir=\"auto\">\n<p style=\"text-align: center;\"><a href=\"https:\/\/egyptianwisdomcenter.org\/es\/producto\/egyptian-alphabetical-letters-of-creation-cycle\/\"><span style=\"color: #ff0000;\"><strong><span style=\"color: #0000ff;\">https:\/\/egyptianwisdomcenter.org\/product\/egyptian-alphabetical-letters-of-creation-cycle\/<\/span><\/strong><\/span><\/a><\/p>\n<\/div>","protected":false},"excerpt":{"rendered":"<p>The Divine Overseer Of The Created Universe &nbsp; This sphere 16th sphere\/letter \u2018A.\u2018 is the locus of manifestation of the attributes of [&hellip;]<\/p>","protected":false},"author":3,"featured_media":0,"parent":0,"menu_order":0,"comment_status":"closed","ping_status":"closed","template":"","meta":{"footnotes":""},"class_list":["post-149","page","type-page","status-publish","hentry"],"aioseo_notices":[],"_links":{"self":[{"href":"https:\/\/egyptianwisdomcenter.org\/es\/wp-json\/wp\/v2\/pages\/149","targetHints":{"allow":["GET"]}}],"collection":[{"href":"https:\/\/egyptianwisdomcenter.org\/es\/wp-json\/wp\/v2\/pages"}],"about":[{"href":"https:\/\/egyptianwisdomcenter.org\/es\/wp-json\/wp\/v2\/types\/page"}],"author":[{"embeddable":true,"href":"https:\/\/egyptianwisdomcenter.org\/es\/wp-json\/wp\/v2\/users\/3"}],"replies":[{"embeddable":true,"href":"https:\/\/egyptianwisdomcenter.org\/es\/wp-json\/wp\/v2\/comments?post=149"}],"version-history":[{"count":0,"href":"https:\/\/egyptianwisdomcenter.org\/es\/wp-json\/wp\/v2\/pages\/149\/revisions"}],"wp:attachment":[{"href":"https:\/\/egyptianwisdomcenter.org\/es\/wp-json\/wp\/v2\/media?parent=149"}],"curies":[{"name":"wp","href":"https:\/\/api.w.org\/{rel}","templated":true}]}}