{"id":153,"date":"2018-10-30T00:00:00","date_gmt":"2018-10-30T04:00:00","guid":{"rendered":"http:\/\/egyptianwisdomcenter.org\/anubis-the-dog\/"},"modified":"2023-10-20T10:10:19","modified_gmt":"2023-10-20T14:10:19","slug":"anubis-the-dog-2","status":"publish","type":"page","link":"https:\/\/egyptianwisdomcenter.org\/es\/anubis-el-perro-2\/","title":{"rendered":"Anubis, el perro"},"content":{"rendered":"<h2 style=\"text-align: center;\"><span style=\"color: #ff0000;\"><strong>Anubis, el perro<\/strong><\/span><\/h2>\n<h4 style=\"text-align: center;\"><span style=\"color: #0000ff;\"><strong>Anubis (Anbu, Ubuat, Web-Wawet)<\/strong><\/span><\/h4>\n<p>&nbsp;<\/p>\n<p>Anubis representa el principio divino del correcto sentido de direcci\u00f3n.<\/p>\n<p>El perro encarna la esencia de la gu\u00eda espiritual. Anubis se muestra a menudo como el perro\/chacal, o como una figura humana con cabeza de perro\/chacal. El perro\/chacal es famoso por su fiable instinto de b\u00fasqueda, de d\u00eda o de noche. El perro es de gran utilidad en las b\u00fasquedas, y es el animal preferido para guiar a los ciegos. Como tal, es una excelente opci\u00f3n para guiar el alma del difunto a trav\u00e9s de las regiones de la Duat.<\/p>\n<p><a href=\"http:\/\/egyptianwisdomcenter.org\/wp-content\/uploads\/2019\/02\/ed-ch10-photo1-96c.jpg\"><img fetchpriority=\"high\" decoding=\"async\" class=\"size-medium wp-image-926 aligncenter\" src=\"http:\/\/egyptianwisdomcenter.org\/wp-content\/uploads\/2019\/02\/ed-ch10-photo1-96c-300x217.jpg\" alt=\"\" width=\"300\" height=\"217\" \/><\/a><\/p>\n<p>Esta expresi\u00f3n simb\u00f3lica de profunda comprensi\u00f3n espiritual se present\u00f3 en dos formas principales para Anubis: humano con cabeza de animal o una forma animal pura, como vemos aqu\u00ed.<\/p>\n<p><a href=\"http:\/\/egyptianwisdomcenter.org\/wp-content\/uploads\/2019\/02\/AE-20-011-1.gif\"><img decoding=\"async\" class=\"size-medium wp-image-550 aligncenter\" src=\"http:\/\/egyptianwisdomcenter.org\/wp-content\/uploads\/2019\/02\/AE-20-011-1-230x300.gif\" alt=\"\" width=\"230\" height=\"300\" \/><\/a><\/p>\n<p>Cuando se presenta un animal total en el Antiguo Egipto, representa una funci\u00f3n\/atributo particular en su forma m\u00e1s pura.<\/p>\n<p><a href=\"http:\/\/egyptianwisdomcenter.org\/wp-content\/uploads\/2019\/02\/aecr-ch3-3-72c-1-copy.jpg\"><img decoding=\"async\" class=\"size-full wp-image-1046 aligncenter\" src=\"http:\/\/egyptianwisdomcenter.org\/wp-content\/uploads\/2019\/02\/aecr-ch3-3-72c-1-copy.jpg\" alt=\"\" width=\"166\" height=\"127\" \/><\/a><\/p>\n<p>Cuando se presenta una figura con cabeza de animal, transmite esa funci\u00f3n\/atributo particular en el ser humano.<\/p>\n<p>Varios atributos asociados est\u00e1n todos relacionados con el perro. Hay varias formas de perros\/chacales, que se muestran en varias posiciones en diversos contextos. El atributo espec\u00edfico estar\u00e1 determinado por el contexto.<\/p>\n<p>Resumiremos las funciones de Anubis como:<\/p>\n<p style=\"padding-left: 30px;\">\u2013 El buscador de caminos<br \/>\n\u2013 La dieta del alquimista<br \/>\n\u2013 El buscador de la verdad<\/p>\n<p>\u2013 En nuestro regreso a nuestro origen divino, cada uno de nosotros necesita un \u00e1ngel gu\u00eda\/gu\u00eda en el que podamos confiar para que nos gu\u00ede en la direcci\u00f3n correcta. Este Buscador de Caminos es Anubis, quien representa el sentido correcto de direcci\u00f3n: el Gu\u00eda Divino. El Buscador de Caminos est\u00e1 encarnado en Anubis como un Perro. DoG es lo contrario para Dios: del mundo de la materia al mundo del esp\u00edritu. El perro\/chacal es famoso por su fiable instinto de b\u00fasqueda, de d\u00eda o de noche. Como tal, es una excelente opci\u00f3n para guiar el alma del difunto a trav\u00e9s de las regiones de la Duat.<\/p>\n<p>\u2013 El papel metaf\u00edsico de Anubis, el perro, se refleja en su alimentaci\u00f3n. El perro\/chacal se alimenta de carro\u00f1a, convirti\u00e9ndola en alimento beneficioso. En otras palabras, Anubis representa la capacidad de convertir los desechos en alimento \u00fatil para el cuerpo (y el alma), como en la forma alqu\u00edmica de transformar el plomo en oro.<\/p>\n<p>\u2013 El sentimiento absoluto de lealtad est\u00e1 encarnado en el perro, que es representado guiando el alma del difunto en la Sala del Juicio, donde tambi\u00e9n garantiza la precisi\u00f3n en el proceso simb\u00f3lico de pesar el coraz\u00f3n. Anubis representa el correcto sentido de direcci\u00f3n en todo lo que hacemos, la lealtad absoluta y la capacidad de convertir el plomo (carro\u00f1a) en oro (digno).<\/p>\n<p>\u2013 Anubis tambi\u00e9n representa el Buscador de la Verdad. En la Alegor\u00eda de Isis\/Osiris, es Anubis quien ayuda a Isis a encontrar los pedazos dispersos de Osiris, como <em>el Manifestador de la Verdad.<\/em><\/p>\n<p>Encontrar los pedazos rotos para unirlos es la esencia de la Religi\u00f3n. El origen de la palabra Re-ligio-n es el \u201clat\u00edn\u201d <em>religi\u00f3n<\/em>, lo que significa <em>unirse<\/em>.<\/p>\n<p style=\"text-align: center;\"><strong>&#8212;&#8212;&#8212;&#8212;&#8212;<\/strong><\/p>\n<h3><span style=\"color: #ff0000;\"><strong>Anubis como la estrella del perro<\/strong><\/span><\/h3>\n<p>Resumiremos las funciones de Anubis como:<\/p>\n<p style=\"padding-left: 30px;\">a. La estrella de Isis: la gran proveedora<br \/>\nb. El punto de origen del calendario egipcio<\/p>\n<p><strong>a.<\/strong> Anubis como la Estrella del Perro siempre se muestra guiando las arcas en sus viajes hacia lo Divino. Como tal, Anubis representa el Gu\u00eda Divino.<\/p>\n<p>Sirio, la Estrella Perro, es la morada de la madre universal Isis.<\/p>\n<p>Durante los per\u00edodos m\u00e1s remotos de la historia del Antiguo Egipto, Isis estaba asociada con la estrella Sabt (Sirio), la estrella m\u00e1s brillante del cielo, a la que se llamaba, como ella, la Gran Proveedora; y cuya crecida anual marc\u00f3 el comienzo de la inundaci\u00f3n del Nilo.<\/p>\n<p><strong>b.<\/strong> El ingenioso y muy preciso calendario de Egipto se bas\u00f3 en la observaci\u00f3n y el estudio de los movimientos de Sirio en el cielo. Este hecho se reconoce claramente en el diccionario Webster, que define el a\u00f1o Sothic (Sabt en egipcio) como:<\/p>\n<ul>\n<li>de tener que ver con Sirius, la Estrella Perro.<\/li>\n<li>Designando o de un ciclo o per\u00edodo de tiempo del Antiguo Egipto basado en un a\u00f1o fijo.<\/li>\n<\/ul>\n<p>Los antiguos egipcios sab\u00edan que el a\u00f1o completo ten\u00eda poco m\u00e1s de 365\u00bc d\u00edas. La Tierra tarda 365,25636 d\u00edas en completar una revoluci\u00f3n alrededor del Sol, y esa fue\/es la duraci\u00f3n del A\u00f1o S\u00f3tico egipcio. [M\u00e1s detalles se pueden encontrar en <em>La cultura del antiguo Egipto revelada <\/em>por Moustafa Gadalla.]<\/p>\n<p>Deja que los atributos de Anubis dentro de ti te gu\u00eden en la direcci\u00f3n correcta.<\/p>\n<p>&nbsp;<\/p>\n<p><strong><span style=\"color: #ff0000;\">[Un extracto de <\/span>Divinidades egipcias: Todos los que son UNO, segunda edici\u00f3n de Moustafa Gadalla<span style=\"color: #ff0000;\">]<br \/>\n<a href=\"https:\/\/egyptianwisdomcenter.org\/es\/producto\/egyptian-divinities-the-all-who-are-the-one-2nd-edition\/\"><span style=\"color: #0000ff;\">https:\/\/egyptianwisdomcenter.org\/product\/egyptian-divinities-the-all-who-are-the-one-2nd-edition\/<\/span><\/a><\/span><\/strong><\/p>\n<p><img decoding=\"async\" class=\"aligncenter\" src=\"https:\/\/books2read-prod.s3.amazonaws.com\/CACHE\/images\/ubl_book_images\/book_display_image_qOuT56H\/40d95446cc17340ec7b02939eaa44c10\" \/><\/p>\n<div dir=\"auto\">\n<div dir=\"auto\">\n<p style=\"text-align: center;\"><a href=\"https:\/\/egyptianwisdomcenter.org\/es\/producto\/egyptian-divinities-the-all-who-are-the-one-2nd-edition\/\"><strong><span style=\"color: #ff0000;\"><span style=\"color: #0000ff;\">https:\/\/egyptianwisdomcenter.org\/product\/egyptian-divinities-the-all-who-are-the-one-2nd-edition\/<\/span><\/span><\/strong><\/a><\/p>\n<\/div>\n<\/div>","protected":false},"excerpt":{"rendered":"<p>Anubis, The Dog Anubis (Anbu, Ubuat, Web-Wawet) &nbsp; Anubis represents the divine principle of the right sense of direction. The dog embodies [&hellip;]<\/p>","protected":false},"author":3,"featured_media":0,"parent":0,"menu_order":0,"comment_status":"closed","ping_status":"closed","template":"","meta":{"footnotes":""},"class_list":["post-153","page","type-page","status-publish","hentry"],"aioseo_notices":[],"_links":{"self":[{"href":"https:\/\/egyptianwisdomcenter.org\/es\/wp-json\/wp\/v2\/pages\/153","targetHints":{"allow":["GET"]}}],"collection":[{"href":"https:\/\/egyptianwisdomcenter.org\/es\/wp-json\/wp\/v2\/pages"}],"about":[{"href":"https:\/\/egyptianwisdomcenter.org\/es\/wp-json\/wp\/v2\/types\/page"}],"author":[{"embeddable":true,"href":"https:\/\/egyptianwisdomcenter.org\/es\/wp-json\/wp\/v2\/users\/3"}],"replies":[{"embeddable":true,"href":"https:\/\/egyptianwisdomcenter.org\/es\/wp-json\/wp\/v2\/comments?post=153"}],"version-history":[{"count":1,"href":"https:\/\/egyptianwisdomcenter.org\/es\/wp-json\/wp\/v2\/pages\/153\/revisions"}],"predecessor-version":[{"id":68341,"href":"https:\/\/egyptianwisdomcenter.org\/es\/wp-json\/wp\/v2\/pages\/153\/revisions\/68341"}],"wp:attachment":[{"href":"https:\/\/egyptianwisdomcenter.org\/es\/wp-json\/wp\/v2\/media?parent=153"}],"curies":[{"name":"wp","href":"https:\/\/api.w.org\/{rel}","templated":true}]}}