{"id":161,"date":"2018-10-30T00:00:00","date_gmt":"2018-10-30T04:00:00","guid":{"rendered":"http:\/\/egyptianwisdomcenter.org\/baboon\/"},"modified":"2023-10-20T10:11:01","modified_gmt":"2023-10-20T14:11:01","slug":"baboon","status":"publish","type":"page","link":"https:\/\/egyptianwisdomcenter.org\/es\/babuino-2\/","title":{"rendered":"Babuino"},"content":{"rendered":"<h2 style=\"text-align: center;\"><span style=\"color: #ff0000;\"><strong>Babuino<\/strong><\/span><\/h2>\n<p>&nbsp;<\/p>\n<p>El babuino representa el punto de partida de un Ciclo (un ciclo de creaci\u00f3n o un ciclo diario).<\/p>\n<p>El babuino representa muy bien este punto de partida. El babuino es casi humano; y como tal, representa este momento crucial que precede al despertar del sol.<\/p>\n<p>El babuino emite un crujido al amanecer, el punto de partida.<\/p>\n<p>En tal papel, el babuino est\u00e1 asociado con Thoth [Tehuti], el intermediario divino entre lo metaf\u00edsico (la oscuridad antes del anochecer) y lo f\u00edsico (cuando surge la luz).<\/p>\n<p>En las tradiciones del Antiguo Egipto, las palabras de Re (Ra), reveladas a trav\u00e9s de Thoth (Hermes, Mercurio), se convirtieron en las cosas y criaturas de este mundo; es decir, las palabras (es decir, energ\u00edas sonoras) crearon las formas en el universo. Como tal, Thoth representa el v\u00ednculo entre lo metaf\u00edsico (extrahumano) y lo f\u00edsico (terrestre). Tal v\u00ednculo de Thoth representa el amanecer y, por lo tanto, Thoth est\u00e1 relacionado con el babuino.<\/p>\n<p>El babuino suele representarse sentado, esperando el Momento Cero,<\/p>\n<p><a href=\"http:\/\/egyptianwisdomcenter.org\/wp-content\/uploads\/2019\/02\/ed-ch9-photo1-96c.jpg\"><img fetchpriority=\"high\" decoding=\"async\" class=\"size-medium wp-image-897 aligncenter\" src=\"http:\/\/egyptianwisdomcenter.org\/wp-content\/uploads\/2019\/02\/ed-ch9-photo1-96c-179x300.jpg\" alt=\"\" width=\"179\" height=\"300\" \/><\/a><\/p>\n<p>o ponerse de pie, saludando la llegada de un nuevo ciclo.<\/p>\n<p><a href=\"http:\/\/egyptianwisdomcenter.org\/wp-content\/uploads\/2019\/02\/ed-ch9-photo2-96c.jpg\"><img decoding=\"async\" class=\"size-medium wp-image-898 aligncenter\" src=\"http:\/\/egyptianwisdomcenter.org\/wp-content\/uploads\/2019\/02\/ed-ch9-photo2-96c-167x300.jpg\" alt=\"\" width=\"167\" height=\"300\" \/><\/a><\/p>\n<p>De acuerdo con el papel del babuino, encontramos que uno de los cuatro Disc\u00edpulos de Horus tiene cabeza de babuino. Su papel es velar por el cuadrante oriental, la regi\u00f3n donde surge la creaci\u00f3n nueva\/renovada.<\/p>\n<p><a href=\"https:\/\/trfed2.pressbooks.com\/wp-content\/uploads\/sites\/42625\/2015\/11\/uncg-31c-Ani-008c-263x300.gif\"><img decoding=\"async\" class=\"aligncenter wp-image-517\" src=\"http:\/\/egyptianwisdomcenter.org\/wp-content\/uploads\/2019\/02\/uncg-31c-Ani-008c-263x300-e1519754199749.gif\" alt=\"\" width=\"213\" height=\"89\" \/><\/a><\/p>\n<p>&nbsp;<\/p>\n<p><span style=\"color: #ff0000;\"><strong>[Un extracto de <\/strong><\/span><strong>Divinidades egipcias: Todos los que son UNO, segunda edici\u00f3n de Moustafa Gadalla<\/strong><span style=\"color: #ff0000;\"><strong>]<br \/>\n<a href=\"https:\/\/egyptianwisdomcenter.org\/es\/producto\/egyptian-divinities-the-all-who-are-the-one-2nd-edition\/\"><span style=\"color: #0000ff;\">https:\/\/egyptianwisdomcenter.org\/product\/egyptian-divinities-the-all-who-are-the-one-2nd-edition\/<\/span><\/a><\/strong><\/span><\/p>\n<p><img decoding=\"async\" class=\"aligncenter\" src=\"https:\/\/books2read-prod.s3.amazonaws.com\/CACHE\/images\/ubl_book_images\/book_display_image_qOuT56H\/40d95446cc17340ec7b02939eaa44c10\" \/><\/p>\n<div dir=\"auto\">\n<p style=\"text-align: center;\"><a href=\"https:\/\/egyptianwisdomcenter.org\/es\/producto\/egyptian-divinities-the-all-who-are-the-one-2nd-edition\/\"><strong><span style=\"color: #ff0000;\"><span style=\"color: #0000ff;\">https:\/\/egyptianwisdomcenter.org\/product\/egyptian-divinities-the-all-who-are-the-one-2nd-edition\/<\/span><\/span><\/strong><\/a><\/p>\n<\/div>","protected":false},"excerpt":{"rendered":"<p>Baboon &nbsp; The baboon represents the starting point of a Cycle (a creation cycle or a daily cycle). The baboon represents this [&hellip;]<\/p>","protected":false},"author":3,"featured_media":0,"parent":0,"menu_order":0,"comment_status":"closed","ping_status":"closed","template":"","meta":{"footnotes":""},"class_list":["post-161","page","type-page","status-publish","hentry"],"aioseo_notices":[],"_links":{"self":[{"href":"https:\/\/egyptianwisdomcenter.org\/es\/wp-json\/wp\/v2\/pages\/161","targetHints":{"allow":["GET"]}}],"collection":[{"href":"https:\/\/egyptianwisdomcenter.org\/es\/wp-json\/wp\/v2\/pages"}],"about":[{"href":"https:\/\/egyptianwisdomcenter.org\/es\/wp-json\/wp\/v2\/types\/page"}],"author":[{"embeddable":true,"href":"https:\/\/egyptianwisdomcenter.org\/es\/wp-json\/wp\/v2\/users\/3"}],"replies":[{"embeddable":true,"href":"https:\/\/egyptianwisdomcenter.org\/es\/wp-json\/wp\/v2\/comments?post=161"}],"version-history":[{"count":1,"href":"https:\/\/egyptianwisdomcenter.org\/es\/wp-json\/wp\/v2\/pages\/161\/revisions"}],"predecessor-version":[{"id":68342,"href":"https:\/\/egyptianwisdomcenter.org\/es\/wp-json\/wp\/v2\/pages\/161\/revisions\/68342"}],"wp:attachment":[{"href":"https:\/\/egyptianwisdomcenter.org\/es\/wp-json\/wp\/v2\/media?parent=161"}],"curies":[{"name":"wp","href":"https:\/\/api.w.org\/{rel}","templated":true}]}}