{"id":165,"date":"2018-10-30T00:00:00","date_gmt":"2018-10-30T04:00:00","guid":{"rendered":"http:\/\/egyptianwisdomcenter.org\/horse\/"},"modified":"2023-01-02T01:30:53","modified_gmt":"2023-01-02T06:30:53","slug":"horse-2","status":"publish","type":"page","link":"https:\/\/egyptianwisdomcenter.org\/es\/caballo-2\/","title":{"rendered":"Caballo"},"content":{"rendered":"<h2 style=\"text-align: center;\"><span style=\"color: #ff0000;\"><strong>Caballo<\/strong><\/span><\/h2>\n<p>&nbsp;<\/p>\n<p>Varios atributos est\u00e1n todos relacionados con el caballo. El atributo espec\u00edfico se determinar\u00e1 en el contexto.<\/p>\n<p>1. El caballo simboliza fortaleza y confianza, seg\u00fan Clemente. <em>Estromas Libro V<\/em>, cap\u00edtulo VII:<\/p>\n<p style=\"padding-left: 30px;\"><strong><em>\u201cEl caballo simboliza fortaleza y confianza\u201d<\/em><\/strong><\/p>\n<p>2. El caballo es el s\u00edmbolo jerogl\u00edfico de Noble.<\/p>\n<p>El caballo representa la fuerza motriz que, dirigida correctamente, conducir\u00e1 a la nobleza.<\/p>\n<p><a href=\"http:\/\/egyptianwisdomcenter.org\/wp-content\/uploads\/2019\/02\/ed-ch9-photo17-96c.jpg\"><img fetchpriority=\"high\" decoding=\"async\" class=\"size-full wp-image-912 aligncenter\" src=\"http:\/\/egyptianwisdomcenter.org\/wp-content\/uploads\/2019\/02\/ed-ch9-photo17-96c.jpg\" alt=\"\" width=\"269\" height=\"248\" \/><\/a><\/p>\n<p>3. Las personas excepcionales son CABALLERAS por el monarca.<\/p>\n<p>Este concepto egipcio de nobleza se encuentra en las tradiciones actuales cuando, debido a los logros extraordinarios de una persona, \u00e9sta no es NOMBRADA por ninguna otra persona excepto el Monarca.<\/p>\n<p>No es una coincidencia que la palabra inglesa &quot;caballo&quot; sea b\u00e1sicamente la misma que la deidad egipcia Horus.<\/p>\n<p>Horus significa <em>qui\u00e9n est\u00e1 ARRIBA.<\/em><\/p>\n<p>4. El caballo tambi\u00e9n es un animal muy hermoso y gracioso.<\/p>\n<p>La palabra egipcia MaHR significa a la vez pony y dote, ya que una doncella es <em>noble<\/em>.<\/p>\n<p>5. Representado derrotando a las fuerzas del caos.<\/p>\n<p>El hombre divino est\u00e1 representado en los templos egipcios cargando y derrotando fuerzas ca\u00f3ticas, representado como extranjeros y animales salvajes.<\/p>\n<p>Estas representaciones son representaciones simb\u00f3licas de la batalla interna entre las fuerzas del Bien y el Mal.<\/p>\n<p><a href=\"http:\/\/egyptianwisdomcenter.org\/wp-content\/uploads\/2019\/02\/ed-ch9-photo9-96c.jpg\"><img decoding=\"async\" class=\"size-medium wp-image-905 aligncenter\" src=\"http:\/\/egyptianwisdomcenter.org\/wp-content\/uploads\/2019\/02\/ed-ch9-photo9-96c-300x195.jpg\" alt=\"\" width=\"300\" height=\"195\" \/><\/a><\/p>\n<p>En un sentido mundano, la Polic\u00eda Montada de todas partes utiliza caballos para guiar y controlar a las multitudes. La polic\u00eda tambi\u00e9n utiliza caballos de fuerza para disipar multitudes desordenadas.<\/p>\n<p>Usamos el t\u00e9rmino &quot;caballos de fuerza&quot; como medida de energ\u00eda.<\/p>\n<p>6. En las tradiciones egipcias <strong>la lengua humana se equipara a un caballo<\/strong>. La lengua es el m\u00fasculo m\u00e1s fuerte del cuerpo humano. La fuerza motriz del caballo o de la lengua controla tu destino.<\/p>\n<p>El simbolismo del caballo como fuerza motriz es realmente muy poderoso.<\/p>\n<p><a href=\"http:\/\/egyptianwisdomcenter.org\/wp-content\/uploads\/2019\/02\/ed-ch9-photo18-96c.jpg\"><img decoding=\"async\" class=\"size-full wp-image-913 aligncenter\" src=\"http:\/\/egyptianwisdomcenter.org\/wp-content\/uploads\/2019\/02\/ed-ch9-photo18-96c.jpg\" alt=\"\" width=\"269\" height=\"211\" \/><\/a><\/p>\n<p>7. Los humanos y los caballos est\u00e1n tan cerca que hace mucho tiempo, los antiguos egipcios usaban pelo de caballo tanto para las cuerdas como para los arcos de su familia de instrumentos de viol\u00edn. El sonido de este instrumento es lo m\u00e1s parecido a la voz humana.<\/p>\n<p>&nbsp;<\/p>\n<p><span style=\"color: #ff0000;\"><strong>[Un extracto de <\/strong><\/span><strong>Divinidades egipcias: Todos los que son UNO, segunda edici\u00f3n de Moustafa Gadalla<\/strong><span style=\"color: #ff0000;\"><strong>]<br \/>\n<a href=\"https:\/\/egyptianwisdomcenter.org\/es\/producto\/egyptian-divinities-the-all-who-are-the-one-2nd-edition\/\"><span style=\"color: #0000ff;\">https:\/\/egyptianwisdomcenter.org\/product\/egyptian-divinities-the-all-who-are-the-one-2nd-edition\/<\/span><\/a><br \/>\n<\/strong><\/span><\/p>\n<p><img decoding=\"async\" class=\"aligncenter\" src=\"https:\/\/books2read-prod.s3.amazonaws.com\/CACHE\/images\/ubl_book_images\/book_display_image_qOuT56H\/40d95446cc17340ec7b02939eaa44c10\" \/><\/p>\n<div dir=\"auto\">\n<div dir=\"auto\">\n<p style=\"text-align: center;\"><a href=\"https:\/\/egyptianwisdomcenter.org\/es\/producto\/egyptian-divinities-the-all-who-are-the-one-2nd-edition\/\"><strong><span style=\"color: #ff0000;\"><span style=\"color: #0000ff;\">https:\/\/egyptianwisdomcenter.org\/product\/egyptian-divinities-the-all-who-are-the-one-2nd-edition\/<\/span><\/span><\/strong><\/a><\/p>\n<\/div>\n<\/div>","protected":false},"excerpt":{"rendered":"<p>Horse &nbsp; Various attributes are all related to the horse. The specific attribute will be determined in the context. 1. The horse [&hellip;]<\/p>","protected":false},"author":3,"featured_media":0,"parent":0,"menu_order":0,"comment_status":"closed","ping_status":"closed","template":"","meta":{"footnotes":""},"class_list":["post-165","page","type-page","status-publish","hentry"],"aioseo_notices":[],"_links":{"self":[{"href":"https:\/\/egyptianwisdomcenter.org\/es\/wp-json\/wp\/v2\/pages\/165","targetHints":{"allow":["GET"]}}],"collection":[{"href":"https:\/\/egyptianwisdomcenter.org\/es\/wp-json\/wp\/v2\/pages"}],"about":[{"href":"https:\/\/egyptianwisdomcenter.org\/es\/wp-json\/wp\/v2\/types\/page"}],"author":[{"embeddable":true,"href":"https:\/\/egyptianwisdomcenter.org\/es\/wp-json\/wp\/v2\/users\/3"}],"replies":[{"embeddable":true,"href":"https:\/\/egyptianwisdomcenter.org\/es\/wp-json\/wp\/v2\/comments?post=165"}],"version-history":[{"count":0,"href":"https:\/\/egyptianwisdomcenter.org\/es\/wp-json\/wp\/v2\/pages\/165\/revisions"}],"wp:attachment":[{"href":"https:\/\/egyptianwisdomcenter.org\/es\/wp-json\/wp\/v2\/media?parent=165"}],"curies":[{"name":"wp","href":"https:\/\/api.w.org\/{rel}","templated":true}]}}