{"id":169,"date":"2018-10-30T00:00:00","date_gmt":"2018-10-30T04:00:00","guid":{"rendered":"http:\/\/egyptianwisdomcenter.org\/scarab-beetle\/"},"modified":"2023-01-02T01:28:53","modified_gmt":"2023-01-02T06:28:53","slug":"scarab-beetle-2","status":"publish","type":"page","link":"https:\/\/egyptianwisdomcenter.org\/es\/escarabajo-escarabajo-2\/","title":{"rendered":"Escarabajo"},"content":{"rendered":"<h2 style=\"text-align: center;\"><span style=\"color: #ff0000;\"><strong>Escarabajo<\/strong><\/span><\/h2>\n<p>&nbsp;<\/p>\n<p>Re se representa frecuentemente como un gran escarabajo negro sentado en el barco solar y haciendo girar el disco solar; o como un hombre cuya cabeza humana es reemplazada por un escarabajo.<\/p>\n<p><a href=\"http:\/\/egyptianwisdomcenter.org\/wp-content\/uploads\/2019\/02\/ed-ch9-photo3-96c.jpg\"><img decoding=\"async\" class=\"size-medium wp-image-899 aligncenter\" src=\"http:\/\/egyptianwisdomcenter.org\/wp-content\/uploads\/2019\/02\/ed-ch9-photo3-96c-146x300.jpg\" alt=\"\" width=\"146\" height=\"300\" \/><\/a><\/p>\n<p>Como tal, Re es el escarabajo divino original. El nombre egipcio del escarabajo era Khepri, una palabra m\u00faltiple que significa:<\/p>\n<p style=\"padding-left: 30px;\"><strong><em>Este quien crea.<\/em><\/strong><\/p>\n<p>Re (Ra) se describe en el <em>Textos Funerarios (Pir\u00e1mides) de Unas<\/em>:<\/p>\n<p style=\"padding-left: 30px;\"><strong><em>\u201cEllos te hacen nacer como Re, en el nombre de Khepri\u201d.<\/em><\/strong><\/p>\n<p>Khepri, el escarabajo, es una de las 75 Manifestaciones del proceso de creaci\u00f3n, siendo todos aspectos de Re, la fuerza creativa divina.<\/p>\n<p>Horapolo Niliaeus explica el simbolismo del escarabajo de esta manera:<\/p>\n<p style=\"padding-left: 30px;\"><strong><em>\u201cPara indicar el unig\u00e9nito, el nacimiento, el padre, el mundo o el hombre, [los egipcios] dibujan un escarabajo. El unig\u00e9nito, <span style=\"text-decoration: underline;\">porque este animal es autoengendrado, no nacido de la hembra<\/span>. Pues su nacimiento se produce \u00fanicamente de la siguiente manera. Cuando el macho desea tener descendencia, toma un poco de esti\u00e9rcol de vaca y hace con \u00e9l una bola redonda, muy parecida a la forma del mundo. Haci\u00e9ndolo girar con sus patas traseras de este a oeste, mira hacia el este, para darle la forma del mundo, porque el mundo se lleva de este a oeste\u201d.<\/em><\/strong><\/p>\n<p>En los textos transformacionales (funerarios) del Antiguo Egipto, el difunto, identificado con Osiris, pasaba por etapas an\u00e1logas en la noche del inframundo y renac\u00eda como un nuevo Ra (Re) en su forma de Khepri (el escarabajo) en la ma\u00f1ana. . La analog\u00eda con el sol (que desaparece por la noche y aparece por la ma\u00f1ana) es clara. El escarabajo es el s\u00edmbolo de la cualidad transformadora del sol; la luz que surge de las tinieblas. Los amuletos de escarabajo se enterraban habitualmente con el difunto para promover el renacimiento.<\/p>\n<p>Por lo tanto, el escarabajo siempre se encuentra al comienzo de un ciclo.<\/p>\n<p>Aqu\u00ed se asocia con el huevo c\u00f3smico.<\/p>\n<p><a href=\"http:\/\/egyptianwisdomcenter.org\/wp-content\/uploads\/2019\/02\/ed-ch9-photo4-96c.jpg\"><img fetchpriority=\"high\" decoding=\"async\" class=\"size-full wp-image-900 aligncenter\" src=\"http:\/\/egyptianwisdomcenter.org\/wp-content\/uploads\/2019\/02\/ed-ch9-photo4-96c.jpg\" alt=\"\" width=\"240\" height=\"220\" \/><\/a><\/p>\n<p>Aqu\u00ed, estamos al comienzo de un ciclo zodiacal que dura unos 26.000 a\u00f1os comenzando con la Era de Leo, el le\u00f3n.<\/p>\n<p><a href=\"http:\/\/egyptianwisdomcenter.org\/wp-content\/uploads\/2019\/02\/ed-ch9-photo5-96c.jpg\"><img decoding=\"async\" class=\"size-medium wp-image-901 aligncenter\" src=\"http:\/\/egyptianwisdomcenter.org\/wp-content\/uploads\/2019\/02\/ed-ch9-photo5-96c-300x200.jpg\" alt=\"\" width=\"300\" height=\"200\" \/><\/a><\/p>\n<p>&nbsp;<\/p>\n<p><span style=\"color: #ff0000;\"><strong>[Un extracto de<\/strong><\/span><strong>Divinidades egipcias: Todos los que son UNO, 2.\u00aa edici\u00f3n<\/strong><span style=\"color: #ff0000;\"><strong> por Moustafa Gadalla]<br \/>\n<a href=\"https:\/\/egyptianwisdomcenter.org\/es\/producto\/egyptian-divinities-the-all-who-are-the-one-2nd-edition\/\"><span style=\"color: #0000ff;\">https:\/\/egyptianwisdomcenter.org\/product\/egyptian-divinities-the-all-who-are-the-one-2nd-edition\/<\/span><\/a><br \/>\n<\/strong><\/span><\/p>\n<p><img decoding=\"async\" class=\"aligncenter\" src=\"https:\/\/books2read-prod.s3.amazonaws.com\/CACHE\/images\/ubl_book_images\/book_display_image_qOuT56H\/40d95446cc17340ec7b02939eaa44c10\" \/><\/p>\n<div dir=\"auto\">\n<div dir=\"auto\">\n<p style=\"text-align: center;\"><a href=\"https:\/\/egyptianwisdomcenter.org\/es\/producto\/egyptian-divinities-the-all-who-are-the-one-2nd-edition\/\"><span style=\"color: #ff0000;\"><strong><span style=\"color: #0000ff;\">https:\/\/egyptianwisdomcenter.org\/product\/egyptian-divinities-the-all-who-are-the-one-2nd-edition\/<\/span><\/strong><\/span><\/a><\/p>\n<\/div>\n<\/div>\n<div dir=\"auto\"><\/div>","protected":false},"excerpt":{"rendered":"<p>Scarab Beetle &nbsp; Re is frequently represented as a large black scarab beetle sitting in the solar boat and rolling the sun [&hellip;]<\/p>","protected":false},"author":3,"featured_media":0,"parent":0,"menu_order":0,"comment_status":"closed","ping_status":"closed","template":"","meta":{"footnotes":""},"class_list":["post-169","page","type-page","status-publish","hentry"],"aioseo_notices":[],"_links":{"self":[{"href":"https:\/\/egyptianwisdomcenter.org\/es\/wp-json\/wp\/v2\/pages\/169","targetHints":{"allow":["GET"]}}],"collection":[{"href":"https:\/\/egyptianwisdomcenter.org\/es\/wp-json\/wp\/v2\/pages"}],"about":[{"href":"https:\/\/egyptianwisdomcenter.org\/es\/wp-json\/wp\/v2\/types\/page"}],"author":[{"embeddable":true,"href":"https:\/\/egyptianwisdomcenter.org\/es\/wp-json\/wp\/v2\/users\/3"}],"replies":[{"embeddable":true,"href":"https:\/\/egyptianwisdomcenter.org\/es\/wp-json\/wp\/v2\/comments?post=169"}],"version-history":[{"count":0,"href":"https:\/\/egyptianwisdomcenter.org\/es\/wp-json\/wp\/v2\/pages\/169\/revisions"}],"wp:attachment":[{"href":"https:\/\/egyptianwisdomcenter.org\/es\/wp-json\/wp\/v2\/media?parent=169"}],"curies":[{"name":"wp","href":"https:\/\/api.w.org\/{rel}","templated":true}]}}