{"id":173,"date":"2018-10-30T00:00:00","date_gmt":"2018-10-30T04:00:00","guid":{"rendered":"http:\/\/egyptianwisdomcenter.org\/logic-and-forms-of-animal-representation\/"},"modified":"2023-01-02T01:26:12","modified_gmt":"2023-01-02T06:26:12","slug":"logic-and-forms-of-animal-representation","status":"publish","type":"page","link":"https:\/\/egyptianwisdomcenter.org\/es\/logica-y-formas-de-representacion-animal-3\/","title":{"rendered":"L\u00f3gica y formas de representaci\u00f3n animal."},"content":{"rendered":"<h2 style=\"text-align: center;\"><span style=\"color: #ff0000;\"><strong>L\u00f3gica y formas de representaci\u00f3n animal.<\/strong><\/span><\/h2>\n<p>&nbsp;<\/p>\n<p>Las cuidadosas observaciones de los egipcios y su profundo conocimiento del mundo natural les permitieron identificar ciertos animales con cualidades espec\u00edficas que podr\u00edan simbolizar ciertas funciones y principios divinos de una manera particularmente pura y sorprendente. Como tal, se eligieron ciertos animales como s\u00edmbolos de estos aspectos particulares de la divinidad.<\/p>\n<p>Cuando dices que alguien es leal, la palabra &quot;leal&quot; es muy vaga. Pero si dices &quot;leal como un perro&quot;, no dejas dudas sobre tu intenci\u00f3n. \u00c9ste es el poder de la analog\u00eda animal.<\/p>\n<p>Los neteru (dioses, diosas) animales o con cabeza de animal eran expresiones simb\u00f3licas de una profunda comprensi\u00f3n espiritual. Cuando se presenta un animal total en el Antiguo Egipto, representa una funci\u00f3n\/atributo particular en su forma m\u00e1s pura. Cuando se presenta una figura con cabeza de animal, transmite esa funci\u00f3n\/atributo particular en el ser humano. Las dos formas de Anubis, en las dos ilustraciones mostradas aqu\u00ed, distinguen claramente estos dos aspectos.<\/p>\n<p><a href=\"http:\/\/egyptianwisdomcenter.org\/wp-content\/uploads\/2019\/02\/anubis.png\"><img decoding=\"async\" class=\"wp-image-359 aligncenter\" src=\"http:\/\/egyptianwisdomcenter.org\/wp-content\/uploads\/2019\/02\/anubis.png\" alt=\"\" width=\"218\" height=\"166\" \/><\/a><\/p>\n<p>Esta tercera forma es lo opuesto al humano con cabeza de animal. En este caso, tenemos un p\u00e1jaro con cabeza humana, es decir, el Ba, que representa el cuerpo\/alma flotando sobre el cuerpo.<\/p>\n<p><a href=\"http:\/\/egyptianwisdomcenter.org\/wp-content\/uploads\/2019\/02\/ba.png\"><img decoding=\"async\" class=\"wp-image-360 aligncenter\" src=\"http:\/\/egyptianwisdomcenter.org\/wp-content\/uploads\/2019\/02\/ba.png\" alt=\"\" width=\"184\" height=\"106\" \/><\/a><\/p>\n<p>La representaci\u00f3n del Ba, entonces, es el aspecto divino de lo terrestre. El Ba est\u00e1 representado como una cig\u00fce\u00f1a. La cig\u00fce\u00f1a es conocida por su instinto migratorio y de b\u00fasqueda, y tambi\u00e9n es conocida mundialmente como el ave que lleva a los reci\u00e9n nacidos a sus nuevas familias. La cig\u00fce\u00f1a regresa a su propio nido con constante precisi\u00f3n; por lo tanto, es un ave migratoria y la elecci\u00f3n perfecta para representar el alma.<\/p>\n<p>&nbsp;<\/p>\n<p><span style=\"color: #ff0000;\"><strong>[M\u00e1s ejemplos de simbolismo animal se encuentran en <\/strong><\/span><strong>Divinidades egipcias: Todos los que son UNO, 2.\u00aa edici\u00f3n<\/strong><span style=\"color: #ff0000;\"><strong> por Moustafa Gadalla]<br \/>\n<a href=\"https:\/\/egyptianwisdomcenter.org\/es\/producto\/egyptian-divinities-the-all-who-are-the-one-2nd-edition\/\"><span style=\"color: #0000ff;\">https:\/\/egyptianwisdomcenter.org\/product\/egyptian-divinities-the-all-who-are-the-one-2nd-edition\/<\/span><\/a><\/strong><\/span><\/p>\n<p><img decoding=\"async\" class=\"aligncenter\" src=\"https:\/\/books2read-prod.s3.amazonaws.com\/CACHE\/images\/ubl_book_images\/book_display_image_qOuT56H\/40d95446cc17340ec7b02939eaa44c10\" \/><\/p>\n<div dir=\"auto\">\n<div dir=\"auto\">\n<p style=\"text-align: center;\"><a href=\"https:\/\/egyptianwisdomcenter.org\/es\/producto\/egyptian-divinities-the-all-who-are-the-one-2nd-edition\/\"><span style=\"color: #ff0000;\"><strong><span style=\"color: #0000ff;\">https:\/\/egyptianwisdomcenter.org\/product\/egyptian-divinities-the-all-who-are-the-one-2nd-edition\/<\/span><\/strong><\/span><\/a><\/p>\n<\/div>\n<\/div>","protected":false},"excerpt":{"rendered":"<p>Logic And Forms Of Animal Representation &nbsp; Egyptians\u2019 careful observations and profound knowledge of the natural world enabled them to identify certain [&hellip;]<\/p>","protected":false},"author":3,"featured_media":0,"parent":0,"menu_order":0,"comment_status":"closed","ping_status":"closed","template":"","meta":{"footnotes":""},"class_list":["post-173","page","type-page","status-publish","hentry"],"aioseo_notices":[],"_links":{"self":[{"href":"https:\/\/egyptianwisdomcenter.org\/es\/wp-json\/wp\/v2\/pages\/173","targetHints":{"allow":["GET"]}}],"collection":[{"href":"https:\/\/egyptianwisdomcenter.org\/es\/wp-json\/wp\/v2\/pages"}],"about":[{"href":"https:\/\/egyptianwisdomcenter.org\/es\/wp-json\/wp\/v2\/types\/page"}],"author":[{"embeddable":true,"href":"https:\/\/egyptianwisdomcenter.org\/es\/wp-json\/wp\/v2\/users\/3"}],"replies":[{"embeddable":true,"href":"https:\/\/egyptianwisdomcenter.org\/es\/wp-json\/wp\/v2\/comments?post=173"}],"version-history":[{"count":0,"href":"https:\/\/egyptianwisdomcenter.org\/es\/wp-json\/wp\/v2\/pages\/173\/revisions"}],"wp:attachment":[{"href":"https:\/\/egyptianwisdomcenter.org\/es\/wp-json\/wp\/v2\/media?parent=173"}],"curies":[{"name":"wp","href":"https:\/\/api.w.org\/{rel}","templated":true}]}}